{"id":23443,"date":"2026-04-29T06:12:43","date_gmt":"2026-04-29T06:12:43","guid":{"rendered":"https:\/\/www.imypower.com\/?post_type=product&#038;p=23443"},"modified":"2026-04-29T08:16:47","modified_gmt":"2026-04-29T08:16:47","slug":"three-phase-servo-ac-automatic-voltage-stabilizers","status":"publish","type":"product","link":"https:\/\/www.imypower.com\/pt\/product\/three-phase-servo-ac-automatic-voltage-stabilizers\/","title":{"rendered":"SBW-N 30KVA\u2013800KVA Three Phase Servo Voltage Stabilizer | Industrial AVR 380V LCD Automatic Regulation System"},"content":{"rendered":"<h2 data-section-id=\"fjhbt7\" data-start=\"827\" data-end=\"855\" data-imt-p=\"1\">Principais caracter\u00edsticas e vantagens<\/h2>\n<p data-start=\"857\" data-end=\"1060\" data-imt-p=\"1\"><strong data-start=\"857\" data-end=\"902\" data-imt-p=\"1\">1. High Power Capacity for Industrial Use<\/strong><br data-start=\"902\" data-end=\"905\" \/>Supports large-scale electrical loads with strong overload tolerance, making it suitable for factories, production lines, and heavy machinery environments.<\/p>\n<p data-start=\"1062\" data-end=\"1219\" data-imt-p=\"1\"><strong data-start=\"1062\" data-end=\"1097\" data-imt-p=\"1\">2. Precision Voltage Regulation<\/strong><br data-start=\"1097\" data-end=\"1100\" \/>Delivers stable output of 380V with \u00b12.5% regulation accuracy, ensuring consistent performance for sensitive equipment.<\/p>\n<p data-start=\"1221\" data-end=\"1366\" data-imt-p=\"1\"><strong data-start=\"1221\" data-end=\"1255\" data-imt-p=\"1\">3. High Efficiency Performance<\/strong><br data-start=\"1255\" data-end=\"1258\" \/>Achieves up to 98% energy efficiency, minimizing power loss during operation and reducing operational costs.<\/p>\n<p data-start=\"1368\" data-end=\"1492\" data-imt-p=\"1\"><strong data-start=\"1368\" data-end=\"1393\" data-imt-p=\"1\">4. Clean Power Output<\/strong><br data-start=\"1393\" data-end=\"1396\" \/>Low waveform distortion ensures safe operation for precision instruments and electronic systems.<\/p>\n<p data-start=\"1494\" data-end=\"1571\" data-imt-p=\"1\"><strong data-start=\"1494\" data-end=\"1530\" data-imt-p=\"1\">5. Intelligent Protection System<\/strong><br data-start=\"1530\" data-end=\"1533\" \/>Integrated safety functions including:<\/p>\n<ul data-start=\"1572\" data-end=\"1736\">\n<li data-section-id=\"11ntudm\" data-start=\"1572\" data-end=\"1599\">Over-voltage protection<\/li>\n<li data-section-id=\"14it2rw\" data-start=\"1600\" data-end=\"1628\">Under-voltage protection<\/li>\n<li data-section-id=\"ged1j8\" data-start=\"1629\" data-end=\"1657\">Phase failure protection<\/li>\n<li data-section-id=\"1ci0rtn\" data-start=\"1658\" data-end=\"1687\">Phase sequence protection<\/li>\n<li data-section-id=\"ahl9fv\" data-start=\"1688\" data-end=\"1736\">Over-current and mechanical fault protection<\/li>\n<\/ul>\n<p data-start=\"1738\" data-end=\"1858\" data-imt-p=\"1\"><strong data-start=\"1738\" data-end=\"1769\" data-imt-p=\"1\">6. Flexible Operation Modes<\/strong><br data-start=\"1769\" data-end=\"1772\" \/>Supports both automatic and manual operation modes for easier maintenance and control.<\/p>\n<p data-start=\"1860\" data-end=\"1995\" data-imt-p=\"1\"><strong data-start=\"1860\" data-end=\"1891\" data-imt-p=\"1\">7. Fast Response Technology<\/strong><br data-start=\"1891\" data-end=\"1894\" \/>Quick voltage correction response time (\u22641.5 seconds), effectively handling sudden grid fluctuations.<\/p>\n<h2 class=\"wp-block-heading has-text-color has-link-color wp-elements-cfde4e8ce069dae1562af661a094ce14\"><strong>Technical Date Sheet<\/strong><\/h2>\n<figure class=\"wp-block-table\">\n<div class=\"scroll\">\n<table>\n<tbody>\n<tr>\n<td>Modelo<\/td>\n<td>SBW-50KVA-1000KVA(Three phase)<\/td>\n<\/tr>\n<tr>\n<td>Tens\u00e3o de entrada<\/td>\n<td>304V-456V<\/td>\n<\/tr>\n<tr>\n<td>Tens\u00e3o de sa\u00edda<\/td>\n<td>380V\u00b12.5%<\/td>\n<\/tr>\n<tr>\n<td>Precis\u00e3o da regula\u00e7\u00e3o da tens\u00e3o<\/td>\n<td>\u00b12.5%<\/td>\n<\/tr>\n<tr>\n<td>Insulation resistance<\/td>\n<td>\u22652M\u03a9<\/td>\n<\/tr>\n<tr>\n<td>Voltage withstand<\/td>\n<td>2000V 1min (no disruption or flash)<\/td>\n<\/tr>\n<tr>\n<td>Frequ\u00eancia<\/td>\n<td>50Hz\/60Hz<\/td>\n<\/tr>\n<tr>\n<td>Response time<\/td>\n<td>\u22641.5S (against 10% input voltage deviation)<\/td>\n<\/tr>\n<tr>\n<td>Effectiveness<\/td>\n<td>\u226598%<\/td>\n<\/tr>\n<tr>\n<td>Waveform distortion<\/td>\n<td>Sem distor\u00e7\u00e3o adicional da forma de onda<\/td>\n<\/tr>\n<tr>\n<td>Working environment<\/td>\n<td>Temperature :-10\u2103 to +40\u2103, Humidity: &lt;90%<\/td>\n<\/tr>\n<tr>\n<td>Protection function<\/td>\n<td>Overvoltage, over current, phase missing, phase sequence production and mechanical fault protection<\/td>\n<\/tr>\n<tr>\n<td>Grid electric function<\/td>\n<td>Convenient change for grid electric and regulating electric<\/td>\n<\/tr>\n<tr>\n<td>Working method<\/td>\n<td>Long term continuous work<\/td>\n<\/tr>\n<tr>\n<td>Start method<\/td>\n<td>Powe selectable automatic start or manual start<\/td>\n<\/tr>\n<\/tbody>\n<\/table>\n<\/div>\n<\/figure>\n<figure class=\"wp-block-table\">\n<div class=\"scroll\">\n<table>\n<tbody>\n<tr>\n<td><strong>Product name<\/strong><\/td>\n<td><strong>Modelo do produto<\/strong><\/td>\n<td><strong>Number ofcabinets<\/strong><\/td>\n<td><strong>OUT PUT<\/strong><\/td>\n<td><strong>Size(mm)LxWxH<\/strong><\/td>\n<\/tr>\n<tr>\n<td rowspan=\"15\">SBW series<br \/>\nThree-phase full self<br \/>\nDynamic compensation<br \/>\nPower regulation<br \/>\nDevice<\/td>\n<td>SBW-30KVA<\/td>\n<td>Single cabinet<\/td>\n<td>380V\u00b13%<\/td>\n<td>750X600X1250<\/td>\n<\/tr>\n<tr>\n<td>SBW-50KVA<\/td>\n<td>Single cabinet<\/td>\n<td>380V\u00b13%<\/td>\n<td>750X600X1250<\/td>\n<\/tr>\n<tr>\n<td>SBW-60KVA<\/td>\n<td>Single cabinet<\/td>\n<td>380V\u00b13%<\/td>\n<td>750X600X1250<\/td>\n<\/tr>\n<tr>\n<td>SBW-80KVA<\/td>\n<td>Single cabinet<\/td>\n<td>380V\u00b13%<\/td>\n<td>850X620X1400<\/td>\n<\/tr>\n<tr>\n<td>SBW-100KVA<\/td>\n<td>Single cabinet<\/td>\n<td>380V\u00b13%<\/td>\n<td>850X620X1400<\/td>\n<\/tr>\n<tr>\n<td>SBW-120KVA<\/td>\n<td>Single cabinet<\/td>\n<td>380V\u00b13%<\/td>\n<td>850X620X1400<\/td>\n<\/tr>\n<tr>\n<td>SBW-150KVA<\/td>\n<td>Single cabinet<\/td>\n<td>380V\u00b13%<\/td>\n<td>1000X700X1600<\/td>\n<\/tr>\n<tr>\n<td>SBW-200KVA<\/td>\n<td>Single cabinet<\/td>\n<td>380V\u00b13%<\/td>\n<td>1000X700X1600<\/td>\n<\/tr>\n<tr>\n<td>SBW-250KVA<\/td>\n<td>Single cabinet<\/td>\n<td>380V\u00b13%<\/td>\n<td>1100X800X1900<\/td>\n<\/tr>\n<tr>\n<td>SBW-300KVA<\/td>\n<td>Single cabinet<\/td>\n<td>380V\u00b13%<\/td>\n<td>1100X800X1900<\/td>\n<\/tr>\n<tr>\n<td>SBW-350KVA<\/td>\n<td>Single cabinet<\/td>\n<td>380V\u00b13%<\/td>\n<td>1100X800X1900<\/td>\n<\/tr>\n<tr>\n<td>SBW-400KVA<\/td>\n<td>Single cabinet<\/td>\n<td>380V\u00b13%<\/td>\n<td>1100X1250X2000<\/td>\n<\/tr>\n<tr>\n<td>SBW-500KVA<\/td>\n<td>Single cabinet<\/td>\n<td>380V\u00b13%<\/td>\n<td>1100x1250X2000<\/td>\n<\/tr>\n<tr>\n<td>SBW-600KVA<\/td>\n<td>Single cabinet<\/td>\n<td>380V\u00b13%<\/td>\n<td>1100X1250X2000<\/td>\n<\/tr>\n<tr>\n<td>SBW-800KVA<\/td>\n<td>Double cabinet<\/td>\n<td>380V\u00b13%<\/td>\n<td>1700X1300X2000<\/td>\n<\/tr>\n<\/tbody>\n<\/table>\n<\/div>\n<\/figure>\n<p><iframe title=\"SBW three phase copper column servo voltage stabilizer-ZHENGXI #voltagestabilizer\" width=\"500\" height=\"281\" src=\"https:\/\/www.youtube.com\/embed\/-W3Tb30BRLw?feature=oembed\" frameborder=\"0\" allow=\"accelerometer; autoplay; clipboard-write; encrypted-media; gyroscope; picture-in-picture; web-share\" referrerpolicy=\"strict-origin-when-cross-origin\" allowfullscreen><\/iframe><\/p>\n<h2 data-section-id=\"4097bv\" data-start=\"3029\" data-end=\"3049\" data-imt-p=\"1\">Application Areas<\/h2>\n<p data-start=\"3051\" data-end=\"3108\" data-imt-p=\"1\">This <strong data-start=\"3056\" data-end=\"3089\">estabilizador de tens\u00e3o industrial<\/strong> is widely used in:<\/p>\n<ul data-start=\"3110\" data-end=\"3448\">\n<li data-section-id=\"1b4nin6\" data-start=\"3110\" data-end=\"3159\">Manufacturing plants and production workshops<\/li>\n<li data-section-id=\"1ax6fe9\" data-start=\"3160\" data-end=\"3196\">Mining and metallurgy industries<\/li>\n<li data-section-id=\"1n0aqxp\" data-start=\"3197\" data-end=\"3234\">Oil fields and construction sites<\/li>\n<li data-section-id=\"tmdrq2\" data-start=\"3235\" data-end=\"3284\">Elevators and heavy electromechanical systems<\/li>\n<li data-section-id=\"1f4h57x\" data-start=\"3285\" data-end=\"3338\">Precision CNC machinery and industrial automation<\/li>\n<li data-section-id=\"1vywfq7\" data-start=\"3339\" data-end=\"3388\">Hospitals, schools, and research laboratories<\/li>\n<li data-section-id=\"19vvgn4\" data-start=\"3389\" data-end=\"3448\">Large commercial facilities and infrastructure projects<\/li>\n<\/ul>\n<h2 data-section-id=\"1k29um5\" data-start=\"3455\" data-end=\"3490\" data-imt-p=\"1\">Working Environment Requirements<\/h2>\n<p data-start=\"3492\" data-end=\"3522\" data-imt-p=\"1\">To ensure optimal performance:<\/p>\n<ul data-start=\"3524\" data-end=\"3680\">\n<li data-section-id=\"1l1eg8z\" data-start=\"3524\" data-end=\"3553\">Temperature: -10\u2103 to +45\u2103<\/li>\n<li data-section-id=\"ezvoq\" data-start=\"3554\" data-end=\"3574\">Altitude: \u22641000m<\/li>\n<li data-section-id=\"g2tmqb\" data-start=\"3575\" data-end=\"3598\">Humidity: 20% \u2013 90%<\/li>\n<li data-section-id=\"636p67\" data-start=\"3599\" data-end=\"3680\">Environment: Free from corrosive gases, conductive dust, and severe vibration<\/li>\n<\/ul>\n<h2 data-section-id=\"e6gmps\" data-start=\"3687\" data-end=\"3743\" data-imt-p=\"1\">Por que escolher o estabilizador de tens\u00e3o trif\u00e1sico com servomotor SBW-N<\/h2>\n<p data-start=\"3745\" data-end=\"4094\" data-imt-p=\"1\">A s\u00e9rie SBW-N foi desenvolvida para ambientes onde a instabilidade el\u00e9trica pode causar falhas em equipamentos ou interrup\u00e7\u00f5es na produ\u00e7\u00e3o. Em compara\u00e7\u00e3o com reguladores convencionais, este estabilizador de tens\u00e3o trif\u00e1sico com servomotor oferece resposta mais r\u00e1pida, maior efici\u00eancia e <strong data-start=\"3915\" data-end=\"3955\">three phase servo voltage stabilizer<\/strong> provides faster response, higher efficiency, and superior protection, making it a dependable solution for modern industrial power systems.<\/p>\n<h2 data-section-id=\"8dtpi\" data-start=\"4101\" data-end=\"4114\" data-imt-p=\"1\">Conclus\u00e3o<\/h2>\n<p data-start=\"4116\" data-end=\"4454\" data-is-last-node=\"\" data-is-only-node=\"\" data-imt-p=\"1\">The SBW-N 30KVA\u2013800KVA <strong data-start=\"4139\" data-end=\"4172\">estabilizador de tens\u00e3o industrial<\/strong> delivers reliable voltage regulation, advanced protection features, and high efficiency for a wide range of industrial applications. Its robust design and intelligent control system make it an ideal choice for businesses requiring uninterrupted and stable three-phase power supply.<\/p>","protected":false},"excerpt":{"rendered":"<p>A s\u00e9rie SBW-N de estabilizadores de tens\u00e3o trif\u00e1sicos com servomotor \u00e9 um estabilizador de tens\u00e3o industrial robusto, projetado para operar em condi\u00e7\u00f5es el\u00e9tricas exigentes onde a estabilidade da energia \u00e9 essencial. Este regulador suporta capacidades de 30KVA a 800KVA e fornece uma sa\u00edda est\u00e1vel de 380V com alta precis\u00e3o.<\/p>\n<p>The voltage stabilizer uses a sophisticated combination of compensation and servo control technologies that guarantee stable output voltage in case of unstable input voltage.<\/p>","protected":false},"featured_media":22547,"comment_status":"closed","ping_status":"closed","template":"","meta":[],"product_brand":[],"product_cat":[106,105],"product_tag":[],"class_list":{"0":"post-23443","1":"product","2":"type-product","3":"status-publish","4":"has-post-thumbnail","6":"product_cat-3-phase-voltage-stabilizer","7":"product_cat-automatic-voltage-stabilizers","9":"first","10":"instock","11":"shipping-taxable","12":"purchasable","13":"product-type-simple"},"yoast_head":"<!-- This site is optimized with the Yoast SEO plugin v27.4 - https:\/\/yoast.com\/product\/yoast-seo-wordpress\/ -->\n<title>Top Three Phase Servo Automatic Voltage Stabilizer Manufacturer In China - SUNWAY<\/title>\n<meta name=\"robots\" content=\"index, follow, max-snippet:-1, max-image-preview:large, max-video-preview:-1\" \/>\n<link rel=\"canonical\" href=\"https:\/\/www.imypower.com\/pt\/product\/three-phase-servo-ac-automatic-voltage-stabilizers\/\" \/>\n<meta property=\"og:locale\" content=\"pt_PT\" \/>\n<meta property=\"og:type\" content=\"article\" \/>\n<meta property=\"og:title\" content=\"Top Three Phase Servo Automatic Voltage Stabilizer Manufacturer In China - SUNWAY\" \/>\n<meta property=\"og:description\" content=\"The SBW-N series three phase servo voltage stabilizer is a heavy-duty industrial voltage stabilizer intended for use in tough electrical conditions, where stable electricity is required. The voltage regulator is capable of handling capacities ranging from 30KVA to 800KVA and can provide steady voltage of 380V output, offering high precision.  The voltage stabilizer uses a sophisticated combination of compensation and servo control technologies that guarantee stable output voltage in case of unstable input voltage.\" \/>\n<meta property=\"og:url\" content=\"https:\/\/www.imypower.com\/pt\/product\/three-phase-servo-ac-automatic-voltage-stabilizers\/\" \/>\n<meta property=\"og:site_name\" content=\"SUNWAY\" \/>\n<meta property=\"article:modified_time\" content=\"2026-04-29T08:16:47+00:00\" \/>\n<meta property=\"og:image\" content=\"https:\/\/www.imypower.com\/wp-content\/uploads\/2025\/06\/Three-Phase-Automatic-Voltage-Stabilizer.webp\" \/>\n\t<meta property=\"og:image:width\" content=\"600\" \/>\n\t<meta property=\"og:image:height\" content=\"600\" \/>\n\t<meta property=\"og:image:type\" content=\"image\/webp\" \/>\n<meta name=\"twitter:card\" content=\"summary_large_image\" \/>\n<meta name=\"twitter:label1\" content=\"Tempo estimado de leitura\" \/>\n\t<meta name=\"twitter:data1\" content=\"3 minutos\" \/>\n<script type=\"application\/ld+json\" class=\"yoast-schema-graph\">{\"@context\":\"https:\\\/\\\/schema.org\",\"@graph\":[{\"@type\":\"WebPage\",\"@id\":\"https:\\\/\\\/www.imypower.com\\\/product\\\/three-phase-servo-ac-automatic-voltage-stabilizers\\\/\",\"url\":\"https:\\\/\\\/www.imypower.com\\\/product\\\/three-phase-servo-ac-automatic-voltage-stabilizers\\\/\",\"name\":\"Top Three Phase Servo Automatic Voltage Stabilizer Manufacturer In China - SUNWAY\",\"isPartOf\":{\"@id\":\"https:\\\/\\\/www.imypower.com\\\/#website\"},\"primaryImageOfPage\":{\"@id\":\"https:\\\/\\\/www.imypower.com\\\/product\\\/three-phase-servo-ac-automatic-voltage-stabilizers\\\/#primaryimage\"},\"image\":{\"@id\":\"https:\\\/\\\/www.imypower.com\\\/product\\\/three-phase-servo-ac-automatic-voltage-stabilizers\\\/#primaryimage\"},\"thumbnailUrl\":\"https:\\\/\\\/www.imypower.com\\\/wp-content\\\/uploads\\\/2025\\\/06\\\/Three-Phase-Automatic-Voltage-Stabilizer.webp\",\"datePublished\":\"2026-04-29T06:12:43+00:00\",\"dateModified\":\"2026-04-29T08:16:47+00:00\",\"breadcrumb\":{\"@id\":\"https:\\\/\\\/www.imypower.com\\\/product\\\/three-phase-servo-ac-automatic-voltage-stabilizers\\\/#breadcrumb\"},\"inLanguage\":\"pt-PT\",\"potentialAction\":[{\"@type\":\"ReadAction\",\"target\":[\"https:\\\/\\\/www.imypower.com\\\/product\\\/three-phase-servo-ac-automatic-voltage-stabilizers\\\/\"]}]},{\"@type\":\"ImageObject\",\"inLanguage\":\"pt-PT\",\"@id\":\"https:\\\/\\\/www.imypower.com\\\/product\\\/three-phase-servo-ac-automatic-voltage-stabilizers\\\/#primaryimage\",\"url\":\"https:\\\/\\\/www.imypower.com\\\/wp-content\\\/uploads\\\/2025\\\/06\\\/Three-Phase-Automatic-Voltage-Stabilizer.webp\",\"contentUrl\":\"https:\\\/\\\/www.imypower.com\\\/wp-content\\\/uploads\\\/2025\\\/06\\\/Three-Phase-Automatic-Voltage-Stabilizer.webp\",\"width\":600,\"height\":600},{\"@type\":\"BreadcrumbList\",\"@id\":\"https:\\\/\\\/www.imypower.com\\\/product\\\/three-phase-servo-ac-automatic-voltage-stabilizers\\\/#breadcrumb\",\"itemListElement\":[{\"@type\":\"ListItem\",\"position\":1,\"name\":\"Home\",\"item\":\"https:\\\/\\\/www.imypower.com\\\/\"},{\"@type\":\"ListItem\",\"position\":2,\"name\":\"Products\",\"item\":\"https:\\\/\\\/www.imypower.com\\\/shop\\\/\"},{\"@type\":\"ListItem\",\"position\":3,\"name\":\"SBW-N 30KVA\u2013800KVA Three Phase Servo Voltage Stabilizer | Industrial AVR 380V LCD Automatic Regulation System\"}]},{\"@type\":\"WebSite\",\"@id\":\"https:\\\/\\\/www.imypower.com\\\/#website\",\"url\":\"https:\\\/\\\/www.imypower.com\\\/\",\"name\":\"SUNWAY\",\"description\":\"\",\"potentialAction\":[{\"@type\":\"SearchAction\",\"target\":{\"@type\":\"EntryPoint\",\"urlTemplate\":\"https:\\\/\\\/www.imypower.com\\\/?s={search_term_string}\"},\"query-input\":{\"@type\":\"PropertyValueSpecification\",\"valueRequired\":true,\"valueName\":\"search_term_string\"}}],\"inLanguage\":\"pt-PT\"}]}<\/script>\n<!-- \/ Yoast SEO plugin. -->","yoast_head_json":{"title":"Principal fabricante na China de estabilizadores de tens\u00e3o autom\u00e1ticos trif\u00e1sicos com servo motor","robots":{"index":"index","follow":"follow","max-snippet":"max-snippet:-1","max-image-preview":"max-image-preview:large","max-video-preview":"max-video-preview:-1"},"canonical":"https:\/\/www.imypower.com\/pt\/product\/three-phase-servo-ac-automatic-voltage-stabilizers\/","og_locale":"pt_PT","og_type":"article","og_title":"Top Three Phase Servo Automatic Voltage Stabilizer Manufacturer In China - SUNWAY","og_description":"The SBW-N series three phase servo voltage stabilizer is a heavy-duty industrial voltage stabilizer intended for use in tough electrical conditions, where stable electricity is required. The voltage regulator is capable of handling capacities ranging from 30KVA to 800KVA and can provide steady voltage of 380V output, offering high precision.  The voltage stabilizer uses a sophisticated combination of compensation and servo control technologies that guarantee stable output voltage in case of unstable input voltage.","og_url":"https:\/\/www.imypower.com\/pt\/product\/three-phase-servo-ac-automatic-voltage-stabilizers\/","og_site_name":"SUNWAY","article_modified_time":"2026-04-29T08:16:47+00:00","og_image":[{"width":600,"height":600,"url":"https:\/\/www.imypower.com\/wp-content\/uploads\/2025\/06\/Three-Phase-Automatic-Voltage-Stabilizer.webp","type":"image\/webp"}],"twitter_card":"summary_large_image","twitter_misc":{"Tempo estimado de leitura":"3 minutos"},"schema":{"@context":"https:\/\/schema.org","@graph":[{"@type":"WebPage","@id":"https:\/\/www.imypower.com\/product\/three-phase-servo-ac-automatic-voltage-stabilizers\/","url":"https:\/\/www.imypower.com\/product\/three-phase-servo-ac-automatic-voltage-stabilizers\/","name":"Principal fabricante na China de estabilizadores de tens\u00e3o autom\u00e1ticos trif\u00e1sicos com servo motor","isPartOf":{"@id":"https:\/\/www.imypower.com\/#website"},"primaryImageOfPage":{"@id":"https:\/\/www.imypower.com\/product\/three-phase-servo-ac-automatic-voltage-stabilizers\/#primaryimage"},"image":{"@id":"https:\/\/www.imypower.com\/product\/three-phase-servo-ac-automatic-voltage-stabilizers\/#primaryimage"},"thumbnailUrl":"https:\/\/www.imypower.com\/wp-content\/uploads\/2025\/06\/Three-Phase-Automatic-Voltage-Stabilizer.webp","datePublished":"2026-04-29T06:12:43+00:00","dateModified":"2026-04-29T08:16:47+00:00","breadcrumb":{"@id":"https:\/\/www.imypower.com\/product\/three-phase-servo-ac-automatic-voltage-stabilizers\/#breadcrumb"},"inLanguage":"pt-PT","potentialAction":[{"@type":"ReadAction","target":["https:\/\/www.imypower.com\/product\/three-phase-servo-ac-automatic-voltage-stabilizers\/"]}]},{"@type":"ImageObject","inLanguage":"pt-PT","@id":"https:\/\/www.imypower.com\/product\/three-phase-servo-ac-automatic-voltage-stabilizers\/#primaryimage","url":"https:\/\/www.imypower.com\/wp-content\/uploads\/2025\/06\/Three-Phase-Automatic-Voltage-Stabilizer.webp","contentUrl":"https:\/\/www.imypower.com\/wp-content\/uploads\/2025\/06\/Three-Phase-Automatic-Voltage-Stabilizer.webp","width":600,"height":600},{"@type":"BreadcrumbList","@id":"https:\/\/www.imypower.com\/product\/three-phase-servo-ac-automatic-voltage-stabilizers\/#breadcrumb","itemListElement":[{"@type":"ListItem","position":1,"name":"Home","item":"https:\/\/www.imypower.com\/"},{"@type":"ListItem","position":2,"name":"Products","item":"https:\/\/www.imypower.com\/shop\/"},{"@type":"ListItem","position":3,"name":"SBW-N 30KVA\u2013800KVA Three Phase Servo Voltage Stabilizer | Industrial AVR 380V LCD Automatic Regulation System"}]},{"@type":"WebSite","@id":"https:\/\/www.imypower.com\/#website","url":"https:\/\/www.imypower.com\/","name":"SUNWAY","description":"","potentialAction":[{"@type":"SearchAction","target":{"@type":"EntryPoint","urlTemplate":"https:\/\/www.imypower.com\/?s={search_term_string}"},"query-input":{"@type":"PropertyValueSpecification","valueRequired":true,"valueName":"search_term_string"}}],"inLanguage":"pt-PT"}]}},"_links":{"self":[{"href":"https:\/\/www.imypower.com\/pt\/wp-json\/wp\/v2\/product\/23443","targetHints":{"allow":["GET"]}}],"collection":[{"href":"https:\/\/www.imypower.com\/pt\/wp-json\/wp\/v2\/product"}],"about":[{"href":"https:\/\/www.imypower.com\/pt\/wp-json\/wp\/v2\/types\/product"}],"replies":[{"embeddable":true,"href":"https:\/\/www.imypower.com\/pt\/wp-json\/wp\/v2\/comments?post=23443"}],"version-history":[{"count":3,"href":"https:\/\/www.imypower.com\/pt\/wp-json\/wp\/v2\/product\/23443\/revisions"}],"predecessor-version":[{"id":23512,"href":"https:\/\/www.imypower.com\/pt\/wp-json\/wp\/v2\/product\/23443\/revisions\/23512"}],"wp:featuredmedia":[{"embeddable":true,"href":"https:\/\/www.imypower.com\/pt\/wp-json\/wp\/v2\/media\/22547"}],"wp:attachment":[{"href":"https:\/\/www.imypower.com\/pt\/wp-json\/wp\/v2\/media?parent=23443"}],"wp:term":[{"taxonomy":"product_brand","embeddable":true,"href":"https:\/\/www.imypower.com\/pt\/wp-json\/wp\/v2\/product_brand?post=23443"},{"taxonomy":"product_cat","embeddable":true,"href":"https:\/\/www.imypower.com\/pt\/wp-json\/wp\/v2\/product_cat?post=23443"},{"taxonomy":"product_tag","embeddable":true,"href":"https:\/\/www.imypower.com\/pt\/wp-json\/wp\/v2\/product_tag?post=23443"}],"curies":[{"name":"wp","href":"https:\/\/api.w.org\/{rel}","templated":true}]}}