{"id":22809,"date":"2025-06-24T07:12:44","date_gmt":"2025-06-24T07:12:44","guid":{"rendered":"https:\/\/imypower.com\/?post_type=product&#038;p=22809"},"modified":"2025-06-25T03:06:23","modified_gmt":"2025-06-25T03:06:23","slug":"tns-3-phase-industrial-servo-electrical-voltage-stabilizer-20kva-120kva","status":"publish","type":"product","link":"https:\/\/www.imypower.com\/pt\/product\/tns-3-phase-industrial-servo-electrical-voltage-stabilizer-20kva-120kva\/","title":{"rendered":"TNS Estabilizador de tens\u00e3o el\u00e9ctrica servo industrial trif\u00e1sico 20kva-120kva"},"content":{"rendered":"<h2>Carater\u00edsticas principais<\/h2>\n<p><strong>Regula\u00e7\u00e3o independente da tens\u00e3o trif\u00e1sica<\/strong><\/p>\n<ul>\n<li>Cada fase \u00e9 auto-estabilizada para que a sa\u00edda seja sempre equilibrada apesar das tens\u00f5es de entrada desequilibradas.<\/li>\n<\/ul>\n<p><strong>Servo controlo de alta precis\u00e3o<\/strong><\/p>\n<ul>\n<li>Precis\u00e3o da regula\u00e7\u00e3o da tens\u00e3o: 380V \u00b13% (ajust\u00e1vel) atrav\u00e9s de um sistema de escovas de carv\u00e3o acionado por servo-motor.<\/li>\n<li>Resposta r\u00e1pida \u00e0 varia\u00e7\u00e3o de entrada (tempo de corre\u00e7\u00e3o inferior a 1 segundo).<\/li>\n<\/ul>\n<p><strong>Prote\u00e7\u00e3o robusta<\/strong><\/p>\n<ul>\n<li>Op\u00e7\u00f5es de prote\u00e7\u00e3o: Prote\u00e7\u00e3o contra sobretens\u00e3o, subtens\u00e3o, curto-circuito e atraso de tempo (atraso de arranque ajust\u00e1vel).<\/li>\n<li>Supress\u00e3o de picos de tens\u00e3o e corte autom\u00e1tico de sobrecarga.<\/li>\n<\/ul>\n<p><strong>Interface f\u00e1cil de utilizar<\/strong><\/p>\n<ul>\n<li>Indica\u00e7\u00e3o digital LED em tempo real da tens\u00e3o, corrente e estado de avaria.<\/li>\n<\/ul>\n<p><strong>Durabilidade de n\u00edvel industrial<\/strong><\/p>\n<ul>\n<li>Caixa met\u00e1lica com pulveriza\u00e7\u00e3o ambiental anti-corros\u00e3o (prote\u00e7\u00e3o IP20).<\/li>\n<li>Componentes resistentes ao calor e ventoinhas de arrefecimento for\u00e7ado para um funcionamento cont\u00ednuo.<\/li>\n<\/ul>\n<table>\n<tbody>\n<tr>\n<td width=\"189\">\n<p><div id=\"attachment_11095\" style=\"width: 310px\" class=\"wp-caption alignnone\"><img fetchpriority=\"high\" decoding=\"async\" aria-describedby=\"caption-attachment-11095\" class=\"size-medium wp-image-11095\" src=\"https:\/\/www.zhengxi1983.com\/wp-content\/uploads\/2025\/03\/20KVA-40KVA-electric-stabilizer-300x300.webp\" alt=\"Estabilizador el\u00e9trico 20KVA-40KVA\" width=\"300\" height=\"300\" \/><p id=\"caption-attachment-11095\" class=\"wp-caption-text\">20KVA-40KVA<\/p><\/div><\/td>\n<td width=\"189\">\n<p><div id=\"attachment_11096\" style=\"width: 310px\" class=\"wp-caption alignnone\"><img decoding=\"async\" aria-describedby=\"caption-attachment-11096\" class=\"size-medium wp-image-11096\" src=\"https:\/\/www.zhengxi1983.com\/wp-content\/uploads\/2025\/03\/50KVA-60KVA-electric-voltage-stabilizer-300x300.webp\" alt=\"Estabilizador de tens\u00e3o el\u00e9ctrica 50KVA-60KVA\" width=\"300\" height=\"300\" \/><p id=\"caption-attachment-11096\" class=\"wp-caption-text\">50KVA-60KVA<\/p><\/div><\/td>\n<td width=\"189\">\n<p><div id=\"attachment_11097\" style=\"width: 310px\" class=\"wp-caption alignnone\"><img decoding=\"async\" aria-describedby=\"caption-attachment-11097\" class=\"size-medium wp-image-11097\" src=\"https:\/\/www.zhengxi1983.com\/wp-content\/uploads\/2025\/03\/80KVA-120KVA-servo-stabilizer-300x300.webp\" alt=\"Servo-estabilizador 80KVA-120KVA\" width=\"300\" height=\"300\" \/><p id=\"caption-attachment-11097\" class=\"wp-caption-text\">80KVA-120KVA<\/p><\/div><\/td>\n<\/tr>\n<\/tbody>\n<\/table>\n<h2 class=\"wp-block-heading\">Par\u00e2metros t\u00e9cnicos<\/h2>\n<table width=\"680\">\n<tbody>\n<tr>\n<td width=\"276\">Modelo NO.<\/td>\n<td width=\"404\">TNS6<\/td>\n<\/tr>\n<tr>\n<td width=\"276\">Capacidade<\/td>\n<td width=\"404\">15KVA 20KVA 30KVA 40KVA 50KVA 60KVA 80KVA 100KVA 120KVA<\/td>\n<\/tr>\n<tr>\n<td width=\"276\">Fase<\/td>\n<td width=\"404\">Trif\u00e1sico<\/td>\n<\/tr>\n<tr>\n<td width=\"276\">Tens\u00e3o de entrada<\/td>\n<td width=\"404\">AC 260-450V ou personalizado<\/td>\n<\/tr>\n<tr>\n<td width=\"276\">Tens\u00e3o de sa\u00edda<\/td>\n<td width=\"404\">AC 380V ou personalizado<\/td>\n<\/tr>\n<tr>\n<td width=\"276\">Frequ\u00eancia<\/td>\n<td width=\"404\">50Hz\/60Hz<\/td>\n<\/tr>\n<tr>\n<td width=\"276\">Precis\u00e3o<\/td>\n<td width=\"404\">\u00b13%<\/td>\n<\/tr>\n<tr>\n<td width=\"276\">Efici\u00eancia no trabalho<\/td>\n<td width=\"404\">&gt;95%<\/td>\n<\/tr>\n<tr>\n<td width=\"276\">Tipo de controlo<\/td>\n<td width=\"404\">Servo motor<\/td>\n<\/tr>\n<tr>\n<td width=\"276\">Ecr\u00e3 digital<\/td>\n<td width=\"404\">Mostrar a tens\u00e3o de entrada e de sa\u00edda<\/td>\n<\/tr>\n<tr>\n<td width=\"276\">Prote\u00e7\u00e3o<\/td>\n<td width=\"404\">Sobre\/subtens\u00e3o, sobre carga, curto-circuito, sobre temperatura<\/td>\n<\/tr>\n<tr>\n<td width=\"276\">Temperatura ambiente<\/td>\n<td width=\"404\">-10\u00b0C~+ 40\u00b0C<\/td>\n<\/tr>\n<tr>\n<td width=\"276\">N\u00edvel de ru\u00eddo<\/td>\n<td width=\"404\">\u226450dB<\/td>\n<\/tr>\n<\/tbody>\n<\/table>\n<figure class=\"wp-block-table\">\n<div class=\"scroll\">\n<h2>Especifica\u00e7\u00f5es<\/h2>\n<table>\n<tbody>\n<tr>\n<td width=\"25.1800%\">MODELO<\/td>\n<td width=\"25.1800%\">Tens\u00e3o de entrada<\/td>\n<td width=\"22.4400%\">Tens\u00e3o de sa\u00edda<\/td>\n<td width=\"27.1800%\">Medida (mm) Comprimento*Largura*Altura<\/td>\n<\/tr>\n<tr>\n<td width=\"25.1800%\">TNS6-15KVA<\/td>\n<td rowspan=\"2\" width=\"25.1800%\">260V~450V (gama personaliz\u00e1vel)<\/td>\n<td rowspan=\"9\" width=\"22.4400%\">380V\u00b13%<\/td>\n<td width=\"27.1800%\">320*490*525<\/td>\n<\/tr>\n<tr>\n<td width=\"25.1800%\">TNS6-20KVA<\/td>\n<td width=\"27.1800%\">320*520*490<\/td>\n<\/tr>\n<tr>\n<td width=\"25.1800%\">TNS6-30KVA<\/td>\n<td rowspan=\"7\" width=\"25.1800%\">304V~456V(gama personaliz\u00e1vel)<\/td>\n<td width=\"27.1800%\">415*470*880<\/td>\n<\/tr>\n<tr>\n<td width=\"25.1800%\">TNS6-40KVA<\/td>\n<td width=\"27.1800%\">415*470*880<\/td>\n<\/tr>\n<tr>\n<td width=\"25.1800%\">TNS6-50KVA<\/td>\n<td width=\"27.1800%\">450*560*1200<\/td>\n<\/tr>\n<tr>\n<td width=\"25.1800%\">TNS6-60KVA<\/td>\n<td width=\"27.1800%\">450*560*1200<\/td>\n<\/tr>\n<tr>\n<td width=\"25.1800%\">TNS6-80KVA<\/td>\n<td width=\"27.1800%\">540*620*1350<\/td>\n<\/tr>\n<tr>\n<td width=\"25.1800%\">TNS6-100KVA<\/td>\n<td width=\"27.1800%\">540*620*1350<\/td>\n<\/tr>\n<tr>\n<td width=\"25.1800%\">TNS6-120KVA<\/td>\n<td width=\"27.1800%\">540*620*1350<\/td>\n<\/tr>\n<\/tbody>\n<\/table>\n<\/div>\n<\/figure>\n<h2 class=\"wp-block-heading\"><strong>An\u00e1lise do produto<\/strong><\/h2>\n<div class=\"wp-block-spacer\" aria-hidden=\"true\"><\/div>\n<div class=\"wp-block-columns is-layout-flex wp-container-core-columns-is-layout-1 wp-block-columns-is-layout-flex\">\n<div class=\"wp-block-column is-layout-flow wp-block-column-is-layout-flow\">\n<figure class=\"wp-block-image size-full wp-lightbox-container\" data-wp-context=\"{&quot;uploadedSrc&quot;:&quot;https:\/\/www.zhengxi1983.com\/wp-content\/uploads\/2024\/07\/SJW3-30KVA.webp&quot;,&quot;figureClassNames&quot;:&quot;wp-block-image size-full&quot;,&quot;figureStyles&quot;:null,&quot;imgClassNames&quot;:&quot;wp-image-4709&quot;,&quot;imgStyles&quot;:null,&quot;targetWidth&quot;:405,&quot;targetHeight&quot;:500,&quot;scaleAttr&quot;:false,&quot;ariaLabel&quot;:&quot;Enlarge image: Three Phase Voltage Stabilizer&quot;,&quot;alt&quot;:&quot;Three Phase Voltage Stabilizer&quot;}\" data-wp-interactive=\"core\/image\"><img loading=\"lazy\" decoding=\"async\" class=\"alignnone size-medium wp-image-2029\" src=\"https:\/\/lauramak.com\/wp-content\/uploads\/2024\/10\/SJW3-30KVA-243x300.webp\" alt=\"SJW3-30KVA\" width=\"243\" height=\"300\" \/><br \/>\n<button class=\"lightbox-trigger\" type=\"button\" aria-haspopup=\"dialog\" aria-label=\"Ampliar imagem: Estabilizador de tens\u00e3o trif\u00e1sico\" data-wp-init=\"callbacks.initTriggerButton\" data-wp-on-async--click=\"actions.showLightbox\" data-wp-style--right=\"context.imageButtonRight\" data-wp-style--top=\"context.imageButtonTop\"><\/button><\/figure>\n<\/div>\n<div class=\"wp-block-column is-layout-flow wp-block-column-is-layout-flow\">\n<p>\u2460 Caixa met\u00e1lica<br \/>\n\u2461 Ecr\u00e3 digital LED<br \/>\n\u2462 Tecla de comuta\u00e7\u00e3o de tens\u00e3o<br \/>\n\u2463 Ventoinha de arrefecimento<br \/>\n\u2464 Grelha de arrefecimento<\/p>\n<\/div>\n<div class=\"wp-block-column is-layout-flow wp-block-column-is-layout-flow\">\n<figure class=\"wp-block-image size-full wp-lightbox-container\" data-wp-context=\"{&quot;uploadedSrc&quot;:&quot;https:\/\/www.zhengxi1983.com\/wp-content\/uploads\/2024\/07\/TNS6-30KVA.webp&quot;,&quot;figureClassNames&quot;:&quot;wp-block-image size-full&quot;,&quot;figureStyles&quot;:null,&quot;imgClassNames&quot;:&quot;wp-image-4708&quot;,&quot;imgStyles&quot;:null,&quot;targetWidth&quot;:405,&quot;targetHeight&quot;:500,&quot;scaleAttr&quot;:false,&quot;ariaLabel&quot;:&quot;Enlarge image: Voltage Stabilizer Manufacturers&quot;,&quot;alt&quot;:&quot;Voltage Stabilizer Manufacturers&quot;}\" data-wp-interactive=\"core\/image\"><img loading=\"lazy\" decoding=\"async\" class=\"alignnone size-medium wp-image-2030\" src=\"https:\/\/lauramak.com\/wp-content\/uploads\/2024\/10\/TNS6-30KVA-243x300.webp\" alt=\"TNS-60kva\" width=\"243\" height=\"300\" \/><br \/>\n<button class=\"lightbox-trigger\" type=\"button\" aria-haspopup=\"dialog\" aria-label=\"Ampliar imagem: Fabricantes de estabilizadores de tens\u00e3o\" data-wp-init=\"callbacks.initTriggerButton\" data-wp-on-async--click=\"actions.showLightbox\" data-wp-style--right=\"context.imageButtonRight\" data-wp-style--top=\"context.imageButtonTop\"><\/button><\/figure>\n<\/div>\n<div class=\"wp-block-column is-layout-flow wp-block-column-is-layout-flow\">\n<p>\u2460 Caixa met\u00e1lica<br \/>\n\u2461 Ecr\u00e3 de cristais l\u00edquidos LED<br \/>\n\u2462 Orif\u00edcio de arrefecimento<br \/>\n\u2463 Grelha de arrefecimento<\/p>\n<\/div>\n<\/div>\n<h2>Aplica\u00e7\u00f5es<\/h2>\n<p>M\u00e1quinas industriais: M\u00e1quinas CNC, servo-accionamentos, sistemas PLC<br \/>\nCh\u00e3o de f\u00e1brica: Linhas de montagem automatizadas, m\u00e1quinas de embalagem<br \/>\nInfra-estruturas cr\u00edticas: Centros de dados, dispositivos de imagiologia m\u00e9dica<\/p>\n<h2>Porqu\u00ea escolher o nosso servo-estabilizador?<\/h2>\n<p>Fiabilidade de qualidade industrial: Fabricado com componentes de alta resist\u00eancia para utiliza\u00e7\u00e3o 24 horas por dia, 7 dias por semana.<br \/>\nPersonaliz\u00e1vel: Comunica\u00e7\u00e3o RS485\/Modbus opcional para interface IoT.<br \/>\nCertifica\u00e7\u00f5es: CE, ISO9001\uff0cQualidade garantida<br \/>\nSuporte \u00e0 personaliza\u00e7\u00e3o OEM e ODM<\/p>\n<h2>Instala\u00e7\u00e3o e suporte<\/h2>\n<p>Cablagem: Design de bloco de terminais para liga\u00e7\u00f5es f\u00e1ceis de entrada\/sa\u00edda trif\u00e1sica.<br \/>\nGarantia: 1 ano de garantia padr\u00e3o com assist\u00eancia t\u00e9cnica vital\u00edcia.<\/p>\n<p>Op\u00e7\u00f5es personalizadas:<\/p>\n<p>Tempo de atraso adapt\u00e1vel, caixa selada IP54, interruptores de bypass duplo.<\/p>","protected":false},"excerpt":{"rendered":"<p>O <strong>Estabilizador de tens\u00e3o servo trif\u00e1sico<\/strong> foi concebido para aplica\u00e7\u00f5es industriais que requerem uma alimenta\u00e7\u00e3o el\u00e9ctrica est\u00e1vel e garantida. Combina a tecnologia de controlo de servomotores com carater\u00edsticas de prote\u00e7\u00e3o avan\u00e7adas para oferecer uma regula\u00e7\u00e3o precisa da tens\u00e3o (380V\u00b13%) a equipamento sens\u00edvel, como m\u00e1quinas CNC, rob\u00f4s e linhas de produ\u00e7\u00e3o.<\/p>","protected":false},"featured_media":22888,"comment_status":"closed","ping_status":"closed","template":"","meta":[],"product_brand":[116],"product_cat":[106,105],"product_tag":[76,77,78],"class_list":{"0":"post-22809","1":"product","2":"type-product","3":"status-publish","4":"has-post-thumbnail","6":"product_brand-zhengxi","7":"product_cat-3-phase-voltage-stabilizer","8":"product_cat-automatic-voltage-stabilizers","9":"product_tag-20kva-voltage-stabilizer","10":"product_tag-auto-voltage-regulator","11":"product_tag-servo-voltage-stabilizer","13":"first","14":"instock","15":"shipping-taxable","16":"product-type-simple"},"yoast_head":"<!-- This site is optimized with the Yoast SEO plugin v25.3.1 - https:\/\/yoast.com\/wordpress\/plugins\/seo\/ -->\n<title>TNS 3 Phase Industrial Servo Electrical Voltage Stabilizer 20kva-120kva - SUNWAY<\/title>\n<meta name=\"robots\" content=\"index, follow, max-snippet:-1, max-image-preview:large, max-video-preview:-1\" \/>\n<link rel=\"canonical\" href=\"https:\/\/www.imypower.com\/pt\/product\/tns-3-phase-industrial-servo-electrical-voltage-stabilizer-20kva-120kva\/\" \/>\n<meta property=\"og:locale\" content=\"pt_PT\" \/>\n<meta property=\"og:type\" content=\"article\" \/>\n<meta property=\"og:title\" content=\"TNS 3 Phase Industrial Servo Electrical Voltage Stabilizer 20kva-120kva - SUNWAY\" \/>\n<meta property=\"og:description\" content=\"The 3-phase servo voltage stabilizer is designed for industrial applications with the requirement of stable and guaranteed power supply. It combines servo motor control technology with advanced protection features to offer precise voltage regulation (380V\u00b13%) to sensitive equipment such as CNC machines, robots, and production lines.\" \/>\n<meta property=\"og:url\" content=\"https:\/\/www.imypower.com\/pt\/product\/tns-3-phase-industrial-servo-electrical-voltage-stabilizer-20kva-120kva\/\" \/>\n<meta property=\"og:site_name\" content=\"SUNWAY\" \/>\n<meta property=\"article:modified_time\" content=\"2025-06-25T03:06:23+00:00\" \/>\n<meta property=\"og:image\" content=\"https:\/\/www.imypower.com\/wp-content\/uploads\/2025\/06\/TNS-3-Phase-Industrial-Servo-Electrical-Voltage-Stabilizer-50kva-60kva.webp\" \/>\n\t<meta property=\"og:image:width\" content=\"800\" \/>\n\t<meta property=\"og:image:height\" content=\"800\" \/>\n\t<meta property=\"og:image:type\" content=\"image\/webp\" \/>\n<meta name=\"twitter:card\" content=\"summary_large_image\" \/>\n<meta name=\"twitter:label1\" content=\"Tempo estimado de leitura\" \/>\n\t<meta name=\"twitter:data1\" content=\"2 minutos\" \/>\n<script type=\"application\/ld+json\" class=\"yoast-schema-graph\">{\"@context\":\"https:\/\/schema.org\",\"@graph\":[{\"@type\":\"WebPage\",\"@id\":\"https:\/\/www.imypower.com\/product\/tns-3-phase-industrial-servo-electrical-voltage-stabilizer-20kva-120kva\/\",\"url\":\"https:\/\/www.imypower.com\/product\/tns-3-phase-industrial-servo-electrical-voltage-stabilizer-20kva-120kva\/\",\"name\":\"TNS 3 Phase Industrial Servo Electrical Voltage Stabilizer 20kva-120kva - SUNWAY\",\"isPartOf\":{\"@id\":\"https:\/\/www.imypower.com\/#website\"},\"primaryImageOfPage\":{\"@id\":\"https:\/\/www.imypower.com\/product\/tns-3-phase-industrial-servo-electrical-voltage-stabilizer-20kva-120kva\/#primaryimage\"},\"image\":{\"@id\":\"https:\/\/www.imypower.com\/product\/tns-3-phase-industrial-servo-electrical-voltage-stabilizer-20kva-120kva\/#primaryimage\"},\"thumbnailUrl\":\"https:\/\/www.imypower.com\/wp-content\/uploads\/2025\/06\/TNS-3-Phase-Industrial-Servo-Electrical-Voltage-Stabilizer-50kva-60kva.webp\",\"datePublished\":\"2025-06-24T07:12:44+00:00\",\"dateModified\":\"2025-06-25T03:06:23+00:00\",\"breadcrumb\":{\"@id\":\"https:\/\/www.imypower.com\/product\/tns-3-phase-industrial-servo-electrical-voltage-stabilizer-20kva-120kva\/#breadcrumb\"},\"inLanguage\":\"pt-PT\",\"potentialAction\":[{\"@type\":\"ReadAction\",\"target\":[\"https:\/\/www.imypower.com\/product\/tns-3-phase-industrial-servo-electrical-voltage-stabilizer-20kva-120kva\/\"]}]},{\"@type\":\"ImageObject\",\"inLanguage\":\"pt-PT\",\"@id\":\"https:\/\/www.imypower.com\/product\/tns-3-phase-industrial-servo-electrical-voltage-stabilizer-20kva-120kva\/#primaryimage\",\"url\":\"https:\/\/www.imypower.com\/wp-content\/uploads\/2025\/06\/TNS-3-Phase-Industrial-Servo-Electrical-Voltage-Stabilizer-50kva-60kva.webp\",\"contentUrl\":\"https:\/\/www.imypower.com\/wp-content\/uploads\/2025\/06\/TNS-3-Phase-Industrial-Servo-Electrical-Voltage-Stabilizer-50kva-60kva.webp\",\"width\":800,\"height\":800},{\"@type\":\"BreadcrumbList\",\"@id\":\"https:\/\/www.imypower.com\/product\/tns-3-phase-industrial-servo-electrical-voltage-stabilizer-20kva-120kva\/#breadcrumb\",\"itemListElement\":[{\"@type\":\"ListItem\",\"position\":1,\"name\":\"Home\",\"item\":\"https:\/\/www.imypower.com\/\"},{\"@type\":\"ListItem\",\"position\":2,\"name\":\"Products\",\"item\":\"https:\/\/www.imypower.com\/shop\/\"},{\"@type\":\"ListItem\",\"position\":3,\"name\":\"TNS 3 Phase Industrial Servo Electrical Voltage Stabilizer 20kva-120kva\"}]},{\"@type\":\"WebSite\",\"@id\":\"https:\/\/www.imypower.com\/#website\",\"url\":\"https:\/\/www.imypower.com\/\",\"name\":\"SUNWAY\",\"description\":\"\",\"potentialAction\":[{\"@type\":\"SearchAction\",\"target\":{\"@type\":\"EntryPoint\",\"urlTemplate\":\"https:\/\/www.imypower.com\/?s={search_term_string}\"},\"query-input\":{\"@type\":\"PropertyValueSpecification\",\"valueRequired\":true,\"valueName\":\"search_term_string\"}}],\"inLanguage\":\"pt-PT\"}]}<\/script>\n<!-- \/ Yoast SEO plugin. -->","yoast_head_json":{"title":"Estabilizador de tens\u00e3o el\u00e9ctrica servo industrial trif\u00e1sico TNS 20kva-120kva - SUNWAY","robots":{"index":"index","follow":"follow","max-snippet":"max-snippet:-1","max-image-preview":"max-image-preview:large","max-video-preview":"max-video-preview:-1"},"canonical":"https:\/\/www.imypower.com\/pt\/product\/tns-3-phase-industrial-servo-electrical-voltage-stabilizer-20kva-120kva\/","og_locale":"pt_PT","og_type":"article","og_title":"TNS 3 Phase Industrial Servo Electrical Voltage Stabilizer 20kva-120kva - SUNWAY","og_description":"The 3-phase servo voltage stabilizer is designed for industrial applications with the requirement of stable and guaranteed power supply. It combines servo motor control technology with advanced protection features to offer precise voltage regulation (380V\u00b13%) to sensitive equipment such as CNC machines, robots, and production lines.","og_url":"https:\/\/www.imypower.com\/pt\/product\/tns-3-phase-industrial-servo-electrical-voltage-stabilizer-20kva-120kva\/","og_site_name":"SUNWAY","article_modified_time":"2025-06-25T03:06:23+00:00","og_image":[{"width":800,"height":800,"url":"https:\/\/www.imypower.com\/wp-content\/uploads\/2025\/06\/TNS-3-Phase-Industrial-Servo-Electrical-Voltage-Stabilizer-50kva-60kva.webp","type":"image\/webp"}],"twitter_card":"summary_large_image","twitter_misc":{"Tempo estimado de leitura":"2 minutos"},"schema":{"@context":"https:\/\/schema.org","@graph":[{"@type":"WebPage","@id":"https:\/\/www.imypower.com\/product\/tns-3-phase-industrial-servo-electrical-voltage-stabilizer-20kva-120kva\/","url":"https:\/\/www.imypower.com\/product\/tns-3-phase-industrial-servo-electrical-voltage-stabilizer-20kva-120kva\/","name":"Estabilizador de tens\u00e3o el\u00e9ctrica servo industrial trif\u00e1sico TNS 20kva-120kva - SUNWAY","isPartOf":{"@id":"https:\/\/www.imypower.com\/#website"},"primaryImageOfPage":{"@id":"https:\/\/www.imypower.com\/product\/tns-3-phase-industrial-servo-electrical-voltage-stabilizer-20kva-120kva\/#primaryimage"},"image":{"@id":"https:\/\/www.imypower.com\/product\/tns-3-phase-industrial-servo-electrical-voltage-stabilizer-20kva-120kva\/#primaryimage"},"thumbnailUrl":"https:\/\/www.imypower.com\/wp-content\/uploads\/2025\/06\/TNS-3-Phase-Industrial-Servo-Electrical-Voltage-Stabilizer-50kva-60kva.webp","datePublished":"2025-06-24T07:12:44+00:00","dateModified":"2025-06-25T03:06:23+00:00","breadcrumb":{"@id":"https:\/\/www.imypower.com\/product\/tns-3-phase-industrial-servo-electrical-voltage-stabilizer-20kva-120kva\/#breadcrumb"},"inLanguage":"pt-PT","potentialAction":[{"@type":"ReadAction","target":["https:\/\/www.imypower.com\/product\/tns-3-phase-industrial-servo-electrical-voltage-stabilizer-20kva-120kva\/"]}]},{"@type":"ImageObject","inLanguage":"pt-PT","@id":"https:\/\/www.imypower.com\/product\/tns-3-phase-industrial-servo-electrical-voltage-stabilizer-20kva-120kva\/#primaryimage","url":"https:\/\/www.imypower.com\/wp-content\/uploads\/2025\/06\/TNS-3-Phase-Industrial-Servo-Electrical-Voltage-Stabilizer-50kva-60kva.webp","contentUrl":"https:\/\/www.imypower.com\/wp-content\/uploads\/2025\/06\/TNS-3-Phase-Industrial-Servo-Electrical-Voltage-Stabilizer-50kva-60kva.webp","width":800,"height":800},{"@type":"BreadcrumbList","@id":"https:\/\/www.imypower.com\/product\/tns-3-phase-industrial-servo-electrical-voltage-stabilizer-20kva-120kva\/#breadcrumb","itemListElement":[{"@type":"ListItem","position":1,"name":"Home","item":"https:\/\/www.imypower.com\/"},{"@type":"ListItem","position":2,"name":"Products","item":"https:\/\/www.imypower.com\/shop\/"},{"@type":"ListItem","position":3,"name":"TNS 3 Phase Industrial Servo Electrical Voltage Stabilizer 20kva-120kva"}]},{"@type":"WebSite","@id":"https:\/\/www.imypower.com\/#website","url":"https:\/\/www.imypower.com\/","name":"SUNWAY","description":"","potentialAction":[{"@type":"SearchAction","target":{"@type":"EntryPoint","urlTemplate":"https:\/\/www.imypower.com\/?s={search_term_string}"},"query-input":{"@type":"PropertyValueSpecification","valueRequired":true,"valueName":"search_term_string"}}],"inLanguage":"pt-PT"}]}},"_links":{"self":[{"href":"https:\/\/www.imypower.com\/pt\/wp-json\/wp\/v2\/product\/22809","targetHints":{"allow":["GET"]}}],"collection":[{"href":"https:\/\/www.imypower.com\/pt\/wp-json\/wp\/v2\/product"}],"about":[{"href":"https:\/\/www.imypower.com\/pt\/wp-json\/wp\/v2\/types\/product"}],"replies":[{"embeddable":true,"href":"https:\/\/www.imypower.com\/pt\/wp-json\/wp\/v2\/comments?post=22809"}],"version-history":[{"count":2,"href":"https:\/\/www.imypower.com\/pt\/wp-json\/wp\/v2\/product\/22809\/revisions"}],"predecessor-version":[{"id":23017,"href":"https:\/\/www.imypower.com\/pt\/wp-json\/wp\/v2\/product\/22809\/revisions\/23017"}],"wp:featuredmedia":[{"embeddable":true,"href":"https:\/\/www.imypower.com\/pt\/wp-json\/wp\/v2\/media\/22888"}],"wp:attachment":[{"href":"https:\/\/www.imypower.com\/pt\/wp-json\/wp\/v2\/media?parent=22809"}],"wp:term":[{"taxonomy":"product_brand","embeddable":true,"href":"https:\/\/www.imypower.com\/pt\/wp-json\/wp\/v2\/product_brand?post=22809"},{"taxonomy":"product_cat","embeddable":true,"href":"https:\/\/www.imypower.com\/pt\/wp-json\/wp\/v2\/product_cat?post=22809"},{"taxonomy":"product_tag","embeddable":true,"href":"https:\/\/www.imypower.com\/pt\/wp-json\/wp\/v2\/product_tag?post=22809"}],"curies":[{"name":"wp","href":"https:\/\/api.w.org\/{rel}","templated":true}]}}