{"id":22735,"date":"2025-06-24T07:12:24","date_gmt":"2025-06-24T07:12:24","guid":{"rendered":"https:\/\/imypower.com\/?post_type=product&#038;p=22735"},"modified":"2025-07-05T05:51:51","modified_gmt":"2025-07-05T05:51:51","slug":"1kva-5kva-servo-voltage-stabilizer-for-home","status":"publish","type":"product","link":"https:\/\/www.imypower.com\/pt\/product\/1kva-5kva-servo-voltage-stabilizer-for-home\/","title":{"rendered":"TND 1Kva-5Kva Servo estabilizador de tens\u00e3o para casa"},"content":{"rendered":"<h3 data-start=\"573\" data-end=\"593\" data-immersive-translate-walked=\"b31e2f32-1bc6-45e3-aa30-d4637aa88b2c\"><strong data-start=\"577\" data-end=\"593\" data-immersive-translate-walked=\"b31e2f32-1bc6-45e3-aa30-d4637aa88b2c\" data-immersive-translate-paragraph=\"1\">Carater\u00edsticas principais<\/strong><\/h3>\n<ul data-start=\"595\" data-end=\"1600\" data-immersive-translate-walked=\"b31e2f32-1bc6-45e3-aa30-d4637aa88b2c\">\n<li data-start=\"595\" data-end=\"783\" data-immersive-translate-walked=\"b31e2f32-1bc6-45e3-aa30-d4637aa88b2c\">\n<p data-start=\"597\" data-end=\"783\" data-immersive-translate-walked=\"b31e2f32-1bc6-45e3-aa30-d4637aa88b2c\" data-immersive-translate-paragraph=\"1\"><strong data-start=\"597\" data-end=\"627\" data-immersive-translate-walked=\"b31e2f32-1bc6-45e3-aa30-d4637aa88b2c\">Regula\u00e7\u00e3o precisa da tens\u00e3o<\/strong>: A tecnologia servo-controlada garante que os seus aparelhos recebem uma tens\u00e3o consistente e segura, evitando danos causados por picos de energia e quedas de tens\u00e3o.<\/p>\n<\/li>\n<li data-start=\"785\" data-end=\"970\" data-immersive-translate-walked=\"b31e2f32-1bc6-45e3-aa30-d4637aa88b2c\">\n<p data-start=\"787\" data-end=\"970\" data-immersive-translate-walked=\"b31e2f32-1bc6-45e3-aa30-d4637aa88b2c\" data-immersive-translate-paragraph=\"1\"><strong data-start=\"787\" data-end=\"807\" data-immersive-translate-walked=\"b31e2f32-1bc6-45e3-aa30-d4637aa88b2c\">Prote\u00e7\u00e3o contra sobretens\u00f5es<\/strong>: O estabilizador inclui uma prote\u00e7\u00e3o integrada contra picos de tens\u00e3o para proteger contra descargas atmosf\u00e9ricas e picos de tens\u00e3o repentinos, protegendo os aparelhos electr\u00f3nicos dom\u00e9sticos de danos.<\/p>\n<\/li>\n<li data-start=\"972\" data-end=\"1135\" data-immersive-translate-walked=\"b31e2f32-1bc6-45e3-aa30-d4637aa88b2c\">\n<p data-start=\"974\" data-end=\"1135\" data-immersive-translate-walked=\"b31e2f32-1bc6-45e3-aa30-d4637aa88b2c\" data-immersive-translate-paragraph=\"1\"><strong data-start=\"974\" data-end=\"1003\" data-immersive-translate-walked=\"b31e2f32-1bc6-45e3-aa30-d4637aa88b2c\">Arranque retardado por falha de energia<\/strong>: Esta carater\u00edstica evita choques s\u00fabitos de tens\u00e3o quando a energia \u00e9 restabelecida ap\u00f3s um corte, ajudando a prolongar a vida \u00fatil do seu equipamento.<\/p>\n<\/li>\n<li data-start=\"1137\" data-end=\"1320\" data-immersive-translate-walked=\"b31e2f32-1bc6-45e3-aa30-d4637aa88b2c\">\n<p data-start=\"1139\" data-end=\"1320\" data-immersive-translate-walked=\"b31e2f32-1bc6-45e3-aa30-d4637aa88b2c\" data-immersive-translate-paragraph=\"1\"><strong data-start=\"1139\" data-end=\"1170\" data-immersive-translate-walked=\"b31e2f32-1bc6-45e3-aa30-d4637aa88b2c\">M\u00faltiplas protec\u00e7\u00f5es de seguran\u00e7a<\/strong>: Equipado com prote\u00e7\u00e3o contra sobrecarga, curto-circuito e sobreaquecimento, o estabilizador assegura um funcionamento fi\u00e1vel a longo prazo sem comprometer a seguran\u00e7a.<\/p>\n<\/li>\n<li data-start=\"1322\" data-end=\"1443\" data-immersive-translate-walked=\"b31e2f32-1bc6-45e3-aa30-d4637aa88b2c\">\n<p data-start=\"1324\" data-end=\"1443\" data-immersive-translate-walked=\"b31e2f32-1bc6-45e3-aa30-d4637aa88b2c\" data-immersive-translate-paragraph=\"1\"><strong data-start=\"1324\" data-end=\"1343\" data-immersive-translate-walked=\"b31e2f32-1bc6-45e3-aa30-d4637aa88b2c\">Funcionamento silencioso<\/strong>: Concebido para funcionar silenciosamente, o que o torna ideal para casas onde \u00e9 importante um ambiente tranquilo.<\/p>\n<\/li>\n<li data-start=\"1445\" data-end=\"1600\" data-immersive-translate-walked=\"b31e2f32-1bc6-45e3-aa30-d4637aa88b2c\">\n<p data-start=\"1447\" data-end=\"1600\" data-immersive-translate-walked=\"b31e2f32-1bc6-45e3-aa30-d4637aa88b2c\" data-immersive-translate-paragraph=\"1\"><strong data-start=\"1447\" data-end=\"1469\" data-immersive-translate-walked=\"b31e2f32-1bc6-45e3-aa30-d4637aa88b2c\">Ampla gama de tens\u00f5es<\/strong>: Funciona com sistemas de alimenta\u00e7\u00e3o de 110V e 220V, tornando-o adequado para uma variedade de configura\u00e7\u00f5es dom\u00e9sticas e locais com tens\u00e3o inst\u00e1vel.<\/p>\n<\/li>\n<\/ul>\n<h2>Par\u00e2metros t\u00e9cnicos<\/h2>\n<table width=\"674\">\n<tbody>\n<tr>\n<td width=\"232\">Modelo<\/td>\n<td width=\"442\">SVC5-1000VA SVC5-1500VA SVC5-2000VA SVC5-3000VA SVC5-5000VA<\/td>\n<\/tr>\n<tr>\n<td width=\"232\">Fase<\/td>\n<td width=\"442\">Monof\u00e1sico<\/td>\n<\/tr>\n<tr>\n<td width=\"232\">Tens\u00e3o de entrada<\/td>\n<td width=\"442\">AC 90-260V ou personalizado<\/td>\n<\/tr>\n<tr>\n<td width=\"232\">Tens\u00e3o de sa\u00edda<\/td>\n<td width=\"442\">AC 220V ou personalizado<\/td>\n<\/tr>\n<tr>\n<td width=\"232\">Frequ\u00eancia<\/td>\n<td width=\"442\">50Hz\/60Hz<\/td>\n<\/tr>\n<tr>\n<td width=\"232\">Precis\u00e3o<\/td>\n<td width=\"442\">\u00b13%<\/td>\n<\/tr>\n<tr>\n<td width=\"232\">Efici\u00eancia no trabalho<\/td>\n<td width=\"442\">&gt;95%<\/td>\n<\/tr>\n<tr>\n<td width=\"232\">Tipo de controlo<\/td>\n<td width=\"442\">Servo motor<\/td>\n<\/tr>\n<tr>\n<td width=\"232\">Ecr\u00e3 digital<\/td>\n<td width=\"442\">Mostrar a tens\u00e3o de entrada e de sa\u00edda<\/td>\n<\/tr>\n<tr>\n<td width=\"232\">Prote\u00e7\u00e3o<\/td>\n<td width=\"442\">Sobre\/subtens\u00e3o, sobre carga, curto-circuito, sobre temperatura<\/td>\n<\/tr>\n<tr>\n<td width=\"232\">Temperatura ambiente<\/td>\n<td width=\"442\">-10\u00b0C~+ 40\u00b0C<\/td>\n<\/tr>\n<tr>\n<td width=\"232\">N\u00edvel de ru\u00eddo<\/td>\n<td width=\"442\">\u226450dB<\/td>\n<\/tr>\n<\/tbody>\n<\/table>\n<h2>Especifica\u00e7\u00f5es<\/h2>\n<table width=\"636\">\n<tbody>\n<tr>\n<td width=\"183\">MODELO<\/td>\n<td width=\"113\">Tens\u00e3o de entrada<\/td>\n<td width=\"121\">Tens\u00e3o de sa\u00edda<\/td>\n<td width=\"219\">Medida (mm) Comprimento*Largura*Altura<\/td>\n<\/tr>\n<tr>\n<td width=\"183\">SVC5-1000VA<\/td>\n<td rowspan=\"5\" width=\"113\">90V~260V<\/td>\n<td rowspan=\"5\" width=\"121\">220V\u00b13%<\/td>\n<td width=\"219\">210*200*165<\/td>\n<\/tr>\n<tr>\n<td width=\"183\">SVC5-1500VA<\/td>\n<td width=\"219\">210*200*165<\/td>\n<\/tr>\n<tr>\n<td width=\"183\">SVC5-2000VA<\/td>\n<td width=\"219\">240*290*200<\/td>\n<\/tr>\n<tr>\n<td width=\"183\">SVC5-3000VA<\/td>\n<td width=\"219\">240*290*200<\/td>\n<\/tr>\n<tr>\n<td width=\"183\">SVC5-5000VA<\/td>\n<td width=\"219\">245*315*265<\/td>\n<\/tr>\n<\/tbody>\n<\/table>\n<h2><img fetchpriority=\"high\" decoding=\"async\" class=\"alignnone wp-image-11088 size-full\" src=\"https:\/\/www.zhengxi1983.com\/wp-content\/uploads\/2025\/03\/avr-for-computer.webp\" alt=\"avr para computador\" width=\"874\" height=\"796\" \/><\/h2>\n<h2>Perfeito para uso dom\u00e9stico<\/h2>\n<ul>\n<li>PCs e computadores port\u00e1teis: Proteja os seus sistemas inform\u00e1ticos dom\u00e9sticos da instabilidade da tens\u00e3o.<\/li>\n<li>Televisores e equipamento \u00e1udio: Proteger os sistemas de entretenimento topo de gama das flutua\u00e7\u00f5es de energia.<\/li>\n<li>Consolas de jogos: Assegura um funcionamento suave e seguro dos seus dispositivos de jogos.<\/li>\n<li>Electrodom\u00e9sticos: Proteja os frigor\u00edficos, micro-ondas e outros aparelhos dom\u00e9sticos sens\u00edveis contra picos de tens\u00e3o.<\/li>\n<\/ul>\n<h3 data-start=\"3517\" data-end=\"3587\" data-immersive-translate-walked=\"b31e2f32-1bc6-45e3-aa30-d4637aa88b2c\"><strong data-start=\"3521\" data-end=\"3587\" data-immersive-translate-walked=\"b31e2f32-1bc6-45e3-aa30-d4637aa88b2c\" data-immersive-translate-paragraph=\"1\">Como escolher o estabilizador de tens\u00e3o Servo adequado para a sua casa<\/strong><\/h3>\n<p data-start=\"3589\" data-end=\"3634\" data-immersive-translate-walked=\"b31e2f32-1bc6-45e3-aa30-d4637aa88b2c\" data-immersive-translate-paragraph=\"1\">Para selecionar o estabilizador ideal para a sua casa:<\/p>\n<p data-start=\"3636\" data-end=\"3696\" data-immersive-translate-walked=\"b31e2f32-1bc6-45e3-aa30-d4637aa88b2c\"><strong data-start=\"3636\" data-end=\"3696\" data-immersive-translate-walked=\"b31e2f32-1bc6-45e3-aa30-d4637aa88b2c\" data-immersive-translate-paragraph=\"1\">Pot\u00eancia necess\u00e1ria do regulador = Pot\u00eancia do dispositivo \u00d7 2 (margem de seguran\u00e7a)<\/strong><\/p>\n<ul data-start=\"3698\" data-end=\"3938\" data-immersive-translate-walked=\"b31e2f32-1bc6-45e3-aa30-d4637aa88b2c\">\n<li data-start=\"3698\" data-end=\"3761\" data-immersive-translate-walked=\"b31e2f32-1bc6-45e3-aa30-d4637aa88b2c\">\n<p data-start=\"3700\" data-end=\"3761\" data-immersive-translate-walked=\"b31e2f32-1bc6-45e3-aa30-d4637aa88b2c\" data-immersive-translate-paragraph=\"1\"><strong data-start=\"3700\" data-end=\"3719\" data-immersive-translate-walked=\"b31e2f32-1bc6-45e3-aa30-d4637aa88b2c\">PC dom\u00e9stico t\u00edpico<\/strong> (Pot\u00eancia nominal: 250W): Escolha <strong data-start=\"3748\" data-end=\"3756\" data-immersive-translate-walked=\"b31e2f32-1bc6-45e3-aa30-d4637aa88b2c\">500W<\/strong> AVR.<\/p>\n<\/li>\n<li data-start=\"3762\" data-end=\"3846\" data-immersive-translate-walked=\"b31e2f32-1bc6-45e3-aa30-d4637aa88b2c\">\n<p data-start=\"3764\" data-end=\"3846\" data-immersive-translate-walked=\"b31e2f32-1bc6-45e3-aa30-d4637aa88b2c\" data-immersive-translate-paragraph=\"1\"><strong data-start=\"3764\" data-end=\"3803\" data-immersive-translate-walked=\"b31e2f32-1bc6-45e3-aa30-d4637aa88b2c\">PC para jogos ou esta\u00e7\u00e3o de trabalho de alta pot\u00eancia<\/strong> (Pot\u00eancia nominal: 500W): Escolha <strong data-start=\"3832\" data-end=\"3841\" data-immersive-translate-walked=\"b31e2f32-1bc6-45e3-aa30-d4637aa88b2c\">1000W<\/strong> AVR.<\/p>\n<\/li>\n<li data-start=\"3847\" data-end=\"3938\" data-immersive-translate-walked=\"b31e2f32-1bc6-45e3-aa30-d4637aa88b2c\">\n<p data-start=\"3849\" data-end=\"3938\" data-immersive-translate-walked=\"b31e2f32-1bc6-45e3-aa30-d4637aa88b2c\" data-immersive-translate-paragraph=\"1\"><strong data-start=\"3849\" data-end=\"3894\" data-immersive-translate-walked=\"b31e2f32-1bc6-45e3-aa30-d4637aa88b2c\">V\u00e1rios aparelhos ou dispositivos de alta pot\u00eancia<\/strong> (Pot\u00eancia nominal: 1000W): Escolha <strong data-start=\"3924\" data-end=\"3933\" data-immersive-translate-walked=\"b31e2f32-1bc6-45e3-aa30-d4637aa88b2c\">2000W<\/strong> AVR.<\/p>\n<\/li>\n<\/ul>\n<p data-start=\"3940\" data-end=\"4039\" data-immersive-translate-walked=\"b31e2f32-1bc6-45e3-aa30-d4637aa88b2c\" data-immersive-translate-paragraph=\"1\">Recomendamos que escolha um estabilizador com uma capacidade ligeiramente superior \u00e0 necess\u00e1ria para uma melhor prote\u00e7\u00e3o.<\/p>\n<h3 data-start=\"4046\" data-end=\"4112\" data-immersive-translate-walked=\"b31e2f32-1bc6-45e3-aa30-d4637aa88b2c\"><strong data-start=\"4050\" data-end=\"4112\" data-immersive-translate-walked=\"b31e2f32-1bc6-45e3-aa30-d4637aa88b2c\" data-immersive-translate-paragraph=\"1\">Porqu\u00ea escolher o estabilizador de tens\u00e3o TND Servo para a sua casa?<\/strong><\/h3>\n<ul data-start=\"4114\" data-end=\"4627\" data-immersive-translate-walked=\"b31e2f32-1bc6-45e3-aa30-d4637aa88b2c\">\n<li data-start=\"4114\" data-end=\"4254\" data-immersive-translate-walked=\"b31e2f32-1bc6-45e3-aa30-d4637aa88b2c\">\n<p data-start=\"4116\" data-end=\"4254\" data-immersive-translate-walked=\"b31e2f32-1bc6-45e3-aa30-d4637aa88b2c\" data-immersive-translate-paragraph=\"1\"><strong data-start=\"4116\" data-end=\"4144\" data-immersive-translate-walked=\"b31e2f32-1bc6-45e3-aa30-d4637aa88b2c\">Proteja a sua eletr\u00f3nica<\/strong>: Prote\u00e7\u00e3o contra picos de energia, sobretens\u00f5es e quedas de tens\u00e3o que podem causar falhas no sistema ou danos no hardware.<\/p>\n<\/li>\n<li data-start=\"4255\" data-end=\"4383\" data-immersive-translate-walked=\"b31e2f32-1bc6-45e3-aa30-d4637aa88b2c\">\n<p data-start=\"4257\" data-end=\"4383\" data-immersive-translate-walked=\"b31e2f32-1bc6-45e3-aa30-d4637aa88b2c\" data-immersive-translate-paragraph=\"1\"><strong data-start=\"4257\" data-end=\"4283\" data-immersive-translate-walked=\"b31e2f32-1bc6-45e3-aa30-d4637aa88b2c\">Prolongar a vida \u00fatil do dispositivo<\/strong>: Reduzir o risco de avarias no hardware e prolongar a vida \u00fatil dos seus aparelhos e aparelhos electr\u00f3nicos.<\/p>\n<\/li>\n<li data-start=\"4384\" data-end=\"4509\" data-immersive-translate-walked=\"b31e2f32-1bc6-45e3-aa30-d4637aa88b2c\">\n<p data-start=\"4386\" data-end=\"4509\" data-immersive-translate-walked=\"b31e2f32-1bc6-45e3-aa30-d4637aa88b2c\" data-immersive-translate-paragraph=\"1\"><strong data-start=\"4386\" data-end=\"4411\" data-immersive-translate-walked=\"b31e2f32-1bc6-45e3-aa30-d4637aa88b2c\">Fonte de alimenta\u00e7\u00e3o fi\u00e1vel<\/strong>: Assegura uma tens\u00e3o constante e est\u00e1vel para todos os aparelhos dom\u00e9sticos, mesmo em zonas com redes el\u00e9ctricas inst\u00e1veis.<\/p>\n<\/li>\n<li data-start=\"4510\" data-end=\"4627\" data-immersive-translate-walked=\"b31e2f32-1bc6-45e3-aa30-d4637aa88b2c\">\n<p data-start=\"4512\" data-end=\"4627\" data-immersive-translate-walked=\"b31e2f32-1bc6-45e3-aa30-d4637aa88b2c\" data-immersive-translate-paragraph=\"1\"><strong data-start=\"4512\" data-end=\"4533\" data-immersive-translate-walked=\"b31e2f32-1bc6-45e3-aa30-d4637aa88b2c\">Efici\u00eancia energ\u00e9tica<\/strong>: Optimiza a utiliza\u00e7\u00e3o de energia, assegurando que os dispositivos funcionam eficientemente e reduzindo o desperd\u00edcio de energia.<\/p>\n<\/li>\n<\/ul>\n<p data-start=\"4634\" data-end=\"4903\" data-is-last-node=\"\" data-is-only-node=\"\" data-immersive-translate-walked=\"b31e2f32-1bc6-45e3-aa30-d4637aa88b2c\" data-immersive-translate-paragraph=\"1\">O <strong data-start=\"4638\" data-end=\"4689\" data-immersive-translate-walked=\"b31e2f32-1bc6-45e3-aa30-d4637aa88b2c\">Estabilizador de tens\u00e3o servo TND 1KVA-5KVA para casa<\/strong> \u00e9 a sua solu\u00e7\u00e3o de confian\u00e7a para manter uma alimenta\u00e7\u00e3o est\u00e1vel e fi\u00e1vel para todos os seus aparelhos electr\u00f3nicos dom\u00e9sticos. Garanta prote\u00e7\u00e3o, longevidade e efici\u00eancia com o nosso estabilizador de alto desempenho, concebido especificamente para utiliza\u00e7\u00e3o dom\u00e9stica.<\/p>","protected":false},"excerpt":{"rendered":"<p>Garanta a prote\u00e7\u00e3o e o desempenho eficiente dos seus electrodom\u00e9sticos com o Estabilizador de tens\u00e3o servo para casa TND 1KVA-5KVA. Este estabilizador avan\u00e7ado foi concebido para regular e manter n\u00edveis de tens\u00e3o est\u00e1veis, protegendo os seus valiosos aparelhos electr\u00f3nicos dos efeitos nocivos das flutua\u00e7\u00f5es de tens\u00e3o. Ideal para resid\u00eancias com dispositivos sens\u00edveis, como computadores, televisores, consolas de jogos e electrodom\u00e9sticos, este estabilizador servo-controlado garante uma fonte de alimenta\u00e7\u00e3o est\u00e1vel para um desempenho ideal do dispositivo.<\/p>","protected":false},"featured_media":22776,"comment_status":"closed","ping_status":"closed","template":"","meta":[],"product_brand":[116],"product_cat":[105,107],"product_tag":[],"class_list":{"0":"post-22735","1":"product","2":"type-product","3":"status-publish","4":"has-post-thumbnail","6":"product_brand-zhengxi","7":"product_cat-automatic-voltage-stabilizers","8":"product_cat-single-phase-voltage-stabilizers","10":"first","11":"instock","12":"shipping-taxable","13":"product-type-simple"},"yoast_head":"<!-- This site is optimized with the Yoast SEO plugin v25.3.1 - https:\/\/yoast.com\/wordpress\/plugins\/seo\/ -->\n<title>Wholesaler 1Kva-5Kva Servo Voltage Stabilizer For Home - SUNWAY<\/title>\n<meta name=\"robots\" content=\"index, follow, max-snippet:-1, max-image-preview:large, max-video-preview:-1\" \/>\n<link rel=\"canonical\" href=\"https:\/\/www.imypower.com\/pt\/product\/1kva-5kva-servo-voltage-stabilizer-for-home\/\" \/>\n<meta property=\"og:locale\" content=\"pt_PT\" \/>\n<meta property=\"og:type\" content=\"article\" \/>\n<meta property=\"og:title\" content=\"Wholesaler 1Kva-5Kva Servo Voltage Stabilizer For Home - SUNWAY\" \/>\n<meta property=\"og:description\" content=\"Ensure the protection and efficient performance of your home appliances with the TND 1KVA-5KVA Servo Voltage Stabilizer for Home. This advanced stabilizer is designed to regulate and maintain stable voltage levels, protecting your valuable electronics from the harmful effects of voltage fluctuations. Ideal for households with sensitive devices such as computers, TVs, gaming consoles, and home appliances, this servo-controlled stabilizer guarantees a steady power supply for optimal device performance.\" \/>\n<meta property=\"og:url\" content=\"https:\/\/www.imypower.com\/pt\/product\/1kva-5kva-servo-voltage-stabilizer-for-home\/\" \/>\n<meta property=\"og:site_name\" content=\"SUNWAY\" \/>\n<meta property=\"article:modified_time\" content=\"2025-07-05T05:51:51+00:00\" \/>\n<meta property=\"og:image\" content=\"https:\/\/www.imypower.com\/wp-content\/uploads\/2025\/06\/SVC-Servo-Type-AVR.webp\" \/>\n\t<meta property=\"og:image:width\" content=\"800\" \/>\n\t<meta property=\"og:image:height\" content=\"800\" \/>\n\t<meta property=\"og:image:type\" content=\"image\/webp\" \/>\n<meta name=\"twitter:card\" content=\"summary_large_image\" \/>\n<meta name=\"twitter:label1\" content=\"Tempo estimado de leitura\" \/>\n\t<meta name=\"twitter:data1\" content=\"3 minutos\" \/>\n<script type=\"application\/ld+json\" class=\"yoast-schema-graph\">{\"@context\":\"https:\/\/schema.org\",\"@graph\":[{\"@type\":\"WebPage\",\"@id\":\"https:\/\/www.imypower.com\/product\/1kva-5kva-servo-voltage-stabilizer-for-home\/\",\"url\":\"https:\/\/www.imypower.com\/product\/1kva-5kva-servo-voltage-stabilizer-for-home\/\",\"name\":\"Wholesaler 1Kva-5Kva Servo Voltage Stabilizer For Home - SUNWAY\",\"isPartOf\":{\"@id\":\"https:\/\/www.imypower.com\/#website\"},\"primaryImageOfPage\":{\"@id\":\"https:\/\/www.imypower.com\/product\/1kva-5kva-servo-voltage-stabilizer-for-home\/#primaryimage\"},\"image\":{\"@id\":\"https:\/\/www.imypower.com\/product\/1kva-5kva-servo-voltage-stabilizer-for-home\/#primaryimage\"},\"thumbnailUrl\":\"https:\/\/www.imypower.com\/wp-content\/uploads\/2025\/06\/SVC-Servo-Type-AVR.webp\",\"datePublished\":\"2025-06-24T07:12:24+00:00\",\"dateModified\":\"2025-07-05T05:51:51+00:00\",\"breadcrumb\":{\"@id\":\"https:\/\/www.imypower.com\/product\/1kva-5kva-servo-voltage-stabilizer-for-home\/#breadcrumb\"},\"inLanguage\":\"pt-PT\",\"potentialAction\":[{\"@type\":\"ReadAction\",\"target\":[\"https:\/\/www.imypower.com\/product\/1kva-5kva-servo-voltage-stabilizer-for-home\/\"]}]},{\"@type\":\"ImageObject\",\"inLanguage\":\"pt-PT\",\"@id\":\"https:\/\/www.imypower.com\/product\/1kva-5kva-servo-voltage-stabilizer-for-home\/#primaryimage\",\"url\":\"https:\/\/www.imypower.com\/wp-content\/uploads\/2025\/06\/SVC-Servo-Type-AVR.webp\",\"contentUrl\":\"https:\/\/www.imypower.com\/wp-content\/uploads\/2025\/06\/SVC-Servo-Type-AVR.webp\",\"width\":800,\"height\":800},{\"@type\":\"BreadcrumbList\",\"@id\":\"https:\/\/www.imypower.com\/product\/1kva-5kva-servo-voltage-stabilizer-for-home\/#breadcrumb\",\"itemListElement\":[{\"@type\":\"ListItem\",\"position\":1,\"name\":\"Home\",\"item\":\"https:\/\/www.imypower.com\/\"},{\"@type\":\"ListItem\",\"position\":2,\"name\":\"Products\",\"item\":\"https:\/\/www.imypower.com\/shop\/\"},{\"@type\":\"ListItem\",\"position\":3,\"name\":\"TND 1Kva-5Kva Servo Voltage Stabilizer For Home\"}]},{\"@type\":\"WebSite\",\"@id\":\"https:\/\/www.imypower.com\/#website\",\"url\":\"https:\/\/www.imypower.com\/\",\"name\":\"SUNWAY\",\"description\":\"\",\"potentialAction\":[{\"@type\":\"SearchAction\",\"target\":{\"@type\":\"EntryPoint\",\"urlTemplate\":\"https:\/\/www.imypower.com\/?s={search_term_string}\"},\"query-input\":{\"@type\":\"PropertyValueSpecification\",\"valueRequired\":true,\"valueName\":\"search_term_string\"}}],\"inLanguage\":\"pt-PT\"}]}<\/script>\n<!-- \/ Yoast SEO plugin. -->","yoast_head_json":{"title":"Atacadista 1Kva-5Kva Servo Estabilizador de tens\u00e3o para casa - SUNWAY","robots":{"index":"index","follow":"follow","max-snippet":"max-snippet:-1","max-image-preview":"max-image-preview:large","max-video-preview":"max-video-preview:-1"},"canonical":"https:\/\/www.imypower.com\/pt\/product\/1kva-5kva-servo-voltage-stabilizer-for-home\/","og_locale":"pt_PT","og_type":"article","og_title":"Wholesaler 1Kva-5Kva Servo Voltage Stabilizer For Home - SUNWAY","og_description":"Ensure the protection and efficient performance of your home appliances with the TND 1KVA-5KVA Servo Voltage Stabilizer for Home. This advanced stabilizer is designed to regulate and maintain stable voltage levels, protecting your valuable electronics from the harmful effects of voltage fluctuations. Ideal for households with sensitive devices such as computers, TVs, gaming consoles, and home appliances, this servo-controlled stabilizer guarantees a steady power supply for optimal device performance.","og_url":"https:\/\/www.imypower.com\/pt\/product\/1kva-5kva-servo-voltage-stabilizer-for-home\/","og_site_name":"SUNWAY","article_modified_time":"2025-07-05T05:51:51+00:00","og_image":[{"width":800,"height":800,"url":"https:\/\/www.imypower.com\/wp-content\/uploads\/2025\/06\/SVC-Servo-Type-AVR.webp","type":"image\/webp"}],"twitter_card":"summary_large_image","twitter_misc":{"Tempo estimado de leitura":"3 minutos"},"schema":{"@context":"https:\/\/schema.org","@graph":[{"@type":"WebPage","@id":"https:\/\/www.imypower.com\/product\/1kva-5kva-servo-voltage-stabilizer-for-home\/","url":"https:\/\/www.imypower.com\/product\/1kva-5kva-servo-voltage-stabilizer-for-home\/","name":"Atacadista 1Kva-5Kva Servo Estabilizador de tens\u00e3o para casa - SUNWAY","isPartOf":{"@id":"https:\/\/www.imypower.com\/#website"},"primaryImageOfPage":{"@id":"https:\/\/www.imypower.com\/product\/1kva-5kva-servo-voltage-stabilizer-for-home\/#primaryimage"},"image":{"@id":"https:\/\/www.imypower.com\/product\/1kva-5kva-servo-voltage-stabilizer-for-home\/#primaryimage"},"thumbnailUrl":"https:\/\/www.imypower.com\/wp-content\/uploads\/2025\/06\/SVC-Servo-Type-AVR.webp","datePublished":"2025-06-24T07:12:24+00:00","dateModified":"2025-07-05T05:51:51+00:00","breadcrumb":{"@id":"https:\/\/www.imypower.com\/product\/1kva-5kva-servo-voltage-stabilizer-for-home\/#breadcrumb"},"inLanguage":"pt-PT","potentialAction":[{"@type":"ReadAction","target":["https:\/\/www.imypower.com\/product\/1kva-5kva-servo-voltage-stabilizer-for-home\/"]}]},{"@type":"ImageObject","inLanguage":"pt-PT","@id":"https:\/\/www.imypower.com\/product\/1kva-5kva-servo-voltage-stabilizer-for-home\/#primaryimage","url":"https:\/\/www.imypower.com\/wp-content\/uploads\/2025\/06\/SVC-Servo-Type-AVR.webp","contentUrl":"https:\/\/www.imypower.com\/wp-content\/uploads\/2025\/06\/SVC-Servo-Type-AVR.webp","width":800,"height":800},{"@type":"BreadcrumbList","@id":"https:\/\/www.imypower.com\/product\/1kva-5kva-servo-voltage-stabilizer-for-home\/#breadcrumb","itemListElement":[{"@type":"ListItem","position":1,"name":"Home","item":"https:\/\/www.imypower.com\/"},{"@type":"ListItem","position":2,"name":"Products","item":"https:\/\/www.imypower.com\/shop\/"},{"@type":"ListItem","position":3,"name":"TND 1Kva-5Kva Servo Voltage Stabilizer For Home"}]},{"@type":"WebSite","@id":"https:\/\/www.imypower.com\/#website","url":"https:\/\/www.imypower.com\/","name":"SUNWAY","description":"","potentialAction":[{"@type":"SearchAction","target":{"@type":"EntryPoint","urlTemplate":"https:\/\/www.imypower.com\/?s={search_term_string}"},"query-input":{"@type":"PropertyValueSpecification","valueRequired":true,"valueName":"search_term_string"}}],"inLanguage":"pt-PT"}]}},"_links":{"self":[{"href":"https:\/\/www.imypower.com\/pt\/wp-json\/wp\/v2\/product\/22735","targetHints":{"allow":["GET"]}}],"collection":[{"href":"https:\/\/www.imypower.com\/pt\/wp-json\/wp\/v2\/product"}],"about":[{"href":"https:\/\/www.imypower.com\/pt\/wp-json\/wp\/v2\/types\/product"}],"replies":[{"embeddable":true,"href":"https:\/\/www.imypower.com\/pt\/wp-json\/wp\/v2\/comments?post=22735"}],"version-history":[{"count":4,"href":"https:\/\/www.imypower.com\/pt\/wp-json\/wp\/v2\/product\/22735\/revisions"}],"predecessor-version":[{"id":23020,"href":"https:\/\/www.imypower.com\/pt\/wp-json\/wp\/v2\/product\/22735\/revisions\/23020"}],"wp:featuredmedia":[{"embeddable":true,"href":"https:\/\/www.imypower.com\/pt\/wp-json\/wp\/v2\/media\/22776"}],"wp:attachment":[{"href":"https:\/\/www.imypower.com\/pt\/wp-json\/wp\/v2\/media?parent=22735"}],"wp:term":[{"taxonomy":"product_brand","embeddable":true,"href":"https:\/\/www.imypower.com\/pt\/wp-json\/wp\/v2\/product_brand?post=22735"},{"taxonomy":"product_cat","embeddable":true,"href":"https:\/\/www.imypower.com\/pt\/wp-json\/wp\/v2\/product_cat?post=22735"},{"taxonomy":"product_tag","embeddable":true,"href":"https:\/\/www.imypower.com\/pt\/wp-json\/wp\/v2\/product_tag?post=22735"}],"curies":[{"name":"wp","href":"https:\/\/api.w.org\/{rel}","templated":true}]}}