{"id":22573,"date":"2025-06-24T07:11:39","date_gmt":"2025-06-24T07:11:39","guid":{"rendered":"https:\/\/imypower.com\/?post_type=product&#038;p=22573"},"modified":"2025-07-09T09:31:53","modified_gmt":"2025-07-09T09:31:53","slug":"china-single-phase-servo-motor-automatic-voltage-stabilizer","status":"publish","type":"product","link":"https:\/\/www.imypower.com\/pt\/product\/china-single-phase-servo-motor-automatic-voltage-stabilizer\/","title":{"rendered":"China TND 5Kva Controlo de servo motor monof\u00e1sico Estabilizadores de tens\u00e3o CA autom\u00e1ticos"},"content":{"rendered":"<h2>Carater\u00edsticas principais<\/h2>\n<p><strong>Servo controlo de alta precis\u00e3o<\/strong><br \/>\nO servomotor eletr\u00f3nico ajusta continuamente os taps do transformador, fornecendo uma sa\u00edda com \u00b13% da tens\u00e3o nominal - muito superior \u00e0s unidades do tipo rel\u00e9.<\/p>\n<p><strong>Ampla gama de tens\u00e3o de entrada<\/strong><br \/>\nVers\u00e3o standard: 140 V-260 V CA; Vers\u00e3o ultra-baixa: 90 V-260 V CA - ideal para regi\u00f5es com redes el\u00e9ctricas inst\u00e1veis.<\/p>\n<p><strong>Design port\u00e1til e duradouro<\/strong><br \/>\nEstrutura met\u00e1lica compacta (240 \u00d7 310 \u00d7 285 mm) com pega ergon\u00f3mica para facilitar o transporte e a instala\u00e7\u00e3o. O acabamento com revestimento em p\u00f3 resiste \u00e0 corros\u00e3o.<\/p>\n<p><strong>Ecr\u00e3 digital LED<\/strong><br \/>\nAs leituras de tens\u00e3o de entrada\/sa\u00edda em tempo real e os indicadores de estado simplificam a monitoriza\u00e7\u00e3o e a resolu\u00e7\u00e3o de problemas.<\/p>\n<p><strong>Efici\u00eancia e prote\u00e7\u00e3o excepcionais<\/strong><br \/>\nEfici\u00eancia &gt; 90%, sem distor\u00e7\u00e3o adicional da forma de onda. As protec\u00e7\u00f5es incorporadas incluem o encerramento por sobre\/subtens\u00e3o, sobrecarga, curto-circuito e sobretemperatura.<\/p>\n<p><strong>Op\u00e7\u00f5es de sa\u00edda flex\u00edveis<\/strong><br \/>\nSa\u00edda padr\u00e3o: 220 V CA; 110 V opcional e defini\u00e7\u00f5es personaliz\u00e1veis para satisfazer diversas necessidades de aplica\u00e7\u00e3o<\/p>\n<p><span style=\"font-size: 1.7em; font-weight: bold;\">Par\u00e2metro t\u00e9cnico principal<\/span><\/p>\n<figure class=\"wp-block-table\">\n<div class=\"scroll\">\n<table class=\"has-fixed-layout\">\n<tbody>\n<tr>\n<td>Par\u00e2metro<\/td>\n<td>Monof\u00e1sico<\/td>\n<td><span style=\"color: #0000ff;\">Trif\u00e1sico<\/span><\/td>\n<\/tr>\n<tr>\n<td>Tens\u00e3o de entrada<\/td>\n<td>Modelos normais 140V-260\/300V, modelos de ultra baixa tens\u00e3o 90-260\/300V<\/td>\n<td>Tens\u00e3o de fase 160V-250V; tens\u00e3o de linha 277V-430V<\/td>\n<\/tr>\n<tr>\n<td>Tens\u00e3o de sa\u00edda<\/td>\n<td>220V (110V personalizado)<\/td>\n<td>Tens\u00e3o de fase 200V, tens\u00e3o de linha 380V ou personalizada<\/td>\n<\/tr>\n<tr>\n<td>Precis\u00e3o da regula\u00e7\u00e3o da tens\u00e3o<\/td>\n<td>220V \u00b13% (110V \u00b16%)<\/td>\n<td>220V \u00b13% (380V \u00b13%)<\/td>\n<\/tr>\n<tr>\n<td>Frequ\u00eancia de trabalho<\/td>\n<td>50Hz\/60Hz<\/td>\n<td>50Hz\/60Hz<\/td>\n<\/tr>\n<tr>\n<td>Tempo de ajustamento<\/td>\n<td>\u22641sec (quando a tens\u00e3o de entrada muda)<\/td>\n<td>\u22641sec (quando a tens\u00e3o de entrada muda)<\/td>\n<\/tr>\n<tr>\n<td>Temperatura de funcionamento<\/td>\n<td>-10\u2103~+40\u2103<\/td>\n<td>-5\u2103~+40\u2103<\/td>\n<\/tr>\n<tr>\n<td>Efici\u00eancia<\/td>\n<td>&gt;90%<\/td>\n<td>&gt;90%<\/td>\n<\/tr>\n<tr>\n<td>Distor\u00e7\u00e3o de forma de onda<\/td>\n<td>Sem distor\u00e7\u00e3o adicional da forma de onda<\/td>\n<td>Sem distor\u00e7\u00e3o adicional da forma de onda<\/td>\n<\/tr>\n<tr>\n<td>Fator de pot\u00eancia da carga<\/td>\n<td>0.8<\/td>\n<td>0.8<\/td>\n<\/tr>\n<tr>\n<td>Resist\u00eancia el\u00e9ctrica<\/td>\n<td>1500V\/1min<\/td>\n<td>1500V\/1min<\/td>\n<\/tr>\n<tr>\n<td>Resist\u00eancia de isolamento<\/td>\n<td>&gt;2M\u03a9<\/td>\n<td>\u22652M\u03a9<\/td>\n<\/tr>\n<\/tbody>\n<\/table>\n<\/div>\n<\/figure>\n<figure class=\"wp-block-table\">\n<div class=\"scroll\">\n<table>\n<tbody>\n<tr>\n<td>Modelo<\/td>\n<td>Gama de regula\u00e7\u00e3o da tens\u00e3o<\/td>\n<td>Tamanho do produto<\/td>\n<td>Dimens\u00e3o da embalagem<\/td>\n<td>L\u00edquido<br \/>\npesoKGS<\/td>\n<td>Peso bruto KGS<\/td>\n<\/tr>\n<tr>\n<td>TND-0,5KVA<\/td>\n<td>140V-260V<\/td>\n<td>192*172*145mm<\/td>\n<td>228*225*180mm<\/td>\n<td>3.3<\/td>\n<td>3.65<\/td>\n<\/tr>\n<tr>\n<td>TND-1KVA<\/td>\n<td>140V-260V<\/td>\n<td>208*208*165mm<\/td>\n<td>278*268*217mm<\/td>\n<td>5.4<\/td>\n<td>5.95<\/td>\n<\/tr>\n<tr>\n<td>TND-1,5KVA<\/td>\n<td>140V-260V<\/td>\n<td>208*208*165mm<\/td>\n<td>278*268*217mm<\/td>\n<td>5.7<\/td>\n<td>6.25<\/td>\n<\/tr>\n<tr>\n<td>TND-2KVA<\/td>\n<td>140V-260V<\/td>\n<td>240*255*200mm<\/td>\n<td>300*290*255mm<\/td>\n<td>7.4<\/td>\n<td>9.1<\/td>\n<\/tr>\n<tr>\n<td>TND-3KVA<\/td>\n<td>140V-260V<\/td>\n<td>232*282*230mm<\/td>\n<td>345*290*285mm<\/td>\n<td>11.3<\/td>\n<td>11.8<\/td>\n<\/tr>\n<tr>\n<td>TND-5KVA<\/td>\n<td>140V-260V<\/td>\n<td>240*310*285mm<\/td>\n<td>285*415*335mm<\/td>\n<td>14.4<\/td>\n<td>15.5<\/td>\n<\/tr>\n<tr>\n<td>TND-5KVA Ultra baixa tens\u00e3o<\/td>\n<td>90V-260V<\/td>\n<td>240*310*285mm<\/td>\n<td>285*415*335mm<\/td>\n<td>16.3<\/td>\n<td>17.4<\/td>\n<\/tr>\n<tr>\n<td>TND-10KVA<\/td>\n<td>140V-300V<\/td>\n<td>315*340*540mm<\/td>\n<td>355*380*600mm<\/td>\n<td>34.6<\/td>\n<td>38.8<\/td>\n<\/tr>\n<tr>\n<td>TND-10KVA Ultra baixa tens\u00e3o<\/td>\n<td>90V-260V<\/td>\n<td>315*340*540mm<\/td>\n<td>355*380*600mm<\/td>\n<td>39.4<\/td>\n<td>43.6<\/td>\n<\/tr>\n<tr>\n<td>TND-15KVA<\/td>\n<td>140V-300V<\/td>\n<td>350*400*610mm<\/td>\n<td>395*445*685mm<\/td>\n<td>51.5<\/td>\n<td>57<\/td>\n<\/tr>\n<tr>\n<td>TND-15KVA Ultra baixa tens\u00e3o<\/td>\n<td>80V-300V<\/td>\n<td>350*400*610mm<\/td>\n<td>395*445*685mm<\/td>\n<td>54<\/td>\n<td>59.3<\/td>\n<\/tr>\n<tr>\n<td>TND-20KVA<\/td>\n<td>140V-300V<\/td>\n<td>350*400*610mm<\/td>\n<td>395*445*685mm<\/td>\n<td>53<\/td>\n<td>58.5<\/td>\n<\/tr>\n<tr>\n<td>TND-20KVA Ultra baixa tens\u00e3o<\/td>\n<td>90V-260V<\/td>\n<td>350*400*780mm<\/td>\n<td>410*460*865mm<\/td>\n<td>75.5<\/td>\n<td>82.5<\/td>\n<\/tr>\n<tr>\n<td>TND-30KVA<\/td>\n<td>140V-300V<\/td>\n<td>350*400*780mm<\/td>\n<td>410*460*865mm<\/td>\n<td>70.5<\/td>\n<td>77.6<\/td>\n<\/tr>\n<tr>\n<td>TND-30KVA Ultra baixa tens\u00e3o<\/td>\n<td>90V-260V<\/td>\n<td>350*400*780mm<\/td>\n<td>410*460*865mm<\/td>\n<td>85<\/td>\n<td>92.1<\/td>\n<\/tr>\n<tr>\n<td>TND-40KVA<\/td>\n<td>140V-260V<\/td>\n<td>350*400*780mm<\/td>\n<td>410*460*865mm<\/td>\n<td>77.5<\/td>\n<td>84.5<\/td>\n<\/tr>\n<tr>\n<td>TND-40KVA Ultra baixa tens\u00e3o<\/td>\n<td>110V-260V<\/td>\n<td>550*450*1040mm<\/td>\n<td>520*610*1200mm<\/td>\n<td>123<\/td>\n<td>133.5<\/td>\n<\/tr>\n<tr>\n<td>TND-50KVA Ultra baixa tens\u00e3o<\/td>\n<td>110V-260V<\/td>\n<td>550*450*1040mm<\/td>\n<td>520*610*1200mm<\/td>\n<td>133<\/td>\n<td>143.5<\/td>\n<\/tr>\n<\/tbody>\n<\/table>\n<h2 data-start=\"3198\" data-end=\"3423\" data-immersive-translate-walked=\"2928e854-be5f-4467-8351-2069b36ed75a\" data-immersive-translate-paragraph=\"1\">FAQ<\/h2>\n<p data-start=\"3198\" data-end=\"3423\" data-immersive-translate-walked=\"2928e854-be5f-4467-8351-2069b36ed75a\" data-immersive-translate-paragraph=\"1\"><strong data-start=\"3198\" data-end=\"3245\" data-immersive-translate-walked=\"2928e854-be5f-4467-8351-2069b36ed75a\" data-immersive-translate-paragraph=\"1\">Q1: O que afecta o pre\u00e7o do estabilizador de 5kVA?<\/strong><br data-start=\"3245\" data-end=\"3248\" data-immersive-translate-walked=\"2928e854-be5f-4467-8351-2069b36ed75a\" \/>A1: Os factores incluem a quantidade da encomenda, a personaliza\u00e7\u00e3o (gama de tens\u00e3o ultra baixa ou sa\u00edda especial), a marca (OEM\/ODM) e as condi\u00e7\u00f5es de envio. As encomendas em massa beneficiam de descontos significativos.<\/p>\n<p data-start=\"3430\" data-end=\"3693\" data-immersive-translate-walked=\"2928e854-be5f-4467-8351-2069b36ed75a\" data-immersive-translate-paragraph=\"1\"><strong data-start=\"3430\" data-end=\"3490\" data-immersive-translate-walked=\"2928e854-be5f-4467-8351-2069b36ed75a\" data-immersive-translate-paragraph=\"1\">Q2: Como posso determinar se o TND-5KVA se adequa \u00e0 minha aplica\u00e7\u00e3o?<\/strong><br data-start=\"3490\" data-end=\"3493\" data-immersive-translate-walked=\"2928e854-be5f-4467-8351-2069b36ed75a\" \/>A2: Calcule a sua carga m\u00e1xima VA (volts \u00d7 amperes) em condi\u00e7\u00f5es de pico e selecione o modelo de 5kVA se a sua necessidade total de VA for inferior a 4 kVA. Deixe sempre uma margem de seguran\u00e7a de 20-25% para picos de arranque do motor.<\/p>\n<p data-start=\"3700\" data-end=\"3962\" data-immersive-translate-walked=\"2928e854-be5f-4467-8351-2069b36ed75a\" data-immersive-translate-paragraph=\"1\"><strong data-start=\"3700\" data-end=\"3774\" data-immersive-translate-walked=\"2928e854-be5f-4467-8351-2069b36ed75a\" data-immersive-translate-paragraph=\"1\">Q3: Que manuten\u00e7\u00e3o de rotina \u00e9 necess\u00e1ria para um servoestabilizador de 5 kVA?<\/strong><br data-start=\"3774\" data-end=\"3777\" data-immersive-translate-walked=\"2928e854-be5f-4467-8351-2069b36ed75a\" \/>A3: Manter as vias de ventila\u00e7\u00e3o desimpedidas, inspecionar semestralmente o servomotor e o transformador quanto a poeiras e verificar a calibra\u00e7\u00e3o do visor digital. N\u00e3o \u00e9 necess\u00e1rio lubrificar gra\u00e7as aos rolamentos selados.<\/p>\n<p data-start=\"3969\" data-end=\"4162\" data-is-last-node=\"\" data-is-only-node=\"\" data-immersive-translate-walked=\"2928e854-be5f-4467-8351-2069b36ed75a\" data-immersive-translate-paragraph=\"1\">Fornecimento de energia est\u00e1vel e sem distor\u00e7\u00e3o com o TND <strong data-start=\"4028\" data-end=\"4047\" data-immersive-translate-walked=\"2928e854-be5f-4467-8351-2069b36ed75a\">Estabilizador 5kVA<\/strong>-projetado para precis\u00e3o, constru\u00eddo para durar e com pre\u00e7o adequado ao seu or\u00e7amento. Contacte-nos hoje para obter um or\u00e7amento personalizado!<\/p>\n<\/div>\n<\/figure>\n<p><img fetchpriority=\"high\" decoding=\"async\" class=\"alignnone wp-image-8205 size-full\" src=\"https:\/\/www.zhengxi1983.com\/wp-content\/uploads\/2024\/11\/SVC-1000VA-Digital-Meter-2USB-110V-220V-Automatic-Voltage-Stabilizer.webp\" alt=\"SVC-1000VA Medidor digital +2USB 110V 220V Estabilizador autom\u00e1tico de tens\u00e3o\" width=\"790\" height=\"1284\" \/><\/p>\n<p>&nbsp;<\/p>","protected":false},"excerpt":{"rendered":"<p>Optimize o desempenho e proteja o seu equipamento sens\u00edvel com a s\u00e9rie TND - especificamente o modelo Stabilizer 5kVA, um estabilizador robusto de 5kVA concebido com controlo de servomotor para uma regula\u00e7\u00e3o de tens\u00e3o ultra-precisa. Fabricado em Zhejiang, China, e apoiado pela certifica\u00e7\u00e3o CE e ISO 9001, esta unidade combina fiabilidade, portabilidade e acessibilidade, tornando-o ideal para laborat\u00f3rios, dispositivos m\u00e9dicos, pequenas m\u00e1quinas e eletr\u00f3nica cr\u00edtica.<\/p>","protected":false},"featured_media":22627,"comment_status":"closed","ping_status":"closed","template":"","meta":[],"product_brand":[],"product_cat":[105,107],"product_tag":[],"class_list":{"0":"post-22573","1":"product","2":"type-product","3":"status-publish","4":"has-post-thumbnail","6":"product_cat-automatic-voltage-stabilizers","7":"product_cat-single-phase-voltage-stabilizers","9":"first","10":"instock","11":"featured","12":"shipping-taxable","13":"product-type-simple"},"yoast_head":"<!-- This site is optimized with the Yoast SEO plugin v25.3.1 - https:\/\/yoast.com\/wordpress\/plugins\/seo\/ -->\n<title>Servo Control Voltage Stabilizer Factory | 5KVA-200KVA Competitive price - SUNWAY<\/title>\n<meta name=\"robots\" content=\"index, follow, max-snippet:-1, max-image-preview:large, max-video-preview:-1\" \/>\n<link rel=\"canonical\" href=\"https:\/\/www.imypower.com\/pt\/product\/china-single-phase-servo-motor-automatic-voltage-stabilizer\/\" \/>\n<meta property=\"og:locale\" content=\"pt_PT\" \/>\n<meta property=\"og:type\" content=\"article\" \/>\n<meta property=\"og:title\" content=\"Servo Control Voltage Stabilizer Factory | 5KVA-200KVA Competitive price - SUNWAY\" \/>\n<meta property=\"og:description\" content=\"Optimize performance and protect your sensitive equipment with the TND series\u2014specifically the Stabilizer 5kVA model, a robust 5kVA stabilizer engineered with servo motor control for ultra\u2011precise voltage regulation. Made in Zhejiang, China, and backed by CE &amp; ISO\u202f9001 certification, this unit combines reliability, portability, and affordability, making it ideal for laboratories, medical devices, small machinery, and critical electronics.\" \/>\n<meta property=\"og:url\" content=\"https:\/\/www.imypower.com\/pt\/product\/china-single-phase-servo-motor-automatic-voltage-stabilizer\/\" \/>\n<meta property=\"og:site_name\" content=\"SUNWAY\" \/>\n<meta property=\"article:modified_time\" content=\"2025-07-09T09:31:53+00:00\" \/>\n<meta property=\"og:image\" content=\"https:\/\/www.imypower.com\/wp-content\/uploads\/2025\/06\/TND-5KVA-Servo-Control-Single-Phase-Intelligent-Automatic-AC-Voltage-Stabilizer.webp\" \/>\n\t<meta property=\"og:image:width\" content=\"800\" \/>\n\t<meta property=\"og:image:height\" content=\"800\" \/>\n\t<meta property=\"og:image:type\" content=\"image\/webp\" \/>\n<meta name=\"twitter:card\" content=\"summary_large_image\" \/>\n<meta name=\"twitter:label1\" content=\"Tempo estimado de leitura\" \/>\n\t<meta name=\"twitter:data1\" content=\"3 minutos\" \/>\n<script type=\"application\/ld+json\" class=\"yoast-schema-graph\">{\"@context\":\"https:\/\/schema.org\",\"@graph\":[{\"@type\":\"WebPage\",\"@id\":\"https:\/\/www.imypower.com\/product\/china-single-phase-servo-motor-automatic-voltage-stabilizer\/\",\"url\":\"https:\/\/www.imypower.com\/product\/china-single-phase-servo-motor-automatic-voltage-stabilizer\/\",\"name\":\"Servo Control Voltage Stabilizer Factory | 5KVA-200KVA Competitive price - SUNWAY\",\"isPartOf\":{\"@id\":\"https:\/\/www.imypower.com\/#website\"},\"primaryImageOfPage\":{\"@id\":\"https:\/\/www.imypower.com\/product\/china-single-phase-servo-motor-automatic-voltage-stabilizer\/#primaryimage\"},\"image\":{\"@id\":\"https:\/\/www.imypower.com\/product\/china-single-phase-servo-motor-automatic-voltage-stabilizer\/#primaryimage\"},\"thumbnailUrl\":\"https:\/\/www.imypower.com\/wp-content\/uploads\/2025\/06\/TND-5KVA-Servo-Control-Single-Phase-Intelligent-Automatic-AC-Voltage-Stabilizer.webp\",\"datePublished\":\"2025-06-24T07:11:39+00:00\",\"dateModified\":\"2025-07-09T09:31:53+00:00\",\"breadcrumb\":{\"@id\":\"https:\/\/www.imypower.com\/product\/china-single-phase-servo-motor-automatic-voltage-stabilizer\/#breadcrumb\"},\"inLanguage\":\"pt-PT\",\"potentialAction\":[{\"@type\":\"ReadAction\",\"target\":[\"https:\/\/www.imypower.com\/product\/china-single-phase-servo-motor-automatic-voltage-stabilizer\/\"]}]},{\"@type\":\"ImageObject\",\"inLanguage\":\"pt-PT\",\"@id\":\"https:\/\/www.imypower.com\/product\/china-single-phase-servo-motor-automatic-voltage-stabilizer\/#primaryimage\",\"url\":\"https:\/\/www.imypower.com\/wp-content\/uploads\/2025\/06\/TND-5KVA-Servo-Control-Single-Phase-Intelligent-Automatic-AC-Voltage-Stabilizer.webp\",\"contentUrl\":\"https:\/\/www.imypower.com\/wp-content\/uploads\/2025\/06\/TND-5KVA-Servo-Control-Single-Phase-Intelligent-Automatic-AC-Voltage-Stabilizer.webp\",\"width\":800,\"height\":800},{\"@type\":\"BreadcrumbList\",\"@id\":\"https:\/\/www.imypower.com\/product\/china-single-phase-servo-motor-automatic-voltage-stabilizer\/#breadcrumb\",\"itemListElement\":[{\"@type\":\"ListItem\",\"position\":1,\"name\":\"Home\",\"item\":\"https:\/\/www.imypower.com\/\"},{\"@type\":\"ListItem\",\"position\":2,\"name\":\"Products\",\"item\":\"https:\/\/www.imypower.com\/shop\/\"},{\"@type\":\"ListItem\",\"position\":3,\"name\":\"China TND 5Kva Single Phase Servo Motor Control Automatic Ac Voltage Stabilizers\"}]},{\"@type\":\"WebSite\",\"@id\":\"https:\/\/www.imypower.com\/#website\",\"url\":\"https:\/\/www.imypower.com\/\",\"name\":\"SUNWAY\",\"description\":\"\",\"potentialAction\":[{\"@type\":\"SearchAction\",\"target\":{\"@type\":\"EntryPoint\",\"urlTemplate\":\"https:\/\/www.imypower.com\/?s={search_term_string}\"},\"query-input\":{\"@type\":\"PropertyValueSpecification\",\"valueRequired\":true,\"valueName\":\"search_term_string\"}}],\"inLanguage\":\"pt-PT\"}]}<\/script>\n<!-- \/ Yoast SEO plugin. -->","yoast_head_json":{"title":"Estabilizador de tens\u00e3o de servo controlo de f\u00e1brica | 5KVA-200KVA Pre\u00e7o competitivo - SUNWAY","robots":{"index":"index","follow":"follow","max-snippet":"max-snippet:-1","max-image-preview":"max-image-preview:large","max-video-preview":"max-video-preview:-1"},"canonical":"https:\/\/www.imypower.com\/pt\/product\/china-single-phase-servo-motor-automatic-voltage-stabilizer\/","og_locale":"pt_PT","og_type":"article","og_title":"Servo Control Voltage Stabilizer Factory | 5KVA-200KVA Competitive price - SUNWAY","og_description":"Optimize performance and protect your sensitive equipment with the TND series\u2014specifically the Stabilizer 5kVA model, a robust 5kVA stabilizer engineered with servo motor control for ultra\u2011precise voltage regulation. Made in Zhejiang, China, and backed by CE &amp; ISO\u202f9001 certification, this unit combines reliability, portability, and affordability, making it ideal for laboratories, medical devices, small machinery, and critical electronics.","og_url":"https:\/\/www.imypower.com\/pt\/product\/china-single-phase-servo-motor-automatic-voltage-stabilizer\/","og_site_name":"SUNWAY","article_modified_time":"2025-07-09T09:31:53+00:00","og_image":[{"width":800,"height":800,"url":"https:\/\/www.imypower.com\/wp-content\/uploads\/2025\/06\/TND-5KVA-Servo-Control-Single-Phase-Intelligent-Automatic-AC-Voltage-Stabilizer.webp","type":"image\/webp"}],"twitter_card":"summary_large_image","twitter_misc":{"Tempo estimado de leitura":"3 minutos"},"schema":{"@context":"https:\/\/schema.org","@graph":[{"@type":"WebPage","@id":"https:\/\/www.imypower.com\/product\/china-single-phase-servo-motor-automatic-voltage-stabilizer\/","url":"https:\/\/www.imypower.com\/product\/china-single-phase-servo-motor-automatic-voltage-stabilizer\/","name":"Estabilizador de tens\u00e3o de servo controlo de f\u00e1brica | 5KVA-200KVA Pre\u00e7o competitivo - SUNWAY","isPartOf":{"@id":"https:\/\/www.imypower.com\/#website"},"primaryImageOfPage":{"@id":"https:\/\/www.imypower.com\/product\/china-single-phase-servo-motor-automatic-voltage-stabilizer\/#primaryimage"},"image":{"@id":"https:\/\/www.imypower.com\/product\/china-single-phase-servo-motor-automatic-voltage-stabilizer\/#primaryimage"},"thumbnailUrl":"https:\/\/www.imypower.com\/wp-content\/uploads\/2025\/06\/TND-5KVA-Servo-Control-Single-Phase-Intelligent-Automatic-AC-Voltage-Stabilizer.webp","datePublished":"2025-06-24T07:11:39+00:00","dateModified":"2025-07-09T09:31:53+00:00","breadcrumb":{"@id":"https:\/\/www.imypower.com\/product\/china-single-phase-servo-motor-automatic-voltage-stabilizer\/#breadcrumb"},"inLanguage":"pt-PT","potentialAction":[{"@type":"ReadAction","target":["https:\/\/www.imypower.com\/product\/china-single-phase-servo-motor-automatic-voltage-stabilizer\/"]}]},{"@type":"ImageObject","inLanguage":"pt-PT","@id":"https:\/\/www.imypower.com\/product\/china-single-phase-servo-motor-automatic-voltage-stabilizer\/#primaryimage","url":"https:\/\/www.imypower.com\/wp-content\/uploads\/2025\/06\/TND-5KVA-Servo-Control-Single-Phase-Intelligent-Automatic-AC-Voltage-Stabilizer.webp","contentUrl":"https:\/\/www.imypower.com\/wp-content\/uploads\/2025\/06\/TND-5KVA-Servo-Control-Single-Phase-Intelligent-Automatic-AC-Voltage-Stabilizer.webp","width":800,"height":800},{"@type":"BreadcrumbList","@id":"https:\/\/www.imypower.com\/product\/china-single-phase-servo-motor-automatic-voltage-stabilizer\/#breadcrumb","itemListElement":[{"@type":"ListItem","position":1,"name":"Home","item":"https:\/\/www.imypower.com\/"},{"@type":"ListItem","position":2,"name":"Products","item":"https:\/\/www.imypower.com\/shop\/"},{"@type":"ListItem","position":3,"name":"China TND 5Kva Single Phase Servo Motor Control Automatic Ac Voltage Stabilizers"}]},{"@type":"WebSite","@id":"https:\/\/www.imypower.com\/#website","url":"https:\/\/www.imypower.com\/","name":"SUNWAY","description":"","potentialAction":[{"@type":"SearchAction","target":{"@type":"EntryPoint","urlTemplate":"https:\/\/www.imypower.com\/?s={search_term_string}"},"query-input":{"@type":"PropertyValueSpecification","valueRequired":true,"valueName":"search_term_string"}}],"inLanguage":"pt-PT"}]}},"_links":{"self":[{"href":"https:\/\/www.imypower.com\/pt\/wp-json\/wp\/v2\/product\/22573","targetHints":{"allow":["GET"]}}],"collection":[{"href":"https:\/\/www.imypower.com\/pt\/wp-json\/wp\/v2\/product"}],"about":[{"href":"https:\/\/www.imypower.com\/pt\/wp-json\/wp\/v2\/types\/product"}],"replies":[{"embeddable":true,"href":"https:\/\/www.imypower.com\/pt\/wp-json\/wp\/v2\/comments?post=22573"}],"version-history":[{"count":3,"href":"https:\/\/www.imypower.com\/pt\/wp-json\/wp\/v2\/product\/22573\/revisions"}],"predecessor-version":[{"id":23134,"href":"https:\/\/www.imypower.com\/pt\/wp-json\/wp\/v2\/product\/22573\/revisions\/23134"}],"wp:featuredmedia":[{"embeddable":true,"href":"https:\/\/www.imypower.com\/pt\/wp-json\/wp\/v2\/media\/22627"}],"wp:attachment":[{"href":"https:\/\/www.imypower.com\/pt\/wp-json\/wp\/v2\/media?parent=22573"}],"wp:term":[{"taxonomy":"product_brand","embeddable":true,"href":"https:\/\/www.imypower.com\/pt\/wp-json\/wp\/v2\/product_brand?post=22573"},{"taxonomy":"product_cat","embeddable":true,"href":"https:\/\/www.imypower.com\/pt\/wp-json\/wp\/v2\/product_cat?post=22573"},{"taxonomy":"product_tag","embeddable":true,"href":"https:\/\/www.imypower.com\/pt\/wp-json\/wp\/v2\/product_tag?post=22573"}],"curies":[{"name":"wp","href":"https:\/\/api.w.org\/{rel}","templated":true}]}}