{"id":22444,"date":"2025-06-24T07:11:17","date_gmt":"2025-06-24T07:11:17","guid":{"rendered":"https:\/\/imypower.com\/?post_type=product&#038;p=22444"},"modified":"2025-07-05T06:55:00","modified_gmt":"2025-07-05T06:55:00","slug":"1kva-10kva-wall-led-whole-house-voltage-stabilizer","status":"publish","type":"product","link":"https:\/\/www.imypower.com\/pt\/product\/1kva-10kva-wall-led-whole-house-voltage-stabilizer\/","title":{"rendered":"Estabilizador de tens\u00e3o para toda a casa com LEDs de parede TMB 1Kva-10Kva"},"content":{"rendered":"<h2 class=\"wp-block-heading\">Carater\u00edsticas do produto<\/h2>\n<p><strong>Verdadeira prote\u00e7\u00e3o de toda a casa<\/strong><br \/>\nRegula e estabiliza a tens\u00e3o para todos os circuitos a jusante - sem mais estabilizadores separados para dispositivos individuais.<\/p>\n<p>Design de montagem na parede que poupa espa\u00e7o<br \/>\nPegada compacta de 180\u00d7100\u00d7275 mm a 280\u00d7180\u00d7360 mm; instala-se facilmente em qualquer parede, libertando espa\u00e7o no ch\u00e3o.<\/p>\n<p><strong>Controlo de rel\u00e9s de alta efici\u00eancia<\/strong><br \/>\nO rel\u00e9 de comuta\u00e7\u00e3o r\u00e1pida assegura a sa\u00edda dentro de \u00b110% do ponto de ajuste de 220 VAC, com efici\u00eancia energ\u00e9tica &gt;95% e sem distor\u00e7\u00e3o da forma de onda.<\/p>\n<p><strong>Seguran\u00e7a multi-camadas<\/strong><br \/>\nProtec\u00e7\u00f5es incorporadas contra sobretens\u00e3o, subtens\u00e3o, sobrecarga, curto-circuito e sobretemperatura, al\u00e9m de um atraso de tempo selecion\u00e1vel para salvaguardar os compressores.<\/p>\n<p><strong>Precis\u00e3o digital<\/strong><br \/>\nO ecr\u00e3 LED-LCD apresenta as tens\u00f5es de entrada\/sa\u00edda em tempo real para uma monitoriza\u00e7\u00e3o instant\u00e2nea; controlo por CPU para uma regula\u00e7\u00e3o precisa.<\/p>\n<p>Dur\u00e1vel e fi\u00e1vel<br \/>\nA caixa met\u00e1lica com revestimento em p\u00f3, o transformador toroidal e os componentes PCB de qualidade suportam condi\u00e7\u00f5es de funcionamento de -10 \u00b0C a +40 \u00b0C com ru\u00eddo \u2264 50 dB.<\/p>\n<table style=\"border-collapse: collapse; width: 1337px; height: 465px;\" border=\"0\" width=\"288\" cellspacing=\"0\" cellpadding=\"0\">\n<tbody>\n<tr style=\"height: 13.50pt;\">\n<td class=\"et2\" style=\"height: 13.50pt; width: 54.00pt;\" width=\"72\" height=\"18\"><a href=\"https:\/\/www.zhengxi1983.com\/?attachment_id=8625\" target=\"_blank\" rel=\"noopener\"><img fetchpriority=\"high\" decoding=\"async\" class=\"wp-image-8625\" src=\"https:\/\/www.zhengxi1983.com\/wp-content\/uploads\/2024\/11\/1Kva-2Kva-Wall-LED-Whole-House-Voltage-Regulator-300x300.webp\" alt=\"Regulador de tens\u00e3o para toda a casa 1Kva-2Kva Wall LED\" width=\"400\" height=\"400\" \/><\/a><\/td>\n<td style=\"width: 54.00pt;\" width=\"72\"><img decoding=\"async\" class=\"wp-image-8626\" src=\"https:\/\/www.zhengxi1983.com\/wp-content\/uploads\/2024\/11\/3Kva-5Kva-Wall-LED-Whole-House-Voltage-stabilizer-300x300.webp\" alt=\"Estabilizador de tens\u00e3o para toda a casa com LED de parede 3Kva-5Kva\" width=\"400\" height=\"400\" \/><\/td>\n<td style=\"width: 54.00pt;\" width=\"72\"><img decoding=\"async\" class=\"wp-image-8627\" src=\"https:\/\/www.zhengxi1983.com\/wp-content\/uploads\/2024\/11\/8Kva-10Kva-Wall-LED-home-Voltage-stabilizer-300x300.webp\" alt=\"8Kva-10Kva Parede LED dom\u00e9stica Estabilizador de tens\u00e3o\" width=\"400\" height=\"400\" \/><\/td>\n<td style=\"width: 54.00pt;\" width=\"72\"><img loading=\"lazy\" decoding=\"async\" class=\"wp-image-8624\" src=\"https:\/\/www.zhengxi1983.com\/wp-content\/uploads\/2024\/11\/home-Voltage-stabilizer-Internal-display-300x300.webp\" alt=\"home Estabilizador de tens\u00e3o Ecr\u00e3 interno\" width=\"400\" height=\"400\" \/><\/td>\n<\/tr>\n<tr style=\"height: 13.50pt;\">\n<td class=\"et2\" style=\"height: 13.50pt;\" height=\"18\">DMB 1Kva-2Kva<\/td>\n<td>DMB 3Kva-5Kva<\/td>\n<td>DMB 8Kva-10Kva<\/td>\n<td>Ecr\u00e3 interno<\/td>\n<\/tr>\n<\/tbody>\n<\/table>\n<h2 class=\"wp-block-heading\">Par\u00e2metros t\u00e9cnicos<\/h2>\n<table width=\"651\">\n<tbody>\n<tr>\n<td width=\"196\">Modelo<\/td>\n<td width=\"455\">DMB-1KVA DMB-2KVA DMB-3KVA DMB-5KVA DMB-8KVA DMB-10KVA<\/td>\n<\/tr>\n<tr>\n<td width=\"196\">Fase<\/td>\n<td width=\"455\">Monof\u00e1sico<\/td>\n<\/tr>\n<tr>\n<td width=\"196\">Tens\u00e3o de entrada<\/td>\n<td width=\"455\">AC 80-260V ou personalizado<\/td>\n<\/tr>\n<tr>\n<td width=\"196\">Tens\u00e3o de sa\u00edda<\/td>\n<td width=\"455\">AC 220V ou personalizado<\/td>\n<\/tr>\n<tr>\n<td width=\"196\">Frequ\u00eancia<\/td>\n<td width=\"455\">50Hz\/60Hz<\/td>\n<\/tr>\n<tr>\n<td width=\"196\">Precis\u00e3o<\/td>\n<td width=\"455\">\u00b110%<\/td>\n<\/tr>\n<tr>\n<td width=\"196\">Efici\u00eancia no trabalho<\/td>\n<td width=\"455\">&gt;95%<\/td>\n<\/tr>\n<tr>\n<td width=\"196\">Tipo de controlo<\/td>\n<td width=\"455\">Tipo de rel\u00e9<\/td>\n<\/tr>\n<tr>\n<td width=\"196\">Ecr\u00e3 digital<\/td>\n<td width=\"455\">Mostrar a tens\u00e3o de entrada e de sa\u00edda<\/td>\n<\/tr>\n<tr>\n<td width=\"196\">Prote\u00e7\u00e3o<\/td>\n<td width=\"455\">Sobre\/subtens\u00e3o, sobre carga, curto-circuito, sobre temperatura<\/td>\n<\/tr>\n<tr>\n<td width=\"196\">Temperatura ambiente<\/td>\n<td width=\"455\">-10\u00b0C~+ 40\u00b0C<\/td>\n<\/tr>\n<tr>\n<td width=\"196\">N\u00edvel de ru\u00eddo<\/td>\n<td width=\"455\">\u226450dB<\/td>\n<\/tr>\n<tr>\n<td width=\"196\">Nome do produto<\/td>\n<td width=\"455\">Regulador autom\u00e1tico de tens\u00e3o monof\u00e1sico Ac Estabilizadores<\/td>\n<\/tr>\n<tr>\n<td width=\"196\">Cor<\/td>\n<td width=\"455\">branco ou personalizado<\/td>\n<\/tr>\n<tr>\n<td width=\"196\">Temperatura de funcionamento<\/td>\n<td width=\"455\">-10\u2103~+40\u2103<\/td>\n<\/tr>\n<tr>\n<td width=\"196\">Temperatura de armazenamento<\/td>\n<td width=\"455\">-15\u2103~+45\u2103<\/td>\n<\/tr>\n<tr>\n<td width=\"196\">Prote\u00e7\u00e3o do circuito<\/td>\n<td width=\"455\">SIM<\/td>\n<\/tr>\n<\/tbody>\n<\/table>\n<h2>Especifica\u00e7\u00f5es<\/h2>\n<table width=\"648\">\n<tbody>\n<tr>\n<td width=\"162\">MODELO<\/td>\n<td width=\"162\">Tens\u00e3o de entrada<\/td>\n<td width=\"162\">Tens\u00e3o de sa\u00edda<\/td>\n<td width=\"162\">Medida (mm) Comprimento*Largura*Altura<\/td>\n<\/tr>\n<tr>\n<td width=\"162\">DMB-1KVA<\/td>\n<td rowspan=\"6\" width=\"162\">80V~260V<\/td>\n<td rowspan=\"6\" width=\"162\">220V\u00b110%<\/td>\n<td width=\"162\">180*100*275<\/td>\n<\/tr>\n<tr>\n<td width=\"162\">DMB-2KVA<\/td>\n<td width=\"162\">180*100*275<\/td>\n<\/tr>\n<tr>\n<td width=\"162\">DMB-3KVA<\/td>\n<td width=\"162\">250*145*330<\/td>\n<\/tr>\n<tr>\n<td width=\"162\">DMB-5KVA<\/td>\n<td width=\"162\">250*145*330<\/td>\n<\/tr>\n<tr>\n<td width=\"162\">DMB-8KVA<\/td>\n<td width=\"162\">280*180*360<\/td>\n<\/tr>\n<tr>\n<td width=\"162\">DMB-10KVA<\/td>\n<td width=\"162\">280*180*360<\/td>\n<\/tr>\n<\/tbody>\n<\/table>\n<h2>Aplica\u00e7\u00f5es dom\u00e9sticas t\u00edpicas<\/h2>\n<p>Frigor\u00edficos e congeladores<br \/>\nCondicionadores de ar do tipo split e de janela<br \/>\nTelevisores LED\/LCD e Home Theaters<br \/>\nM\u00e1quinas de lavar e secar roupa<br \/>\nComputadores, routers e escrit\u00f3rios dom\u00e9sticos<br \/>\nFornos micro-ondas e aparelhos de cozinha<\/p>\n<h2>FAQ<\/h2>\n<p><strong>Q1: O que faz desta unidade um \"Estabilizador de tens\u00e3o para toda a casa\"?<\/strong><br \/>\nA1: Ao contr\u00e1rio dos estabilizadores de ponto de utiliza\u00e7\u00e3o, a s\u00e9rie DMB \u00e9 montada no quadro de distribui\u00e7\u00e3o principal para regular a tens\u00e3o de toda a casa, protegendo simultaneamente todos os circuitos e aparelhos.<\/p>\n<p><strong>P2: Posso instal\u00e1-lo no exterior ou numa zona h\u00famida?<\/strong><br \/>\nA2: A s\u00e9rie DMB foi concebida para locais interiores e secos. Para instala\u00e7\u00f5es no exterior ou com elevada humidade, escolha uma caixa com classifica\u00e7\u00e3o IP ou contacte-nos para obter uma solu\u00e7\u00e3o \u00e0 prova de intemp\u00e9ries personalizada.<\/p>\n<p><strong>P3: Como selecciono o modelo de kVA adequado para a minha casa?<\/strong><br \/>\nA3: Some a pot\u00eancia nominal (em kW) dos seus principais electrodom\u00e9sticos e multiplique por 1,2-1,5 para permitir uma margem de manobra. Por exemplo, uma carga total de 3 kW \u2192 escolha pelo menos um estabilizador de 5 kVA para um funcionamento seguro.<\/p>\n<p>Garanta energia consistente e fi\u00e1vel para todas as divis\u00f5es - escolha hoje o Estabilizador de Tens\u00e3o para Toda a Casa Tipo Rel\u00e9 Monof\u00e1sico da SUNWAY.<\/p>\n<figure class=\"wp-block-table\">\n<div class=\"scroll\">\n<p>&nbsp;<\/p>\n<div id=\"attachment_8612\" style=\"width: 290px\" class=\"wp-caption alignleft\"><img loading=\"lazy\" decoding=\"async\" aria-describedby=\"caption-attachment-8612\" class=\"wp-image-8612\" src=\"https:\/\/www.zhengxi1983.com\/wp-content\/uploads\/2024\/11\/Toroidal-Transformer-300x300.webp\" alt=\"Transformador Toroidal\" width=\"280\" height=\"280\" \/><p id=\"caption-attachment-8612\" class=\"wp-caption-text\">Transformador Toroidal<\/p><\/div>\n<div id=\"attachment_8613\" style=\"width: 290px\" class=\"wp-caption alignleft\"><a href=\"https:\/\/www.zhengxi1983.com\/?attachment_id=8613\"><img loading=\"lazy\" decoding=\"async\" aria-describedby=\"caption-attachment-8613\" class=\"wp-image-8613\" src=\"https:\/\/www.zhengxi1983.com\/wp-content\/uploads\/2024\/11\/PCB-Control-Board-300x300.webp\" alt=\"Placa de controlo PCB\" width=\"280\" height=\"280\" \/><\/a><p id=\"caption-attachment-8613\" class=\"wp-caption-text\">Placa de controlo PCB<\/p><\/div>\n<div id=\"attachment_8614\" style=\"width: 290px\" class=\"wp-caption alignleft\"><img loading=\"lazy\" decoding=\"async\" aria-describedby=\"caption-attachment-8614\" class=\"wp-image-8614\" src=\"https:\/\/www.zhengxi1983.com\/wp-content\/uploads\/2024\/11\/relay-voltage-stabilizer-Led-Color-Screen-300x300.webp\" alt=\"estabilizador de tens\u00e3o de rel\u00e9 Ecr\u00e3 a cores LED\" width=\"280\" height=\"280\" \/><p id=\"caption-attachment-8614\" class=\"wp-caption-text\">Ecr\u00e3 a cores LED<\/p><\/div>\n<\/div>\n<\/figure>\n<p>&nbsp;<\/p>","protected":false},"excerpt":{"rendered":"<p>Proteja todos os electrodom\u00e9sticos da sua casa com o <strong data-start=\"191\" data-end=\"247\" data-immersive-translate-walked=\"4b577343-0777-45ec-b008-6decb531f0d2\">Estabilizador autom\u00e1tico de tens\u00e3o tipo rel\u00e9 monof\u00e1sico<\/strong>, concebido como um <strong data-start=\"265\" data-end=\"299\" data-immersive-translate-walked=\"4b577343-0777-45ec-b008-6decb531f0d2\">Estabilizador de tens\u00e3o para toda a casa<\/strong> e concebido para <strong data-start=\"317\" data-end=\"344\" data-immersive-translate-walked=\"4b577343-0777-45ec-b008-6decb531f0d2\">Estabilizador de tens\u00e3o de parede<\/strong> instala\u00e7\u00e3o. Desde frigor\u00edficos e aparelhos de ar condicionado a computadores e televisores, esta unidade econ\u00f3mica mant\u00e9m toda a sua casa a funcionar sem problemas - mesmo em \u00e1reas com energia inst\u00e1vel.<\/p>","protected":false},"featured_media":22531,"comment_status":"closed","ping_status":"closed","template":"","meta":[],"product_brand":[116],"product_cat":[105,107],"product_tag":[80,108,82],"class_list":{"0":"post-22444","1":"product","2":"type-product","3":"status-publish","4":"has-post-thumbnail","6":"product_brand-zhengxi","7":"product_cat-automatic-voltage-stabilizers","8":"product_cat-single-phase-voltage-stabilizers","9":"product_tag-10kva-havells-voltage-stabilizer","10":"product_tag-10kva-stabilizer","11":"product_tag-wall-mount-voltage-stabilizer","13":"first","14":"instock","15":"shipping-taxable","16":"product-type-simple"},"yoast_head":"<!-- This site is optimized with the Yoast SEO plugin v25.3.1 - https:\/\/yoast.com\/wordpress\/plugins\/seo\/ -->\n<title>1Kva-10Kva Wall LED Whole House Voltage Stabilizer Factory - SUNWAY<\/title>\n<meta name=\"robots\" content=\"index, follow, max-snippet:-1, max-image-preview:large, max-video-preview:-1\" \/>\n<link rel=\"canonical\" href=\"https:\/\/www.imypower.com\/pt\/product\/1kva-10kva-wall-led-whole-house-voltage-stabilizer\/\" \/>\n<meta property=\"og:locale\" content=\"pt_PT\" \/>\n<meta property=\"og:type\" content=\"article\" \/>\n<meta property=\"og:title\" content=\"1Kva-10Kva Wall LED Whole House Voltage Stabilizer Factory - SUNWAY\" \/>\n<meta property=\"og:description\" content=\"Protect every appliance in your home with ZHENGXI\u2019s Single Phase Relay-Type Automatic Voltage Stabilizer, engineered as a Whole House Voltage Stabilizer and designed for Wall Voltage Stabilizer installation. From refrigerators and air conditioners to computers and TVs, this cost-effective unit keeps your entire household running smoothly\u2014even in areas with unstable power.\" \/>\n<meta property=\"og:url\" content=\"https:\/\/www.imypower.com\/pt\/product\/1kva-10kva-wall-led-whole-house-voltage-stabilizer\/\" \/>\n<meta property=\"og:site_name\" content=\"SUNWAY\" \/>\n<meta property=\"article:modified_time\" content=\"2025-07-05T06:55:00+00:00\" \/>\n<meta property=\"og:image\" content=\"https:\/\/www.imypower.com\/wp-content\/uploads\/2025\/06\/housed-voltage-regulator.webp\" \/>\n\t<meta property=\"og:image:width\" content=\"600\" \/>\n\t<meta property=\"og:image:height\" content=\"600\" \/>\n\t<meta property=\"og:image:type\" content=\"image\/webp\" \/>\n<meta name=\"twitter:card\" content=\"summary_large_image\" \/>\n<meta name=\"twitter:label1\" content=\"Tempo estimado de leitura\" \/>\n\t<meta name=\"twitter:data1\" content=\"4 minutos\" \/>\n<script type=\"application\/ld+json\" class=\"yoast-schema-graph\">{\"@context\":\"https:\/\/schema.org\",\"@graph\":[{\"@type\":\"WebPage\",\"@id\":\"https:\/\/www.imypower.com\/product\/1kva-10kva-wall-led-whole-house-voltage-stabilizer\/\",\"url\":\"https:\/\/www.imypower.com\/product\/1kva-10kva-wall-led-whole-house-voltage-stabilizer\/\",\"name\":\"1Kva-10Kva Wall LED Whole House Voltage Stabilizer Factory - SUNWAY\",\"isPartOf\":{\"@id\":\"https:\/\/www.imypower.com\/#website\"},\"primaryImageOfPage\":{\"@id\":\"https:\/\/www.imypower.com\/product\/1kva-10kva-wall-led-whole-house-voltage-stabilizer\/#primaryimage\"},\"image\":{\"@id\":\"https:\/\/www.imypower.com\/product\/1kva-10kva-wall-led-whole-house-voltage-stabilizer\/#primaryimage\"},\"thumbnailUrl\":\"https:\/\/www.imypower.com\/wp-content\/uploads\/2025\/06\/housed-voltage-regulator.webp\",\"datePublished\":\"2025-06-24T07:11:17+00:00\",\"dateModified\":\"2025-07-05T06:55:00+00:00\",\"breadcrumb\":{\"@id\":\"https:\/\/www.imypower.com\/product\/1kva-10kva-wall-led-whole-house-voltage-stabilizer\/#breadcrumb\"},\"inLanguage\":\"pt-PT\",\"potentialAction\":[{\"@type\":\"ReadAction\",\"target\":[\"https:\/\/www.imypower.com\/product\/1kva-10kva-wall-led-whole-house-voltage-stabilizer\/\"]}]},{\"@type\":\"ImageObject\",\"inLanguage\":\"pt-PT\",\"@id\":\"https:\/\/www.imypower.com\/product\/1kva-10kva-wall-led-whole-house-voltage-stabilizer\/#primaryimage\",\"url\":\"https:\/\/www.imypower.com\/wp-content\/uploads\/2025\/06\/housed-voltage-regulator.webp\",\"contentUrl\":\"https:\/\/www.imypower.com\/wp-content\/uploads\/2025\/06\/housed-voltage-regulator.webp\",\"width\":600,\"height\":600},{\"@type\":\"BreadcrumbList\",\"@id\":\"https:\/\/www.imypower.com\/product\/1kva-10kva-wall-led-whole-house-voltage-stabilizer\/#breadcrumb\",\"itemListElement\":[{\"@type\":\"ListItem\",\"position\":1,\"name\":\"Home\",\"item\":\"https:\/\/www.imypower.com\/\"},{\"@type\":\"ListItem\",\"position\":2,\"name\":\"Products\",\"item\":\"https:\/\/www.imypower.com\/shop\/\"},{\"@type\":\"ListItem\",\"position\":3,\"name\":\"TMB 1Kva-10Kva Wall LED Whole House Voltage Stabilizer\"}]},{\"@type\":\"WebSite\",\"@id\":\"https:\/\/www.imypower.com\/#website\",\"url\":\"https:\/\/www.imypower.com\/\",\"name\":\"SUNWAY\",\"description\":\"\",\"potentialAction\":[{\"@type\":\"SearchAction\",\"target\":{\"@type\":\"EntryPoint\",\"urlTemplate\":\"https:\/\/www.imypower.com\/?s={search_term_string}\"},\"query-input\":{\"@type\":\"PropertyValueSpecification\",\"valueRequired\":true,\"valueName\":\"search_term_string\"}}],\"inLanguage\":\"pt-PT\"}]}<\/script>\n<!-- \/ Yoast SEO plugin. -->","yoast_head_json":{"title":"Estabilizador de tens\u00e3o para toda a casa com LED de parede 1Kva-10Kva F\u00e1brica - SUNWAY","robots":{"index":"index","follow":"follow","max-snippet":"max-snippet:-1","max-image-preview":"max-image-preview:large","max-video-preview":"max-video-preview:-1"},"canonical":"https:\/\/www.imypower.com\/pt\/product\/1kva-10kva-wall-led-whole-house-voltage-stabilizer\/","og_locale":"pt_PT","og_type":"article","og_title":"1Kva-10Kva Wall LED Whole House Voltage Stabilizer Factory - SUNWAY","og_description":"Protect every appliance in your home with ZHENGXI\u2019s Single Phase Relay-Type Automatic Voltage Stabilizer, engineered as a Whole House Voltage Stabilizer and designed for Wall Voltage Stabilizer installation. From refrigerators and air conditioners to computers and TVs, this cost-effective unit keeps your entire household running smoothly\u2014even in areas with unstable power.","og_url":"https:\/\/www.imypower.com\/pt\/product\/1kva-10kva-wall-led-whole-house-voltage-stabilizer\/","og_site_name":"SUNWAY","article_modified_time":"2025-07-05T06:55:00+00:00","og_image":[{"width":600,"height":600,"url":"https:\/\/www.imypower.com\/wp-content\/uploads\/2025\/06\/housed-voltage-regulator.webp","type":"image\/webp"}],"twitter_card":"summary_large_image","twitter_misc":{"Tempo estimado de leitura":"4 minutos"},"schema":{"@context":"https:\/\/schema.org","@graph":[{"@type":"WebPage","@id":"https:\/\/www.imypower.com\/product\/1kva-10kva-wall-led-whole-house-voltage-stabilizer\/","url":"https:\/\/www.imypower.com\/product\/1kva-10kva-wall-led-whole-house-voltage-stabilizer\/","name":"Estabilizador de tens\u00e3o para toda a casa com LED de parede 1Kva-10Kva F\u00e1brica - SUNWAY","isPartOf":{"@id":"https:\/\/www.imypower.com\/#website"},"primaryImageOfPage":{"@id":"https:\/\/www.imypower.com\/product\/1kva-10kva-wall-led-whole-house-voltage-stabilizer\/#primaryimage"},"image":{"@id":"https:\/\/www.imypower.com\/product\/1kva-10kva-wall-led-whole-house-voltage-stabilizer\/#primaryimage"},"thumbnailUrl":"https:\/\/www.imypower.com\/wp-content\/uploads\/2025\/06\/housed-voltage-regulator.webp","datePublished":"2025-06-24T07:11:17+00:00","dateModified":"2025-07-05T06:55:00+00:00","breadcrumb":{"@id":"https:\/\/www.imypower.com\/product\/1kva-10kva-wall-led-whole-house-voltage-stabilizer\/#breadcrumb"},"inLanguage":"pt-PT","potentialAction":[{"@type":"ReadAction","target":["https:\/\/www.imypower.com\/product\/1kva-10kva-wall-led-whole-house-voltage-stabilizer\/"]}]},{"@type":"ImageObject","inLanguage":"pt-PT","@id":"https:\/\/www.imypower.com\/product\/1kva-10kva-wall-led-whole-house-voltage-stabilizer\/#primaryimage","url":"https:\/\/www.imypower.com\/wp-content\/uploads\/2025\/06\/housed-voltage-regulator.webp","contentUrl":"https:\/\/www.imypower.com\/wp-content\/uploads\/2025\/06\/housed-voltage-regulator.webp","width":600,"height":600},{"@type":"BreadcrumbList","@id":"https:\/\/www.imypower.com\/product\/1kva-10kva-wall-led-whole-house-voltage-stabilizer\/#breadcrumb","itemListElement":[{"@type":"ListItem","position":1,"name":"Home","item":"https:\/\/www.imypower.com\/"},{"@type":"ListItem","position":2,"name":"Products","item":"https:\/\/www.imypower.com\/shop\/"},{"@type":"ListItem","position":3,"name":"TMB 1Kva-10Kva Wall LED Whole House Voltage Stabilizer"}]},{"@type":"WebSite","@id":"https:\/\/www.imypower.com\/#website","url":"https:\/\/www.imypower.com\/","name":"SUNWAY","description":"","potentialAction":[{"@type":"SearchAction","target":{"@type":"EntryPoint","urlTemplate":"https:\/\/www.imypower.com\/?s={search_term_string}"},"query-input":{"@type":"PropertyValueSpecification","valueRequired":true,"valueName":"search_term_string"}}],"inLanguage":"pt-PT"}]}},"_links":{"self":[{"href":"https:\/\/www.imypower.com\/pt\/wp-json\/wp\/v2\/product\/22444","targetHints":{"allow":["GET"]}}],"collection":[{"href":"https:\/\/www.imypower.com\/pt\/wp-json\/wp\/v2\/product"}],"about":[{"href":"https:\/\/www.imypower.com\/pt\/wp-json\/wp\/v2\/types\/product"}],"replies":[{"embeddable":true,"href":"https:\/\/www.imypower.com\/pt\/wp-json\/wp\/v2\/comments?post=22444"}],"version-history":[{"count":8,"href":"https:\/\/www.imypower.com\/pt\/wp-json\/wp\/v2\/product\/22444\/revisions"}],"predecessor-version":[{"id":23077,"href":"https:\/\/www.imypower.com\/pt\/wp-json\/wp\/v2\/product\/22444\/revisions\/23077"}],"wp:featuredmedia":[{"embeddable":true,"href":"https:\/\/www.imypower.com\/pt\/wp-json\/wp\/v2\/media\/22531"}],"wp:attachment":[{"href":"https:\/\/www.imypower.com\/pt\/wp-json\/wp\/v2\/media?parent=22444"}],"wp:term":[{"taxonomy":"product_brand","embeddable":true,"href":"https:\/\/www.imypower.com\/pt\/wp-json\/wp\/v2\/product_brand?post=22444"},{"taxonomy":"product_cat","embeddable":true,"href":"https:\/\/www.imypower.com\/pt\/wp-json\/wp\/v2\/product_cat?post=22444"},{"taxonomy":"product_tag","embeddable":true,"href":"https:\/\/www.imypower.com\/pt\/wp-json\/wp\/v2\/product_tag?post=22444"}],"curies":[{"name":"wp","href":"https:\/\/api.w.org\/{rel}","templated":true}]}}