{"id":22809,"date":"2025-06-24T07:12:44","date_gmt":"2025-06-24T07:12:44","guid":{"rendered":"https:\/\/imypower.com\/?post_type=product&#038;p=22809"},"modified":"2025-06-25T03:06:23","modified_gmt":"2025-06-25T03:06:23","slug":"tns-stabilisateur-de-tension-electrique-servo-industriel-triphase-20kva-120kva","status":"publish","type":"product","link":"https:\/\/www.imypower.com\/fr\/produit\/tns-stabilisateur-de-tension-electrique-servo-industriel-triphase-20kva-120kva\/","title":{"rendered":"TNS Stabilisateur de tension \u00e9lectrique servo industriel triphas\u00e9 20kva-120kva"},"content":{"rendered":"<h2>Caract\u00e9ristiques principales<\/h2>\n<p><strong>R\u00e9gulation ind\u00e9pendante de la tension triphas\u00e9e<\/strong><\/p>\n<ul>\n<li>Chaque phase est auto-stabilis\u00e9e, de sorte que la sortie est toujours \u00e9quilibr\u00e9e malgr\u00e9 des tensions d'entr\u00e9e d\u00e9s\u00e9quilibr\u00e9es.<\/li>\n<\/ul>\n<p><strong>Servocommande de haute pr\u00e9cision<\/strong><\/p>\n<ul>\n<li>Pr\u00e9cision de la r\u00e9gulation de la tension : 380V \u00b13% (r\u00e9glable) par le biais d'un syst\u00e8me de balais de carbone entra\u00een\u00e9 par un servomoteur.<\/li>\n<li>R\u00e9ponse rapide aux variations d'entr\u00e9e (temps de correction &lt;1 seconde).<\/li>\n<\/ul>\n<p><strong>Protection robuste<\/strong><\/p>\n<ul>\n<li>Options de protection : Protection contre les surtensions, les sous-tensions, les courts-circuits et la temporisation (d\u00e9lai de d\u00e9marrage r\u00e9glable).<\/li>\n<li>Suppression des surtensions et coupure automatique en cas de surcharge.<\/li>\n<\/ul>\n<p><strong>Interface facile \u00e0 utiliser<\/strong><\/p>\n<ul>\n<li>Affichage num\u00e9rique LED en temps r\u00e9el de la tension, du courant et de l'\u00e9tat des d\u00e9fauts.<\/li>\n<\/ul>\n<p><strong>Durabilit\u00e9 de qualit\u00e9 industrielle<\/strong><\/p>\n<ul>\n<li>Bo\u00eetier m\u00e9tallique avec pulv\u00e9risation environnementale anticorrosion (protection IP20).<\/li>\n<li>Composants r\u00e9sistants \u00e0 la chaleur et ventilateurs \u00e0 refroidissement forc\u00e9 pour un fonctionnement continu.<\/li>\n<\/ul>\n<table>\n<tbody>\n<tr>\n<td width=\"189\">\n<p><div id=\"attachment_11095\" style=\"width: 310px\" class=\"wp-caption alignnone\"><img fetchpriority=\"high\" decoding=\"async\" aria-describedby=\"caption-attachment-11095\" class=\"size-medium wp-image-11095\" src=\"https:\/\/www.zhengxi1983.com\/wp-content\/uploads\/2025\/03\/20KVA-40KVA-electric-stabilizer-300x300.webp\" alt=\"Stabilisateur \u00e9lectrique 20KVA-40KVA\" width=\"300\" height=\"300\" \/><p id=\"caption-attachment-11095\" class=\"wp-caption-text\">20KVA-40KVA<\/p><\/div><\/td>\n<td width=\"189\">\n<p><div id=\"attachment_11096\" style=\"width: 310px\" class=\"wp-caption alignnone\"><img decoding=\"async\" aria-describedby=\"caption-attachment-11096\" class=\"size-medium wp-image-11096\" src=\"https:\/\/www.zhengxi1983.com\/wp-content\/uploads\/2025\/03\/50KVA-60KVA-electric-voltage-stabilizer-300x300.webp\" alt=\"Stabilisateur de tension \u00e9lectrique 50KVA-60KVA\" width=\"300\" height=\"300\" \/><p id=\"caption-attachment-11096\" class=\"wp-caption-text\">50KVA-60KVA<\/p><\/div><\/td>\n<td width=\"189\">\n<p><div id=\"attachment_11097\" style=\"width: 310px\" class=\"wp-caption alignnone\"><img decoding=\"async\" aria-describedby=\"caption-attachment-11097\" class=\"size-medium wp-image-11097\" src=\"https:\/\/www.zhengxi1983.com\/wp-content\/uploads\/2025\/03\/80KVA-120KVA-servo-stabilizer-300x300.webp\" alt=\"Servo-stabilisateur 80KVA-120KVA\" width=\"300\" height=\"300\" \/><p id=\"caption-attachment-11097\" class=\"wp-caption-text\">80KVA-120KVA<\/p><\/div><\/td>\n<\/tr>\n<\/tbody>\n<\/table>\n<h2 class=\"wp-block-heading\">Param\u00e8tres techniques<\/h2>\n<table width=\"680\">\n<tbody>\n<tr>\n<td width=\"276\">Mod\u00e8le NO.<\/td>\n<td width=\"404\">TNS6<\/td>\n<\/tr>\n<tr>\n<td width=\"276\">Capacit\u00e9<\/td>\n<td width=\"404\">15KVA 20KVA 30KVA 40KVA 50KVA 60KVA 80KVA 100KVA 120KVA<\/td>\n<\/tr>\n<tr>\n<td width=\"276\">Phase<\/td>\n<td width=\"404\">Triphas\u00e9<\/td>\n<\/tr>\n<tr>\n<td width=\"276\">Tension d'entr\u00e9e<\/td>\n<td width=\"404\">AC 260-450V ou personnalis\u00e9<\/td>\n<\/tr>\n<tr>\n<td width=\"276\">Tension de sortie<\/td>\n<td width=\"404\">AC 380V ou personnalis\u00e9<\/td>\n<\/tr>\n<tr>\n<td width=\"276\">Fr\u00e9quence<\/td>\n<td width=\"404\">50Hz\/60Hz<\/td>\n<\/tr>\n<tr>\n<td width=\"276\">Pr\u00e9cision<\/td>\n<td width=\"404\">\u00b13%<\/td>\n<\/tr>\n<tr>\n<td width=\"276\">Efficacit\u00e9 du travail<\/td>\n<td width=\"404\">&gt;95%<\/td>\n<\/tr>\n<tr>\n<td width=\"276\">Type de contr\u00f4le<\/td>\n<td width=\"404\">Servomoteur<\/td>\n<\/tr>\n<tr>\n<td width=\"276\">Affichage num\u00e9rique<\/td>\n<td width=\"404\">Afficher la tension d'entr\u00e9e et de sortie<\/td>\n<\/tr>\n<tr>\n<td width=\"276\">Protection de l'environnement<\/td>\n<td width=\"404\">Surtension\/sous-tension, surcharge, court-circuit, surchauffe<\/td>\n<\/tr>\n<tr>\n<td width=\"276\">Temp\u00e9rature ambiante<\/td>\n<td width=\"404\">-10\u00b0C~+ 40\u00b0C<\/td>\n<\/tr>\n<tr>\n<td width=\"276\">Niveau sonore<\/td>\n<td width=\"404\">\u226450dB<\/td>\n<\/tr>\n<\/tbody>\n<\/table>\n<figure class=\"wp-block-table\">\n<div class=\"scroll\">\n<h2>Sp\u00e9cifications<\/h2>\n<table>\n<tbody>\n<tr>\n<td width=\"25.1800%\">MOD\u00c8LE<\/td>\n<td width=\"25.1800%\">Tension d'entr\u00e9e<\/td>\n<td width=\"22.4400%\">Tension de sortie<\/td>\n<td width=\"27.1800%\">Mesures (mm) Longueur*Largeur*Hauteur<\/td>\n<\/tr>\n<tr>\n<td width=\"25.1800%\">TNS6-15KVA<\/td>\n<td rowspan=\"2\" width=\"25.1800%\">260V~450V (plage personnalisable)<\/td>\n<td rowspan=\"9\" width=\"22.4400%\">380V\u00b13%<\/td>\n<td width=\"27.1800%\">320*490*525<\/td>\n<\/tr>\n<tr>\n<td width=\"25.1800%\">TNS6-20KVA<\/td>\n<td width=\"27.1800%\">320*520*490<\/td>\n<\/tr>\n<tr>\n<td width=\"25.1800%\">TNS6-30KVA<\/td>\n<td rowspan=\"7\" width=\"25.1800%\">304V~456V (gamme personnalisable)<\/td>\n<td width=\"27.1800%\">415*470*880<\/td>\n<\/tr>\n<tr>\n<td width=\"25.1800%\">TNS6-40KVA<\/td>\n<td width=\"27.1800%\">415*470*880<\/td>\n<\/tr>\n<tr>\n<td width=\"25.1800%\">TNS6-50KVA<\/td>\n<td width=\"27.1800%\">450*560*1200<\/td>\n<\/tr>\n<tr>\n<td width=\"25.1800%\">TNS6-60KVA<\/td>\n<td width=\"27.1800%\">450*560*1200<\/td>\n<\/tr>\n<tr>\n<td width=\"25.1800%\">TNS6-80KVA<\/td>\n<td width=\"27.1800%\">540*620*1350<\/td>\n<\/tr>\n<tr>\n<td width=\"25.1800%\">TNS6-100KVA<\/td>\n<td width=\"27.1800%\">540*620*1350<\/td>\n<\/tr>\n<tr>\n<td width=\"25.1800%\">TNS6-120KVA<\/td>\n<td width=\"27.1800%\">540*620*1350<\/td>\n<\/tr>\n<\/tbody>\n<\/table>\n<\/div>\n<\/figure>\n<h2 class=\"wp-block-heading\"><strong>Analyse des produits<\/strong><\/h2>\n<div class=\"wp-block-spacer\" aria-hidden=\"true\"><\/div>\n<div class=\"wp-block-columns is-layout-flex wp-container-core-columns-is-layout-1 wp-block-columns-is-layout-flex\">\n<div class=\"wp-block-column is-layout-flow wp-block-column-is-layout-flow\">\n<figure class=\"wp-block-image size-full wp-lightbox-container\" data-wp-context=\"{&quot;uploadedSrc&quot;:&quot;https:\/\/www.zhengxi1983.com\/wp-content\/uploads\/2024\/07\/SJW3-30KVA.webp&quot;,&quot;figureClassNames&quot;:&quot;wp-block-image size-full&quot;,&quot;figureStyles&quot;:null,&quot;imgClassNames&quot;:&quot;wp-image-4709&quot;,&quot;imgStyles&quot;:null,&quot;targetWidth&quot;:405,&quot;targetHeight&quot;:500,&quot;scaleAttr&quot;:false,&quot;ariaLabel&quot;:&quot;Enlarge image: Three Phase Voltage Stabilizer&quot;,&quot;alt&quot;:&quot;Three Phase Voltage Stabilizer&quot;}\" data-wp-interactive=\"core\/image\"><img loading=\"lazy\" decoding=\"async\" class=\"alignnone size-medium wp-image-2029\" src=\"https:\/\/lauramak.com\/wp-content\/uploads\/2024\/10\/SJW3-30KVA-243x300.webp\" alt=\"SJW3-30KVA\" width=\"243\" height=\"300\" \/><br \/>\n<button class=\"lightbox-trigger\" type=\"button\" aria-haspopup=\"dialog\" aria-label=\"Agrandir l&#039;image : Stabilisateur de tension triphas\u00e9\" data-wp-init=\"callbacks.initTriggerButton\" data-wp-on-async--click=\"actions.showLightbox\" data-wp-style--right=\"context.imageButtonRight\" data-wp-style--top=\"context.imageButtonTop\"><\/button><\/figure>\n<\/div>\n<div class=\"wp-block-column is-layout-flow wp-block-column-is-layout-flow\">\n<p>\u2460 Bo\u00eetier m\u00e9tallique<br \/>\n\u2461 Affichage num\u00e9rique LED<br \/>\n\u2462 Touche de commutation de tension<br \/>\n\u2463 Ventilateur de refroidissement<br \/>\n\u2464 Grille de refroidissement<\/p>\n<\/div>\n<div class=\"wp-block-column is-layout-flow wp-block-column-is-layout-flow\">\n<figure class=\"wp-block-image size-full wp-lightbox-container\" data-wp-context=\"{&quot;uploadedSrc&quot;:&quot;https:\/\/www.zhengxi1983.com\/wp-content\/uploads\/2024\/07\/TNS6-30KVA.webp&quot;,&quot;figureClassNames&quot;:&quot;wp-block-image size-full&quot;,&quot;figureStyles&quot;:null,&quot;imgClassNames&quot;:&quot;wp-image-4708&quot;,&quot;imgStyles&quot;:null,&quot;targetWidth&quot;:405,&quot;targetHeight&quot;:500,&quot;scaleAttr&quot;:false,&quot;ariaLabel&quot;:&quot;Enlarge image: Voltage Stabilizer Manufacturers&quot;,&quot;alt&quot;:&quot;Voltage Stabilizer Manufacturers&quot;}\" data-wp-interactive=\"core\/image\"><img loading=\"lazy\" decoding=\"async\" class=\"alignnone size-medium wp-image-2030\" src=\"https:\/\/lauramak.com\/wp-content\/uploads\/2024\/10\/TNS6-30KVA-243x300.webp\" alt=\"TNS-60kva\" width=\"243\" height=\"300\" \/><br \/>\n<button class=\"lightbox-trigger\" type=\"button\" aria-haspopup=\"dialog\" aria-label=\"Agrandir l&#039;image : Fabricants de stabilisateurs de tension\" data-wp-init=\"callbacks.initTriggerButton\" data-wp-on-async--click=\"actions.showLightbox\" data-wp-style--right=\"context.imageButtonRight\" data-wp-style--top=\"context.imageButtonTop\"><\/button><\/figure>\n<\/div>\n<div class=\"wp-block-column is-layout-flow wp-block-column-is-layout-flow\">\n<p>\u2460 Bo\u00eetier m\u00e9tallique<br \/>\n\u2461 \u00c9cran \u00e0 cristaux liquides LED<br \/>\n\u2462 Trou de refroidissement<br \/>\n\u2463 Grille de refroidissement<\/p>\n<\/div>\n<\/div>\n<h2>Applications<\/h2>\n<p>Machines industrielles : Machines CNC, servomoteurs, syst\u00e8mes PLC<br \/>\nPlanchers d'usine : Lignes d'assemblage automatis\u00e9es, machines d'emballage<br \/>\nInfrastructures critiques : Centres de donn\u00e9es, appareils d'imagerie m\u00e9dicale<\/p>\n<h2>Pourquoi choisir notre servo-stabilisateur ?<\/h2>\n<p>Fiabilit\u00e9 de qualit\u00e9 industrielle : Fabriqu\u00e9 avec des composants robustes pour une utilisation 24\/7.<br \/>\nPersonnalisable : Communication RS485\/Modbus en option pour l'interfa\u00e7age IoT.<br \/>\nCertifications : CE, ISO9001\uff0cQualit\u00e9 garantie<br \/>\nPrise en charge de la personnalisation OEM et ODM<\/p>\n<h2>Installation et assistance<\/h2>\n<p>C\u00e2blage : Conception du bornier pour faciliter les connexions d'entr\u00e9e\/sortie triphas\u00e9es.<br \/>\nGarantie : 1 an de garantie standard avec assistance technique \u00e0 vie.<\/p>\n<p>Options personnalis\u00e9es :<\/p>\n<p>Temporisation adaptative, bo\u00eetier \u00e9tanche IP54, interrupteurs \u00e0 double d\u00e9rivation.<\/p>","protected":false},"excerpt":{"rendered":"<p>Le <strong>Stabilisateur de tension servo triphas\u00e9<\/strong> est con\u00e7u pour les applications industrielles n\u00e9cessitant une alimentation stable et garantie. Il associe la technologie de contr\u00f4le des servomoteurs \u00e0 des fonctions de protection avanc\u00e9es pour offrir une r\u00e9gulation pr\u00e9cise de la tension (380V\u00b13%) aux \u00e9quipements sensibles tels que les machines \u00e0 commande num\u00e9rique, les robots et les lignes de production.<\/p>","protected":false},"featured_media":22888,"comment_status":"closed","ping_status":"closed","template":"","meta":[],"product_brand":[116],"product_cat":[106,105],"product_tag":[76,77,78],"class_list":{"0":"post-22809","1":"product","2":"type-product","3":"status-publish","4":"has-post-thumbnail","6":"product_brand-zhengxi","7":"product_cat-3-phase-voltage-stabilizer","8":"product_cat-automatic-voltage-stabilizers","9":"product_tag-20kva-voltage-stabilizer","10":"product_tag-auto-voltage-regulator","11":"product_tag-servo-voltage-stabilizer","13":"first","14":"instock","15":"shipping-taxable","16":"product-type-simple"},"yoast_head":"<!-- This site is optimized with the Yoast SEO plugin v25.3.1 - https:\/\/yoast.com\/wordpress\/plugins\/seo\/ -->\n<title>TNS 3 Phase Industrial Servo Electrical Voltage Stabilizer 20kva-120kva - SUNWAY<\/title>\n<meta name=\"robots\" content=\"index, follow, max-snippet:-1, max-image-preview:large, max-video-preview:-1\" \/>\n<link rel=\"canonical\" href=\"https:\/\/www.imypower.com\/fr\/produit\/tns-stabilisateur-de-tension-electrique-servo-industriel-triphase-20kva-120kva\/\" \/>\n<meta property=\"og:locale\" content=\"fr_FR\" \/>\n<meta property=\"og:type\" content=\"article\" \/>\n<meta property=\"og:title\" content=\"TNS 3 Phase Industrial Servo Electrical Voltage Stabilizer 20kva-120kva - SUNWAY\" \/>\n<meta property=\"og:description\" content=\"The 3-phase servo voltage stabilizer is designed for industrial applications with the requirement of stable and guaranteed power supply. It combines servo motor control technology with advanced protection features to offer precise voltage regulation (380V\u00b13%) to sensitive equipment such as CNC machines, robots, and production lines.\" \/>\n<meta property=\"og:url\" content=\"https:\/\/www.imypower.com\/fr\/produit\/tns-stabilisateur-de-tension-electrique-servo-industriel-triphase-20kva-120kva\/\" \/>\n<meta property=\"og:site_name\" content=\"SUNWAY\" \/>\n<meta property=\"article:modified_time\" content=\"2025-06-25T03:06:23+00:00\" \/>\n<meta property=\"og:image\" content=\"https:\/\/www.imypower.com\/wp-content\/uploads\/2025\/06\/TNS-3-Phase-Industrial-Servo-Electrical-Voltage-Stabilizer-50kva-60kva.webp\" \/>\n\t<meta property=\"og:image:width\" content=\"800\" \/>\n\t<meta property=\"og:image:height\" content=\"800\" \/>\n\t<meta property=\"og:image:type\" content=\"image\/webp\" \/>\n<meta name=\"twitter:card\" content=\"summary_large_image\" \/>\n<meta name=\"twitter:label1\" content=\"Dur\u00e9e de lecture estim\u00e9e\" \/>\n\t<meta name=\"twitter:data1\" content=\"2 minutes\" \/>\n<script type=\"application\/ld+json\" class=\"yoast-schema-graph\">{\"@context\":\"https:\/\/schema.org\",\"@graph\":[{\"@type\":\"WebPage\",\"@id\":\"https:\/\/www.imypower.com\/product\/tns-3-phase-industrial-servo-electrical-voltage-stabilizer-20kva-120kva\/\",\"url\":\"https:\/\/www.imypower.com\/product\/tns-3-phase-industrial-servo-electrical-voltage-stabilizer-20kva-120kva\/\",\"name\":\"TNS 3 Phase Industrial Servo Electrical Voltage Stabilizer 20kva-120kva - SUNWAY\",\"isPartOf\":{\"@id\":\"https:\/\/www.imypower.com\/#website\"},\"primaryImageOfPage\":{\"@id\":\"https:\/\/www.imypower.com\/product\/tns-3-phase-industrial-servo-electrical-voltage-stabilizer-20kva-120kva\/#primaryimage\"},\"image\":{\"@id\":\"https:\/\/www.imypower.com\/product\/tns-3-phase-industrial-servo-electrical-voltage-stabilizer-20kva-120kva\/#primaryimage\"},\"thumbnailUrl\":\"https:\/\/www.imypower.com\/wp-content\/uploads\/2025\/06\/TNS-3-Phase-Industrial-Servo-Electrical-Voltage-Stabilizer-50kva-60kva.webp\",\"datePublished\":\"2025-06-24T07:12:44+00:00\",\"dateModified\":\"2025-06-25T03:06:23+00:00\",\"breadcrumb\":{\"@id\":\"https:\/\/www.imypower.com\/product\/tns-3-phase-industrial-servo-electrical-voltage-stabilizer-20kva-120kva\/#breadcrumb\"},\"inLanguage\":\"fr-FR\",\"potentialAction\":[{\"@type\":\"ReadAction\",\"target\":[\"https:\/\/www.imypower.com\/product\/tns-3-phase-industrial-servo-electrical-voltage-stabilizer-20kva-120kva\/\"]}]},{\"@type\":\"ImageObject\",\"inLanguage\":\"fr-FR\",\"@id\":\"https:\/\/www.imypower.com\/product\/tns-3-phase-industrial-servo-electrical-voltage-stabilizer-20kva-120kva\/#primaryimage\",\"url\":\"https:\/\/www.imypower.com\/wp-content\/uploads\/2025\/06\/TNS-3-Phase-Industrial-Servo-Electrical-Voltage-Stabilizer-50kva-60kva.webp\",\"contentUrl\":\"https:\/\/www.imypower.com\/wp-content\/uploads\/2025\/06\/TNS-3-Phase-Industrial-Servo-Electrical-Voltage-Stabilizer-50kva-60kva.webp\",\"width\":800,\"height\":800},{\"@type\":\"BreadcrumbList\",\"@id\":\"https:\/\/www.imypower.com\/product\/tns-3-phase-industrial-servo-electrical-voltage-stabilizer-20kva-120kva\/#breadcrumb\",\"itemListElement\":[{\"@type\":\"ListItem\",\"position\":1,\"name\":\"Home\",\"item\":\"https:\/\/www.imypower.com\/\"},{\"@type\":\"ListItem\",\"position\":2,\"name\":\"Products\",\"item\":\"https:\/\/www.imypower.com\/shop\/\"},{\"@type\":\"ListItem\",\"position\":3,\"name\":\"TNS 3 Phase Industrial Servo Electrical Voltage Stabilizer 20kva-120kva\"}]},{\"@type\":\"WebSite\",\"@id\":\"https:\/\/www.imypower.com\/#website\",\"url\":\"https:\/\/www.imypower.com\/\",\"name\":\"SUNWAY\",\"description\":\"\",\"potentialAction\":[{\"@type\":\"SearchAction\",\"target\":{\"@type\":\"EntryPoint\",\"urlTemplate\":\"https:\/\/www.imypower.com\/?s={search_term_string}\"},\"query-input\":{\"@type\":\"PropertyValueSpecification\",\"valueRequired\":true,\"valueName\":\"search_term_string\"}}],\"inLanguage\":\"fr-FR\"}]}<\/script>\n<!-- \/ Yoast SEO plugin. -->","yoast_head_json":{"title":"TNS Stabilisateur de tension \u00e9lectrique servo industriel triphas\u00e9 20kva-120kva - SUNWAY","robots":{"index":"index","follow":"follow","max-snippet":"max-snippet:-1","max-image-preview":"max-image-preview:large","max-video-preview":"max-video-preview:-1"},"canonical":"https:\/\/www.imypower.com\/fr\/produit\/tns-stabilisateur-de-tension-electrique-servo-industriel-triphase-20kva-120kva\/","og_locale":"fr_FR","og_type":"article","og_title":"TNS 3 Phase Industrial Servo Electrical Voltage Stabilizer 20kva-120kva - SUNWAY","og_description":"The 3-phase servo voltage stabilizer is designed for industrial applications with the requirement of stable and guaranteed power supply. It combines servo motor control technology with advanced protection features to offer precise voltage regulation (380V\u00b13%) to sensitive equipment such as CNC machines, robots, and production lines.","og_url":"https:\/\/www.imypower.com\/fr\/produit\/tns-stabilisateur-de-tension-electrique-servo-industriel-triphase-20kva-120kva\/","og_site_name":"SUNWAY","article_modified_time":"2025-06-25T03:06:23+00:00","og_image":[{"width":800,"height":800,"url":"https:\/\/www.imypower.com\/wp-content\/uploads\/2025\/06\/TNS-3-Phase-Industrial-Servo-Electrical-Voltage-Stabilizer-50kva-60kva.webp","type":"image\/webp"}],"twitter_card":"summary_large_image","twitter_misc":{"Dur\u00e9e de lecture estim\u00e9e":"2 minutes"},"schema":{"@context":"https:\/\/schema.org","@graph":[{"@type":"WebPage","@id":"https:\/\/www.imypower.com\/product\/tns-3-phase-industrial-servo-electrical-voltage-stabilizer-20kva-120kva\/","url":"https:\/\/www.imypower.com\/product\/tns-3-phase-industrial-servo-electrical-voltage-stabilizer-20kva-120kva\/","name":"TNS Stabilisateur de tension \u00e9lectrique servo industriel triphas\u00e9 20kva-120kva - SUNWAY","isPartOf":{"@id":"https:\/\/www.imypower.com\/#website"},"primaryImageOfPage":{"@id":"https:\/\/www.imypower.com\/product\/tns-3-phase-industrial-servo-electrical-voltage-stabilizer-20kva-120kva\/#primaryimage"},"image":{"@id":"https:\/\/www.imypower.com\/product\/tns-3-phase-industrial-servo-electrical-voltage-stabilizer-20kva-120kva\/#primaryimage"},"thumbnailUrl":"https:\/\/www.imypower.com\/wp-content\/uploads\/2025\/06\/TNS-3-Phase-Industrial-Servo-Electrical-Voltage-Stabilizer-50kva-60kva.webp","datePublished":"2025-06-24T07:12:44+00:00","dateModified":"2025-06-25T03:06:23+00:00","breadcrumb":{"@id":"https:\/\/www.imypower.com\/product\/tns-3-phase-industrial-servo-electrical-voltage-stabilizer-20kva-120kva\/#breadcrumb"},"inLanguage":"fr-FR","potentialAction":[{"@type":"ReadAction","target":["https:\/\/www.imypower.com\/product\/tns-3-phase-industrial-servo-electrical-voltage-stabilizer-20kva-120kva\/"]}]},{"@type":"ImageObject","inLanguage":"fr-FR","@id":"https:\/\/www.imypower.com\/product\/tns-3-phase-industrial-servo-electrical-voltage-stabilizer-20kva-120kva\/#primaryimage","url":"https:\/\/www.imypower.com\/wp-content\/uploads\/2025\/06\/TNS-3-Phase-Industrial-Servo-Electrical-Voltage-Stabilizer-50kva-60kva.webp","contentUrl":"https:\/\/www.imypower.com\/wp-content\/uploads\/2025\/06\/TNS-3-Phase-Industrial-Servo-Electrical-Voltage-Stabilizer-50kva-60kva.webp","width":800,"height":800},{"@type":"BreadcrumbList","@id":"https:\/\/www.imypower.com\/product\/tns-3-phase-industrial-servo-electrical-voltage-stabilizer-20kva-120kva\/#breadcrumb","itemListElement":[{"@type":"ListItem","position":1,"name":"Home","item":"https:\/\/www.imypower.com\/"},{"@type":"ListItem","position":2,"name":"Products","item":"https:\/\/www.imypower.com\/shop\/"},{"@type":"ListItem","position":3,"name":"TNS 3 Phase Industrial Servo Electrical Voltage Stabilizer 20kva-120kva"}]},{"@type":"WebSite","@id":"https:\/\/www.imypower.com\/#website","url":"https:\/\/www.imypower.com\/","name":"SUNWAY","description":"","potentialAction":[{"@type":"SearchAction","target":{"@type":"EntryPoint","urlTemplate":"https:\/\/www.imypower.com\/?s={search_term_string}"},"query-input":{"@type":"PropertyValueSpecification","valueRequired":true,"valueName":"search_term_string"}}],"inLanguage":"fr-FR"}]}},"_links":{"self":[{"href":"https:\/\/www.imypower.com\/fr\/wp-json\/wp\/v2\/product\/22809","targetHints":{"allow":["GET"]}}],"collection":[{"href":"https:\/\/www.imypower.com\/fr\/wp-json\/wp\/v2\/product"}],"about":[{"href":"https:\/\/www.imypower.com\/fr\/wp-json\/wp\/v2\/types\/product"}],"replies":[{"embeddable":true,"href":"https:\/\/www.imypower.com\/fr\/wp-json\/wp\/v2\/comments?post=22809"}],"version-history":[{"count":2,"href":"https:\/\/www.imypower.com\/fr\/wp-json\/wp\/v2\/product\/22809\/revisions"}],"predecessor-version":[{"id":23017,"href":"https:\/\/www.imypower.com\/fr\/wp-json\/wp\/v2\/product\/22809\/revisions\/23017"}],"wp:featuredmedia":[{"embeddable":true,"href":"https:\/\/www.imypower.com\/fr\/wp-json\/wp\/v2\/media\/22888"}],"wp:attachment":[{"href":"https:\/\/www.imypower.com\/fr\/wp-json\/wp\/v2\/media?parent=22809"}],"wp:term":[{"taxonomy":"product_brand","embeddable":true,"href":"https:\/\/www.imypower.com\/fr\/wp-json\/wp\/v2\/product_brand?post=22809"},{"taxonomy":"product_cat","embeddable":true,"href":"https:\/\/www.imypower.com\/fr\/wp-json\/wp\/v2\/product_cat?post=22809"},{"taxonomy":"product_tag","embeddable":true,"href":"https:\/\/www.imypower.com\/fr\/wp-json\/wp\/v2\/product_tag?post=22809"}],"curies":[{"name":"wp","href":"https:\/\/api.w.org\/{rel}","templated":true}]}}