{"id":22735,"date":"2025-06-24T07:12:24","date_gmt":"2025-06-24T07:12:24","guid":{"rendered":"https:\/\/imypower.com\/?post_type=product&#038;p=22735"},"modified":"2025-07-05T05:51:51","modified_gmt":"2025-07-05T05:51:51","slug":"1kva-5kva-servo-stabilisateur-de-tension-pour-la-maison","status":"publish","type":"product","link":"https:\/\/www.imypower.com\/fr\/produit\/1kva-5kva-servo-stabilisateur-de-tension-pour-la-maison\/","title":{"rendered":"TND 1Kva-5Kva Servo Voltage Stabilizer For Home"},"content":{"rendered":"<h3 data-start=\"573\" data-end=\"593\" data-immersive-translate-walked=\"b31e2f32-1bc6-45e3-aa30-d4637aa88b2c\"><strong data-start=\"577\" data-end=\"593\" data-immersive-translate-walked=\"b31e2f32-1bc6-45e3-aa30-d4637aa88b2c\" data-immersive-translate-paragraph=\"1\">Caract\u00e9ristiques principales<\/strong><\/h3>\n<ul data-start=\"595\" data-end=\"1600\" data-immersive-translate-walked=\"b31e2f32-1bc6-45e3-aa30-d4637aa88b2c\">\n<li data-start=\"595\" data-end=\"783\" data-immersive-translate-walked=\"b31e2f32-1bc6-45e3-aa30-d4637aa88b2c\">\n<p data-start=\"597\" data-end=\"783\" data-immersive-translate-walked=\"b31e2f32-1bc6-45e3-aa30-d4637aa88b2c\" data-immersive-translate-paragraph=\"1\"><strong data-start=\"597\" data-end=\"627\" data-immersive-translate-walked=\"b31e2f32-1bc6-45e3-aa30-d4637aa88b2c\">R\u00e9gulation pr\u00e9cise de la tension<\/strong>: La technologie servocommand\u00e9e garantit que vos appareils re\u00e7oivent une tension constante et s\u00fbre, \u00e9vitant ainsi les dommages caus\u00e9s par les surtensions et les chutes de tension.<\/p>\n<\/li>\n<li data-start=\"785\" data-end=\"970\" data-immersive-translate-walked=\"b31e2f32-1bc6-45e3-aa30-d4637aa88b2c\">\n<p data-start=\"787\" data-end=\"970\" data-immersive-translate-walked=\"b31e2f32-1bc6-45e3-aa30-d4637aa88b2c\" data-immersive-translate-paragraph=\"1\"><strong data-start=\"787\" data-end=\"807\" data-immersive-translate-walked=\"b31e2f32-1bc6-45e3-aa30-d4637aa88b2c\">Protection contre les surtensions<\/strong>: Le stabilisateur comprend une protection int\u00e9gr\u00e9e contre les surtensions afin de se pr\u00e9munir contre la foudre et les pics de tension soudains, prot\u00e9geant ainsi vos appareils \u00e9lectroniques domestiques contre les dommages.<\/p>\n<\/li>\n<li data-start=\"972\" data-end=\"1135\" data-immersive-translate-walked=\"b31e2f32-1bc6-45e3-aa30-d4637aa88b2c\">\n<p data-start=\"974\" data-end=\"1135\" data-immersive-translate-walked=\"b31e2f32-1bc6-45e3-aa30-d4637aa88b2c\" data-immersive-translate-paragraph=\"1\"><strong data-start=\"974\" data-end=\"1003\" data-immersive-translate-walked=\"b31e2f32-1bc6-45e3-aa30-d4637aa88b2c\">D\u00e9lai de d\u00e9marrage en cas de panne d'\u00e9lectricit\u00e9<\/strong>: Cette fonction permet d'\u00e9viter les chocs de tension soudains lorsque le courant est r\u00e9tabli apr\u00e8s une panne, ce qui contribue \u00e0 prolonger la dur\u00e9e de vie de votre \u00e9quipement.<\/p>\n<\/li>\n<li data-start=\"1137\" data-end=\"1320\" data-immersive-translate-walked=\"b31e2f32-1bc6-45e3-aa30-d4637aa88b2c\">\n<p data-start=\"1139\" data-end=\"1320\" data-immersive-translate-walked=\"b31e2f32-1bc6-45e3-aa30-d4637aa88b2c\" data-immersive-translate-paragraph=\"1\"><strong data-start=\"1139\" data-end=\"1170\" data-immersive-translate-walked=\"b31e2f32-1bc6-45e3-aa30-d4637aa88b2c\">Multiples protections de s\u00e9curit\u00e9<\/strong>: \u00c9quip\u00e9 d'une protection contre les surcharges, les courts-circuits et les surchauffes, le stabilisateur assure un fonctionnement fiable \u00e0 long terme sans compromettre la s\u00e9curit\u00e9.<\/p>\n<\/li>\n<li data-start=\"1322\" data-end=\"1443\" data-immersive-translate-walked=\"b31e2f32-1bc6-45e3-aa30-d4637aa88b2c\">\n<p data-start=\"1324\" data-end=\"1443\" data-immersive-translate-walked=\"b31e2f32-1bc6-45e3-aa30-d4637aa88b2c\" data-immersive-translate-paragraph=\"1\"><strong data-start=\"1324\" data-end=\"1343\" data-immersive-translate-walked=\"b31e2f32-1bc6-45e3-aa30-d4637aa88b2c\">Fonctionnement silencieux<\/strong>: Con\u00e7u pour fonctionner silencieusement, il est id\u00e9al pour les maisons o\u00f9 un environnement paisible est important.<\/p>\n<\/li>\n<li data-start=\"1445\" data-end=\"1600\" data-immersive-translate-walked=\"b31e2f32-1bc6-45e3-aa30-d4637aa88b2c\">\n<p data-start=\"1447\" data-end=\"1600\" data-immersive-translate-walked=\"b31e2f32-1bc6-45e3-aa30-d4637aa88b2c\" data-immersive-translate-paragraph=\"1\"><strong data-start=\"1447\" data-end=\"1469\" data-immersive-translate-walked=\"b31e2f32-1bc6-45e3-aa30-d4637aa88b2c\">Large gamme de tensions<\/strong>: Fonctionne avec des syst\u00e8mes d'alimentation de 110V et 220V, ce qui le rend adapt\u00e9 \u00e0 une vari\u00e9t\u00e9 d'installations domestiques et d'endroits o\u00f9 la tension est instable.<\/p>\n<\/li>\n<\/ul>\n<h2>Param\u00e8tres techniques<\/h2>\n<table width=\"674\">\n<tbody>\n<tr>\n<td width=\"232\">Mod\u00e8le<\/td>\n<td width=\"442\">SVC5-1000VA SVC5-1500VA SVC5-2000VA SVC5-3000VA SVC5-5000VA<\/td>\n<\/tr>\n<tr>\n<td width=\"232\">Phase<\/td>\n<td width=\"442\">Monophas\u00e9<\/td>\n<\/tr>\n<tr>\n<td width=\"232\">Tension d'entr\u00e9e<\/td>\n<td width=\"442\">AC 90-260V ou personnalis\u00e9<\/td>\n<\/tr>\n<tr>\n<td width=\"232\">Tension de sortie<\/td>\n<td width=\"442\">AC 220V ou personnalis\u00e9<\/td>\n<\/tr>\n<tr>\n<td width=\"232\">Fr\u00e9quence<\/td>\n<td width=\"442\">50Hz\/60Hz<\/td>\n<\/tr>\n<tr>\n<td width=\"232\">Pr\u00e9cision<\/td>\n<td width=\"442\">\u00b13%<\/td>\n<\/tr>\n<tr>\n<td width=\"232\">Efficacit\u00e9 du travail<\/td>\n<td width=\"442\">&gt;95%<\/td>\n<\/tr>\n<tr>\n<td width=\"232\">Type de contr\u00f4le<\/td>\n<td width=\"442\">Servomoteur<\/td>\n<\/tr>\n<tr>\n<td width=\"232\">Affichage num\u00e9rique<\/td>\n<td width=\"442\">Afficher la tension d'entr\u00e9e et de sortie<\/td>\n<\/tr>\n<tr>\n<td width=\"232\">Protection de l'environnement<\/td>\n<td width=\"442\">Surtension\/sous-tension, surcharge, court-circuit, surchauffe<\/td>\n<\/tr>\n<tr>\n<td width=\"232\">Temp\u00e9rature ambiante<\/td>\n<td width=\"442\">-10\u00b0C~+ 40\u00b0C<\/td>\n<\/tr>\n<tr>\n<td width=\"232\">Niveau sonore<\/td>\n<td width=\"442\">\u226450dB<\/td>\n<\/tr>\n<\/tbody>\n<\/table>\n<h2>Sp\u00e9cifications<\/h2>\n<table width=\"636\">\n<tbody>\n<tr>\n<td width=\"183\">MOD\u00c8LE<\/td>\n<td width=\"113\">Tension d'entr\u00e9e<\/td>\n<td width=\"121\">Tension de sortie<\/td>\n<td width=\"219\">Mesures (mm) Longueur*Largeur*Hauteur<\/td>\n<\/tr>\n<tr>\n<td width=\"183\">SVC5-1000VA<\/td>\n<td rowspan=\"5\" width=\"113\">90V~260V<\/td>\n<td rowspan=\"5\" width=\"121\">220V\u00b13%<\/td>\n<td width=\"219\">210*200*165<\/td>\n<\/tr>\n<tr>\n<td width=\"183\">SVC5-1500VA<\/td>\n<td width=\"219\">210*200*165<\/td>\n<\/tr>\n<tr>\n<td width=\"183\">SVC5-2000VA<\/td>\n<td width=\"219\">240*290*200<\/td>\n<\/tr>\n<tr>\n<td width=\"183\">SVC5-3000VA<\/td>\n<td width=\"219\">240*290*200<\/td>\n<\/tr>\n<tr>\n<td width=\"183\">SVC5-5000VA<\/td>\n<td width=\"219\">245*315*265<\/td>\n<\/tr>\n<\/tbody>\n<\/table>\n<h2><img fetchpriority=\"high\" decoding=\"async\" class=\"alignnone wp-image-11088 size-full\" src=\"https:\/\/www.zhengxi1983.com\/wp-content\/uploads\/2025\/03\/avr-for-computer.webp\" alt=\"avr pour ordinateur\" width=\"874\" height=\"796\" \/><\/h2>\n<h2>Parfait pour une utilisation domestique<\/h2>\n<ul>\n<li>PC et ordinateurs portables : Prot\u00e9gez vos syst\u00e8mes informatiques domestiques contre l'instabilit\u00e9 de la tension.<\/li>\n<li>T\u00e9l\u00e9visions et \u00e9quipements audio : Prot\u00e9gez les syst\u00e8mes de divertissement haut de gamme contre les fluctuations de puissance.<\/li>\n<li>Consoles de jeux : Garantit le bon fonctionnement et la s\u00e9curit\u00e9 de vos appareils de jeu.<\/li>\n<li>Appareils m\u00e9nagers : Prot\u00e9gez les r\u00e9frig\u00e9rateurs, les micro-ondes et les autres appareils m\u00e9nagers sensibles des surtensions.<\/li>\n<\/ul>\n<h3 data-start=\"3517\" data-end=\"3587\" data-immersive-translate-walked=\"b31e2f32-1bc6-45e3-aa30-d4637aa88b2c\"><strong data-start=\"3521\" data-end=\"3587\" data-immersive-translate-walked=\"b31e2f32-1bc6-45e3-aa30-d4637aa88b2c\" data-immersive-translate-paragraph=\"1\">Comment choisir le stabilisateur de tension \u00e0 servocommande adapt\u00e9 \u00e0 votre maison<\/strong><\/h3>\n<p data-start=\"3589\" data-end=\"3634\" data-immersive-translate-walked=\"b31e2f32-1bc6-45e3-aa30-d4637aa88b2c\" data-immersive-translate-paragraph=\"1\">Pour choisir le stabilisateur id\u00e9al pour votre maison :<\/p>\n<p data-start=\"3636\" data-end=\"3696\" data-immersive-translate-walked=\"b31e2f32-1bc6-45e3-aa30-d4637aa88b2c\"><strong data-start=\"3636\" data-end=\"3696\" data-immersive-translate-walked=\"b31e2f32-1bc6-45e3-aa30-d4637aa88b2c\" data-immersive-translate-paragraph=\"1\">Puissance requise du r\u00e9gulateur = puissance de l'appareil \u00d7 2 (marge de s\u00e9curit\u00e9)<\/strong><\/p>\n<ul data-start=\"3698\" data-end=\"3938\" data-immersive-translate-walked=\"b31e2f32-1bc6-45e3-aa30-d4637aa88b2c\">\n<li data-start=\"3698\" data-end=\"3761\" data-immersive-translate-walked=\"b31e2f32-1bc6-45e3-aa30-d4637aa88b2c\">\n<p data-start=\"3700\" data-end=\"3761\" data-immersive-translate-walked=\"b31e2f32-1bc6-45e3-aa30-d4637aa88b2c\" data-immersive-translate-paragraph=\"1\"><strong data-start=\"3700\" data-end=\"3719\" data-immersive-translate-walked=\"b31e2f32-1bc6-45e3-aa30-d4637aa88b2c\">PC domestique typique<\/strong> (Puissance nominale : 250W) : Choisir <strong data-start=\"3748\" data-end=\"3756\" data-immersive-translate-walked=\"b31e2f32-1bc6-45e3-aa30-d4637aa88b2c\">500W<\/strong> AVR.<\/p>\n<\/li>\n<li data-start=\"3762\" data-end=\"3846\" data-immersive-translate-walked=\"b31e2f32-1bc6-45e3-aa30-d4637aa88b2c\">\n<p data-start=\"3764\" data-end=\"3846\" data-immersive-translate-walked=\"b31e2f32-1bc6-45e3-aa30-d4637aa88b2c\" data-immersive-translate-paragraph=\"1\"><strong data-start=\"3764\" data-end=\"3803\" data-immersive-translate-walked=\"b31e2f32-1bc6-45e3-aa30-d4637aa88b2c\">PC de jeu ou station de travail haute puissance<\/strong> (Puissance nominale : 500W) : Choisir <strong data-start=\"3832\" data-end=\"3841\" data-immersive-translate-walked=\"b31e2f32-1bc6-45e3-aa30-d4637aa88b2c\">1000W<\/strong> AVR.<\/p>\n<\/li>\n<li data-start=\"3847\" data-end=\"3938\" data-immersive-translate-walked=\"b31e2f32-1bc6-45e3-aa30-d4637aa88b2c\">\n<p data-start=\"3849\" data-end=\"3938\" data-immersive-translate-walked=\"b31e2f32-1bc6-45e3-aa30-d4637aa88b2c\" data-immersive-translate-paragraph=\"1\"><strong data-start=\"3849\" data-end=\"3894\" data-immersive-translate-walked=\"b31e2f32-1bc6-45e3-aa30-d4637aa88b2c\">Appareils multiples ou appareils de grande puissance<\/strong> (Puissance nominale : 1000W) : Choisir <strong data-start=\"3924\" data-end=\"3933\" data-immersive-translate-walked=\"b31e2f32-1bc6-45e3-aa30-d4637aa88b2c\">2000W<\/strong> AVR.<\/p>\n<\/li>\n<\/ul>\n<p data-start=\"3940\" data-end=\"4039\" data-immersive-translate-walked=\"b31e2f32-1bc6-45e3-aa30-d4637aa88b2c\" data-immersive-translate-paragraph=\"1\">Nous recommandons de choisir un stabilisateur d'une capacit\u00e9 l\u00e9g\u00e8rement sup\u00e9rieure \u00e0 celle n\u00e9cessaire pour une meilleure protection.<\/p>\n<h3 data-start=\"4046\" data-end=\"4112\" data-immersive-translate-walked=\"b31e2f32-1bc6-45e3-aa30-d4637aa88b2c\"><strong data-start=\"4050\" data-end=\"4112\" data-immersive-translate-walked=\"b31e2f32-1bc6-45e3-aa30-d4637aa88b2c\" data-immersive-translate-paragraph=\"1\">Pourquoi choisir le stabilisateur de tension TND Servo pour votre maison ?<\/strong><\/h3>\n<ul data-start=\"4114\" data-end=\"4627\" data-immersive-translate-walked=\"b31e2f32-1bc6-45e3-aa30-d4637aa88b2c\">\n<li data-start=\"4114\" data-end=\"4254\" data-immersive-translate-walked=\"b31e2f32-1bc6-45e3-aa30-d4637aa88b2c\">\n<p data-start=\"4116\" data-end=\"4254\" data-immersive-translate-walked=\"b31e2f32-1bc6-45e3-aa30-d4637aa88b2c\" data-immersive-translate-paragraph=\"1\"><strong data-start=\"4116\" data-end=\"4144\" data-immersive-translate-walked=\"b31e2f32-1bc6-45e3-aa30-d4637aa88b2c\">Prot\u00e9gez vos appareils \u00e9lectroniques<\/strong>: Protection contre les pointes de tension, les surtensions et les chutes de tension qui peuvent provoquer des d\u00e9faillances du syst\u00e8me ou des dommages mat\u00e9riels.<\/p>\n<\/li>\n<li data-start=\"4255\" data-end=\"4383\" data-immersive-translate-walked=\"b31e2f32-1bc6-45e3-aa30-d4637aa88b2c\">\n<p data-start=\"4257\" data-end=\"4383\" data-immersive-translate-walked=\"b31e2f32-1bc6-45e3-aa30-d4637aa88b2c\" data-immersive-translate-paragraph=\"1\"><strong data-start=\"4257\" data-end=\"4283\" data-immersive-translate-walked=\"b31e2f32-1bc6-45e3-aa30-d4637aa88b2c\">Prolonger la dur\u00e9e de vie des appareils<\/strong>: R\u00e9duisez le risque de pannes mat\u00e9rielles et prolongez la dur\u00e9e de vie de vos appareils \u00e9lectrom\u00e9nagers et \u00e9lectroniques.<\/p>\n<\/li>\n<li data-start=\"4384\" data-end=\"4509\" data-immersive-translate-walked=\"b31e2f32-1bc6-45e3-aa30-d4637aa88b2c\">\n<p data-start=\"4386\" data-end=\"4509\" data-immersive-translate-walked=\"b31e2f32-1bc6-45e3-aa30-d4637aa88b2c\" data-immersive-translate-paragraph=\"1\"><strong data-start=\"4386\" data-end=\"4411\" data-immersive-translate-walked=\"b31e2f32-1bc6-45e3-aa30-d4637aa88b2c\">Alimentation \u00e9lectrique fiable<\/strong>: Garantit une tension constante et stable pour tous les appareils domestiques, m\u00eame dans les r\u00e9gions o\u00f9 le r\u00e9seau \u00e9lectrique est instable.<\/p>\n<\/li>\n<li data-start=\"4510\" data-end=\"4627\" data-immersive-translate-walked=\"b31e2f32-1bc6-45e3-aa30-d4637aa88b2c\">\n<p data-start=\"4512\" data-end=\"4627\" data-immersive-translate-walked=\"b31e2f32-1bc6-45e3-aa30-d4637aa88b2c\" data-immersive-translate-paragraph=\"1\"><strong data-start=\"4512\" data-end=\"4533\" data-immersive-translate-walked=\"b31e2f32-1bc6-45e3-aa30-d4637aa88b2c\">Efficacit\u00e9 \u00e9nerg\u00e9tique<\/strong>: Optimise l'utilisation de l'\u00e9nergie, en veillant \u00e0 ce que les appareils fonctionnent efficacement tout en r\u00e9duisant le gaspillage d'\u00e9nergie.<\/p>\n<\/li>\n<\/ul>\n<p data-start=\"4634\" data-end=\"4903\" data-is-last-node=\"\" data-is-only-node=\"\" data-immersive-translate-walked=\"b31e2f32-1bc6-45e3-aa30-d4637aa88b2c\" data-immersive-translate-paragraph=\"1\">Le <strong data-start=\"4638\" data-end=\"4689\" data-immersive-translate-walked=\"b31e2f32-1bc6-45e3-aa30-d4637aa88b2c\">TND 1KVA-5KVA Servo stabilisateur de tension pour la maison<\/strong> est votre solution de confiance pour maintenir une alimentation stable et fiable pour tous vos appareils \u00e9lectroniques domestiques. Assurez la protection, la long\u00e9vit\u00e9 et l'efficacit\u00e9 avec notre stabilisateur haute performance, con\u00e7u sp\u00e9cifiquement pour un usage domestique.<\/p>","protected":false},"excerpt":{"rendered":"<p>Assurez la protection et l'efficacit\u00e9 de vos appareils \u00e9lectrom\u00e9nagers avec le stabilisateur de tension TND 1KVA-5KVA Servo pour la maison. Ce stabilisateur avanc\u00e9 est con\u00e7u pour r\u00e9guler et maintenir des niveaux de tension stables, prot\u00e9geant ainsi vos appareils \u00e9lectroniques des effets n\u00e9fastes des fluctuations de tension. Id\u00e9al pour les m\u00e9nages poss\u00e9dant des appareils sensibles tels que des ordinateurs, des t\u00e9l\u00e9viseurs, des consoles de jeu et des appareils \u00e9lectrom\u00e9nagers, ce stabilisateur \u00e0 servocommande garantit une alimentation \u00e9lectrique r\u00e9guli\u00e8re pour une performance optimale des appareils.<\/p>","protected":false},"featured_media":22776,"comment_status":"closed","ping_status":"closed","template":"","meta":[],"product_brand":[116],"product_cat":[105,107],"product_tag":[],"class_list":{"0":"post-22735","1":"product","2":"type-product","3":"status-publish","4":"has-post-thumbnail","6":"product_brand-zhengxi","7":"product_cat-automatic-voltage-stabilizers","8":"product_cat-single-phase-voltage-stabilizers","10":"first","11":"instock","12":"shipping-taxable","13":"product-type-simple"},"yoast_head":"<!-- This site is optimized with the Yoast SEO plugin v25.3.1 - https:\/\/yoast.com\/wordpress\/plugins\/seo\/ -->\n<title>Wholesaler 1Kva-5Kva Servo Voltage Stabilizer For Home - SUNWAY<\/title>\n<meta name=\"robots\" content=\"index, follow, max-snippet:-1, max-image-preview:large, max-video-preview:-1\" \/>\n<link rel=\"canonical\" href=\"https:\/\/www.imypower.com\/fr\/produit\/1kva-5kva-servo-stabilisateur-de-tension-pour-la-maison\/\" \/>\n<meta property=\"og:locale\" content=\"fr_FR\" \/>\n<meta property=\"og:type\" content=\"article\" \/>\n<meta property=\"og:title\" content=\"Wholesaler 1Kva-5Kva Servo Voltage Stabilizer For Home - SUNWAY\" \/>\n<meta property=\"og:description\" content=\"Ensure the protection and efficient performance of your home appliances with the TND 1KVA-5KVA Servo Voltage Stabilizer for Home. This advanced stabilizer is designed to regulate and maintain stable voltage levels, protecting your valuable electronics from the harmful effects of voltage fluctuations. Ideal for households with sensitive devices such as computers, TVs, gaming consoles, and home appliances, this servo-controlled stabilizer guarantees a steady power supply for optimal device performance.\" \/>\n<meta property=\"og:url\" content=\"https:\/\/www.imypower.com\/fr\/produit\/1kva-5kva-servo-stabilisateur-de-tension-pour-la-maison\/\" \/>\n<meta property=\"og:site_name\" content=\"SUNWAY\" \/>\n<meta property=\"article:modified_time\" content=\"2025-07-05T05:51:51+00:00\" \/>\n<meta property=\"og:image\" content=\"https:\/\/www.imypower.com\/wp-content\/uploads\/2025\/06\/SVC-Servo-Type-AVR.webp\" \/>\n\t<meta property=\"og:image:width\" content=\"800\" \/>\n\t<meta property=\"og:image:height\" content=\"800\" \/>\n\t<meta property=\"og:image:type\" content=\"image\/webp\" \/>\n<meta name=\"twitter:card\" content=\"summary_large_image\" \/>\n<meta name=\"twitter:label1\" content=\"Dur\u00e9e de lecture estim\u00e9e\" \/>\n\t<meta name=\"twitter:data1\" content=\"3 minutes\" \/>\n<script type=\"application\/ld+json\" class=\"yoast-schema-graph\">{\"@context\":\"https:\/\/schema.org\",\"@graph\":[{\"@type\":\"WebPage\",\"@id\":\"https:\/\/www.imypower.com\/product\/1kva-5kva-servo-voltage-stabilizer-for-home\/\",\"url\":\"https:\/\/www.imypower.com\/product\/1kva-5kva-servo-voltage-stabilizer-for-home\/\",\"name\":\"Wholesaler 1Kva-5Kva Servo Voltage Stabilizer For Home - SUNWAY\",\"isPartOf\":{\"@id\":\"https:\/\/www.imypower.com\/#website\"},\"primaryImageOfPage\":{\"@id\":\"https:\/\/www.imypower.com\/product\/1kva-5kva-servo-voltage-stabilizer-for-home\/#primaryimage\"},\"image\":{\"@id\":\"https:\/\/www.imypower.com\/product\/1kva-5kva-servo-voltage-stabilizer-for-home\/#primaryimage\"},\"thumbnailUrl\":\"https:\/\/www.imypower.com\/wp-content\/uploads\/2025\/06\/SVC-Servo-Type-AVR.webp\",\"datePublished\":\"2025-06-24T07:12:24+00:00\",\"dateModified\":\"2025-07-05T05:51:51+00:00\",\"breadcrumb\":{\"@id\":\"https:\/\/www.imypower.com\/product\/1kva-5kva-servo-voltage-stabilizer-for-home\/#breadcrumb\"},\"inLanguage\":\"fr-FR\",\"potentialAction\":[{\"@type\":\"ReadAction\",\"target\":[\"https:\/\/www.imypower.com\/product\/1kva-5kva-servo-voltage-stabilizer-for-home\/\"]}]},{\"@type\":\"ImageObject\",\"inLanguage\":\"fr-FR\",\"@id\":\"https:\/\/www.imypower.com\/product\/1kva-5kva-servo-voltage-stabilizer-for-home\/#primaryimage\",\"url\":\"https:\/\/www.imypower.com\/wp-content\/uploads\/2025\/06\/SVC-Servo-Type-AVR.webp\",\"contentUrl\":\"https:\/\/www.imypower.com\/wp-content\/uploads\/2025\/06\/SVC-Servo-Type-AVR.webp\",\"width\":800,\"height\":800},{\"@type\":\"BreadcrumbList\",\"@id\":\"https:\/\/www.imypower.com\/product\/1kva-5kva-servo-voltage-stabilizer-for-home\/#breadcrumb\",\"itemListElement\":[{\"@type\":\"ListItem\",\"position\":1,\"name\":\"Home\",\"item\":\"https:\/\/www.imypower.com\/\"},{\"@type\":\"ListItem\",\"position\":2,\"name\":\"Products\",\"item\":\"https:\/\/www.imypower.com\/shop\/\"},{\"@type\":\"ListItem\",\"position\":3,\"name\":\"TND 1Kva-5Kva Servo Voltage Stabilizer For Home\"}]},{\"@type\":\"WebSite\",\"@id\":\"https:\/\/www.imypower.com\/#website\",\"url\":\"https:\/\/www.imypower.com\/\",\"name\":\"SUNWAY\",\"description\":\"\",\"potentialAction\":[{\"@type\":\"SearchAction\",\"target\":{\"@type\":\"EntryPoint\",\"urlTemplate\":\"https:\/\/www.imypower.com\/?s={search_term_string}\"},\"query-input\":{\"@type\":\"PropertyValueSpecification\",\"valueRequired\":true,\"valueName\":\"search_term_string\"}}],\"inLanguage\":\"fr-FR\"}]}<\/script>\n<!-- \/ Yoast SEO plugin. -->","yoast_head_json":{"title":"Grossiste 1Kva-5Kva Servo Voltage Stabilizer For Home - SUNWAY","robots":{"index":"index","follow":"follow","max-snippet":"max-snippet:-1","max-image-preview":"max-image-preview:large","max-video-preview":"max-video-preview:-1"},"canonical":"https:\/\/www.imypower.com\/fr\/produit\/1kva-5kva-servo-stabilisateur-de-tension-pour-la-maison\/","og_locale":"fr_FR","og_type":"article","og_title":"Wholesaler 1Kva-5Kva Servo Voltage Stabilizer For Home - SUNWAY","og_description":"Ensure the protection and efficient performance of your home appliances with the TND 1KVA-5KVA Servo Voltage Stabilizer for Home. This advanced stabilizer is designed to regulate and maintain stable voltage levels, protecting your valuable electronics from the harmful effects of voltage fluctuations. Ideal for households with sensitive devices such as computers, TVs, gaming consoles, and home appliances, this servo-controlled stabilizer guarantees a steady power supply for optimal device performance.","og_url":"https:\/\/www.imypower.com\/fr\/produit\/1kva-5kva-servo-stabilisateur-de-tension-pour-la-maison\/","og_site_name":"SUNWAY","article_modified_time":"2025-07-05T05:51:51+00:00","og_image":[{"width":800,"height":800,"url":"https:\/\/www.imypower.com\/wp-content\/uploads\/2025\/06\/SVC-Servo-Type-AVR.webp","type":"image\/webp"}],"twitter_card":"summary_large_image","twitter_misc":{"Dur\u00e9e de lecture estim\u00e9e":"3 minutes"},"schema":{"@context":"https:\/\/schema.org","@graph":[{"@type":"WebPage","@id":"https:\/\/www.imypower.com\/product\/1kva-5kva-servo-voltage-stabilizer-for-home\/","url":"https:\/\/www.imypower.com\/product\/1kva-5kva-servo-voltage-stabilizer-for-home\/","name":"Grossiste 1Kva-5Kva Servo Voltage Stabilizer For Home - SUNWAY","isPartOf":{"@id":"https:\/\/www.imypower.com\/#website"},"primaryImageOfPage":{"@id":"https:\/\/www.imypower.com\/product\/1kva-5kva-servo-voltage-stabilizer-for-home\/#primaryimage"},"image":{"@id":"https:\/\/www.imypower.com\/product\/1kva-5kva-servo-voltage-stabilizer-for-home\/#primaryimage"},"thumbnailUrl":"https:\/\/www.imypower.com\/wp-content\/uploads\/2025\/06\/SVC-Servo-Type-AVR.webp","datePublished":"2025-06-24T07:12:24+00:00","dateModified":"2025-07-05T05:51:51+00:00","breadcrumb":{"@id":"https:\/\/www.imypower.com\/product\/1kva-5kva-servo-voltage-stabilizer-for-home\/#breadcrumb"},"inLanguage":"fr-FR","potentialAction":[{"@type":"ReadAction","target":["https:\/\/www.imypower.com\/product\/1kva-5kva-servo-voltage-stabilizer-for-home\/"]}]},{"@type":"ImageObject","inLanguage":"fr-FR","@id":"https:\/\/www.imypower.com\/product\/1kva-5kva-servo-voltage-stabilizer-for-home\/#primaryimage","url":"https:\/\/www.imypower.com\/wp-content\/uploads\/2025\/06\/SVC-Servo-Type-AVR.webp","contentUrl":"https:\/\/www.imypower.com\/wp-content\/uploads\/2025\/06\/SVC-Servo-Type-AVR.webp","width":800,"height":800},{"@type":"BreadcrumbList","@id":"https:\/\/www.imypower.com\/product\/1kva-5kva-servo-voltage-stabilizer-for-home\/#breadcrumb","itemListElement":[{"@type":"ListItem","position":1,"name":"Home","item":"https:\/\/www.imypower.com\/"},{"@type":"ListItem","position":2,"name":"Products","item":"https:\/\/www.imypower.com\/shop\/"},{"@type":"ListItem","position":3,"name":"TND 1Kva-5Kva Servo Voltage Stabilizer For Home"}]},{"@type":"WebSite","@id":"https:\/\/www.imypower.com\/#website","url":"https:\/\/www.imypower.com\/","name":"SUNWAY","description":"","potentialAction":[{"@type":"SearchAction","target":{"@type":"EntryPoint","urlTemplate":"https:\/\/www.imypower.com\/?s={search_term_string}"},"query-input":{"@type":"PropertyValueSpecification","valueRequired":true,"valueName":"search_term_string"}}],"inLanguage":"fr-FR"}]}},"_links":{"self":[{"href":"https:\/\/www.imypower.com\/fr\/wp-json\/wp\/v2\/product\/22735","targetHints":{"allow":["GET"]}}],"collection":[{"href":"https:\/\/www.imypower.com\/fr\/wp-json\/wp\/v2\/product"}],"about":[{"href":"https:\/\/www.imypower.com\/fr\/wp-json\/wp\/v2\/types\/product"}],"replies":[{"embeddable":true,"href":"https:\/\/www.imypower.com\/fr\/wp-json\/wp\/v2\/comments?post=22735"}],"version-history":[{"count":4,"href":"https:\/\/www.imypower.com\/fr\/wp-json\/wp\/v2\/product\/22735\/revisions"}],"predecessor-version":[{"id":23020,"href":"https:\/\/www.imypower.com\/fr\/wp-json\/wp\/v2\/product\/22735\/revisions\/23020"}],"wp:featuredmedia":[{"embeddable":true,"href":"https:\/\/www.imypower.com\/fr\/wp-json\/wp\/v2\/media\/22776"}],"wp:attachment":[{"href":"https:\/\/www.imypower.com\/fr\/wp-json\/wp\/v2\/media?parent=22735"}],"wp:term":[{"taxonomy":"product_brand","embeddable":true,"href":"https:\/\/www.imypower.com\/fr\/wp-json\/wp\/v2\/product_brand?post=22735"},{"taxonomy":"product_cat","embeddable":true,"href":"https:\/\/www.imypower.com\/fr\/wp-json\/wp\/v2\/product_cat?post=22735"},{"taxonomy":"product_tag","embeddable":true,"href":"https:\/\/www.imypower.com\/fr\/wp-json\/wp\/v2\/product_tag?post=22735"}],"curies":[{"name":"wp","href":"https:\/\/api.w.org\/{rel}","templated":true}]}}