{"id":22717,"date":"2025-06-24T07:12:22","date_gmt":"2025-06-24T07:12:22","guid":{"rendered":"https:\/\/imypower.com\/?post_type=product&#038;p=22717"},"modified":"2025-07-03T07:41:54","modified_gmt":"2025-07-03T07:41:54","slug":"three-phase-servo-automatic-voltage-stabilizer","status":"publish","type":"product","link":"https:\/\/www.imypower.com\/fr\/produit\/three-phase-servo-automatic-voltage-stabilizer\/","title":{"rendered":"TNS6 Stabilisateur de tension automatique servo triphas\u00e9"},"content":{"rendered":"<h2>Principaux avantages du stabilisateur automatique de tension triphas\u00e9<\/h2>\n<p><strong>R\u00e9glage de la pr\u00e9cision du servomoteur<\/strong><\/p>\n<ul>\n<li>Le servomoteur int\u00e9gr\u00e9 ajuste le transformateur de haute pr\u00e9cision en temps r\u00e9el, avec une pr\u00e9cision de sortie de \u00b13% par rapport \u00e0 la valeur d\u00e9finie. La r\u00e9ponse rapide (&lt;1 seconde) corrige instantan\u00e9ment les baisses et les hausses de tension, ce qui est id\u00e9al pour les machines industrielles sensibles.<\/li>\n<\/ul>\n<p><strong>Suite de protection compl\u00e8te<\/strong><\/p>\n<ul>\n<li>Protection contre les surtensions et les sous-tensions : D\u00e9connexion automatique lorsque la tension d'entr\u00e9e d\u00e9passe le seuil de s\u00e9curit\u00e9 (260-450 VCA) et reconnexion apr\u00e8s un d\u00e9lai d\u00e9fini par l'utilisateur.<\/li>\n<li>Protection contre les surcharges et les courts-circuits : La d\u00e9tection intelligente du courant coupe la sortie en cas de surcharge ou de d\u00e9faut afin d'\u00e9viter tout dommage.<\/li>\n<li>Arr\u00eat en cas de surchauffe : Le capteur thermique surveille la temp\u00e9rature interne ; le ventilateur de refroidissement int\u00e9gr\u00e9 et la grille dissipent la chaleur pour maintenir le bruit \u00e0 \u226450dB.<\/li>\n<\/ul>\n<p><strong>Surveillance et contr\u00f4le conviviaux<\/strong><\/p>\n<ul>\n<li>Le panneau LED-LCD lumineux affiche en temps r\u00e9el les tensions d'entr\u00e9e et de sortie, le pourcentage de charge et les indicateurs de d\u00e9faut.<\/li>\n<li>Des commandes simples \u00e0 bouton-poussoir permettent aux op\u00e9rateurs de r\u00e9gler rapidement les param\u00e8tres de temps de retard et de tension de sortie.<\/li>\n<\/ul>\n<p><strong>Flexibilit\u00e9 d'installation et \u00e9volutivit\u00e9<\/strong><\/p>\n<ul>\n<li>Mod\u00e8les disponibles : 20kVA, 30kVA, 40kVA, 50kVA, 60kVA, 80kVA, 100kVA, 120kVA.<\/li>\n<li>Conception compacte au sol avec roulettes pour faciliter la mobilit\u00e9 de l'\u00e9quipement<\/li>\n<\/ul>\n<h2 class=\"wp-block-heading\">Param\u00e8tres techniques<\/h2>\n<table width=\"680\">\n<tbody>\n<tr>\n<td width=\"276\">Mod\u00e8le NO.<\/td>\n<td width=\"404\">TNS6<\/td>\n<\/tr>\n<tr>\n<td width=\"276\">Capacit\u00e9<\/td>\n<td width=\"404\">15KVA 20KVA 30KVA 40KVA 50KVA 60KVA 80KVA 100KVA 120KVA<\/td>\n<\/tr>\n<tr>\n<td width=\"276\">Phase<\/td>\n<td width=\"404\">Triphas\u00e9<\/td>\n<\/tr>\n<tr>\n<td width=\"276\">Tension d'entr\u00e9e<\/td>\n<td width=\"404\">AC 260-450V ou personnalis\u00e9<\/td>\n<\/tr>\n<tr>\n<td width=\"276\">Tension de sortie<\/td>\n<td width=\"404\">AC 380V ou personnalis\u00e9<\/td>\n<\/tr>\n<tr>\n<td width=\"276\">Fr\u00e9quence<\/td>\n<td width=\"404\">50Hz\/60Hz<\/td>\n<\/tr>\n<tr>\n<td width=\"276\">Pr\u00e9cision<\/td>\n<td width=\"404\">\u00b13%<\/td>\n<\/tr>\n<tr>\n<td width=\"276\">Efficacit\u00e9 du travail<\/td>\n<td width=\"404\">&gt;95%<\/td>\n<\/tr>\n<tr>\n<td width=\"276\">Type de contr\u00f4le<\/td>\n<td width=\"404\">Servomoteur<\/td>\n<\/tr>\n<tr>\n<td width=\"276\">Affichage num\u00e9rique<\/td>\n<td width=\"404\">Afficher la tension d'entr\u00e9e et de sortie<\/td>\n<\/tr>\n<tr>\n<td width=\"276\">Protection de l'environnement<\/td>\n<td width=\"404\">Surtension\/sous-tension, surcharge, court-circuit, surchauffe<\/td>\n<\/tr>\n<tr>\n<td width=\"276\">Temp\u00e9rature ambiante<\/td>\n<td width=\"404\">-10\u00b0C~+ 40\u00b0C<\/td>\n<\/tr>\n<tr>\n<td width=\"276\">Niveau sonore<\/td>\n<td width=\"404\">\u226450dB<\/td>\n<\/tr>\n<\/tbody>\n<\/table>\n<figure class=\"wp-block-table\">\n<div class=\"scroll\">\n<h2>Sp\u00e9cifications<\/h2>\n<table>\n<tbody>\n<tr>\n<td width=\"25.1800%\">MOD\u00c8LE<\/td>\n<td width=\"25.1800%\">Tension d'entr\u00e9e<\/td>\n<td width=\"22.4400%\">Tension de sortie<\/td>\n<td width=\"27.1800%\">Mesures (mm) Longueur*Largeur*Hauteur<\/td>\n<\/tr>\n<tr>\n<td width=\"25.1800%\">TNS6-15KVA<\/td>\n<td rowspan=\"2\" width=\"25.1800%\">260V~450V<\/td>\n<td rowspan=\"9\" width=\"22.4400%\">380V\u00b13%<\/td>\n<td width=\"27.1800%\">320*490*525<\/td>\n<\/tr>\n<tr>\n<td width=\"25.1800%\">TNS6-20KVA<\/td>\n<td width=\"27.1800%\">320*520*490<\/td>\n<\/tr>\n<tr>\n<td width=\"25.1800%\">TNS6-30KVA<\/td>\n<td rowspan=\"7\" width=\"25.1800%\">304V~456V<\/td>\n<td width=\"27.1800%\">415*470*880<\/td>\n<\/tr>\n<tr>\n<td width=\"25.1800%\">TNS6-40KVA<\/td>\n<td width=\"27.1800%\">415*470*880<\/td>\n<\/tr>\n<tr>\n<td width=\"25.1800%\">TNS6-50KVA<\/td>\n<td width=\"27.1800%\">450*560*1200<\/td>\n<\/tr>\n<tr>\n<td width=\"25.1800%\">TNS6-60KVA<\/td>\n<td width=\"27.1800%\">450*560*1200<\/td>\n<\/tr>\n<tr>\n<td width=\"25.1800%\">TNS6-80KVA<\/td>\n<td width=\"27.1800%\">540*620*1350<\/td>\n<\/tr>\n<tr>\n<td width=\"25.1800%\">TNS6-100KVA<\/td>\n<td width=\"27.1800%\">540*620*1350<\/td>\n<\/tr>\n<tr>\n<td width=\"25.1800%\">TNS6-120KVA<\/td>\n<td width=\"27.1800%\">540*620*1350<\/td>\n<\/tr>\n<\/tbody>\n<\/table>\n<\/div>\n<\/figure>\n<h2 class=\"wp-block-heading\"><strong>Analyse des produits<\/strong><\/h2>\n<table>\n<tbody>\n<tr>\n<td width=\"284\"><img fetchpriority=\"high\" decoding=\"async\" class=\"alignnone wp-image-2029 size-medium\" src=\"https:\/\/www.zhengxi1983.com\/wp-content\/uploads\/2024\/10\/SJW3-30KVA-243x300.webp\" alt=\"SJW3-30KVA\" width=\"243\" height=\"300\" \/><\/p>\n<p>\u2460 Bo\u00eetier m\u00e9tallique<br \/>\n\u2461 Affichage num\u00e9rique LED<br \/>\n\u2462 Touche de commutation de tension<br \/>\n\u2463 Ventilateur de refroidissement<br \/>\n\u2464 Grille de refroidissement<\/td>\n<td width=\"284\"><img decoding=\"async\" class=\"alignnone wp-image-2030 size-medium\" src=\"https:\/\/www.zhengxi1983.com\/wp-content\/uploads\/2024\/10\/TNS6-30KVA-243x300.webp\" alt=\"TNS-60kva\" width=\"243\" height=\"300\" \/><\/p>\n<p>\u2460 Bo\u00eetier m\u00e9tallique<br \/>\n\u2461 \u00c9cran \u00e0 cristaux liquides LED<br \/>\n\u2462 Trou de refroidissement<br \/>\n\u2463 Grille de refroidissement<\/td>\n<\/tr>\n<\/tbody>\n<\/table>\n<div class=\"wp-block-spacer\" aria-hidden=\"true\">\n<h2>Sc\u00e9narios d'application<\/h2>\n<ul>\n<li>Soudage industriel : Garantit un courant d'arc stable et une qualit\u00e9 de soudage constante en \u00e9liminant les chutes de tension pendant les pics de charge.<\/li>\n<li>CNC et machines-outils : Prot\u00e8ge les entra\u00eenements de pr\u00e9cision et les syst\u00e8mes de commande contre les fluctuations, r\u00e9duisant ainsi les taux de rebut et les temps d'arr\u00eat.<\/li>\n<li>Syst\u00e8mes de compresseurs et de pompes : Garantit un d\u00e9marrage et un fonctionnement fiables des moteurs dans les salles de compresseurs et les installations de traitement de l'eau.<\/li>\n<li>Lignes d'emballage et d'impression : Maintient une vitesse et un couple moteur constants pour les processus d'\u00e9tiquetage, de remplissage et d'impression \u00e0 grande vitesse.<\/li>\n<\/ul>\n<h2>FAQ<\/h2>\n<p><strong>Q1 : En quoi le stabilisateur triphas\u00e9 TNS6 diff\u00e8re-t-il d'un r\u00e9gulateur de tension statique ?<\/strong><br \/>\nA1 : Contrairement aux r\u00e9gulateurs statiques qui utilisent des thyristors ou des relais de changement de prise, le stabilisateur de tension automatique triphas\u00e9 TNS6 utilise un servomoteur pour ajuster en continu un transformateur de pr\u00e9cision. Cette conception permet d'obtenir une sortie plus r\u00e9guli\u00e8re, une r\u00e9ponse plus rapide et une plus grande durabilit\u00e9 sous de lourdes charges industrielles.<\/p>\n<p><strong>Q2 : Puis-je personnaliser la tension de sortie pour des applications non standard ?<\/strong><br \/>\nR2 : Oui. Bien que la sortie standard soit r\u00e9gl\u00e9e sur 380 VCA, nous proposons une personnalisation OEM pour d'autres tensions (par exemple, 400 VCA, 415 VCA) et d'autres plages d'entr\u00e9e. Veuillez contacter notre \u00e9quipe commerciale pour discuter des quantit\u00e9s minimales de commande et des d\u00e9tails de configuration.<\/p>\n<p><strong>Q3 : Quelle est la capacit\u00e9 recommand\u00e9e du stabilisateur pour ma machine \u00e0 souder ?<\/strong><br \/>\nA3 : Calculez la puissance maximale de d\u00e9marrage de votre machine \u00e0 souder (volts \u00d7 amp\u00e8res) et appliquez un facteur de s\u00e9curit\u00e9 de 3\u00d7. Par exemple, une machine tirant 30 A \u00e0 380 VAC n\u00e9cessite 11,4 kVA ; choisissez le mod\u00e8le standard suivant, tel que le TNS6-20 kVA, pour assurer un d\u00e9marrage fiable et un fonctionnement continu.<\/p>\n<p>Am\u00e9liorez la stabilit\u00e9 et la long\u00e9vit\u00e9 de votre \u00e9quipement triphas\u00e9 avec le stabilisateur de tension automatique triphas\u00e9 TNS6 20 kVA-120 kVA.<br \/>\nContactez-nous d\u00e8s aujourd'hui pour obtenir des devis d\u00e9taill\u00e9s, des consultations techniques ou pour organiser une visite d'usine !<\/p>\n<\/div>\n<div class=\"wp-block-columns is-layout-flex wp-container-core-columns-is-layout-1 wp-block-columns-is-layout-flex\">\n<div class=\"wp-block-column is-layout-flow wp-block-column-is-layout-flow\">\n<p>&nbsp;<\/p>\n<\/div>\n<\/div>","protected":false},"excerpt":{"rendered":"<p>Assurez une alimentation continue et contr\u00f4l\u00e9e avec pr\u00e9cision pour les charges triphas\u00e9es \u00e0 forte demande avec le <strong data-start=\"163\" data-end=\"218\" data-immersive-translate-walked=\"1ee2f7c5-8831-4a6e-bae9-75010a01ef4c\">TNS6 Stabilisateur de tension automatique servo triphas\u00e9<\/strong> s\u00e9rie. Con\u00e7ue pour les machines \u00e0 souder, les \u00e9quipements \u00e0 commande num\u00e9rique, les compresseurs et d'autres applications industrielles, cette s\u00e9rie est con\u00e7ue pour \u00eatre utilis\u00e9e dans le cadre d'un projet de d\u00e9veloppement durable. <strong data-start=\"326\" data-end=\"352\" data-immersive-translate-walked=\"1ee2f7c5-8831-4a6e-bae9-75010a01ef4c\">stabilisateur triphas\u00e9<\/strong> maintient la tension de sortie \u00e0 380 VAC (ou personnalis\u00e9e) malgr\u00e9 d'importantes fluctuations d'entr\u00e9e, pr\u00e9servant ainsi les performances de l'\u00e9quipement et prolongeant sa dur\u00e9e de vie.<\/p>","protected":false},"featured_media":22485,"comment_status":"closed","ping_status":"closed","template":"","meta":[],"product_brand":[],"product_cat":[106,105],"product_tag":[78],"class_list":{"0":"post-22717","1":"product","2":"type-product","3":"status-publish","4":"has-post-thumbnail","6":"product_cat-3-phase-voltage-stabilizer","7":"product_cat-automatic-voltage-stabilizers","8":"product_tag-servo-voltage-stabilizer","10":"first","11":"instock","12":"shipping-taxable","13":"product-type-simple"},"yoast_head":"<!-- This site is optimized with the Yoast SEO plugin v25.3.1 - https:\/\/yoast.com\/wordpress\/plugins\/seo\/ -->\n<title>Three Phase Servo Automatic Voltage Stabilizer Manufacturer - SUNWAY<\/title>\n<meta name=\"robots\" content=\"index, follow, max-snippet:-1, max-image-preview:large, max-video-preview:-1\" \/>\n<link rel=\"canonical\" href=\"https:\/\/www.imypower.com\/fr\/produit\/three-phase-servo-automatic-voltage-stabilizer\/\" \/>\n<meta property=\"og:locale\" content=\"fr_FR\" \/>\n<meta property=\"og:type\" content=\"article\" \/>\n<meta property=\"og:title\" content=\"Three Phase Servo Automatic Voltage Stabilizer Manufacturer - SUNWAY\" \/>\n<meta property=\"og:description\" content=\"Ensure continuous, precision\u2011controlled power for high\u2011demand three\u2011phase loads with the TNS6 Three Phase Servo Automatic Voltage Stabilizer series. Designed for welding machines, CNC equipment, compressors, and other industrial applications, this three phase stabilizer maintains output voltage at 380\u202fVAC (or customized) despite wide input fluctuations, safeguarding equipment performance and prolonging service life.\" \/>\n<meta property=\"og:url\" content=\"https:\/\/www.imypower.com\/fr\/produit\/three-phase-servo-automatic-voltage-stabilizer\/\" \/>\n<meta property=\"og:site_name\" content=\"SUNWAY\" \/>\n<meta property=\"article:modified_time\" content=\"2025-07-03T07:41:54+00:00\" \/>\n<meta property=\"og:image\" content=\"https:\/\/www.imypower.com\/wp-content\/uploads\/2025\/06\/TNS-60kva-China-industrial-three-phase-automatic-voltage-stabilizer.webp\" \/>\n\t<meta property=\"og:image:width\" content=\"600\" \/>\n\t<meta property=\"og:image:height\" content=\"600\" \/>\n\t<meta property=\"og:image:type\" content=\"image\/webp\" \/>\n<meta name=\"twitter:card\" content=\"summary_large_image\" \/>\n<meta name=\"twitter:label1\" content=\"Dur\u00e9e de lecture estim\u00e9e\" \/>\n\t<meta name=\"twitter:data1\" content=\"3 minutes\" \/>\n<script type=\"application\/ld+json\" class=\"yoast-schema-graph\">{\"@context\":\"https:\/\/schema.org\",\"@graph\":[{\"@type\":\"WebPage\",\"@id\":\"https:\/\/www.imypower.com\/product\/three-phase-servo-automatic-voltage-stabilizer\/\",\"url\":\"https:\/\/www.imypower.com\/product\/three-phase-servo-automatic-voltage-stabilizer\/\",\"name\":\"Three Phase Servo Automatic Voltage Stabilizer Manufacturer - SUNWAY\",\"isPartOf\":{\"@id\":\"https:\/\/www.imypower.com\/#website\"},\"primaryImageOfPage\":{\"@id\":\"https:\/\/www.imypower.com\/product\/three-phase-servo-automatic-voltage-stabilizer\/#primaryimage\"},\"image\":{\"@id\":\"https:\/\/www.imypower.com\/product\/three-phase-servo-automatic-voltage-stabilizer\/#primaryimage\"},\"thumbnailUrl\":\"https:\/\/www.imypower.com\/wp-content\/uploads\/2025\/06\/TNS-60kva-China-industrial-three-phase-automatic-voltage-stabilizer.webp\",\"datePublished\":\"2025-06-24T07:12:22+00:00\",\"dateModified\":\"2025-07-03T07:41:54+00:00\",\"breadcrumb\":{\"@id\":\"https:\/\/www.imypower.com\/product\/three-phase-servo-automatic-voltage-stabilizer\/#breadcrumb\"},\"inLanguage\":\"fr-FR\",\"potentialAction\":[{\"@type\":\"ReadAction\",\"target\":[\"https:\/\/www.imypower.com\/product\/three-phase-servo-automatic-voltage-stabilizer\/\"]}]},{\"@type\":\"ImageObject\",\"inLanguage\":\"fr-FR\",\"@id\":\"https:\/\/www.imypower.com\/product\/three-phase-servo-automatic-voltage-stabilizer\/#primaryimage\",\"url\":\"https:\/\/www.imypower.com\/wp-content\/uploads\/2025\/06\/TNS-60kva-China-industrial-three-phase-automatic-voltage-stabilizer.webp\",\"contentUrl\":\"https:\/\/www.imypower.com\/wp-content\/uploads\/2025\/06\/TNS-60kva-China-industrial-three-phase-automatic-voltage-stabilizer.webp\",\"width\":600,\"height\":600},{\"@type\":\"BreadcrumbList\",\"@id\":\"https:\/\/www.imypower.com\/product\/three-phase-servo-automatic-voltage-stabilizer\/#breadcrumb\",\"itemListElement\":[{\"@type\":\"ListItem\",\"position\":1,\"name\":\"Home\",\"item\":\"https:\/\/www.imypower.com\/\"},{\"@type\":\"ListItem\",\"position\":2,\"name\":\"Products\",\"item\":\"https:\/\/www.imypower.com\/shop\/\"},{\"@type\":\"ListItem\",\"position\":3,\"name\":\"TNS6 Three Phase Servo Automatic Voltage Stabilizer\"}]},{\"@type\":\"WebSite\",\"@id\":\"https:\/\/www.imypower.com\/#website\",\"url\":\"https:\/\/www.imypower.com\/\",\"name\":\"SUNWAY\",\"description\":\"\",\"potentialAction\":[{\"@type\":\"SearchAction\",\"target\":{\"@type\":\"EntryPoint\",\"urlTemplate\":\"https:\/\/www.imypower.com\/?s={search_term_string}\"},\"query-input\":{\"@type\":\"PropertyValueSpecification\",\"valueRequired\":true,\"valueName\":\"search_term_string\"}}],\"inLanguage\":\"fr-FR\"}]}<\/script>\n<!-- \/ Yoast SEO plugin. -->","yoast_head_json":{"title":"Fabricant de stabilisateurs de tension automatiques triphas\u00e9s - SUNWAY","robots":{"index":"index","follow":"follow","max-snippet":"max-snippet:-1","max-image-preview":"max-image-preview:large","max-video-preview":"max-video-preview:-1"},"canonical":"https:\/\/www.imypower.com\/fr\/produit\/three-phase-servo-automatic-voltage-stabilizer\/","og_locale":"fr_FR","og_type":"article","og_title":"Three Phase Servo Automatic Voltage Stabilizer Manufacturer - SUNWAY","og_description":"Ensure continuous, precision\u2011controlled power for high\u2011demand three\u2011phase loads with the TNS6 Three Phase Servo Automatic Voltage Stabilizer series. Designed for welding machines, CNC equipment, compressors, and other industrial applications, this three phase stabilizer maintains output voltage at 380\u202fVAC (or customized) despite wide input fluctuations, safeguarding equipment performance and prolonging service life.","og_url":"https:\/\/www.imypower.com\/fr\/produit\/three-phase-servo-automatic-voltage-stabilizer\/","og_site_name":"SUNWAY","article_modified_time":"2025-07-03T07:41:54+00:00","og_image":[{"width":600,"height":600,"url":"https:\/\/www.imypower.com\/wp-content\/uploads\/2025\/06\/TNS-60kva-China-industrial-three-phase-automatic-voltage-stabilizer.webp","type":"image\/webp"}],"twitter_card":"summary_large_image","twitter_misc":{"Dur\u00e9e de lecture estim\u00e9e":"3 minutes"},"schema":{"@context":"https:\/\/schema.org","@graph":[{"@type":"WebPage","@id":"https:\/\/www.imypower.com\/product\/three-phase-servo-automatic-voltage-stabilizer\/","url":"https:\/\/www.imypower.com\/product\/three-phase-servo-automatic-voltage-stabilizer\/","name":"Fabricant de stabilisateurs de tension automatiques triphas\u00e9s - SUNWAY","isPartOf":{"@id":"https:\/\/www.imypower.com\/#website"},"primaryImageOfPage":{"@id":"https:\/\/www.imypower.com\/product\/three-phase-servo-automatic-voltage-stabilizer\/#primaryimage"},"image":{"@id":"https:\/\/www.imypower.com\/product\/three-phase-servo-automatic-voltage-stabilizer\/#primaryimage"},"thumbnailUrl":"https:\/\/www.imypower.com\/wp-content\/uploads\/2025\/06\/TNS-60kva-China-industrial-three-phase-automatic-voltage-stabilizer.webp","datePublished":"2025-06-24T07:12:22+00:00","dateModified":"2025-07-03T07:41:54+00:00","breadcrumb":{"@id":"https:\/\/www.imypower.com\/product\/three-phase-servo-automatic-voltage-stabilizer\/#breadcrumb"},"inLanguage":"fr-FR","potentialAction":[{"@type":"ReadAction","target":["https:\/\/www.imypower.com\/product\/three-phase-servo-automatic-voltage-stabilizer\/"]}]},{"@type":"ImageObject","inLanguage":"fr-FR","@id":"https:\/\/www.imypower.com\/product\/three-phase-servo-automatic-voltage-stabilizer\/#primaryimage","url":"https:\/\/www.imypower.com\/wp-content\/uploads\/2025\/06\/TNS-60kva-China-industrial-three-phase-automatic-voltage-stabilizer.webp","contentUrl":"https:\/\/www.imypower.com\/wp-content\/uploads\/2025\/06\/TNS-60kva-China-industrial-three-phase-automatic-voltage-stabilizer.webp","width":600,"height":600},{"@type":"BreadcrumbList","@id":"https:\/\/www.imypower.com\/product\/three-phase-servo-automatic-voltage-stabilizer\/#breadcrumb","itemListElement":[{"@type":"ListItem","position":1,"name":"Home","item":"https:\/\/www.imypower.com\/"},{"@type":"ListItem","position":2,"name":"Products","item":"https:\/\/www.imypower.com\/shop\/"},{"@type":"ListItem","position":3,"name":"TNS6 Three Phase Servo Automatic Voltage Stabilizer"}]},{"@type":"WebSite","@id":"https:\/\/www.imypower.com\/#website","url":"https:\/\/www.imypower.com\/","name":"SUNWAY","description":"","potentialAction":[{"@type":"SearchAction","target":{"@type":"EntryPoint","urlTemplate":"https:\/\/www.imypower.com\/?s={search_term_string}"},"query-input":{"@type":"PropertyValueSpecification","valueRequired":true,"valueName":"search_term_string"}}],"inLanguage":"fr-FR"}]}},"_links":{"self":[{"href":"https:\/\/www.imypower.com\/fr\/wp-json\/wp\/v2\/product\/22717","targetHints":{"allow":["GET"]}}],"collection":[{"href":"https:\/\/www.imypower.com\/fr\/wp-json\/wp\/v2\/product"}],"about":[{"href":"https:\/\/www.imypower.com\/fr\/wp-json\/wp\/v2\/types\/product"}],"replies":[{"embeddable":true,"href":"https:\/\/www.imypower.com\/fr\/wp-json\/wp\/v2\/comments?post=22717"}],"version-history":[{"count":4,"href":"https:\/\/www.imypower.com\/fr\/wp-json\/wp\/v2\/product\/22717\/revisions"}],"predecessor-version":[{"id":23055,"href":"https:\/\/www.imypower.com\/fr\/wp-json\/wp\/v2\/product\/22717\/revisions\/23055"}],"wp:featuredmedia":[{"embeddable":true,"href":"https:\/\/www.imypower.com\/fr\/wp-json\/wp\/v2\/media\/22485"}],"wp:attachment":[{"href":"https:\/\/www.imypower.com\/fr\/wp-json\/wp\/v2\/media?parent=22717"}],"wp:term":[{"taxonomy":"product_brand","embeddable":true,"href":"https:\/\/www.imypower.com\/fr\/wp-json\/wp\/v2\/product_brand?post=22717"},{"taxonomy":"product_cat","embeddable":true,"href":"https:\/\/www.imypower.com\/fr\/wp-json\/wp\/v2\/product_cat?post=22717"},{"taxonomy":"product_tag","embeddable":true,"href":"https:\/\/www.imypower.com\/fr\/wp-json\/wp\/v2\/product_tag?post=22717"}],"curies":[{"name":"wp","href":"https:\/\/api.w.org\/{rel}","templated":true}]}}