{"id":22573,"date":"2025-06-24T07:11:39","date_gmt":"2025-06-24T07:11:39","guid":{"rendered":"https:\/\/imypower.com\/?post_type=product&#038;p=22573"},"modified":"2025-07-09T09:31:53","modified_gmt":"2025-07-09T09:31:53","slug":"china-single-phase-servo-motor-automatic-voltage-stabilizer","status":"publish","type":"product","link":"https:\/\/www.imypower.com\/fr\/produit\/china-single-phase-servo-motor-automatic-voltage-stabilizer\/","title":{"rendered":"Chine TND 5Kva Servo Motor Control Automatic Ac Voltage Stabilizers"},"content":{"rendered":"<h2>Caract\u00e9ristiques principales<\/h2>\n<p><strong>Servocommande de haute pr\u00e9cision<\/strong><br \/>\nLe servomoteur \u00e9lectronique ajuste les prises du transformateur en continu, fournissant une sortie \u00e0 \u00b13% de la tension nominale, ce qui est nettement sup\u00e9rieur aux unit\u00e9s de type relais.<\/p>\n<p><strong>Large plage de tension d'entr\u00e9e<\/strong><br \/>\nStandard : 140 V-260 V AC ; version ultra-basse : 90 V-260 V AC - parfaite pour les r\u00e9gions o\u00f9 les r\u00e9seaux \u00e9lectriques sont instables.<\/p>\n<p><strong>Conception portable et durable<\/strong><br \/>\nCoque m\u00e9tallique compacte (240 \u00d7 310 \u00d7 285 mm) avec poign\u00e9e ergonomique pour faciliter le transport et l'installation. Le rev\u00eatement en poudre r\u00e9siste \u00e0 la corrosion.<\/p>\n<p><strong>Afficheur num\u00e9rique \u00e0 LED<\/strong><br \/>\nLa lecture en temps r\u00e9el de la tension d'entr\u00e9e\/sortie et les indicateurs d'\u00e9tat simplifient la surveillance et le d\u00e9pannage.<\/p>\n<p><strong>Efficacit\u00e9 et protection exceptionnelles<\/strong><br \/>\nRendement &gt; 90%, sans distorsion de forme d'onde ajout\u00e9e. Les protections int\u00e9gr\u00e9es comprennent l'arr\u00eat en cas de sur\/sous-tension, de surcharge, de court-circuit et de surchauffe.<\/p>\n<p><strong>Options de sortie flexibles<\/strong><br \/>\nSortie standard : 220 V AC ; 110 V en option et r\u00e9glages personnalisables pour r\u00e9pondre aux besoins de diverses applications<\/p>\n<p><span style=\"font-size: 1.7em; font-weight: bold;\">Principaux param\u00e8tres techniques<\/span><\/p>\n<figure class=\"wp-block-table\">\n<div class=\"scroll\">\n<table class=\"has-fixed-layout\">\n<tbody>\n<tr>\n<td>Param\u00e8tres<\/td>\n<td>Monophas\u00e9<\/td>\n<td><span style=\"color: #0000ff;\">Triphas\u00e9<\/span><\/td>\n<\/tr>\n<tr>\n<td>Tension d'entr\u00e9e<\/td>\n<td>Mod\u00e8les ordinaires 140V-260\/300V, mod\u00e8les \u00e0 tr\u00e8s basse tension 90-260\/300V<\/td>\n<td>Tension de phase 160V-250V ; tension de ligne 277V-430V<\/td>\n<\/tr>\n<tr>\n<td>Tension de sortie<\/td>\n<td>220V (110V sur mesure)<\/td>\n<td>Tension de phase 200V, tension de ligne 380V ou personnalis\u00e9e<\/td>\n<\/tr>\n<tr>\n<td>Pr\u00e9cision de la r\u00e9gulation de la tension<\/td>\n<td>220V \u00b13% (110V \u00b16%)<\/td>\n<td>220V \u00b13% (380V \u00b13%)<\/td>\n<\/tr>\n<tr>\n<td>Fr\u00e9quence de travail<\/td>\n<td>50Hz\/60Hz<\/td>\n<td>50Hz\/60Hz<\/td>\n<\/tr>\n<tr>\n<td>Temps d'adaptation<\/td>\n<td>\u22641sec (lorsque la tension d'entr\u00e9e change)<\/td>\n<td>\u22641sec (lorsque la tension d'entr\u00e9e change)<\/td>\n<\/tr>\n<tr>\n<td>Temp\u00e9rature de fonctionnement<\/td>\n<td>-10\u2103~+40\u2103<\/td>\n<td>-5\u2103~+40\u2103<\/td>\n<\/tr>\n<tr>\n<td>Efficacit\u00e9<\/td>\n<td>&gt;90%<\/td>\n<td>&gt;90%<\/td>\n<\/tr>\n<tr>\n<td>Distorsion de la forme d'onde<\/td>\n<td>Pas de distorsion suppl\u00e9mentaire de la forme d'onde<\/td>\n<td>Pas de distorsion suppl\u00e9mentaire de la forme d'onde<\/td>\n<\/tr>\n<tr>\n<td>Facteur de puissance de la charge<\/td>\n<td>0.8<\/td>\n<td>0.8<\/td>\n<\/tr>\n<tr>\n<td>R\u00e9sistance \u00e9lectrique<\/td>\n<td>1500V\/1min<\/td>\n<td>1500V\/1min<\/td>\n<\/tr>\n<tr>\n<td>R\u00e9sistance de l'isolation<\/td>\n<td>&gt;2M\u03a9<\/td>\n<td>\u22652M\u03a9<\/td>\n<\/tr>\n<\/tbody>\n<\/table>\n<\/div>\n<\/figure>\n<figure class=\"wp-block-table\">\n<div class=\"scroll\">\n<table>\n<tbody>\n<tr>\n<td>Mod\u00e8le<\/td>\n<td>Plage de r\u00e9gulation de la tension<\/td>\n<td>Taille du produit<\/td>\n<td>Dimensions de l'emballage<\/td>\n<td>Net<br \/>\npoidsKGS<\/td>\n<td>Poids brut KGS<\/td>\n<\/tr>\n<tr>\n<td>TND-0.5KVA<\/td>\n<td>140V-260V<\/td>\n<td>192*172*145mm<\/td>\n<td>228*225*180mm<\/td>\n<td>3.3<\/td>\n<td>3.65<\/td>\n<\/tr>\n<tr>\n<td>TND-1KVA<\/td>\n<td>140V-260V<\/td>\n<td>208*208*165mm<\/td>\n<td>278*268*217mm<\/td>\n<td>5.4<\/td>\n<td>5.95<\/td>\n<\/tr>\n<tr>\n<td>TND-1.5KVA<\/td>\n<td>140V-260V<\/td>\n<td>208*208*165mm<\/td>\n<td>278*268*217mm<\/td>\n<td>5.7<\/td>\n<td>6.25<\/td>\n<\/tr>\n<tr>\n<td>TND-2KVA<\/td>\n<td>140V-260V<\/td>\n<td>240*255*200mm<\/td>\n<td>300*290*255mm<\/td>\n<td>7.4<\/td>\n<td>9.1<\/td>\n<\/tr>\n<tr>\n<td>TND-3KVA<\/td>\n<td>140V-260V<\/td>\n<td>232*282*230mm<\/td>\n<td>345*290*285mm<\/td>\n<td>11.3<\/td>\n<td>11.8<\/td>\n<\/tr>\n<tr>\n<td>TND-5KVA<\/td>\n<td>140V-260V<\/td>\n<td>240*310*285mm<\/td>\n<td>285*415*335mm<\/td>\n<td>14.4<\/td>\n<td>15.5<\/td>\n<\/tr>\n<tr>\n<td>TND-5KVA Ultra basse tension<\/td>\n<td>90V-260V<\/td>\n<td>240*310*285mm<\/td>\n<td>285*415*335mm<\/td>\n<td>16.3<\/td>\n<td>17.4<\/td>\n<\/tr>\n<tr>\n<td>TND-10KVA<\/td>\n<td>140V-300V<\/td>\n<td>315*340*540mm<\/td>\n<td>355*380*600mm<\/td>\n<td>34.6<\/td>\n<td>38.8<\/td>\n<\/tr>\n<tr>\n<td>TND-10KVA Ultra basse tension<\/td>\n<td>90V-260V<\/td>\n<td>315*340*540mm<\/td>\n<td>355*380*600mm<\/td>\n<td>39.4<\/td>\n<td>43.6<\/td>\n<\/tr>\n<tr>\n<td>TND-15KVA<\/td>\n<td>140V-300V<\/td>\n<td>350*400*610mm<\/td>\n<td>395*445*685mm<\/td>\n<td>51.5<\/td>\n<td>57<\/td>\n<\/tr>\n<tr>\n<td>TND-15KVA Ultra basse tension<\/td>\n<td>80V-300V<\/td>\n<td>350*400*610mm<\/td>\n<td>395*445*685mm<\/td>\n<td>54<\/td>\n<td>59.3<\/td>\n<\/tr>\n<tr>\n<td>TND-20KVA<\/td>\n<td>140V-300V<\/td>\n<td>350*400*610mm<\/td>\n<td>395*445*685mm<\/td>\n<td>53<\/td>\n<td>58.5<\/td>\n<\/tr>\n<tr>\n<td>TND-20KVA Ultra basse tension<\/td>\n<td>90V-260V<\/td>\n<td>350*400*780mm<\/td>\n<td>410*460*865mm<\/td>\n<td>75.5<\/td>\n<td>82.5<\/td>\n<\/tr>\n<tr>\n<td>TND-30KVA<\/td>\n<td>140V-300V<\/td>\n<td>350*400*780mm<\/td>\n<td>410*460*865mm<\/td>\n<td>70.5<\/td>\n<td>77.6<\/td>\n<\/tr>\n<tr>\n<td>TND-30KVA Ultra basse tension<\/td>\n<td>90V-260V<\/td>\n<td>350*400*780mm<\/td>\n<td>410*460*865mm<\/td>\n<td>85<\/td>\n<td>92.1<\/td>\n<\/tr>\n<tr>\n<td>TND-40KVA<\/td>\n<td>140V-260V<\/td>\n<td>350*400*780mm<\/td>\n<td>410*460*865mm<\/td>\n<td>77.5<\/td>\n<td>84.5<\/td>\n<\/tr>\n<tr>\n<td>TND-40KVA Ultra basse tension<\/td>\n<td>110V-260V<\/td>\n<td>550*450*1040mm<\/td>\n<td>520*610*1200mm<\/td>\n<td>123<\/td>\n<td>133.5<\/td>\n<\/tr>\n<tr>\n<td>TND-50KVA Ultra basse tension<\/td>\n<td>110V-260V<\/td>\n<td>550*450*1040mm<\/td>\n<td>520*610*1200mm<\/td>\n<td>133<\/td>\n<td>143.5<\/td>\n<\/tr>\n<\/tbody>\n<\/table>\n<h2 data-start=\"3198\" data-end=\"3423\" data-immersive-translate-walked=\"2928e854-be5f-4467-8351-2069b36ed75a\" data-immersive-translate-paragraph=\"1\">FAQ<\/h2>\n<p data-start=\"3198\" data-end=\"3423\" data-immersive-translate-walked=\"2928e854-be5f-4467-8351-2069b36ed75a\" data-immersive-translate-paragraph=\"1\"><strong data-start=\"3198\" data-end=\"3245\" data-immersive-translate-walked=\"2928e854-be5f-4467-8351-2069b36ed75a\" data-immersive-translate-paragraph=\"1\">Q1 : Qu'est-ce qui influence le prix du stabilisateur 5kVA ?<\/strong><br data-start=\"3245\" data-end=\"3248\" data-immersive-translate-walked=\"2928e854-be5f-4467-8351-2069b36ed75a\" \/>A1 : Les facteurs \u00e0 prendre en compte sont la quantit\u00e9 command\u00e9e, la personnalisation (plage de tension ultra-basse ou sortie sp\u00e9ciale), la marque (OEM\/ODM) et les conditions d'exp\u00e9dition. Les commandes en gros b\u00e9n\u00e9ficient de remises importantes.<\/p>\n<p data-start=\"3430\" data-end=\"3693\" data-immersive-translate-walked=\"2928e854-be5f-4467-8351-2069b36ed75a\" data-immersive-translate-paragraph=\"1\"><strong data-start=\"3430\" data-end=\"3490\" data-immersive-translate-walked=\"2928e854-be5f-4467-8351-2069b36ed75a\" data-immersive-translate-paragraph=\"1\">Q2 : Comment puis-je d\u00e9terminer si la TND-5KVA convient \u00e0 mon application ?<\/strong><br data-start=\"3490\" data-end=\"3493\" data-immersive-translate-walked=\"2928e854-be5f-4467-8351-2069b36ed75a\" \/>A2 : Calculez votre charge maximale VA (volts \u00d7 amp\u00e8res) dans des conditions de pointe et s\u00e9lectionnez le mod\u00e8le 5kVA si votre demande totale VA est inf\u00e9rieure \u00e0 4 kVA. Pr\u00e9voyez toujours une marge de s\u00e9curit\u00e9 de 20-25% pour les surtensions au d\u00e9marrage du moteur.<\/p>\n<p data-start=\"3700\" data-end=\"3962\" data-immersive-translate-walked=\"2928e854-be5f-4467-8351-2069b36ed75a\" data-immersive-translate-paragraph=\"1\"><strong data-start=\"3700\" data-end=\"3774\" data-immersive-translate-walked=\"2928e854-be5f-4467-8351-2069b36ed75a\" data-immersive-translate-paragraph=\"1\">Q3 : Quel entretien de routine est n\u00e9cessaire pour un servo-stabilisateur de 5 kVA ?<\/strong><br data-start=\"3774\" data-end=\"3777\" data-immersive-translate-walked=\"2928e854-be5f-4467-8351-2069b36ed75a\" \/>A3 : Veillez \u00e0 ce que les voies de ventilation soient d\u00e9gag\u00e9es, v\u00e9rifiez deux fois par an que le servomoteur et le transformateur ne sont pas poussi\u00e9reux et v\u00e9rifiez l'\u00e9talonnage de l'affichage num\u00e9rique. Les roulements \u00e9tanches ne n\u00e9cessitent aucune lubrification.<\/p>\n<p data-start=\"3969\" data-end=\"4162\" data-is-last-node=\"\" data-is-only-node=\"\" data-immersive-translate-walked=\"2928e854-be5f-4467-8351-2069b36ed75a\" data-immersive-translate-paragraph=\"1\">Assurez une alimentation stable et sans distorsion avec le TND <strong data-start=\"4028\" data-end=\"4047\" data-immersive-translate-walked=\"2928e854-be5f-4467-8351-2069b36ed75a\">Stabilisateur 5kVA<\/strong>-Con\u00e7us pour la pr\u00e9cision, construits pour durer et dont le prix s'adapte \u00e0 votre budget. Contactez-nous d\u00e8s aujourd'hui pour un devis personnalis\u00e9 !<\/p>\n<\/div>\n<\/figure>\n<p><img fetchpriority=\"high\" decoding=\"async\" class=\"alignnone wp-image-8205 size-full\" src=\"https:\/\/www.zhengxi1983.com\/wp-content\/uploads\/2024\/11\/SVC-1000VA-Digital-Meter-2USB-110V-220V-Automatic-Voltage-Stabilizer.webp\" alt=\"SVC-1000VA Digital Meter +2USB 110V 220V Stabilisateur de tension automatique\" width=\"790\" height=\"1284\" \/><\/p>\n<p>&nbsp;<\/p>","protected":false},"excerpt":{"rendered":"<p>Optimisez les performances et prot\u00e9gez vos \u00e9quipements sensibles avec la s\u00e9rie TND, en particulier le mod\u00e8le Stabilizer 5kVA, un stabilisateur robuste de 5kVA con\u00e7u avec une commande par servomoteur pour une r\u00e9gulation de tension ultra-pr\u00e9cise. Fabriqu\u00e9 \u00e0 Zhejiang, en Chine, et soutenu par les certifications CE et ISO 9001, cet appareil allie fiabilit\u00e9, portabilit\u00e9 et prix abordable, ce qui le rend id\u00e9al pour les laboratoires, les appareils m\u00e9dicaux, les petites machines et l'\u00e9lectronique critique.<\/p>","protected":false},"featured_media":22627,"comment_status":"closed","ping_status":"closed","template":"","meta":[],"product_brand":[],"product_cat":[105,107],"product_tag":[],"class_list":{"0":"post-22573","1":"product","2":"type-product","3":"status-publish","4":"has-post-thumbnail","6":"product_cat-automatic-voltage-stabilizers","7":"product_cat-single-phase-voltage-stabilizers","9":"first","10":"instock","11":"featured","12":"shipping-taxable","13":"product-type-simple"},"yoast_head":"<!-- This site is optimized with the Yoast SEO plugin v25.3.1 - https:\/\/yoast.com\/wordpress\/plugins\/seo\/ -->\n<title>Servo Control Voltage Stabilizer Factory | 5KVA-200KVA Competitive price - SUNWAY<\/title>\n<meta name=\"robots\" content=\"index, follow, max-snippet:-1, max-image-preview:large, max-video-preview:-1\" \/>\n<link rel=\"canonical\" href=\"https:\/\/www.imypower.com\/fr\/produit\/china-single-phase-servo-motor-automatic-voltage-stabilizer\/\" \/>\n<meta property=\"og:locale\" content=\"fr_FR\" \/>\n<meta property=\"og:type\" content=\"article\" \/>\n<meta property=\"og:title\" content=\"Servo Control Voltage Stabilizer Factory | 5KVA-200KVA Competitive price - SUNWAY\" \/>\n<meta property=\"og:description\" content=\"Optimize performance and protect your sensitive equipment with the TND series\u2014specifically the Stabilizer 5kVA model, a robust 5kVA stabilizer engineered with servo motor control for ultra\u2011precise voltage regulation. Made in Zhejiang, China, and backed by CE &amp; ISO\u202f9001 certification, this unit combines reliability, portability, and affordability, making it ideal for laboratories, medical devices, small machinery, and critical electronics.\" \/>\n<meta property=\"og:url\" content=\"https:\/\/www.imypower.com\/fr\/produit\/china-single-phase-servo-motor-automatic-voltage-stabilizer\/\" \/>\n<meta property=\"og:site_name\" content=\"SUNWAY\" \/>\n<meta property=\"article:modified_time\" content=\"2025-07-09T09:31:53+00:00\" \/>\n<meta property=\"og:image\" content=\"https:\/\/www.imypower.com\/wp-content\/uploads\/2025\/06\/TND-5KVA-Servo-Control-Single-Phase-Intelligent-Automatic-AC-Voltage-Stabilizer.webp\" \/>\n\t<meta property=\"og:image:width\" content=\"800\" \/>\n\t<meta property=\"og:image:height\" content=\"800\" \/>\n\t<meta property=\"og:image:type\" content=\"image\/webp\" \/>\n<meta name=\"twitter:card\" content=\"summary_large_image\" \/>\n<meta name=\"twitter:label1\" content=\"Dur\u00e9e de lecture estim\u00e9e\" \/>\n\t<meta name=\"twitter:data1\" content=\"3 minutes\" \/>\n<script type=\"application\/ld+json\" class=\"yoast-schema-graph\">{\"@context\":\"https:\/\/schema.org\",\"@graph\":[{\"@type\":\"WebPage\",\"@id\":\"https:\/\/www.imypower.com\/product\/china-single-phase-servo-motor-automatic-voltage-stabilizer\/\",\"url\":\"https:\/\/www.imypower.com\/product\/china-single-phase-servo-motor-automatic-voltage-stabilizer\/\",\"name\":\"Servo Control Voltage Stabilizer Factory | 5KVA-200KVA Competitive price - SUNWAY\",\"isPartOf\":{\"@id\":\"https:\/\/www.imypower.com\/#website\"},\"primaryImageOfPage\":{\"@id\":\"https:\/\/www.imypower.com\/product\/china-single-phase-servo-motor-automatic-voltage-stabilizer\/#primaryimage\"},\"image\":{\"@id\":\"https:\/\/www.imypower.com\/product\/china-single-phase-servo-motor-automatic-voltage-stabilizer\/#primaryimage\"},\"thumbnailUrl\":\"https:\/\/www.imypower.com\/wp-content\/uploads\/2025\/06\/TND-5KVA-Servo-Control-Single-Phase-Intelligent-Automatic-AC-Voltage-Stabilizer.webp\",\"datePublished\":\"2025-06-24T07:11:39+00:00\",\"dateModified\":\"2025-07-09T09:31:53+00:00\",\"breadcrumb\":{\"@id\":\"https:\/\/www.imypower.com\/product\/china-single-phase-servo-motor-automatic-voltage-stabilizer\/#breadcrumb\"},\"inLanguage\":\"fr-FR\",\"potentialAction\":[{\"@type\":\"ReadAction\",\"target\":[\"https:\/\/www.imypower.com\/product\/china-single-phase-servo-motor-automatic-voltage-stabilizer\/\"]}]},{\"@type\":\"ImageObject\",\"inLanguage\":\"fr-FR\",\"@id\":\"https:\/\/www.imypower.com\/product\/china-single-phase-servo-motor-automatic-voltage-stabilizer\/#primaryimage\",\"url\":\"https:\/\/www.imypower.com\/wp-content\/uploads\/2025\/06\/TND-5KVA-Servo-Control-Single-Phase-Intelligent-Automatic-AC-Voltage-Stabilizer.webp\",\"contentUrl\":\"https:\/\/www.imypower.com\/wp-content\/uploads\/2025\/06\/TND-5KVA-Servo-Control-Single-Phase-Intelligent-Automatic-AC-Voltage-Stabilizer.webp\",\"width\":800,\"height\":800},{\"@type\":\"BreadcrumbList\",\"@id\":\"https:\/\/www.imypower.com\/product\/china-single-phase-servo-motor-automatic-voltage-stabilizer\/#breadcrumb\",\"itemListElement\":[{\"@type\":\"ListItem\",\"position\":1,\"name\":\"Home\",\"item\":\"https:\/\/www.imypower.com\/\"},{\"@type\":\"ListItem\",\"position\":2,\"name\":\"Products\",\"item\":\"https:\/\/www.imypower.com\/shop\/\"},{\"@type\":\"ListItem\",\"position\":3,\"name\":\"China TND 5Kva Single Phase Servo Motor Control Automatic Ac Voltage Stabilizers\"}]},{\"@type\":\"WebSite\",\"@id\":\"https:\/\/www.imypower.com\/#website\",\"url\":\"https:\/\/www.imypower.com\/\",\"name\":\"SUNWAY\",\"description\":\"\",\"potentialAction\":[{\"@type\":\"SearchAction\",\"target\":{\"@type\":\"EntryPoint\",\"urlTemplate\":\"https:\/\/www.imypower.com\/?s={search_term_string}\"},\"query-input\":{\"@type\":\"PropertyValueSpecification\",\"valueRequired\":true,\"valueName\":\"search_term_string\"}}],\"inLanguage\":\"fr-FR\"}]}<\/script>\n<!-- \/ Yoast SEO plugin. -->","yoast_head_json":{"title":"Stabilisateur de tension \u00e0 servocommande Factory | 5KVA-200KVA Prix comp\u00e9titif - SUNWAY","robots":{"index":"index","follow":"follow","max-snippet":"max-snippet:-1","max-image-preview":"max-image-preview:large","max-video-preview":"max-video-preview:-1"},"canonical":"https:\/\/www.imypower.com\/fr\/produit\/china-single-phase-servo-motor-automatic-voltage-stabilizer\/","og_locale":"fr_FR","og_type":"article","og_title":"Servo Control Voltage Stabilizer Factory | 5KVA-200KVA Competitive price - SUNWAY","og_description":"Optimize performance and protect your sensitive equipment with the TND series\u2014specifically the Stabilizer 5kVA model, a robust 5kVA stabilizer engineered with servo motor control for ultra\u2011precise voltage regulation. Made in Zhejiang, China, and backed by CE &amp; ISO\u202f9001 certification, this unit combines reliability, portability, and affordability, making it ideal for laboratories, medical devices, small machinery, and critical electronics.","og_url":"https:\/\/www.imypower.com\/fr\/produit\/china-single-phase-servo-motor-automatic-voltage-stabilizer\/","og_site_name":"SUNWAY","article_modified_time":"2025-07-09T09:31:53+00:00","og_image":[{"width":800,"height":800,"url":"https:\/\/www.imypower.com\/wp-content\/uploads\/2025\/06\/TND-5KVA-Servo-Control-Single-Phase-Intelligent-Automatic-AC-Voltage-Stabilizer.webp","type":"image\/webp"}],"twitter_card":"summary_large_image","twitter_misc":{"Dur\u00e9e de lecture estim\u00e9e":"3 minutes"},"schema":{"@context":"https:\/\/schema.org","@graph":[{"@type":"WebPage","@id":"https:\/\/www.imypower.com\/product\/china-single-phase-servo-motor-automatic-voltage-stabilizer\/","url":"https:\/\/www.imypower.com\/product\/china-single-phase-servo-motor-automatic-voltage-stabilizer\/","name":"Stabilisateur de tension \u00e0 servocommande Factory | 5KVA-200KVA Prix comp\u00e9titif - SUNWAY","isPartOf":{"@id":"https:\/\/www.imypower.com\/#website"},"primaryImageOfPage":{"@id":"https:\/\/www.imypower.com\/product\/china-single-phase-servo-motor-automatic-voltage-stabilizer\/#primaryimage"},"image":{"@id":"https:\/\/www.imypower.com\/product\/china-single-phase-servo-motor-automatic-voltage-stabilizer\/#primaryimage"},"thumbnailUrl":"https:\/\/www.imypower.com\/wp-content\/uploads\/2025\/06\/TND-5KVA-Servo-Control-Single-Phase-Intelligent-Automatic-AC-Voltage-Stabilizer.webp","datePublished":"2025-06-24T07:11:39+00:00","dateModified":"2025-07-09T09:31:53+00:00","breadcrumb":{"@id":"https:\/\/www.imypower.com\/product\/china-single-phase-servo-motor-automatic-voltage-stabilizer\/#breadcrumb"},"inLanguage":"fr-FR","potentialAction":[{"@type":"ReadAction","target":["https:\/\/www.imypower.com\/product\/china-single-phase-servo-motor-automatic-voltage-stabilizer\/"]}]},{"@type":"ImageObject","inLanguage":"fr-FR","@id":"https:\/\/www.imypower.com\/product\/china-single-phase-servo-motor-automatic-voltage-stabilizer\/#primaryimage","url":"https:\/\/www.imypower.com\/wp-content\/uploads\/2025\/06\/TND-5KVA-Servo-Control-Single-Phase-Intelligent-Automatic-AC-Voltage-Stabilizer.webp","contentUrl":"https:\/\/www.imypower.com\/wp-content\/uploads\/2025\/06\/TND-5KVA-Servo-Control-Single-Phase-Intelligent-Automatic-AC-Voltage-Stabilizer.webp","width":800,"height":800},{"@type":"BreadcrumbList","@id":"https:\/\/www.imypower.com\/product\/china-single-phase-servo-motor-automatic-voltage-stabilizer\/#breadcrumb","itemListElement":[{"@type":"ListItem","position":1,"name":"Home","item":"https:\/\/www.imypower.com\/"},{"@type":"ListItem","position":2,"name":"Products","item":"https:\/\/www.imypower.com\/shop\/"},{"@type":"ListItem","position":3,"name":"China TND 5Kva Single Phase Servo Motor Control Automatic Ac Voltage Stabilizers"}]},{"@type":"WebSite","@id":"https:\/\/www.imypower.com\/#website","url":"https:\/\/www.imypower.com\/","name":"SUNWAY","description":"","potentialAction":[{"@type":"SearchAction","target":{"@type":"EntryPoint","urlTemplate":"https:\/\/www.imypower.com\/?s={search_term_string}"},"query-input":{"@type":"PropertyValueSpecification","valueRequired":true,"valueName":"search_term_string"}}],"inLanguage":"fr-FR"}]}},"_links":{"self":[{"href":"https:\/\/www.imypower.com\/fr\/wp-json\/wp\/v2\/product\/22573","targetHints":{"allow":["GET"]}}],"collection":[{"href":"https:\/\/www.imypower.com\/fr\/wp-json\/wp\/v2\/product"}],"about":[{"href":"https:\/\/www.imypower.com\/fr\/wp-json\/wp\/v2\/types\/product"}],"replies":[{"embeddable":true,"href":"https:\/\/www.imypower.com\/fr\/wp-json\/wp\/v2\/comments?post=22573"}],"version-history":[{"count":3,"href":"https:\/\/www.imypower.com\/fr\/wp-json\/wp\/v2\/product\/22573\/revisions"}],"predecessor-version":[{"id":23134,"href":"https:\/\/www.imypower.com\/fr\/wp-json\/wp\/v2\/product\/22573\/revisions\/23134"}],"wp:featuredmedia":[{"embeddable":true,"href":"https:\/\/www.imypower.com\/fr\/wp-json\/wp\/v2\/media\/22627"}],"wp:attachment":[{"href":"https:\/\/www.imypower.com\/fr\/wp-json\/wp\/v2\/media?parent=22573"}],"wp:term":[{"taxonomy":"product_brand","embeddable":true,"href":"https:\/\/www.imypower.com\/fr\/wp-json\/wp\/v2\/product_brand?post=22573"},{"taxonomy":"product_cat","embeddable":true,"href":"https:\/\/www.imypower.com\/fr\/wp-json\/wp\/v2\/product_cat?post=22573"},{"taxonomy":"product_tag","embeddable":true,"href":"https:\/\/www.imypower.com\/fr\/wp-json\/wp\/v2\/product_tag?post=22573"}],"curies":[{"name":"wp","href":"https:\/\/api.w.org\/{rel}","templated":true}]}}