{"id":22444,"date":"2025-06-24T07:11:17","date_gmt":"2025-06-24T07:11:17","guid":{"rendered":"https:\/\/imypower.com\/?post_type=product&#038;p=22444"},"modified":"2025-07-05T06:55:00","modified_gmt":"2025-07-05T06:55:00","slug":"1kva-10kva-wall-led-whole-house-voltage-stabilizer","status":"publish","type":"product","link":"https:\/\/www.imypower.com\/fr\/produit\/1kva-10kva-wall-led-whole-house-voltage-stabilizer\/","title":{"rendered":"Stabilisateur de tension TMB 1Kva-10Kva Wall LED Whole House"},"content":{"rendered":"<h2 class=\"wp-block-heading\">Caract\u00e9ristiques du produit<\/h2>\n<p><strong>Protection de l'ensemble de la maison<\/strong><br \/>\nR\u00e9gule et stabilise la tension pour tous les circuits en aval - plus besoin de stabilisateurs s\u00e9par\u00e9s pour des appareils individuels.<\/p>\n<p>\u2666 Conception murale peu encombrante<br \/>\nEmpreinte compacte de 180\u00d7100\u00d7275 mm \u00e0 280\u00d7180\u00d7360 mm ; s'installe facilement sur n'importe quel mur, lib\u00e9rant ainsi de l'espace au sol.<\/p>\n<p><strong>Contr\u00f4le des relais \u00e0 haut rendement<\/strong><br \/>\nLe relais \u00e0 commutation rapide assure une sortie \u00e0 \u00b110% du point de consigne 220 VAC, avec une efficacit\u00e9 \u00e9nerg\u00e9tique &gt;95% et sans distorsion de la forme d'onde.<\/p>\n<p><strong>S\u00e9curit\u00e9 multicouche<\/strong><br \/>\nProtections int\u00e9gr\u00e9es contre les surtensions, les sous-tensions, les surcharges, les courts-circuits et les surchauffes, ainsi qu'une temporisation s\u00e9lectionnable pour prot\u00e9ger les compresseurs.<\/p>\n<p><strong>Pr\u00e9cision num\u00e9rique<\/strong><br \/>\nL'\u00e9cran LED-LCD affiche en temps r\u00e9el les tensions d'entr\u00e9e et de sortie pour une surveillance instantan\u00e9e ; la commande par CPU assure une r\u00e9gulation pr\u00e9cise.<\/p>\n<p>Durable et fiable<br \/>\nLe bo\u00eetier m\u00e9tallique recouvert de poudre, le transformateur toro\u00efdal et les composants de qualit\u00e9 du circuit imprim\u00e9 r\u00e9sistent \u00e0 des conditions de fonctionnement de -10 \u00b0C \u00e0 +40 \u00b0C avec un bruit \u2264 50 dB.<\/p>\n<table style=\"border-collapse: collapse; width: 1337px; height: 465px;\" border=\"0\" width=\"288\" cellspacing=\"0\" cellpadding=\"0\">\n<tbody>\n<tr style=\"height: 13.50pt;\">\n<td class=\"et2\" style=\"height: 13.50pt; width: 54.00pt;\" width=\"72\" height=\"18\"><a href=\"https:\/\/www.zhengxi1983.com\/?attachment_id=8625\" target=\"_blank\" rel=\"noopener\"><img fetchpriority=\"high\" decoding=\"async\" class=\"wp-image-8625\" src=\"https:\/\/www.zhengxi1983.com\/wp-content\/uploads\/2024\/11\/1Kva-2Kva-Wall-LED-Whole-House-Voltage-Regulator-300x300.webp\" alt=\"R\u00e9gulateur de tension 1Kva-2Kva Wall LED Whole House\" width=\"400\" height=\"400\" \/><\/a><\/td>\n<td style=\"width: 54.00pt;\" width=\"72\"><img decoding=\"async\" class=\"wp-image-8626\" src=\"https:\/\/www.zhengxi1983.com\/wp-content\/uploads\/2024\/11\/3Kva-5Kva-Wall-LED-Whole-House-Voltage-stabilizer-300x300.webp\" alt=\"3Kva-5Kva Wall LED Whole House Stabilisateur de tension\" width=\"400\" height=\"400\" \/><\/td>\n<td style=\"width: 54.00pt;\" width=\"72\"><img decoding=\"async\" class=\"wp-image-8627\" src=\"https:\/\/www.zhengxi1983.com\/wp-content\/uploads\/2024\/11\/8Kva-10Kva-Wall-LED-home-Voltage-stabilizer-300x300.webp\" alt=\"8Kva-10Kva Wall LED home Stabilisateur de tension\" width=\"400\" height=\"400\" \/><\/td>\n<td style=\"width: 54.00pt;\" width=\"72\"><img loading=\"lazy\" decoding=\"async\" class=\"wp-image-8624\" src=\"https:\/\/www.zhengxi1983.com\/wp-content\/uploads\/2024\/11\/home-Voltage-stabilizer-Internal-display-300x300.webp\" alt=\"home Stabilisateur de tension Affichage interne\" width=\"400\" height=\"400\" \/><\/td>\n<\/tr>\n<tr style=\"height: 13.50pt;\">\n<td class=\"et2\" style=\"height: 13.50pt;\" height=\"18\">DMB 1Kva-2Kva<\/td>\n<td>DMB 3Kva-5Kva<\/td>\n<td>DMB 8Kva-10Kva<\/td>\n<td>Affichage interne<\/td>\n<\/tr>\n<\/tbody>\n<\/table>\n<h2 class=\"wp-block-heading\">Param\u00e8tres techniques<\/h2>\n<table width=\"651\">\n<tbody>\n<tr>\n<td width=\"196\">Mod\u00e8le<\/td>\n<td width=\"455\">DMB-1KVA DMB-2KVA DMB-3KVA DMB-5KVA DMB-8KVA DMB-10KVA<\/td>\n<\/tr>\n<tr>\n<td width=\"196\">Phase<\/td>\n<td width=\"455\">Monophas\u00e9<\/td>\n<\/tr>\n<tr>\n<td width=\"196\">Tension d'entr\u00e9e<\/td>\n<td width=\"455\">AC 80-260V ou personnalis\u00e9<\/td>\n<\/tr>\n<tr>\n<td width=\"196\">Tension de sortie<\/td>\n<td width=\"455\">AC 220V ou personnalis\u00e9<\/td>\n<\/tr>\n<tr>\n<td width=\"196\">Fr\u00e9quence<\/td>\n<td width=\"455\">50Hz\/60Hz<\/td>\n<\/tr>\n<tr>\n<td width=\"196\">Pr\u00e9cision<\/td>\n<td width=\"455\">\u00b110%<\/td>\n<\/tr>\n<tr>\n<td width=\"196\">Efficacit\u00e9 du travail<\/td>\n<td width=\"455\">&gt;95%<\/td>\n<\/tr>\n<tr>\n<td width=\"196\">Type de contr\u00f4le<\/td>\n<td width=\"455\">Type de relais<\/td>\n<\/tr>\n<tr>\n<td width=\"196\">Affichage num\u00e9rique<\/td>\n<td width=\"455\">Afficher la tension d'entr\u00e9e et de sortie<\/td>\n<\/tr>\n<tr>\n<td width=\"196\">Protection de l'environnement<\/td>\n<td width=\"455\">Surtension\/sous-tension, surcharge, court-circuit, surchauffe<\/td>\n<\/tr>\n<tr>\n<td width=\"196\">Temp\u00e9rature ambiante<\/td>\n<td width=\"455\">-10\u00b0C~+ 40\u00b0C<\/td>\n<\/tr>\n<tr>\n<td width=\"196\">Niveau sonore<\/td>\n<td width=\"455\">\u226450dB<\/td>\n<\/tr>\n<tr>\n<td width=\"196\">Nom du produit<\/td>\n<td width=\"455\">R\u00e9gulateur automatique de tension monophas\u00e9 Ac Stabilisateurs<\/td>\n<\/tr>\n<tr>\n<td width=\"196\">Couleur<\/td>\n<td width=\"455\">blanc ou personnalis\u00e9<\/td>\n<\/tr>\n<tr>\n<td width=\"196\">Temp\u00e9rature de fonctionnement<\/td>\n<td width=\"455\">-10\u2103~+40\u2103<\/td>\n<\/tr>\n<tr>\n<td width=\"196\">Temp\u00e9rature de stockage<\/td>\n<td width=\"455\">-15\u2103~+45\u2103<\/td>\n<\/tr>\n<tr>\n<td width=\"196\">Protection des circuits<\/td>\n<td width=\"455\">OUI<\/td>\n<\/tr>\n<\/tbody>\n<\/table>\n<h2>Sp\u00e9cifications<\/h2>\n<table width=\"648\">\n<tbody>\n<tr>\n<td width=\"162\">MOD\u00c8LE<\/td>\n<td width=\"162\">Tension d'entr\u00e9e<\/td>\n<td width=\"162\">Tension de sortie<\/td>\n<td width=\"162\">Mesures (mm) Longueur*Largeur*Hauteur<\/td>\n<\/tr>\n<tr>\n<td width=\"162\">DMB-1KVA<\/td>\n<td rowspan=\"6\" width=\"162\">80V~260V<\/td>\n<td rowspan=\"6\" width=\"162\">220V\u00b110%<\/td>\n<td width=\"162\">180*100*275<\/td>\n<\/tr>\n<tr>\n<td width=\"162\">DMB-2KVA<\/td>\n<td width=\"162\">180*100*275<\/td>\n<\/tr>\n<tr>\n<td width=\"162\">DMB-3KVA<\/td>\n<td width=\"162\">250*145*330<\/td>\n<\/tr>\n<tr>\n<td width=\"162\">DMB-5KVA<\/td>\n<td width=\"162\">250*145*330<\/td>\n<\/tr>\n<tr>\n<td width=\"162\">DMB-8KVA<\/td>\n<td width=\"162\">280*180*360<\/td>\n<\/tr>\n<tr>\n<td width=\"162\">DMB-10KVA<\/td>\n<td width=\"162\">280*180*360<\/td>\n<\/tr>\n<\/tbody>\n<\/table>\n<h2>Applications domestiques typiques<\/h2>\n<p>R\u00e9frig\u00e9rateurs et cong\u00e9lateurs<br \/>\nClimatiseurs de type split et de fen\u00eatre<br \/>\nT\u00e9l\u00e9viseurs LED\/LCD et home cin\u00e9ma<br \/>\nMachines \u00e0 laver et s\u00e8che-linge<br \/>\nOrdinateurs, routeurs et bureaux \u00e0 domicile<br \/>\nFours \u00e0 micro-ondes et appareils de cuisine<\/p>\n<h2>FAQ<\/h2>\n<p><strong>Q1 : Qu'est-ce qui fait de cet appareil un \"stabilisateur de tension pour toute la maison\" ?<\/strong><br \/>\nA1 : Contrairement aux stabilisateurs au point d'utilisation, la s\u00e9rie DMB se monte sur votre tableau de distribution principal pour r\u00e9guler la tension de toute votre maison, prot\u00e9geant simultan\u00e9ment tous les circuits de d\u00e9rivation et les appareils.<\/p>\n<p><strong>Q2 : Puis-je l'installer \u00e0 l'ext\u00e9rieur ou dans un endroit humide ?<\/strong><br \/>\nA2 : La s\u00e9rie DMB est con\u00e7ue pour des installations int\u00e9rieures s\u00e8ches. Pour les installations en ext\u00e9rieur ou \u00e0 forte humidit\u00e9, veuillez choisir un bo\u00eetier class\u00e9 IP ou nous contacter pour une solution personnalis\u00e9e de protection contre les intemp\u00e9ries.<\/p>\n<p><strong>Q3 : Comment s\u00e9lectionner le mod\u00e8le kVA adapt\u00e9 \u00e0 mon habitation ?<\/strong><br \/>\nA3 : Additionnez la puissance nominale (en kW) de vos principaux appareils et multipliez-la par 1,2-1,5 pour tenir compte de la surtension. Par exemple, une charge totale de 3 kW \u2192 choisissez au moins un stabilisateur de 5 kVA pour un fonctionnement s\u00fbr.<\/p>\n<p>Assurez-vous d'une alimentation \u00e9lectrique constante et fiable pour chaque pi\u00e8ce - choisissez d\u00e8s aujourd'hui le stabilisateur de tension monophas\u00e9 \u00e0 relais pour toute la maison de SUNWAY.<\/p>\n<figure class=\"wp-block-table\">\n<div class=\"scroll\">\n<p>&nbsp;<\/p>\n<div id=\"attachment_8612\" style=\"width: 290px\" class=\"wp-caption alignleft\"><img loading=\"lazy\" decoding=\"async\" aria-describedby=\"caption-attachment-8612\" class=\"wp-image-8612\" src=\"https:\/\/www.zhengxi1983.com\/wp-content\/uploads\/2024\/11\/Toroidal-Transformer-300x300.webp\" alt=\"Transformateur toro\u00efdal\" width=\"280\" height=\"280\" \/><p id=\"caption-attachment-8612\" class=\"wp-caption-text\">Transformateur toro\u00efdal<\/p><\/div>\n<div id=\"attachment_8613\" style=\"width: 290px\" class=\"wp-caption alignleft\"><a href=\"https:\/\/www.zhengxi1983.com\/?attachment_id=8613\"><img loading=\"lazy\" decoding=\"async\" aria-describedby=\"caption-attachment-8613\" class=\"wp-image-8613\" src=\"https:\/\/www.zhengxi1983.com\/wp-content\/uploads\/2024\/11\/PCB-Control-Board-300x300.webp\" alt=\"Carte de contr\u00f4le PCB\" width=\"280\" height=\"280\" \/><\/a><p id=\"caption-attachment-8613\" class=\"wp-caption-text\">Carte de contr\u00f4le PCB<\/p><\/div>\n<div id=\"attachment_8614\" style=\"width: 290px\" class=\"wp-caption alignleft\"><img loading=\"lazy\" decoding=\"async\" aria-describedby=\"caption-attachment-8614\" class=\"wp-image-8614\" src=\"https:\/\/www.zhengxi1983.com\/wp-content\/uploads\/2024\/11\/relay-voltage-stabilizer-Led-Color-Screen-300x300.webp\" alt=\"relais stabilisateur de tension \u00e9cran couleur \u00e0 diodes \u00e9lectroluminescentes\" width=\"280\" height=\"280\" \/><p id=\"caption-attachment-8614\" class=\"wp-caption-text\">\u00c9cran couleur \u00e0 diodes \u00e9lectroluminescentes<\/p><\/div>\n<\/div>\n<\/figure>\n<p>&nbsp;<\/p>","protected":false},"excerpt":{"rendered":"<p>Prot\u00e9gez tous les appareils \u00e9lectrom\u00e9nagers de votre maison gr\u00e2ce \u00e0 la gamme de produits ZHENGXI <strong data-start=\"191\" data-end=\"247\" data-immersive-translate-walked=\"4b577343-0777-45ec-b008-6decb531f0d2\">Stabilisateur automatique de tension monophas\u00e9 \u00e0 relais<\/strong>, con\u00e7u comme un <strong data-start=\"265\" data-end=\"299\" data-immersive-translate-walked=\"4b577343-0777-45ec-b008-6decb531f0d2\">Stabilisateur de tension pour toute la maison<\/strong> et con\u00e7u pour <strong data-start=\"317\" data-end=\"344\" data-immersive-translate-walked=\"4b577343-0777-45ec-b008-6decb531f0d2\">Stabilisateur de tension mural<\/strong> L'installation. Des r\u00e9frig\u00e9rateurs aux climatiseurs en passant par les ordinateurs et les t\u00e9l\u00e9viseurs, cette unit\u00e9 \u00e9conomique assure le bon fonctionnement de l'ensemble de votre foyer, m\u00eame dans les zones o\u00f9 le courant est instable.<\/p>","protected":false},"featured_media":22531,"comment_status":"closed","ping_status":"closed","template":"","meta":[],"product_brand":[116],"product_cat":[105,107],"product_tag":[80,108,82],"class_list":{"0":"post-22444","1":"product","2":"type-product","3":"status-publish","4":"has-post-thumbnail","6":"product_brand-zhengxi","7":"product_cat-automatic-voltage-stabilizers","8":"product_cat-single-phase-voltage-stabilizers","9":"product_tag-10kva-havells-voltage-stabilizer","10":"product_tag-10kva-stabilizer","11":"product_tag-wall-mount-voltage-stabilizer","13":"first","14":"instock","15":"shipping-taxable","16":"product-type-simple"},"yoast_head":"<!-- This site is optimized with the Yoast SEO plugin v25.3.1 - https:\/\/yoast.com\/wordpress\/plugins\/seo\/ -->\n<title>1Kva-10Kva Wall LED Whole House Voltage Stabilizer Factory - SUNWAY<\/title>\n<meta name=\"robots\" content=\"index, follow, max-snippet:-1, max-image-preview:large, max-video-preview:-1\" \/>\n<link rel=\"canonical\" href=\"https:\/\/www.imypower.com\/fr\/produit\/1kva-10kva-wall-led-whole-house-voltage-stabilizer\/\" \/>\n<meta property=\"og:locale\" content=\"fr_FR\" \/>\n<meta property=\"og:type\" content=\"article\" \/>\n<meta property=\"og:title\" content=\"1Kva-10Kva Wall LED Whole House Voltage Stabilizer Factory - SUNWAY\" \/>\n<meta property=\"og:description\" content=\"Protect every appliance in your home with ZHENGXI\u2019s Single Phase Relay-Type Automatic Voltage Stabilizer, engineered as a Whole House Voltage Stabilizer and designed for Wall Voltage Stabilizer installation. From refrigerators and air conditioners to computers and TVs, this cost-effective unit keeps your entire household running smoothly\u2014even in areas with unstable power.\" \/>\n<meta property=\"og:url\" content=\"https:\/\/www.imypower.com\/fr\/produit\/1kva-10kva-wall-led-whole-house-voltage-stabilizer\/\" \/>\n<meta property=\"og:site_name\" content=\"SUNWAY\" \/>\n<meta property=\"article:modified_time\" content=\"2025-07-05T06:55:00+00:00\" \/>\n<meta property=\"og:image\" content=\"https:\/\/www.imypower.com\/wp-content\/uploads\/2025\/06\/housed-voltage-regulator.webp\" \/>\n\t<meta property=\"og:image:width\" content=\"600\" \/>\n\t<meta property=\"og:image:height\" content=\"600\" \/>\n\t<meta property=\"og:image:type\" content=\"image\/webp\" \/>\n<meta name=\"twitter:card\" content=\"summary_large_image\" \/>\n<meta name=\"twitter:label1\" content=\"Dur\u00e9e de lecture estim\u00e9e\" \/>\n\t<meta name=\"twitter:data1\" content=\"4 minutes\" \/>\n<script type=\"application\/ld+json\" class=\"yoast-schema-graph\">{\"@context\":\"https:\/\/schema.org\",\"@graph\":[{\"@type\":\"WebPage\",\"@id\":\"https:\/\/www.imypower.com\/product\/1kva-10kva-wall-led-whole-house-voltage-stabilizer\/\",\"url\":\"https:\/\/www.imypower.com\/product\/1kva-10kva-wall-led-whole-house-voltage-stabilizer\/\",\"name\":\"1Kva-10Kva Wall LED Whole House Voltage Stabilizer Factory - SUNWAY\",\"isPartOf\":{\"@id\":\"https:\/\/www.imypower.com\/#website\"},\"primaryImageOfPage\":{\"@id\":\"https:\/\/www.imypower.com\/product\/1kva-10kva-wall-led-whole-house-voltage-stabilizer\/#primaryimage\"},\"image\":{\"@id\":\"https:\/\/www.imypower.com\/product\/1kva-10kva-wall-led-whole-house-voltage-stabilizer\/#primaryimage\"},\"thumbnailUrl\":\"https:\/\/www.imypower.com\/wp-content\/uploads\/2025\/06\/housed-voltage-regulator.webp\",\"datePublished\":\"2025-06-24T07:11:17+00:00\",\"dateModified\":\"2025-07-05T06:55:00+00:00\",\"breadcrumb\":{\"@id\":\"https:\/\/www.imypower.com\/product\/1kva-10kva-wall-led-whole-house-voltage-stabilizer\/#breadcrumb\"},\"inLanguage\":\"fr-FR\",\"potentialAction\":[{\"@type\":\"ReadAction\",\"target\":[\"https:\/\/www.imypower.com\/product\/1kva-10kva-wall-led-whole-house-voltage-stabilizer\/\"]}]},{\"@type\":\"ImageObject\",\"inLanguage\":\"fr-FR\",\"@id\":\"https:\/\/www.imypower.com\/product\/1kva-10kva-wall-led-whole-house-voltage-stabilizer\/#primaryimage\",\"url\":\"https:\/\/www.imypower.com\/wp-content\/uploads\/2025\/06\/housed-voltage-regulator.webp\",\"contentUrl\":\"https:\/\/www.imypower.com\/wp-content\/uploads\/2025\/06\/housed-voltage-regulator.webp\",\"width\":600,\"height\":600},{\"@type\":\"BreadcrumbList\",\"@id\":\"https:\/\/www.imypower.com\/product\/1kva-10kva-wall-led-whole-house-voltage-stabilizer\/#breadcrumb\",\"itemListElement\":[{\"@type\":\"ListItem\",\"position\":1,\"name\":\"Home\",\"item\":\"https:\/\/www.imypower.com\/\"},{\"@type\":\"ListItem\",\"position\":2,\"name\":\"Products\",\"item\":\"https:\/\/www.imypower.com\/shop\/\"},{\"@type\":\"ListItem\",\"position\":3,\"name\":\"TMB 1Kva-10Kva Wall LED Whole House Voltage Stabilizer\"}]},{\"@type\":\"WebSite\",\"@id\":\"https:\/\/www.imypower.com\/#website\",\"url\":\"https:\/\/www.imypower.com\/\",\"name\":\"SUNWAY\",\"description\":\"\",\"potentialAction\":[{\"@type\":\"SearchAction\",\"target\":{\"@type\":\"EntryPoint\",\"urlTemplate\":\"https:\/\/www.imypower.com\/?s={search_term_string}\"},\"query-input\":{\"@type\":\"PropertyValueSpecification\",\"valueRequired\":true,\"valueName\":\"search_term_string\"}}],\"inLanguage\":\"fr-FR\"}]}<\/script>\n<!-- \/ Yoast SEO plugin. -->","yoast_head_json":{"title":"1Kva-10Kva Stabilisateur de tension mural \u00e0 LED pour toute la maison - SUNWAY","robots":{"index":"index","follow":"follow","max-snippet":"max-snippet:-1","max-image-preview":"max-image-preview:large","max-video-preview":"max-video-preview:-1"},"canonical":"https:\/\/www.imypower.com\/fr\/produit\/1kva-10kva-wall-led-whole-house-voltage-stabilizer\/","og_locale":"fr_FR","og_type":"article","og_title":"1Kva-10Kva Wall LED Whole House Voltage Stabilizer Factory - SUNWAY","og_description":"Protect every appliance in your home with ZHENGXI\u2019s Single Phase Relay-Type Automatic Voltage Stabilizer, engineered as a Whole House Voltage Stabilizer and designed for Wall Voltage Stabilizer installation. From refrigerators and air conditioners to computers and TVs, this cost-effective unit keeps your entire household running smoothly\u2014even in areas with unstable power.","og_url":"https:\/\/www.imypower.com\/fr\/produit\/1kva-10kva-wall-led-whole-house-voltage-stabilizer\/","og_site_name":"SUNWAY","article_modified_time":"2025-07-05T06:55:00+00:00","og_image":[{"width":600,"height":600,"url":"https:\/\/www.imypower.com\/wp-content\/uploads\/2025\/06\/housed-voltage-regulator.webp","type":"image\/webp"}],"twitter_card":"summary_large_image","twitter_misc":{"Dur\u00e9e de lecture estim\u00e9e":"4 minutes"},"schema":{"@context":"https:\/\/schema.org","@graph":[{"@type":"WebPage","@id":"https:\/\/www.imypower.com\/product\/1kva-10kva-wall-led-whole-house-voltage-stabilizer\/","url":"https:\/\/www.imypower.com\/product\/1kva-10kva-wall-led-whole-house-voltage-stabilizer\/","name":"1Kva-10Kva Stabilisateur de tension mural \u00e0 LED pour toute la maison - SUNWAY","isPartOf":{"@id":"https:\/\/www.imypower.com\/#website"},"primaryImageOfPage":{"@id":"https:\/\/www.imypower.com\/product\/1kva-10kva-wall-led-whole-house-voltage-stabilizer\/#primaryimage"},"image":{"@id":"https:\/\/www.imypower.com\/product\/1kva-10kva-wall-led-whole-house-voltage-stabilizer\/#primaryimage"},"thumbnailUrl":"https:\/\/www.imypower.com\/wp-content\/uploads\/2025\/06\/housed-voltage-regulator.webp","datePublished":"2025-06-24T07:11:17+00:00","dateModified":"2025-07-05T06:55:00+00:00","breadcrumb":{"@id":"https:\/\/www.imypower.com\/product\/1kva-10kva-wall-led-whole-house-voltage-stabilizer\/#breadcrumb"},"inLanguage":"fr-FR","potentialAction":[{"@type":"ReadAction","target":["https:\/\/www.imypower.com\/product\/1kva-10kva-wall-led-whole-house-voltage-stabilizer\/"]}]},{"@type":"ImageObject","inLanguage":"fr-FR","@id":"https:\/\/www.imypower.com\/product\/1kva-10kva-wall-led-whole-house-voltage-stabilizer\/#primaryimage","url":"https:\/\/www.imypower.com\/wp-content\/uploads\/2025\/06\/housed-voltage-regulator.webp","contentUrl":"https:\/\/www.imypower.com\/wp-content\/uploads\/2025\/06\/housed-voltage-regulator.webp","width":600,"height":600},{"@type":"BreadcrumbList","@id":"https:\/\/www.imypower.com\/product\/1kva-10kva-wall-led-whole-house-voltage-stabilizer\/#breadcrumb","itemListElement":[{"@type":"ListItem","position":1,"name":"Home","item":"https:\/\/www.imypower.com\/"},{"@type":"ListItem","position":2,"name":"Products","item":"https:\/\/www.imypower.com\/shop\/"},{"@type":"ListItem","position":3,"name":"TMB 1Kva-10Kva Wall LED Whole House Voltage Stabilizer"}]},{"@type":"WebSite","@id":"https:\/\/www.imypower.com\/#website","url":"https:\/\/www.imypower.com\/","name":"SUNWAY","description":"","potentialAction":[{"@type":"SearchAction","target":{"@type":"EntryPoint","urlTemplate":"https:\/\/www.imypower.com\/?s={search_term_string}"},"query-input":{"@type":"PropertyValueSpecification","valueRequired":true,"valueName":"search_term_string"}}],"inLanguage":"fr-FR"}]}},"_links":{"self":[{"href":"https:\/\/www.imypower.com\/fr\/wp-json\/wp\/v2\/product\/22444","targetHints":{"allow":["GET"]}}],"collection":[{"href":"https:\/\/www.imypower.com\/fr\/wp-json\/wp\/v2\/product"}],"about":[{"href":"https:\/\/www.imypower.com\/fr\/wp-json\/wp\/v2\/types\/product"}],"replies":[{"embeddable":true,"href":"https:\/\/www.imypower.com\/fr\/wp-json\/wp\/v2\/comments?post=22444"}],"version-history":[{"count":8,"href":"https:\/\/www.imypower.com\/fr\/wp-json\/wp\/v2\/product\/22444\/revisions"}],"predecessor-version":[{"id":23077,"href":"https:\/\/www.imypower.com\/fr\/wp-json\/wp\/v2\/product\/22444\/revisions\/23077"}],"wp:featuredmedia":[{"embeddable":true,"href":"https:\/\/www.imypower.com\/fr\/wp-json\/wp\/v2\/media\/22531"}],"wp:attachment":[{"href":"https:\/\/www.imypower.com\/fr\/wp-json\/wp\/v2\/media?parent=22444"}],"wp:term":[{"taxonomy":"product_brand","embeddable":true,"href":"https:\/\/www.imypower.com\/fr\/wp-json\/wp\/v2\/product_brand?post=22444"},{"taxonomy":"product_cat","embeddable":true,"href":"https:\/\/www.imypower.com\/fr\/wp-json\/wp\/v2\/product_cat?post=22444"},{"taxonomy":"product_tag","embeddable":true,"href":"https:\/\/www.imypower.com\/fr\/wp-json\/wp\/v2\/product_tag?post=22444"}],"curies":[{"name":"wp","href":"https:\/\/api.w.org\/{rel}","templated":true}]}}