{"id":22809,"date":"2025-06-24T07:12:44","date_gmt":"2025-06-24T07:12:44","guid":{"rendered":"https:\/\/imypower.com\/?post_type=product&#038;p=22809"},"modified":"2025-06-25T03:06:23","modified_gmt":"2025-06-25T03:06:23","slug":"tns-3-phase-industrial-servo-electrical-voltage-stabilizer-20kva-120kva","status":"publish","type":"product","link":"https:\/\/www.imypower.com\/es\/product\/tns-3-phase-industrial-servo-electrical-voltage-stabilizer-20kva-120kva\/","title":{"rendered":"Estabilizador de tensi\u00f3n servo el\u00e9ctrico industrial trif\u00e1sico TNS 20kva-120kva"},"content":{"rendered":"<h2>Caracter\u00edsticas principales<\/h2>\n<p><strong>Regulaci\u00f3n independiente de la tensi\u00f3n trif\u00e1sica<\/strong><\/p>\n<ul>\n<li>Cada fase se autoestabiliza para que la salida est\u00e9 siempre equilibrada a pesar de las tensiones de entrada desequilibradas.<\/li>\n<\/ul>\n<p><strong>Servocontrol de alta precisi\u00f3n<\/strong><\/p>\n<ul>\n<li>Precisi\u00f3n de regulaci\u00f3n de tensi\u00f3n: 380V \u00b13% (ajustable) mediante sistema de escobillas de carb\u00f3n servomotorizadas.<\/li>\n<li>Respuesta r\u00e1pida a la variaci\u00f3n de entrada (tiempo de correcci\u00f3n &lt;1 segundo).<\/li>\n<\/ul>\n<p><strong>Protecci\u00f3n robusta<\/strong><\/p>\n<ul>\n<li>Opciones de protecci\u00f3n: Protecci\u00f3n contra sobretensi\u00f3n, subtensi\u00f3n, cortocircuito y temporizaci\u00f3n (retardo de arranque ajustable).<\/li>\n<li>Supresi\u00f3n de sobretensiones y desconexi\u00f3n autom\u00e1tica por sobrecarga.<\/li>\n<\/ul>\n<p><strong>Interfaz f\u00e1cil de usar<\/strong><\/p>\n<ul>\n<li>Visualizaci\u00f3n digital LED en tiempo real de la tensi\u00f3n, la corriente y el estado de los fallos.<\/li>\n<\/ul>\n<p><strong>Durabilidad industrial<\/strong><\/p>\n<ul>\n<li>Carcasa met\u00e1lica con pulverizaci\u00f3n ambiental anticorrosi\u00f3n (protecci\u00f3n IP20).<\/li>\n<li>Componentes termorresistentes y ventiladores de refrigeraci\u00f3n forzada para un funcionamiento continuo.<\/li>\n<\/ul>\n<table>\n<tbody>\n<tr>\n<td width=\"189\">\n<p><div id=\"attachment_11095\" style=\"width: 310px\" class=\"wp-caption alignnone\"><img fetchpriority=\"high\" decoding=\"async\" aria-describedby=\"caption-attachment-11095\" class=\"size-medium wp-image-11095\" src=\"https:\/\/www.zhengxi1983.com\/wp-content\/uploads\/2025\/03\/20KVA-40KVA-electric-stabilizer-300x300.webp\" alt=\"Estabilizador el\u00e9ctrico 20KVA-40KVA\" width=\"300\" height=\"300\" \/><p id=\"caption-attachment-11095\" class=\"wp-caption-text\">20KVA-40KVA<\/p><\/div><\/td>\n<td width=\"189\">\n<p><div id=\"attachment_11096\" style=\"width: 310px\" class=\"wp-caption alignnone\"><img decoding=\"async\" aria-describedby=\"caption-attachment-11096\" class=\"size-medium wp-image-11096\" src=\"https:\/\/www.zhengxi1983.com\/wp-content\/uploads\/2025\/03\/50KVA-60KVA-electric-voltage-stabilizer-300x300.webp\" alt=\"Estabilizador el\u00e9ctrico de tensi\u00f3n de 50KVA-60KVA\" width=\"300\" height=\"300\" \/><p id=\"caption-attachment-11096\" class=\"wp-caption-text\">50KVA-60KVA<\/p><\/div><\/td>\n<td width=\"189\">\n<p><div id=\"attachment_11097\" style=\"width: 310px\" class=\"wp-caption alignnone\"><img decoding=\"async\" aria-describedby=\"caption-attachment-11097\" class=\"size-medium wp-image-11097\" src=\"https:\/\/www.zhengxi1983.com\/wp-content\/uploads\/2025\/03\/80KVA-120KVA-servo-stabilizer-300x300.webp\" alt=\"Servoestabilizador 80KVA-120KVA\" width=\"300\" height=\"300\" \/><p id=\"caption-attachment-11097\" class=\"wp-caption-text\">80KVA-120KVA<\/p><\/div><\/td>\n<\/tr>\n<\/tbody>\n<\/table>\n<h2 class=\"wp-block-heading\">Par\u00e1metros t\u00e9cnicos<\/h2>\n<table width=\"680\">\n<tbody>\n<tr>\n<td width=\"276\">Modelo NO.<\/td>\n<td width=\"404\">TNS6<\/td>\n<\/tr>\n<tr>\n<td width=\"276\">Capacidad<\/td>\n<td width=\"404\">15KVA 20KVA 30KVA 40KVA 50KVA 60KVA 80KVA 100KVA 120KVA<\/td>\n<\/tr>\n<tr>\n<td width=\"276\">Fase<\/td>\n<td width=\"404\">Trif\u00e1sico<\/td>\n<\/tr>\n<tr>\n<td width=\"276\">Tensi\u00f3n de entrada<\/td>\n<td width=\"404\">CA 260-450 V o personalizada<\/td>\n<\/tr>\n<tr>\n<td width=\"276\">Tensi\u00f3n de salida<\/td>\n<td width=\"404\">CA 380 V o personalizado<\/td>\n<\/tr>\n<tr>\n<td width=\"276\">Frecuencia<\/td>\n<td width=\"404\">50 Hz\/60 Hz<\/td>\n<\/tr>\n<tr>\n<td width=\"276\">Precisi\u00f3n<\/td>\n<td width=\"404\">\u00b13%<\/td>\n<\/tr>\n<tr>\n<td width=\"276\">Eficacia del trabajo<\/td>\n<td width=\"404\">&gt;95%<\/td>\n<\/tr>\n<tr>\n<td width=\"276\">Tipo de control<\/td>\n<td width=\"404\">Servomotor<\/td>\n<\/tr>\n<tr>\n<td width=\"276\">Pantalla digital<\/td>\n<td width=\"404\">Mostrar tensi\u00f3n de entrada y salida<\/td>\n<\/tr>\n<tr>\n<td width=\"276\">Protecci\u00f3n<\/td>\n<td width=\"404\">Sobretensi\u00f3n\/subtensi\u00f3n, sobrecarga, cortocircuito, sobretemperatura<\/td>\n<\/tr>\n<tr>\n<td width=\"276\">Temperatura ambiente<\/td>\n<td width=\"404\">-10\u00b0C~+ 40\u00b0C<\/td>\n<\/tr>\n<tr>\n<td width=\"276\">Nivel de ruido<\/td>\n<td width=\"404\">\u226450dB<\/td>\n<\/tr>\n<\/tbody>\n<\/table>\n<figure class=\"wp-block-table\">\n<div class=\"scroll\">\n<h2>Especificaciones<\/h2>\n<table>\n<tbody>\n<tr>\n<td width=\"25.1800%\">MODELO<\/td>\n<td width=\"25.1800%\">Tensi\u00f3n de entrada<\/td>\n<td width=\"22.4400%\">Tensi\u00f3n de salida<\/td>\n<td width=\"27.1800%\">Medida(mm) Longitud*Ancho*Altura<\/td>\n<\/tr>\n<tr>\n<td width=\"25.1800%\">TNS6-15KVA<\/td>\n<td rowspan=\"2\" width=\"25.1800%\">260V~450V(rango personalizable)<\/td>\n<td rowspan=\"9\" width=\"22.4400%\">380V\u00b13%<\/td>\n<td width=\"27.1800%\">320*490*525<\/td>\n<\/tr>\n<tr>\n<td width=\"25.1800%\">TNS6-20KVA<\/td>\n<td width=\"27.1800%\">320*520*490<\/td>\n<\/tr>\n<tr>\n<td width=\"25.1800%\">TNS6-30KVA<\/td>\n<td rowspan=\"7\" width=\"25.1800%\">304V~456V(rango personalizable)<\/td>\n<td width=\"27.1800%\">415*470*880<\/td>\n<\/tr>\n<tr>\n<td width=\"25.1800%\">TNS6-40KVA<\/td>\n<td width=\"27.1800%\">415*470*880<\/td>\n<\/tr>\n<tr>\n<td width=\"25.1800%\">TNS6-50KVA<\/td>\n<td width=\"27.1800%\">450*560*1200<\/td>\n<\/tr>\n<tr>\n<td width=\"25.1800%\">TNS6-60KVA<\/td>\n<td width=\"27.1800%\">450*560*1200<\/td>\n<\/tr>\n<tr>\n<td width=\"25.1800%\">TNS6-80KVA<\/td>\n<td width=\"27.1800%\">540*620*1350<\/td>\n<\/tr>\n<tr>\n<td width=\"25.1800%\">TNS6-100KVA<\/td>\n<td width=\"27.1800%\">540*620*1350<\/td>\n<\/tr>\n<tr>\n<td width=\"25.1800%\">TNS6-120KVA<\/td>\n<td width=\"27.1800%\">540*620*1350<\/td>\n<\/tr>\n<\/tbody>\n<\/table>\n<\/div>\n<\/figure>\n<h2 class=\"wp-block-heading\"><strong>An\u00e1lisis de productos<\/strong><\/h2>\n<div class=\"wp-block-spacer\" aria-hidden=\"true\"><\/div>\n<div class=\"wp-block-columns is-layout-flex wp-container-core-columns-is-layout-1 wp-block-columns-is-layout-flex\">\n<div class=\"wp-block-column is-layout-flow wp-block-column-is-layout-flow\">\n<figure class=\"wp-block-image size-full wp-lightbox-container\" data-wp-context=\"{&quot;uploadedSrc&quot;:&quot;https:\/\/www.zhengxi1983.com\/wp-content\/uploads\/2024\/07\/SJW3-30KVA.webp&quot;,&quot;figureClassNames&quot;:&quot;wp-block-image size-full&quot;,&quot;figureStyles&quot;:null,&quot;imgClassNames&quot;:&quot;wp-image-4709&quot;,&quot;imgStyles&quot;:null,&quot;targetWidth&quot;:405,&quot;targetHeight&quot;:500,&quot;scaleAttr&quot;:false,&quot;ariaLabel&quot;:&quot;Enlarge image: Three Phase Voltage Stabilizer&quot;,&quot;alt&quot;:&quot;Three Phase Voltage Stabilizer&quot;}\" data-wp-interactive=\"core\/image\"><img loading=\"lazy\" decoding=\"async\" class=\"alignnone size-medium wp-image-2029\" src=\"https:\/\/lauramak.com\/wp-content\/uploads\/2024\/10\/SJW3-30KVA-243x300.webp\" alt=\"SJW3-30KVA\" width=\"243\" height=\"300\" \/><br \/>\n<button class=\"lightbox-trigger\" type=\"button\" aria-haspopup=\"dialog\" aria-label=\"Ampliar imagen: Estabilizador de tensi\u00f3n trif\u00e1sico\" data-wp-init=\"callbacks.initTriggerButton\" data-wp-on-async--click=\"actions.showLightbox\" data-wp-style--right=\"context.imageButtonRight\" data-wp-style--top=\"context.imageButtonTop\"><\/button><\/figure>\n<\/div>\n<div class=\"wp-block-column is-layout-flow wp-block-column-is-layout-flow\">\n<p>\u2460 Carcasa met\u00e1lica<br \/>\n\u2461 Pantalla digital LED<br \/>\n\u2462 Tecla de conmutaci\u00f3n de tensi\u00f3n<br \/>\n\u2463 Ventilador de refrigeraci\u00f3n<br \/>\n\u2464 Rejilla de refrigeraci\u00f3n<\/p>\n<\/div>\n<div class=\"wp-block-column is-layout-flow wp-block-column-is-layout-flow\">\n<figure class=\"wp-block-image size-full wp-lightbox-container\" data-wp-context=\"{&quot;uploadedSrc&quot;:&quot;https:\/\/www.zhengxi1983.com\/wp-content\/uploads\/2024\/07\/TNS6-30KVA.webp&quot;,&quot;figureClassNames&quot;:&quot;wp-block-image size-full&quot;,&quot;figureStyles&quot;:null,&quot;imgClassNames&quot;:&quot;wp-image-4708&quot;,&quot;imgStyles&quot;:null,&quot;targetWidth&quot;:405,&quot;targetHeight&quot;:500,&quot;scaleAttr&quot;:false,&quot;ariaLabel&quot;:&quot;Enlarge image: Voltage Stabilizer Manufacturers&quot;,&quot;alt&quot;:&quot;Voltage Stabilizer Manufacturers&quot;}\" data-wp-interactive=\"core\/image\"><img loading=\"lazy\" decoding=\"async\" class=\"alignnone size-medium wp-image-2030\" src=\"https:\/\/lauramak.com\/wp-content\/uploads\/2024\/10\/TNS6-30KVA-243x300.webp\" alt=\"TNS-60kva\" width=\"243\" height=\"300\" \/><br \/>\n<button class=\"lightbox-trigger\" type=\"button\" aria-haspopup=\"dialog\" aria-label=\"Ampliar imagen: Fabricantes de estabilizadores de tensi\u00f3n\" data-wp-init=\"callbacks.initTriggerButton\" data-wp-on-async--click=\"actions.showLightbox\" data-wp-style--right=\"context.imageButtonRight\" data-wp-style--top=\"context.imageButtonTop\"><\/button><\/figure>\n<\/div>\n<div class=\"wp-block-column is-layout-flow wp-block-column-is-layout-flow\">\n<p>\u2460 Caja met\u00e1lica<br \/>\n\u2461 Pantalla de cristal l\u00edquido LED<br \/>\n\u2462 Orificio de refrigeraci\u00f3n<br \/>\n\u2463 Rejilla de refrigeraci\u00f3n<\/p>\n<\/div>\n<\/div>\n<h2>Aplicaciones<\/h2>\n<p>Maquinaria industrial: M\u00e1quinas CNC, servoaccionamientos, sistemas PLC<br \/>\nPlantas de producci\u00f3n: L\u00edneas de montaje automatizadas, maquinaria de envasado<br \/>\nInfraestructuras cr\u00edticas: Centros de datos, dispositivos de imagen m\u00e9dica<\/p>\n<h2>\u00bfPor qu\u00e9 elegir nuestro servoestabilizador?<\/h2>\n<p>Fiabilidad de calidad industrial: Fabricado con componentes de alta resistencia para un uso 24\/7.<br \/>\nPersonalizable: Comunicaci\u00f3n RS485\/Modbus opcional para interfaz IoT.<br \/>\nCertificaciones: CE, ISO9001\uff0cCalidad garantizada<br \/>\nAdmite personalizaci\u00f3n OEM y ODM<\/p>\n<h2>Instalaci\u00f3n y asistencia<\/h2>\n<p>Cableado: Dise\u00f1o de bloque de terminales para facilitar las conexiones trif\u00e1sicas de entrada\/salida.<br \/>\nGarant\u00eda: 1 a\u00f1o de garant\u00eda est\u00e1ndar con asistencia t\u00e9cnica de por vida.<\/p>\n<p>Opciones personalizadas:<\/p>\n<p>Tiempo de retardo adaptable, caja estanca IP54, interruptores de doble bypass.<\/p>","protected":false},"excerpt":{"rendered":"<p>En <strong>Estabilizador de servotensi\u00f3n trif\u00e1sico<\/strong> est\u00e1 dise\u00f1ado para aplicaciones industriales que requieren un suministro el\u00e9ctrico estable y garantizado. Combina la tecnolog\u00eda de control de servomotores con funciones de protecci\u00f3n avanzadas para ofrecer una regulaci\u00f3n precisa de la tensi\u00f3n (380V\u00b13%) a equipos sensibles como m\u00e1quinas CNC, robots y l\u00edneas de producci\u00f3n.<\/p>","protected":false},"featured_media":22888,"comment_status":"closed","ping_status":"closed","template":"","meta":[],"product_brand":[116],"product_cat":[106,105],"product_tag":[76,77,78],"class_list":{"0":"post-22809","1":"product","2":"type-product","3":"status-publish","4":"has-post-thumbnail","6":"product_brand-zhengxi","7":"product_cat-3-phase-voltage-stabilizer","8":"product_cat-automatic-voltage-stabilizers","9":"product_tag-20kva-voltage-stabilizer","10":"product_tag-auto-voltage-regulator","11":"product_tag-servo-voltage-stabilizer","13":"first","14":"instock","15":"shipping-taxable","16":"product-type-simple"},"yoast_head":"<!-- This site is optimized with the Yoast SEO plugin v25.3.1 - https:\/\/yoast.com\/wordpress\/plugins\/seo\/ -->\n<title>TNS 3 Phase Industrial Servo Electrical Voltage Stabilizer 20kva-120kva - SUNWAY<\/title>\n<meta name=\"robots\" content=\"index, follow, max-snippet:-1, max-image-preview:large, max-video-preview:-1\" \/>\n<link rel=\"canonical\" href=\"https:\/\/www.imypower.com\/es\/product\/tns-3-phase-industrial-servo-electrical-voltage-stabilizer-20kva-120kva\/\" \/>\n<meta property=\"og:locale\" content=\"es_ES\" \/>\n<meta property=\"og:type\" content=\"article\" \/>\n<meta property=\"og:title\" content=\"TNS 3 Phase Industrial Servo Electrical Voltage Stabilizer 20kva-120kva - SUNWAY\" \/>\n<meta property=\"og:description\" content=\"The 3-phase servo voltage stabilizer is designed for industrial applications with the requirement of stable and guaranteed power supply. It combines servo motor control technology with advanced protection features to offer precise voltage regulation (380V\u00b13%) to sensitive equipment such as CNC machines, robots, and production lines.\" \/>\n<meta property=\"og:url\" content=\"https:\/\/www.imypower.com\/es\/product\/tns-3-phase-industrial-servo-electrical-voltage-stabilizer-20kva-120kva\/\" \/>\n<meta property=\"og:site_name\" content=\"SUNWAY\" \/>\n<meta property=\"article:modified_time\" content=\"2025-06-25T03:06:23+00:00\" \/>\n<meta property=\"og:image\" content=\"https:\/\/www.imypower.com\/wp-content\/uploads\/2025\/06\/TNS-3-Phase-Industrial-Servo-Electrical-Voltage-Stabilizer-50kva-60kva.webp\" \/>\n\t<meta property=\"og:image:width\" content=\"800\" \/>\n\t<meta property=\"og:image:height\" content=\"800\" \/>\n\t<meta property=\"og:image:type\" content=\"image\/webp\" \/>\n<meta name=\"twitter:card\" content=\"summary_large_image\" \/>\n<meta name=\"twitter:label1\" content=\"Tiempo de lectura\" \/>\n\t<meta name=\"twitter:data1\" content=\"2 minutos\" \/>\n<script type=\"application\/ld+json\" class=\"yoast-schema-graph\">{\"@context\":\"https:\/\/schema.org\",\"@graph\":[{\"@type\":\"WebPage\",\"@id\":\"https:\/\/www.imypower.com\/product\/tns-3-phase-industrial-servo-electrical-voltage-stabilizer-20kva-120kva\/\",\"url\":\"https:\/\/www.imypower.com\/product\/tns-3-phase-industrial-servo-electrical-voltage-stabilizer-20kva-120kva\/\",\"name\":\"TNS 3 Phase Industrial Servo Electrical Voltage Stabilizer 20kva-120kva - SUNWAY\",\"isPartOf\":{\"@id\":\"https:\/\/www.imypower.com\/#website\"},\"primaryImageOfPage\":{\"@id\":\"https:\/\/www.imypower.com\/product\/tns-3-phase-industrial-servo-electrical-voltage-stabilizer-20kva-120kva\/#primaryimage\"},\"image\":{\"@id\":\"https:\/\/www.imypower.com\/product\/tns-3-phase-industrial-servo-electrical-voltage-stabilizer-20kva-120kva\/#primaryimage\"},\"thumbnailUrl\":\"https:\/\/www.imypower.com\/wp-content\/uploads\/2025\/06\/TNS-3-Phase-Industrial-Servo-Electrical-Voltage-Stabilizer-50kva-60kva.webp\",\"datePublished\":\"2025-06-24T07:12:44+00:00\",\"dateModified\":\"2025-06-25T03:06:23+00:00\",\"breadcrumb\":{\"@id\":\"https:\/\/www.imypower.com\/product\/tns-3-phase-industrial-servo-electrical-voltage-stabilizer-20kva-120kva\/#breadcrumb\"},\"inLanguage\":\"es\",\"potentialAction\":[{\"@type\":\"ReadAction\",\"target\":[\"https:\/\/www.imypower.com\/product\/tns-3-phase-industrial-servo-electrical-voltage-stabilizer-20kva-120kva\/\"]}]},{\"@type\":\"ImageObject\",\"inLanguage\":\"es\",\"@id\":\"https:\/\/www.imypower.com\/product\/tns-3-phase-industrial-servo-electrical-voltage-stabilizer-20kva-120kva\/#primaryimage\",\"url\":\"https:\/\/www.imypower.com\/wp-content\/uploads\/2025\/06\/TNS-3-Phase-Industrial-Servo-Electrical-Voltage-Stabilizer-50kva-60kva.webp\",\"contentUrl\":\"https:\/\/www.imypower.com\/wp-content\/uploads\/2025\/06\/TNS-3-Phase-Industrial-Servo-Electrical-Voltage-Stabilizer-50kva-60kva.webp\",\"width\":800,\"height\":800},{\"@type\":\"BreadcrumbList\",\"@id\":\"https:\/\/www.imypower.com\/product\/tns-3-phase-industrial-servo-electrical-voltage-stabilizer-20kva-120kva\/#breadcrumb\",\"itemListElement\":[{\"@type\":\"ListItem\",\"position\":1,\"name\":\"Home\",\"item\":\"https:\/\/www.imypower.com\/\"},{\"@type\":\"ListItem\",\"position\":2,\"name\":\"Products\",\"item\":\"https:\/\/www.imypower.com\/shop\/\"},{\"@type\":\"ListItem\",\"position\":3,\"name\":\"TNS 3 Phase Industrial Servo Electrical Voltage Stabilizer 20kva-120kva\"}]},{\"@type\":\"WebSite\",\"@id\":\"https:\/\/www.imypower.com\/#website\",\"url\":\"https:\/\/www.imypower.com\/\",\"name\":\"SUNWAY\",\"description\":\"\",\"potentialAction\":[{\"@type\":\"SearchAction\",\"target\":{\"@type\":\"EntryPoint\",\"urlTemplate\":\"https:\/\/www.imypower.com\/?s={search_term_string}\"},\"query-input\":{\"@type\":\"PropertyValueSpecification\",\"valueRequired\":true,\"valueName\":\"search_term_string\"}}],\"inLanguage\":\"es\"}]}<\/script>\n<!-- \/ Yoast SEO plugin. -->","yoast_head_json":{"title":"Estabilizador de tensi\u00f3n servo el\u00e9ctrico industrial trif\u00e1sico TNS 20kva-120kva - SUNWAY","robots":{"index":"index","follow":"follow","max-snippet":"max-snippet:-1","max-image-preview":"max-image-preview:large","max-video-preview":"max-video-preview:-1"},"canonical":"https:\/\/www.imypower.com\/es\/product\/tns-3-phase-industrial-servo-electrical-voltage-stabilizer-20kva-120kva\/","og_locale":"es_ES","og_type":"article","og_title":"TNS 3 Phase Industrial Servo Electrical Voltage Stabilizer 20kva-120kva - SUNWAY","og_description":"The 3-phase servo voltage stabilizer is designed for industrial applications with the requirement of stable and guaranteed power supply. It combines servo motor control technology with advanced protection features to offer precise voltage regulation (380V\u00b13%) to sensitive equipment such as CNC machines, robots, and production lines.","og_url":"https:\/\/www.imypower.com\/es\/product\/tns-3-phase-industrial-servo-electrical-voltage-stabilizer-20kva-120kva\/","og_site_name":"SUNWAY","article_modified_time":"2025-06-25T03:06:23+00:00","og_image":[{"width":800,"height":800,"url":"https:\/\/www.imypower.com\/wp-content\/uploads\/2025\/06\/TNS-3-Phase-Industrial-Servo-Electrical-Voltage-Stabilizer-50kva-60kva.webp","type":"image\/webp"}],"twitter_card":"summary_large_image","twitter_misc":{"Tiempo de lectura":"2 minutos"},"schema":{"@context":"https:\/\/schema.org","@graph":[{"@type":"WebPage","@id":"https:\/\/www.imypower.com\/product\/tns-3-phase-industrial-servo-electrical-voltage-stabilizer-20kva-120kva\/","url":"https:\/\/www.imypower.com\/product\/tns-3-phase-industrial-servo-electrical-voltage-stabilizer-20kva-120kva\/","name":"Estabilizador de tensi\u00f3n servo el\u00e9ctrico industrial trif\u00e1sico TNS 20kva-120kva - SUNWAY","isPartOf":{"@id":"https:\/\/www.imypower.com\/#website"},"primaryImageOfPage":{"@id":"https:\/\/www.imypower.com\/product\/tns-3-phase-industrial-servo-electrical-voltage-stabilizer-20kva-120kva\/#primaryimage"},"image":{"@id":"https:\/\/www.imypower.com\/product\/tns-3-phase-industrial-servo-electrical-voltage-stabilizer-20kva-120kva\/#primaryimage"},"thumbnailUrl":"https:\/\/www.imypower.com\/wp-content\/uploads\/2025\/06\/TNS-3-Phase-Industrial-Servo-Electrical-Voltage-Stabilizer-50kva-60kva.webp","datePublished":"2025-06-24T07:12:44+00:00","dateModified":"2025-06-25T03:06:23+00:00","breadcrumb":{"@id":"https:\/\/www.imypower.com\/product\/tns-3-phase-industrial-servo-electrical-voltage-stabilizer-20kva-120kva\/#breadcrumb"},"inLanguage":"es","potentialAction":[{"@type":"ReadAction","target":["https:\/\/www.imypower.com\/product\/tns-3-phase-industrial-servo-electrical-voltage-stabilizer-20kva-120kva\/"]}]},{"@type":"ImageObject","inLanguage":"es","@id":"https:\/\/www.imypower.com\/product\/tns-3-phase-industrial-servo-electrical-voltage-stabilizer-20kva-120kva\/#primaryimage","url":"https:\/\/www.imypower.com\/wp-content\/uploads\/2025\/06\/TNS-3-Phase-Industrial-Servo-Electrical-Voltage-Stabilizer-50kva-60kva.webp","contentUrl":"https:\/\/www.imypower.com\/wp-content\/uploads\/2025\/06\/TNS-3-Phase-Industrial-Servo-Electrical-Voltage-Stabilizer-50kva-60kva.webp","width":800,"height":800},{"@type":"BreadcrumbList","@id":"https:\/\/www.imypower.com\/product\/tns-3-phase-industrial-servo-electrical-voltage-stabilizer-20kva-120kva\/#breadcrumb","itemListElement":[{"@type":"ListItem","position":1,"name":"Home","item":"https:\/\/www.imypower.com\/"},{"@type":"ListItem","position":2,"name":"Products","item":"https:\/\/www.imypower.com\/shop\/"},{"@type":"ListItem","position":3,"name":"TNS 3 Phase Industrial Servo Electrical Voltage Stabilizer 20kva-120kva"}]},{"@type":"WebSite","@id":"https:\/\/www.imypower.com\/#website","url":"https:\/\/www.imypower.com\/","name":"SUNWAY","description":"","potentialAction":[{"@type":"SearchAction","target":{"@type":"EntryPoint","urlTemplate":"https:\/\/www.imypower.com\/?s={search_term_string}"},"query-input":{"@type":"PropertyValueSpecification","valueRequired":true,"valueName":"search_term_string"}}],"inLanguage":"es"}]}},"_links":{"self":[{"href":"https:\/\/www.imypower.com\/es\/wp-json\/wp\/v2\/product\/22809","targetHints":{"allow":["GET"]}}],"collection":[{"href":"https:\/\/www.imypower.com\/es\/wp-json\/wp\/v2\/product"}],"about":[{"href":"https:\/\/www.imypower.com\/es\/wp-json\/wp\/v2\/types\/product"}],"replies":[{"embeddable":true,"href":"https:\/\/www.imypower.com\/es\/wp-json\/wp\/v2\/comments?post=22809"}],"version-history":[{"count":2,"href":"https:\/\/www.imypower.com\/es\/wp-json\/wp\/v2\/product\/22809\/revisions"}],"predecessor-version":[{"id":23017,"href":"https:\/\/www.imypower.com\/es\/wp-json\/wp\/v2\/product\/22809\/revisions\/23017"}],"wp:featuredmedia":[{"embeddable":true,"href":"https:\/\/www.imypower.com\/es\/wp-json\/wp\/v2\/media\/22888"}],"wp:attachment":[{"href":"https:\/\/www.imypower.com\/es\/wp-json\/wp\/v2\/media?parent=22809"}],"wp:term":[{"taxonomy":"product_brand","embeddable":true,"href":"https:\/\/www.imypower.com\/es\/wp-json\/wp\/v2\/product_brand?post=22809"},{"taxonomy":"product_cat","embeddable":true,"href":"https:\/\/www.imypower.com\/es\/wp-json\/wp\/v2\/product_cat?post=22809"},{"taxonomy":"product_tag","embeddable":true,"href":"https:\/\/www.imypower.com\/es\/wp-json\/wp\/v2\/product_tag?post=22809"}],"curies":[{"name":"wp","href":"https:\/\/api.w.org\/{rel}","templated":true}]}}