{"id":22735,"date":"2025-06-24T07:12:24","date_gmt":"2025-06-24T07:12:24","guid":{"rendered":"https:\/\/imypower.com\/?post_type=product&#038;p=22735"},"modified":"2025-07-05T05:51:51","modified_gmt":"2025-07-05T05:51:51","slug":"1kva-5kva-servo-voltage-stabilizer-for-home","status":"publish","type":"product","link":"https:\/\/www.imypower.com\/es\/product\/1kva-5kva-servo-voltage-stabilizer-for-home\/","title":{"rendered":"TND 1Kva-5Kva Servo Estabilizador De Voltaje Para El Hogar"},"content":{"rendered":"<h3 data-start=\"573\" data-end=\"593\" data-immersive-translate-walked=\"b31e2f32-1bc6-45e3-aa30-d4637aa88b2c\"><strong data-start=\"577\" data-end=\"593\" data-immersive-translate-walked=\"b31e2f32-1bc6-45e3-aa30-d4637aa88b2c\" data-immersive-translate-paragraph=\"1\">Caracter\u00edsticas principales<\/strong><\/h3>\n<ul data-start=\"595\" data-end=\"1600\" data-immersive-translate-walked=\"b31e2f32-1bc6-45e3-aa30-d4637aa88b2c\">\n<li data-start=\"595\" data-end=\"783\" data-immersive-translate-walked=\"b31e2f32-1bc6-45e3-aa30-d4637aa88b2c\">\n<p data-start=\"597\" data-end=\"783\" data-immersive-translate-walked=\"b31e2f32-1bc6-45e3-aa30-d4637aa88b2c\" data-immersive-translate-paragraph=\"1\"><strong data-start=\"597\" data-end=\"627\" data-immersive-translate-walked=\"b31e2f32-1bc6-45e3-aa30-d4637aa88b2c\">Regulaci\u00f3n precisa de la tensi\u00f3n<\/strong>: La tecnolog\u00eda servocontrolada garantiza que sus electrodom\u00e9sticos reciban una tensi\u00f3n constante y segura, evitando da\u00f1os por subidas y bajadas de tensi\u00f3n.<\/p>\n<\/li>\n<li data-start=\"785\" data-end=\"970\" data-immersive-translate-walked=\"b31e2f32-1bc6-45e3-aa30-d4637aa88b2c\">\n<p data-start=\"787\" data-end=\"970\" data-immersive-translate-walked=\"b31e2f32-1bc6-45e3-aa30-d4637aa88b2c\" data-immersive-translate-paragraph=\"1\"><strong data-start=\"787\" data-end=\"807\" data-immersive-translate-walked=\"b31e2f32-1bc6-45e3-aa30-d4637aa88b2c\">Protecci\u00f3n contra sobretensiones<\/strong>: El estabilizador incluye protecci\u00f3n integrada contra sobretensiones para protegerle de los rayos y los picos de tensi\u00f3n repentinos, evitando que se da\u00f1en los aparatos electr\u00f3nicos de su hogar.<\/p>\n<\/li>\n<li data-start=\"972\" data-end=\"1135\" data-immersive-translate-walked=\"b31e2f32-1bc6-45e3-aa30-d4637aa88b2c\">\n<p data-start=\"974\" data-end=\"1135\" data-immersive-translate-walked=\"b31e2f32-1bc6-45e3-aa30-d4637aa88b2c\" data-immersive-translate-paragraph=\"1\"><strong data-start=\"974\" data-end=\"1003\" data-immersive-translate-walked=\"b31e2f32-1bc6-45e3-aa30-d4637aa88b2c\">Arranque retardado en caso de fallo de alimentaci\u00f3n<\/strong>: Esta funci\u00f3n evita las descargas de tensi\u00f3n repentinas cuando se restablece la alimentaci\u00f3n tras un corte, lo que ayuda a prolongar la vida \u00fatil de los equipos.<\/p>\n<\/li>\n<li data-start=\"1137\" data-end=\"1320\" data-immersive-translate-walked=\"b31e2f32-1bc6-45e3-aa30-d4637aa88b2c\">\n<p data-start=\"1139\" data-end=\"1320\" data-immersive-translate-walked=\"b31e2f32-1bc6-45e3-aa30-d4637aa88b2c\" data-immersive-translate-paragraph=\"1\"><strong data-start=\"1139\" data-end=\"1170\" data-immersive-translate-walked=\"b31e2f32-1bc6-45e3-aa30-d4637aa88b2c\">M\u00faltiples protecciones de seguridad<\/strong>: Equipado con protecci\u00f3n contra sobrecarga, cortocircuito y sobrecalentamiento, el estabilizador garantiza un funcionamiento fiable a largo plazo sin comprometer la seguridad.<\/p>\n<\/li>\n<li data-start=\"1322\" data-end=\"1443\" data-immersive-translate-walked=\"b31e2f32-1bc6-45e3-aa30-d4637aa88b2c\">\n<p data-start=\"1324\" data-end=\"1443\" data-immersive-translate-walked=\"b31e2f32-1bc6-45e3-aa30-d4637aa88b2c\" data-immersive-translate-paragraph=\"1\"><strong data-start=\"1324\" data-end=\"1343\" data-immersive-translate-walked=\"b31e2f32-1bc6-45e3-aa30-d4637aa88b2c\">Funcionamiento silencioso<\/strong>: Dise\u00f1ado para funcionar silenciosamente, lo que lo hace ideal para hogares en los que es importante un entorno tranquilo.<\/p>\n<\/li>\n<li data-start=\"1445\" data-end=\"1600\" data-immersive-translate-walked=\"b31e2f32-1bc6-45e3-aa30-d4637aa88b2c\">\n<p data-start=\"1447\" data-end=\"1600\" data-immersive-translate-walked=\"b31e2f32-1bc6-45e3-aa30-d4637aa88b2c\" data-immersive-translate-paragraph=\"1\"><strong data-start=\"1447\" data-end=\"1469\" data-immersive-translate-walked=\"b31e2f32-1bc6-45e3-aa30-d4637aa88b2c\">Amplia gama de tensiones<\/strong>: Funciona tanto con sistemas de alimentaci\u00f3n de 110 V como de 220 V, por lo que es adecuado para una gran variedad de configuraciones dom\u00e9sticas y lugares con voltaje inestable.<\/p>\n<\/li>\n<\/ul>\n<h2>Par\u00e1metros t\u00e9cnicos<\/h2>\n<table width=\"674\">\n<tbody>\n<tr>\n<td width=\"232\">Modelo<\/td>\n<td width=\"442\">SVC5-1000VA SVC5-1500VA SVC5-2000VA SVC5-3000VA SVC5-5000VA<\/td>\n<\/tr>\n<tr>\n<td width=\"232\">Fase<\/td>\n<td width=\"442\">Monof\u00e1sico<\/td>\n<\/tr>\n<tr>\n<td width=\"232\">Tensi\u00f3n de entrada<\/td>\n<td width=\"442\">CA 90-260V o personalizado<\/td>\n<\/tr>\n<tr>\n<td width=\"232\">Tensi\u00f3n de salida<\/td>\n<td width=\"442\">AC 220V o personalizado<\/td>\n<\/tr>\n<tr>\n<td width=\"232\">Frecuencia<\/td>\n<td width=\"442\">50 Hz\/60 Hz<\/td>\n<\/tr>\n<tr>\n<td width=\"232\">Precisi\u00f3n<\/td>\n<td width=\"442\">\u00b13%<\/td>\n<\/tr>\n<tr>\n<td width=\"232\">Eficacia del trabajo<\/td>\n<td width=\"442\">&gt;95%<\/td>\n<\/tr>\n<tr>\n<td width=\"232\">Tipo de control<\/td>\n<td width=\"442\">Servomotor<\/td>\n<\/tr>\n<tr>\n<td width=\"232\">Pantalla digital<\/td>\n<td width=\"442\">Mostrar tensi\u00f3n de entrada y salida<\/td>\n<\/tr>\n<tr>\n<td width=\"232\">Protecci\u00f3n<\/td>\n<td width=\"442\">Sobretensi\u00f3n\/subtensi\u00f3n, sobrecarga, cortocircuito, sobretemperatura<\/td>\n<\/tr>\n<tr>\n<td width=\"232\">Temperatura ambiente<\/td>\n<td width=\"442\">-10\u00b0C~+ 40\u00b0C<\/td>\n<\/tr>\n<tr>\n<td width=\"232\">Nivel de ruido<\/td>\n<td width=\"442\">\u226450dB<\/td>\n<\/tr>\n<\/tbody>\n<\/table>\n<h2>Especificaciones<\/h2>\n<table width=\"636\">\n<tbody>\n<tr>\n<td width=\"183\">MODELO<\/td>\n<td width=\"113\">Tensi\u00f3n de entrada<\/td>\n<td width=\"121\">Tensi\u00f3n de salida<\/td>\n<td width=\"219\">Medida(mm) Longitud*Ancho*Altura<\/td>\n<\/tr>\n<tr>\n<td width=\"183\">SVC5-1000VA<\/td>\n<td rowspan=\"5\" width=\"113\">90V~260V<\/td>\n<td rowspan=\"5\" width=\"121\">220V\u00b13%<\/td>\n<td width=\"219\">210*200*165<\/td>\n<\/tr>\n<tr>\n<td width=\"183\">SVC5-1500VA<\/td>\n<td width=\"219\">210*200*165<\/td>\n<\/tr>\n<tr>\n<td width=\"183\">SVC5-2000VA<\/td>\n<td width=\"219\">240*290*200<\/td>\n<\/tr>\n<tr>\n<td width=\"183\">SVC5-3000VA<\/td>\n<td width=\"219\">240*290*200<\/td>\n<\/tr>\n<tr>\n<td width=\"183\">SVC5-5000VA<\/td>\n<td width=\"219\">245*315*265<\/td>\n<\/tr>\n<\/tbody>\n<\/table>\n<h2><img fetchpriority=\"high\" decoding=\"async\" class=\"alignnone wp-image-11088 size-full\" src=\"https:\/\/www.zhengxi1983.com\/wp-content\/uploads\/2025\/03\/avr-for-computer.webp\" alt=\"avr para ordenador\" width=\"874\" height=\"796\" \/><\/h2>\n<h2>Perfecto para uso dom\u00e9stico<\/h2>\n<ul>\n<li>PCs y port\u00e1tiles: Proteja sus sistemas inform\u00e1ticos dom\u00e9sticos de la inestabilidad de la tensi\u00f3n.<\/li>\n<li>Televisores y equipos de audio: Protege los sistemas de entretenimiento de gama alta de las fluctuaciones de energ\u00eda.<\/li>\n<li>Consolas de juegos: Garantice un funcionamiento suave y seguro de sus dispositivos de juego.<\/li>\n<li>Electrodom\u00e9sticos: Proteja frigor\u00edficos, microondas y otros electrodom\u00e9sticos sensibles de las subidas de tensi\u00f3n.<\/li>\n<\/ul>\n<h3 data-start=\"3517\" data-end=\"3587\" data-immersive-translate-walked=\"b31e2f32-1bc6-45e3-aa30-d4637aa88b2c\"><strong data-start=\"3521\" data-end=\"3587\" data-immersive-translate-walked=\"b31e2f32-1bc6-45e3-aa30-d4637aa88b2c\" data-immersive-translate-paragraph=\"1\">C\u00f3mo elegir el servoestabilizador de tensi\u00f3n adecuado para su hogar<\/strong><\/h3>\n<p data-start=\"3589\" data-end=\"3634\" data-immersive-translate-walked=\"b31e2f32-1bc6-45e3-aa30-d4637aa88b2c\" data-immersive-translate-paragraph=\"1\">Para seleccionar el estabilizador ideal para su hogar:<\/p>\n<p data-start=\"3636\" data-end=\"3696\" data-immersive-translate-walked=\"b31e2f32-1bc6-45e3-aa30-d4637aa88b2c\"><strong data-start=\"3636\" data-end=\"3696\" data-immersive-translate-walked=\"b31e2f32-1bc6-45e3-aa30-d4637aa88b2c\" data-immersive-translate-paragraph=\"1\">Potencia necesaria del regulador = Potencia del dispositivo \u00d7 2 (margen de seguridad)<\/strong><\/p>\n<ul data-start=\"3698\" data-end=\"3938\" data-immersive-translate-walked=\"b31e2f32-1bc6-45e3-aa30-d4637aa88b2c\">\n<li data-start=\"3698\" data-end=\"3761\" data-immersive-translate-walked=\"b31e2f32-1bc6-45e3-aa30-d4637aa88b2c\">\n<p data-start=\"3700\" data-end=\"3761\" data-immersive-translate-walked=\"b31e2f32-1bc6-45e3-aa30-d4637aa88b2c\" data-immersive-translate-paragraph=\"1\"><strong data-start=\"3700\" data-end=\"3719\" data-immersive-translate-walked=\"b31e2f32-1bc6-45e3-aa30-d4637aa88b2c\">PC dom\u00e9stico t\u00edpico<\/strong> (Potencia nominal: 250 W): Elija <strong data-start=\"3748\" data-end=\"3756\" data-immersive-translate-walked=\"b31e2f32-1bc6-45e3-aa30-d4637aa88b2c\">500W<\/strong> AVR.<\/p>\n<\/li>\n<li data-start=\"3762\" data-end=\"3846\" data-immersive-translate-walked=\"b31e2f32-1bc6-45e3-aa30-d4637aa88b2c\">\n<p data-start=\"3764\" data-end=\"3846\" data-immersive-translate-walked=\"b31e2f32-1bc6-45e3-aa30-d4637aa88b2c\" data-immersive-translate-paragraph=\"1\"><strong data-start=\"3764\" data-end=\"3803\" data-immersive-translate-walked=\"b31e2f32-1bc6-45e3-aa30-d4637aa88b2c\">PC para juegos o estaci\u00f3n de trabajo de alta potencia<\/strong> (Potencia nominal: 500 W): Elija <strong data-start=\"3832\" data-end=\"3841\" data-immersive-translate-walked=\"b31e2f32-1bc6-45e3-aa30-d4637aa88b2c\">1000W<\/strong> AVR.<\/p>\n<\/li>\n<li data-start=\"3847\" data-end=\"3938\" data-immersive-translate-walked=\"b31e2f32-1bc6-45e3-aa30-d4637aa88b2c\">\n<p data-start=\"3849\" data-end=\"3938\" data-immersive-translate-walked=\"b31e2f32-1bc6-45e3-aa30-d4637aa88b2c\" data-immersive-translate-paragraph=\"1\"><strong data-start=\"3849\" data-end=\"3894\" data-immersive-translate-walked=\"b31e2f32-1bc6-45e3-aa30-d4637aa88b2c\">M\u00faltiples aparatos o dispositivos de alta potencia<\/strong> (Potencia nominal: 1000 W): Elija <strong data-start=\"3924\" data-end=\"3933\" data-immersive-translate-walked=\"b31e2f32-1bc6-45e3-aa30-d4637aa88b2c\">2000W<\/strong> AVR.<\/p>\n<\/li>\n<\/ul>\n<p data-start=\"3940\" data-end=\"4039\" data-immersive-translate-walked=\"b31e2f32-1bc6-45e3-aa30-d4637aa88b2c\" data-immersive-translate-paragraph=\"1\">Recomendamos elegir un estabilizador con una capacidad ligeramente superior a la necesaria para una mejor protecci\u00f3n.<\/p>\n<h3 data-start=\"4046\" data-end=\"4112\" data-immersive-translate-walked=\"b31e2f32-1bc6-45e3-aa30-d4637aa88b2c\"><strong data-start=\"4050\" data-end=\"4112\" data-immersive-translate-walked=\"b31e2f32-1bc6-45e3-aa30-d4637aa88b2c\" data-immersive-translate-paragraph=\"1\">\u00bfPor qu\u00e9 elegir el servoestabilizador de tensi\u00f3n TND para su hogar?<\/strong><\/h3>\n<ul data-start=\"4114\" data-end=\"4627\" data-immersive-translate-walked=\"b31e2f32-1bc6-45e3-aa30-d4637aa88b2c\">\n<li data-start=\"4114\" data-end=\"4254\" data-immersive-translate-walked=\"b31e2f32-1bc6-45e3-aa30-d4637aa88b2c\">\n<p data-start=\"4116\" data-end=\"4254\" data-immersive-translate-walked=\"b31e2f32-1bc6-45e3-aa30-d4637aa88b2c\" data-immersive-translate-paragraph=\"1\"><strong data-start=\"4116\" data-end=\"4144\" data-immersive-translate-walked=\"b31e2f32-1bc6-45e3-aa30-d4637aa88b2c\">Proteja sus aparatos electr\u00f3nicos<\/strong>: Protecci\u00f3n contra picos de tensi\u00f3n, sobretensiones y ca\u00eddas de tensi\u00f3n que pueden causar fallos en el sistema o da\u00f1os en el hardware.<\/p>\n<\/li>\n<li data-start=\"4255\" data-end=\"4383\" data-immersive-translate-walked=\"b31e2f32-1bc6-45e3-aa30-d4637aa88b2c\">\n<p data-start=\"4257\" data-end=\"4383\" data-immersive-translate-walked=\"b31e2f32-1bc6-45e3-aa30-d4637aa88b2c\" data-immersive-translate-paragraph=\"1\"><strong data-start=\"4257\" data-end=\"4283\" data-immersive-translate-walked=\"b31e2f32-1bc6-45e3-aa30-d4637aa88b2c\">Prolongue la vida \u00fatil del dispositivo<\/strong>: Reduzca el riesgo de aver\u00edas de hardware y alargue la vida \u00fatil de sus electrodom\u00e9sticos y aparatos electr\u00f3nicos.<\/p>\n<\/li>\n<li data-start=\"4384\" data-end=\"4509\" data-immersive-translate-walked=\"b31e2f32-1bc6-45e3-aa30-d4637aa88b2c\">\n<p data-start=\"4386\" data-end=\"4509\" data-immersive-translate-walked=\"b31e2f32-1bc6-45e3-aa30-d4637aa88b2c\" data-immersive-translate-paragraph=\"1\"><strong data-start=\"4386\" data-end=\"4411\" data-immersive-translate-walked=\"b31e2f32-1bc6-45e3-aa30-d4637aa88b2c\">Fuente de alimentaci\u00f3n fiable<\/strong>: Garantiza un voltaje constante y estable para todos los dispositivos dom\u00e9sticos, incluso en zonas con redes el\u00e9ctricas inestables.<\/p>\n<\/li>\n<li data-start=\"4510\" data-end=\"4627\" data-immersive-translate-walked=\"b31e2f32-1bc6-45e3-aa30-d4637aa88b2c\">\n<p data-start=\"4512\" data-end=\"4627\" data-immersive-translate-walked=\"b31e2f32-1bc6-45e3-aa30-d4637aa88b2c\" data-immersive-translate-paragraph=\"1\"><strong data-start=\"4512\" data-end=\"4533\" data-immersive-translate-walked=\"b31e2f32-1bc6-45e3-aa30-d4637aa88b2c\">Eficiencia energ\u00e9tica<\/strong>: Optimiza el uso de la energ\u00eda, garantizando que los dispositivos funcionen eficientemente y reduciendo el derroche de energ\u00eda.<\/p>\n<\/li>\n<\/ul>\n<p data-start=\"4634\" data-end=\"4903\" data-is-last-node=\"\" data-is-only-node=\"\" data-immersive-translate-walked=\"b31e2f32-1bc6-45e3-aa30-d4637aa88b2c\" data-immersive-translate-paragraph=\"1\">En <strong data-start=\"4638\" data-end=\"4689\" data-immersive-translate-walked=\"b31e2f32-1bc6-45e3-aa30-d4637aa88b2c\">Estabilizador de tensi\u00f3n servo TND 1KVA-5KVA para el hogar<\/strong> es su soluci\u00f3n de confianza para mantener una alimentaci\u00f3n estable y fiable para todos sus aparatos electr\u00f3nicos dom\u00e9sticos. Garantice la protecci\u00f3n, longevidad y eficiencia con nuestro estabilizador de alto rendimiento, dise\u00f1ado espec\u00edficamente para uso dom\u00e9stico.<\/p>","protected":false},"excerpt":{"rendered":"<p>Asegure la protecci\u00f3n y el rendimiento eficiente de sus electrodom\u00e9sticos con el Estabilizador de Tensi\u00f3n Servo TND 1KVA-5KVA para el Hogar. Este avanzado estabilizador est\u00e1 dise\u00f1ado para regular y mantener niveles de tensi\u00f3n estables, protegiendo sus valiosos aparatos electr\u00f3nicos de los efectos nocivos de las fluctuaciones de tensi\u00f3n. Ideal para hogares con dispositivos sensibles como ordenadores, televisores, consolas de juegos y electrodom\u00e9sticos, este estabilizador servocontrolado garantiza un suministro el\u00e9ctrico estable para un rendimiento \u00f3ptimo de los dispositivos.<\/p>","protected":false},"featured_media":22776,"comment_status":"closed","ping_status":"closed","template":"","meta":[],"product_brand":[116],"product_cat":[105,107],"product_tag":[],"class_list":{"0":"post-22735","1":"product","2":"type-product","3":"status-publish","4":"has-post-thumbnail","6":"product_brand-zhengxi","7":"product_cat-automatic-voltage-stabilizers","8":"product_cat-single-phase-voltage-stabilizers","10":"first","11":"instock","12":"shipping-taxable","13":"product-type-simple"},"yoast_head":"<!-- This site is optimized with the Yoast SEO plugin v25.3.1 - https:\/\/yoast.com\/wordpress\/plugins\/seo\/ -->\n<title>Wholesaler 1Kva-5Kva Servo Voltage Stabilizer For Home - SUNWAY<\/title>\n<meta name=\"robots\" content=\"index, follow, max-snippet:-1, max-image-preview:large, max-video-preview:-1\" \/>\n<link rel=\"canonical\" href=\"https:\/\/www.imypower.com\/es\/product\/1kva-5kva-servo-voltage-stabilizer-for-home\/\" \/>\n<meta property=\"og:locale\" content=\"es_ES\" \/>\n<meta property=\"og:type\" content=\"article\" \/>\n<meta property=\"og:title\" content=\"Wholesaler 1Kva-5Kva Servo Voltage Stabilizer For Home - SUNWAY\" \/>\n<meta property=\"og:description\" content=\"Ensure the protection and efficient performance of your home appliances with the TND 1KVA-5KVA Servo Voltage Stabilizer for Home. This advanced stabilizer is designed to regulate and maintain stable voltage levels, protecting your valuable electronics from the harmful effects of voltage fluctuations. Ideal for households with sensitive devices such as computers, TVs, gaming consoles, and home appliances, this servo-controlled stabilizer guarantees a steady power supply for optimal device performance.\" \/>\n<meta property=\"og:url\" content=\"https:\/\/www.imypower.com\/es\/product\/1kva-5kva-servo-voltage-stabilizer-for-home\/\" \/>\n<meta property=\"og:site_name\" content=\"SUNWAY\" \/>\n<meta property=\"article:modified_time\" content=\"2025-07-05T05:51:51+00:00\" \/>\n<meta property=\"og:image\" content=\"https:\/\/www.imypower.com\/wp-content\/uploads\/2025\/06\/SVC-Servo-Type-AVR.webp\" \/>\n\t<meta property=\"og:image:width\" content=\"800\" \/>\n\t<meta property=\"og:image:height\" content=\"800\" \/>\n\t<meta property=\"og:image:type\" content=\"image\/webp\" \/>\n<meta name=\"twitter:card\" content=\"summary_large_image\" \/>\n<meta name=\"twitter:label1\" content=\"Tiempo de lectura\" \/>\n\t<meta name=\"twitter:data1\" content=\"3 minutos\" \/>\n<script type=\"application\/ld+json\" class=\"yoast-schema-graph\">{\"@context\":\"https:\/\/schema.org\",\"@graph\":[{\"@type\":\"WebPage\",\"@id\":\"https:\/\/www.imypower.com\/product\/1kva-5kva-servo-voltage-stabilizer-for-home\/\",\"url\":\"https:\/\/www.imypower.com\/product\/1kva-5kva-servo-voltage-stabilizer-for-home\/\",\"name\":\"Wholesaler 1Kva-5Kva Servo Voltage Stabilizer For Home - SUNWAY\",\"isPartOf\":{\"@id\":\"https:\/\/www.imypower.com\/#website\"},\"primaryImageOfPage\":{\"@id\":\"https:\/\/www.imypower.com\/product\/1kva-5kva-servo-voltage-stabilizer-for-home\/#primaryimage\"},\"image\":{\"@id\":\"https:\/\/www.imypower.com\/product\/1kva-5kva-servo-voltage-stabilizer-for-home\/#primaryimage\"},\"thumbnailUrl\":\"https:\/\/www.imypower.com\/wp-content\/uploads\/2025\/06\/SVC-Servo-Type-AVR.webp\",\"datePublished\":\"2025-06-24T07:12:24+00:00\",\"dateModified\":\"2025-07-05T05:51:51+00:00\",\"breadcrumb\":{\"@id\":\"https:\/\/www.imypower.com\/product\/1kva-5kva-servo-voltage-stabilizer-for-home\/#breadcrumb\"},\"inLanguage\":\"es\",\"potentialAction\":[{\"@type\":\"ReadAction\",\"target\":[\"https:\/\/www.imypower.com\/product\/1kva-5kva-servo-voltage-stabilizer-for-home\/\"]}]},{\"@type\":\"ImageObject\",\"inLanguage\":\"es\",\"@id\":\"https:\/\/www.imypower.com\/product\/1kva-5kva-servo-voltage-stabilizer-for-home\/#primaryimage\",\"url\":\"https:\/\/www.imypower.com\/wp-content\/uploads\/2025\/06\/SVC-Servo-Type-AVR.webp\",\"contentUrl\":\"https:\/\/www.imypower.com\/wp-content\/uploads\/2025\/06\/SVC-Servo-Type-AVR.webp\",\"width\":800,\"height\":800},{\"@type\":\"BreadcrumbList\",\"@id\":\"https:\/\/www.imypower.com\/product\/1kva-5kva-servo-voltage-stabilizer-for-home\/#breadcrumb\",\"itemListElement\":[{\"@type\":\"ListItem\",\"position\":1,\"name\":\"Home\",\"item\":\"https:\/\/www.imypower.com\/\"},{\"@type\":\"ListItem\",\"position\":2,\"name\":\"Products\",\"item\":\"https:\/\/www.imypower.com\/shop\/\"},{\"@type\":\"ListItem\",\"position\":3,\"name\":\"TND 1Kva-5Kva Servo Voltage Stabilizer For Home\"}]},{\"@type\":\"WebSite\",\"@id\":\"https:\/\/www.imypower.com\/#website\",\"url\":\"https:\/\/www.imypower.com\/\",\"name\":\"SUNWAY\",\"description\":\"\",\"potentialAction\":[{\"@type\":\"SearchAction\",\"target\":{\"@type\":\"EntryPoint\",\"urlTemplate\":\"https:\/\/www.imypower.com\/?s={search_term_string}\"},\"query-input\":{\"@type\":\"PropertyValueSpecification\",\"valueRequired\":true,\"valueName\":\"search_term_string\"}}],\"inLanguage\":\"es\"}]}<\/script>\n<!-- \/ Yoast SEO plugin. -->","yoast_head_json":{"title":"Mayorista 1Kva-5Kva Servo Estabilizador de Voltaje para el Hogar - SUNWAY","robots":{"index":"index","follow":"follow","max-snippet":"max-snippet:-1","max-image-preview":"max-image-preview:large","max-video-preview":"max-video-preview:-1"},"canonical":"https:\/\/www.imypower.com\/es\/product\/1kva-5kva-servo-voltage-stabilizer-for-home\/","og_locale":"es_ES","og_type":"article","og_title":"Wholesaler 1Kva-5Kva Servo Voltage Stabilizer For Home - SUNWAY","og_description":"Ensure the protection and efficient performance of your home appliances with the TND 1KVA-5KVA Servo Voltage Stabilizer for Home. This advanced stabilizer is designed to regulate and maintain stable voltage levels, protecting your valuable electronics from the harmful effects of voltage fluctuations. Ideal for households with sensitive devices such as computers, TVs, gaming consoles, and home appliances, this servo-controlled stabilizer guarantees a steady power supply for optimal device performance.","og_url":"https:\/\/www.imypower.com\/es\/product\/1kva-5kva-servo-voltage-stabilizer-for-home\/","og_site_name":"SUNWAY","article_modified_time":"2025-07-05T05:51:51+00:00","og_image":[{"width":800,"height":800,"url":"https:\/\/www.imypower.com\/wp-content\/uploads\/2025\/06\/SVC-Servo-Type-AVR.webp","type":"image\/webp"}],"twitter_card":"summary_large_image","twitter_misc":{"Tiempo de lectura":"3 minutos"},"schema":{"@context":"https:\/\/schema.org","@graph":[{"@type":"WebPage","@id":"https:\/\/www.imypower.com\/product\/1kva-5kva-servo-voltage-stabilizer-for-home\/","url":"https:\/\/www.imypower.com\/product\/1kva-5kva-servo-voltage-stabilizer-for-home\/","name":"Mayorista 1Kva-5Kva Servo Estabilizador de Voltaje para el Hogar - SUNWAY","isPartOf":{"@id":"https:\/\/www.imypower.com\/#website"},"primaryImageOfPage":{"@id":"https:\/\/www.imypower.com\/product\/1kva-5kva-servo-voltage-stabilizer-for-home\/#primaryimage"},"image":{"@id":"https:\/\/www.imypower.com\/product\/1kva-5kva-servo-voltage-stabilizer-for-home\/#primaryimage"},"thumbnailUrl":"https:\/\/www.imypower.com\/wp-content\/uploads\/2025\/06\/SVC-Servo-Type-AVR.webp","datePublished":"2025-06-24T07:12:24+00:00","dateModified":"2025-07-05T05:51:51+00:00","breadcrumb":{"@id":"https:\/\/www.imypower.com\/product\/1kva-5kva-servo-voltage-stabilizer-for-home\/#breadcrumb"},"inLanguage":"es","potentialAction":[{"@type":"ReadAction","target":["https:\/\/www.imypower.com\/product\/1kva-5kva-servo-voltage-stabilizer-for-home\/"]}]},{"@type":"ImageObject","inLanguage":"es","@id":"https:\/\/www.imypower.com\/product\/1kva-5kva-servo-voltage-stabilizer-for-home\/#primaryimage","url":"https:\/\/www.imypower.com\/wp-content\/uploads\/2025\/06\/SVC-Servo-Type-AVR.webp","contentUrl":"https:\/\/www.imypower.com\/wp-content\/uploads\/2025\/06\/SVC-Servo-Type-AVR.webp","width":800,"height":800},{"@type":"BreadcrumbList","@id":"https:\/\/www.imypower.com\/product\/1kva-5kva-servo-voltage-stabilizer-for-home\/#breadcrumb","itemListElement":[{"@type":"ListItem","position":1,"name":"Home","item":"https:\/\/www.imypower.com\/"},{"@type":"ListItem","position":2,"name":"Products","item":"https:\/\/www.imypower.com\/shop\/"},{"@type":"ListItem","position":3,"name":"TND 1Kva-5Kva Servo Voltage Stabilizer For Home"}]},{"@type":"WebSite","@id":"https:\/\/www.imypower.com\/#website","url":"https:\/\/www.imypower.com\/","name":"SUNWAY","description":"","potentialAction":[{"@type":"SearchAction","target":{"@type":"EntryPoint","urlTemplate":"https:\/\/www.imypower.com\/?s={search_term_string}"},"query-input":{"@type":"PropertyValueSpecification","valueRequired":true,"valueName":"search_term_string"}}],"inLanguage":"es"}]}},"_links":{"self":[{"href":"https:\/\/www.imypower.com\/es\/wp-json\/wp\/v2\/product\/22735","targetHints":{"allow":["GET"]}}],"collection":[{"href":"https:\/\/www.imypower.com\/es\/wp-json\/wp\/v2\/product"}],"about":[{"href":"https:\/\/www.imypower.com\/es\/wp-json\/wp\/v2\/types\/product"}],"replies":[{"embeddable":true,"href":"https:\/\/www.imypower.com\/es\/wp-json\/wp\/v2\/comments?post=22735"}],"version-history":[{"count":4,"href":"https:\/\/www.imypower.com\/es\/wp-json\/wp\/v2\/product\/22735\/revisions"}],"predecessor-version":[{"id":23020,"href":"https:\/\/www.imypower.com\/es\/wp-json\/wp\/v2\/product\/22735\/revisions\/23020"}],"wp:featuredmedia":[{"embeddable":true,"href":"https:\/\/www.imypower.com\/es\/wp-json\/wp\/v2\/media\/22776"}],"wp:attachment":[{"href":"https:\/\/www.imypower.com\/es\/wp-json\/wp\/v2\/media?parent=22735"}],"wp:term":[{"taxonomy":"product_brand","embeddable":true,"href":"https:\/\/www.imypower.com\/es\/wp-json\/wp\/v2\/product_brand?post=22735"},{"taxonomy":"product_cat","embeddable":true,"href":"https:\/\/www.imypower.com\/es\/wp-json\/wp\/v2\/product_cat?post=22735"},{"taxonomy":"product_tag","embeddable":true,"href":"https:\/\/www.imypower.com\/es\/wp-json\/wp\/v2\/product_tag?post=22735"}],"curies":[{"name":"wp","href":"https:\/\/api.w.org\/{rel}","templated":true}]}}