{"id":22717,"date":"2025-06-24T07:12:22","date_gmt":"2025-06-24T07:12:22","guid":{"rendered":"https:\/\/imypower.com\/?post_type=product&#038;p=22717"},"modified":"2025-07-03T07:41:54","modified_gmt":"2025-07-03T07:41:54","slug":"three-phase-servo-automatic-voltage-stabilizer","status":"publish","type":"product","link":"https:\/\/www.imypower.com\/es\/product\/three-phase-servo-automatic-voltage-stabilizer\/","title":{"rendered":"Estabilizador de tensi\u00f3n servo autom\u00e1tico trif\u00e1sico TNS6"},"content":{"rendered":"<h2>Core Benefits of the Three Phase Automatic Voltage Stabilizer<\/h2>\n<p><strong>Servo Drive Precision Adjustment<\/strong><\/p>\n<ul>\n<li>Built-in servo motor adjusts high-precision transformer in real time, with output accuracy within \u00b13% of set value. Fast response (&lt;1 second) instantly corrects voltage sags and spikes, ideal for sensitive industrial machinery.<\/li>\n<\/ul>\n<p><strong>Comprehensive Protection Suite<\/strong><\/p>\n<ul>\n<li>Overvoltage and Undervoltage Protection: Automatically disconnects when input voltage drifts beyond safe threshold (260-450VAC), and reconnects after a user-set delay.<\/li>\n<li>Overload and Short-Circuit Protection: Intelligent current sensing shuts down output in overload or fault conditions to prevent damage.<\/li>\n<li>Overtemperature Shutdown: Thermal sensor monitors internal temperature; integrated cooling fan and grille dissipate heat to keep noise at \u226450dB.<\/li>\n<\/ul>\n<p><strong>User-Friendly Monitoring and Control<\/strong><\/p>\n<ul>\n<li>Bright LED-LCD panel displays real-time input and output voltages, load percentage, and fault indicators.<\/li>\n<li>Simple push-button controls allow operators to quickly set delay time and output voltage parameters.<\/li>\n<\/ul>\n<p><strong>Flexible installation and scalability<\/strong><\/p>\n<ul>\n<li>Available models: 20kVA, 30kVA, 40kVA, 50kVA, 60kVA, 80kVA, 100kVA, 120kVA.<\/li>\n<li>Compact floor-standing design with casters for easy equipment mobility<\/li>\n<\/ul>\n<h2 class=\"wp-block-heading\">Par\u00e1metros t\u00e9cnicos<\/h2>\n<table width=\"680\">\n<tbody>\n<tr>\n<td width=\"276\">Modelo NO.<\/td>\n<td width=\"404\">TNS6<\/td>\n<\/tr>\n<tr>\n<td width=\"276\">Capacidad<\/td>\n<td width=\"404\">15KVA 20KVA 30KVA 40KVA 50KVA 60KVA 80KVA 100KVA 120KVA<\/td>\n<\/tr>\n<tr>\n<td width=\"276\">Fase<\/td>\n<td width=\"404\">Trif\u00e1sico<\/td>\n<\/tr>\n<tr>\n<td width=\"276\">Tensi\u00f3n de entrada<\/td>\n<td width=\"404\">CA 260-450 V o personalizada<\/td>\n<\/tr>\n<tr>\n<td width=\"276\">Tensi\u00f3n de salida<\/td>\n<td width=\"404\">CA 380 V o personalizado<\/td>\n<\/tr>\n<tr>\n<td width=\"276\">Frecuencia<\/td>\n<td width=\"404\">50 Hz\/60 Hz<\/td>\n<\/tr>\n<tr>\n<td width=\"276\">Precisi\u00f3n<\/td>\n<td width=\"404\">\u00b13%<\/td>\n<\/tr>\n<tr>\n<td width=\"276\">Eficacia del trabajo<\/td>\n<td width=\"404\">&gt;95%<\/td>\n<\/tr>\n<tr>\n<td width=\"276\">Tipo de control<\/td>\n<td width=\"404\">Servomotor<\/td>\n<\/tr>\n<tr>\n<td width=\"276\">Pantalla digital<\/td>\n<td width=\"404\">Mostrar tensi\u00f3n de entrada y salida<\/td>\n<\/tr>\n<tr>\n<td width=\"276\">Protecci\u00f3n<\/td>\n<td width=\"404\">Sobretensi\u00f3n\/subtensi\u00f3n, sobrecarga, cortocircuito, sobretemperatura<\/td>\n<\/tr>\n<tr>\n<td width=\"276\">Temperatura ambiente<\/td>\n<td width=\"404\">-10\u00b0C~+ 40\u00b0C<\/td>\n<\/tr>\n<tr>\n<td width=\"276\">Nivel de ruido<\/td>\n<td width=\"404\">\u226450dB<\/td>\n<\/tr>\n<\/tbody>\n<\/table>\n<figure class=\"wp-block-table\">\n<div class=\"scroll\">\n<h2>Especificaciones<\/h2>\n<table>\n<tbody>\n<tr>\n<td width=\"25.1800%\">MODELO<\/td>\n<td width=\"25.1800%\">Tensi\u00f3n de entrada<\/td>\n<td width=\"22.4400%\">Tensi\u00f3n de salida<\/td>\n<td width=\"27.1800%\">Medida(mm) Longitud*Ancho*Altura<\/td>\n<\/tr>\n<tr>\n<td width=\"25.1800%\">TNS6-15KVA<\/td>\n<td rowspan=\"2\" width=\"25.1800%\">260V~450V<\/td>\n<td rowspan=\"9\" width=\"22.4400%\">380V\u00b13%<\/td>\n<td width=\"27.1800%\">320*490*525<\/td>\n<\/tr>\n<tr>\n<td width=\"25.1800%\">TNS6-20KVA<\/td>\n<td width=\"27.1800%\">320*520*490<\/td>\n<\/tr>\n<tr>\n<td width=\"25.1800%\">TNS6-30KVA<\/td>\n<td rowspan=\"7\" width=\"25.1800%\">304V~456V<\/td>\n<td width=\"27.1800%\">415*470*880<\/td>\n<\/tr>\n<tr>\n<td width=\"25.1800%\">TNS6-40KVA<\/td>\n<td width=\"27.1800%\">415*470*880<\/td>\n<\/tr>\n<tr>\n<td width=\"25.1800%\">TNS6-50KVA<\/td>\n<td width=\"27.1800%\">450*560*1200<\/td>\n<\/tr>\n<tr>\n<td width=\"25.1800%\">TNS6-60KVA<\/td>\n<td width=\"27.1800%\">450*560*1200<\/td>\n<\/tr>\n<tr>\n<td width=\"25.1800%\">TNS6-80KVA<\/td>\n<td width=\"27.1800%\">540*620*1350<\/td>\n<\/tr>\n<tr>\n<td width=\"25.1800%\">TNS6-100KVA<\/td>\n<td width=\"27.1800%\">540*620*1350<\/td>\n<\/tr>\n<tr>\n<td width=\"25.1800%\">TNS6-120KVA<\/td>\n<td width=\"27.1800%\">540*620*1350<\/td>\n<\/tr>\n<\/tbody>\n<\/table>\n<\/div>\n<\/figure>\n<h2 class=\"wp-block-heading\"><strong>An\u00e1lisis de productos<\/strong><\/h2>\n<table>\n<tbody>\n<tr>\n<td width=\"284\"><img fetchpriority=\"high\" decoding=\"async\" class=\"alignnone wp-image-2029 size-medium\" src=\"https:\/\/www.zhengxi1983.com\/wp-content\/uploads\/2024\/10\/SJW3-30KVA-243x300.webp\" alt=\"SJW3-30KVA\" width=\"243\" height=\"300\" \/><\/p>\n<p>\u2460 Carcasa met\u00e1lica<br \/>\n\u2461 Pantalla digital LED<br \/>\n\u2462 Tecla de conmutaci\u00f3n de tensi\u00f3n<br \/>\n\u2463 Ventilador de refrigeraci\u00f3n<br \/>\n\u2464 Rejilla de refrigeraci\u00f3n<\/td>\n<td width=\"284\"><img decoding=\"async\" class=\"alignnone wp-image-2030 size-medium\" src=\"https:\/\/www.zhengxi1983.com\/wp-content\/uploads\/2024\/10\/TNS6-30KVA-243x300.webp\" alt=\"TNS-60kva\" width=\"243\" height=\"300\" \/><\/p>\n<p>\u2460 Caja met\u00e1lica<br \/>\n\u2461 Pantalla de cristal l\u00edquido LED<br \/>\n\u2462 Orificio de refrigeraci\u00f3n<br \/>\n\u2463 Rejilla de refrigeraci\u00f3n<\/td>\n<\/tr>\n<\/tbody>\n<\/table>\n<div class=\"wp-block-spacer\" aria-hidden=\"true\">\n<h2>Escenarios de aplicaci\u00f3n<\/h2>\n<ul>\n<li>Industrial Welding: Guarantees stable arc current and consistent weld quality by eliminating voltage dips during peak loads.<\/li>\n<li>CNC &amp; Machine Tools: Protects precision drives and control systems from fluctuations, reducing scrap rates and downtime.<\/li>\n<li>Compressor &amp; Pump Systems: Ensures reliable motor start\u2011up and operation in compressor rooms and water treatment facilities.<\/li>\n<li>Packaging &amp; Printing Lines: Maintains consistent motor speed and torque for high\u2011speed labeling, filling, and printing processes.<\/li>\n<\/ul>\n<h2>Preguntas frecuentes<\/h2>\n<p><strong>Q1: How does the TNS6 three phase stabilizer differ from a static voltage regulator?<\/strong><br \/>\nA1: Unlike static regulators that use thyristors or tap\u2011changer relays, the TNS6 Three Phase Servo Automatic Voltage Stabilizer employs a servo motor to adjust a precision transformer continuously. This design delivers smoother output, faster response, and higher durability under heavy industrial loads.<\/p>\n<p><strong>Q2: Can I customize the output voltage for non\u2011standard applications?<\/strong><br \/>\nA2: Yes. While standard output is set to 380\u202fVAC, we offer OEM customization for alternative voltages (e.g., 400\u202fVAC, 415\u202fVAC) and input ranges. Please contact our sales team to discuss minimum order quantities and configuration details.<\/p>\n<p><strong>Q3: What is the recommended stabilizer capacity for my welding machine?<\/strong><br \/>\nA3: Calculate your welding machine\u2019s maximum starting VA (volts\u202f\u00d7\u202famps) and apply a 3\u00d7 safety factor. For example, a machine drawing 30\u202fA at 380\u202fVAC requires 11.4\u202fkVA; choose the next standard model, such as the TNS6\u201120\u202fkVA, to ensure reliable start\u2011up and continuous operation.<\/p>\n<p>Enhance the stability and longevity of your three\u2011phase equipment with the TNS6 20\u202fkVA\u2013120\u202fkVA Three Phase Servo Automatic Voltage Stabilizer.<br \/>\nContact us today for detailed quotations, technical consultations, or to arrange a factory tour!<\/p>\n<\/div>\n<div class=\"wp-block-columns is-layout-flex wp-container-core-columns-is-layout-1 wp-block-columns-is-layout-flex\">\n<div class=\"wp-block-column is-layout-flow wp-block-column-is-layout-flow\">\n<p>&nbsp;<\/p>\n<\/div>\n<\/div>","protected":false},"excerpt":{"rendered":"<p>Ensure continuous, precision\u2011controlled power for high\u2011demand three\u2011phase loads with the <strong data-start=\"163\" data-end=\"218\" data-immersive-translate-walked=\"1ee2f7c5-8831-4a6e-bae9-75010a01ef4c\">Estabilizador de tensi\u00f3n servo autom\u00e1tico trif\u00e1sico TNS6<\/strong> series. Designed for welding machines, CNC equipment, compressors, and other industrial applications, this <strong data-start=\"326\" data-end=\"352\" data-immersive-translate-walked=\"1ee2f7c5-8831-4a6e-bae9-75010a01ef4c\">three phase stabilizer<\/strong> maintains output voltage at 380\u202fVAC (or customized) despite wide input fluctuations, safeguarding equipment performance and prolonging service life.<\/p>","protected":false},"featured_media":22485,"comment_status":"closed","ping_status":"closed","template":"","meta":[],"product_brand":[],"product_cat":[106,105],"product_tag":[78],"class_list":{"0":"post-22717","1":"product","2":"type-product","3":"status-publish","4":"has-post-thumbnail","6":"product_cat-3-phase-voltage-stabilizer","7":"product_cat-automatic-voltage-stabilizers","8":"product_tag-servo-voltage-stabilizer","10":"first","11":"instock","12":"shipping-taxable","13":"product-type-simple"},"yoast_head":"<!-- This site is optimized with the Yoast SEO plugin v25.3.1 - https:\/\/yoast.com\/wordpress\/plugins\/seo\/ -->\n<title>Three Phase Servo Automatic Voltage Stabilizer Manufacturer - SUNWAY<\/title>\n<meta name=\"robots\" content=\"index, follow, max-snippet:-1, max-image-preview:large, max-video-preview:-1\" \/>\n<link rel=\"canonical\" href=\"https:\/\/www.imypower.com\/es\/product\/three-phase-servo-automatic-voltage-stabilizer\/\" \/>\n<meta property=\"og:locale\" content=\"es_ES\" \/>\n<meta property=\"og:type\" content=\"article\" \/>\n<meta property=\"og:title\" content=\"Three Phase Servo Automatic Voltage Stabilizer Manufacturer - SUNWAY\" \/>\n<meta property=\"og:description\" content=\"Ensure continuous, precision\u2011controlled power for high\u2011demand three\u2011phase loads with the TNS6 Three Phase Servo Automatic Voltage Stabilizer series. Designed for welding machines, CNC equipment, compressors, and other industrial applications, this three phase stabilizer maintains output voltage at 380\u202fVAC (or customized) despite wide input fluctuations, safeguarding equipment performance and prolonging service life.\" \/>\n<meta property=\"og:url\" content=\"https:\/\/www.imypower.com\/es\/product\/three-phase-servo-automatic-voltage-stabilizer\/\" \/>\n<meta property=\"og:site_name\" content=\"SUNWAY\" \/>\n<meta property=\"article:modified_time\" content=\"2025-07-03T07:41:54+00:00\" \/>\n<meta property=\"og:image\" content=\"https:\/\/www.imypower.com\/wp-content\/uploads\/2025\/06\/TNS-60kva-China-industrial-three-phase-automatic-voltage-stabilizer.webp\" \/>\n\t<meta property=\"og:image:width\" content=\"600\" \/>\n\t<meta property=\"og:image:height\" content=\"600\" \/>\n\t<meta property=\"og:image:type\" content=\"image\/webp\" \/>\n<meta name=\"twitter:card\" content=\"summary_large_image\" \/>\n<meta name=\"twitter:label1\" content=\"Tiempo de lectura\" \/>\n\t<meta name=\"twitter:data1\" content=\"3 minutos\" \/>\n<script type=\"application\/ld+json\" class=\"yoast-schema-graph\">{\"@context\":\"https:\/\/schema.org\",\"@graph\":[{\"@type\":\"WebPage\",\"@id\":\"https:\/\/www.imypower.com\/product\/three-phase-servo-automatic-voltage-stabilizer\/\",\"url\":\"https:\/\/www.imypower.com\/product\/three-phase-servo-automatic-voltage-stabilizer\/\",\"name\":\"Three Phase Servo Automatic Voltage Stabilizer Manufacturer - SUNWAY\",\"isPartOf\":{\"@id\":\"https:\/\/www.imypower.com\/#website\"},\"primaryImageOfPage\":{\"@id\":\"https:\/\/www.imypower.com\/product\/three-phase-servo-automatic-voltage-stabilizer\/#primaryimage\"},\"image\":{\"@id\":\"https:\/\/www.imypower.com\/product\/three-phase-servo-automatic-voltage-stabilizer\/#primaryimage\"},\"thumbnailUrl\":\"https:\/\/www.imypower.com\/wp-content\/uploads\/2025\/06\/TNS-60kva-China-industrial-three-phase-automatic-voltage-stabilizer.webp\",\"datePublished\":\"2025-06-24T07:12:22+00:00\",\"dateModified\":\"2025-07-03T07:41:54+00:00\",\"breadcrumb\":{\"@id\":\"https:\/\/www.imypower.com\/product\/three-phase-servo-automatic-voltage-stabilizer\/#breadcrumb\"},\"inLanguage\":\"es\",\"potentialAction\":[{\"@type\":\"ReadAction\",\"target\":[\"https:\/\/www.imypower.com\/product\/three-phase-servo-automatic-voltage-stabilizer\/\"]}]},{\"@type\":\"ImageObject\",\"inLanguage\":\"es\",\"@id\":\"https:\/\/www.imypower.com\/product\/three-phase-servo-automatic-voltage-stabilizer\/#primaryimage\",\"url\":\"https:\/\/www.imypower.com\/wp-content\/uploads\/2025\/06\/TNS-60kva-China-industrial-three-phase-automatic-voltage-stabilizer.webp\",\"contentUrl\":\"https:\/\/www.imypower.com\/wp-content\/uploads\/2025\/06\/TNS-60kva-China-industrial-three-phase-automatic-voltage-stabilizer.webp\",\"width\":600,\"height\":600},{\"@type\":\"BreadcrumbList\",\"@id\":\"https:\/\/www.imypower.com\/product\/three-phase-servo-automatic-voltage-stabilizer\/#breadcrumb\",\"itemListElement\":[{\"@type\":\"ListItem\",\"position\":1,\"name\":\"Home\",\"item\":\"https:\/\/www.imypower.com\/\"},{\"@type\":\"ListItem\",\"position\":2,\"name\":\"Products\",\"item\":\"https:\/\/www.imypower.com\/shop\/\"},{\"@type\":\"ListItem\",\"position\":3,\"name\":\"TNS6 Three Phase Servo Automatic Voltage Stabilizer\"}]},{\"@type\":\"WebSite\",\"@id\":\"https:\/\/www.imypower.com\/#website\",\"url\":\"https:\/\/www.imypower.com\/\",\"name\":\"SUNWAY\",\"description\":\"\",\"potentialAction\":[{\"@type\":\"SearchAction\",\"target\":{\"@type\":\"EntryPoint\",\"urlTemplate\":\"https:\/\/www.imypower.com\/?s={search_term_string}\"},\"query-input\":{\"@type\":\"PropertyValueSpecification\",\"valueRequired\":true,\"valueName\":\"search_term_string\"}}],\"inLanguage\":\"es\"}]}<\/script>\n<!-- \/ Yoast SEO plugin. -->","yoast_head_json":{"title":"Estabilizador de tensi\u00f3n servo autom\u00e1tico trif\u00e1sico Fabricante - SUNWAY","robots":{"index":"index","follow":"follow","max-snippet":"max-snippet:-1","max-image-preview":"max-image-preview:large","max-video-preview":"max-video-preview:-1"},"canonical":"https:\/\/www.imypower.com\/es\/product\/three-phase-servo-automatic-voltage-stabilizer\/","og_locale":"es_ES","og_type":"article","og_title":"Three Phase Servo Automatic Voltage Stabilizer Manufacturer - SUNWAY","og_description":"Ensure continuous, precision\u2011controlled power for high\u2011demand three\u2011phase loads with the TNS6 Three Phase Servo Automatic Voltage Stabilizer series. Designed for welding machines, CNC equipment, compressors, and other industrial applications, this three phase stabilizer maintains output voltage at 380\u202fVAC (or customized) despite wide input fluctuations, safeguarding equipment performance and prolonging service life.","og_url":"https:\/\/www.imypower.com\/es\/product\/three-phase-servo-automatic-voltage-stabilizer\/","og_site_name":"SUNWAY","article_modified_time":"2025-07-03T07:41:54+00:00","og_image":[{"width":600,"height":600,"url":"https:\/\/www.imypower.com\/wp-content\/uploads\/2025\/06\/TNS-60kva-China-industrial-three-phase-automatic-voltage-stabilizer.webp","type":"image\/webp"}],"twitter_card":"summary_large_image","twitter_misc":{"Tiempo de lectura":"3 minutos"},"schema":{"@context":"https:\/\/schema.org","@graph":[{"@type":"WebPage","@id":"https:\/\/www.imypower.com\/product\/three-phase-servo-automatic-voltage-stabilizer\/","url":"https:\/\/www.imypower.com\/product\/three-phase-servo-automatic-voltage-stabilizer\/","name":"Estabilizador de tensi\u00f3n servo autom\u00e1tico trif\u00e1sico Fabricante - SUNWAY","isPartOf":{"@id":"https:\/\/www.imypower.com\/#website"},"primaryImageOfPage":{"@id":"https:\/\/www.imypower.com\/product\/three-phase-servo-automatic-voltage-stabilizer\/#primaryimage"},"image":{"@id":"https:\/\/www.imypower.com\/product\/three-phase-servo-automatic-voltage-stabilizer\/#primaryimage"},"thumbnailUrl":"https:\/\/www.imypower.com\/wp-content\/uploads\/2025\/06\/TNS-60kva-China-industrial-three-phase-automatic-voltage-stabilizer.webp","datePublished":"2025-06-24T07:12:22+00:00","dateModified":"2025-07-03T07:41:54+00:00","breadcrumb":{"@id":"https:\/\/www.imypower.com\/product\/three-phase-servo-automatic-voltage-stabilizer\/#breadcrumb"},"inLanguage":"es","potentialAction":[{"@type":"ReadAction","target":["https:\/\/www.imypower.com\/product\/three-phase-servo-automatic-voltage-stabilizer\/"]}]},{"@type":"ImageObject","inLanguage":"es","@id":"https:\/\/www.imypower.com\/product\/three-phase-servo-automatic-voltage-stabilizer\/#primaryimage","url":"https:\/\/www.imypower.com\/wp-content\/uploads\/2025\/06\/TNS-60kva-China-industrial-three-phase-automatic-voltage-stabilizer.webp","contentUrl":"https:\/\/www.imypower.com\/wp-content\/uploads\/2025\/06\/TNS-60kva-China-industrial-three-phase-automatic-voltage-stabilizer.webp","width":600,"height":600},{"@type":"BreadcrumbList","@id":"https:\/\/www.imypower.com\/product\/three-phase-servo-automatic-voltage-stabilizer\/#breadcrumb","itemListElement":[{"@type":"ListItem","position":1,"name":"Home","item":"https:\/\/www.imypower.com\/"},{"@type":"ListItem","position":2,"name":"Products","item":"https:\/\/www.imypower.com\/shop\/"},{"@type":"ListItem","position":3,"name":"TNS6 Three Phase Servo Automatic Voltage Stabilizer"}]},{"@type":"WebSite","@id":"https:\/\/www.imypower.com\/#website","url":"https:\/\/www.imypower.com\/","name":"SUNWAY","description":"","potentialAction":[{"@type":"SearchAction","target":{"@type":"EntryPoint","urlTemplate":"https:\/\/www.imypower.com\/?s={search_term_string}"},"query-input":{"@type":"PropertyValueSpecification","valueRequired":true,"valueName":"search_term_string"}}],"inLanguage":"es"}]}},"_links":{"self":[{"href":"https:\/\/www.imypower.com\/es\/wp-json\/wp\/v2\/product\/22717","targetHints":{"allow":["GET"]}}],"collection":[{"href":"https:\/\/www.imypower.com\/es\/wp-json\/wp\/v2\/product"}],"about":[{"href":"https:\/\/www.imypower.com\/es\/wp-json\/wp\/v2\/types\/product"}],"replies":[{"embeddable":true,"href":"https:\/\/www.imypower.com\/es\/wp-json\/wp\/v2\/comments?post=22717"}],"version-history":[{"count":4,"href":"https:\/\/www.imypower.com\/es\/wp-json\/wp\/v2\/product\/22717\/revisions"}],"predecessor-version":[{"id":23055,"href":"https:\/\/www.imypower.com\/es\/wp-json\/wp\/v2\/product\/22717\/revisions\/23055"}],"wp:featuredmedia":[{"embeddable":true,"href":"https:\/\/www.imypower.com\/es\/wp-json\/wp\/v2\/media\/22485"}],"wp:attachment":[{"href":"https:\/\/www.imypower.com\/es\/wp-json\/wp\/v2\/media?parent=22717"}],"wp:term":[{"taxonomy":"product_brand","embeddable":true,"href":"https:\/\/www.imypower.com\/es\/wp-json\/wp\/v2\/product_brand?post=22717"},{"taxonomy":"product_cat","embeddable":true,"href":"https:\/\/www.imypower.com\/es\/wp-json\/wp\/v2\/product_cat?post=22717"},{"taxonomy":"product_tag","embeddable":true,"href":"https:\/\/www.imypower.com\/es\/wp-json\/wp\/v2\/product_tag?post=22717"}],"curies":[{"name":"wp","href":"https:\/\/api.w.org\/{rel}","templated":true}]}}