{"id":22573,"date":"2025-06-24T07:11:39","date_gmt":"2025-06-24T07:11:39","guid":{"rendered":"https:\/\/imypower.com\/?post_type=product&#038;p=22573"},"modified":"2025-07-09T09:31:53","modified_gmt":"2025-07-09T09:31:53","slug":"china-single-phase-servo-motor-automatic-voltage-stabilizer","status":"publish","type":"product","link":"https:\/\/www.imypower.com\/es\/product\/china-single-phase-servo-motor-automatic-voltage-stabilizer\/","title":{"rendered":"China TND 5Kva Monof\u00e1sico Servo Motor de Control Autom\u00e1tico de Voltaje Ac Estabilizadores"},"content":{"rendered":"<h2>Caracter\u00edsticas principales<\/h2>\n<p><strong>Servocontrol de alta precisi\u00f3n<\/strong><br \/>\nEl servomotor electr\u00f3nico ajusta continuamente las derivaciones del transformador, proporcionando una salida dentro de \u00b13% de la tensi\u00f3n nominal, muy superior a las unidades de tipo rel\u00e9.<\/p>\n<p><strong>Amplio rango de tensi\u00f3n de entrada<\/strong><br \/>\nEst\u00e1ndar: 140 V-260 V CA; versi\u00f3n ultrabaja: 90 V-260 V CA, perfecta para regiones con redes el\u00e9ctricas inestables.<\/p>\n<p><strong>Dise\u00f1o port\u00e1til y duradero<\/strong><br \/>\nCarcasa met\u00e1lica compacta (240 \u00d7 310 \u00d7 285 mm) con asa ergon\u00f3mica para facilitar el transporte y la instalaci\u00f3n. Acabado con recubrimiento en polvo resistente a la corrosi\u00f3n.<\/p>\n<p><strong>Pantalla LED digital<\/strong><br \/>\nLas lecturas de tensi\u00f3n de entrada\/salida en tiempo real y los indicadores de estado simplifican la supervisi\u00f3n y la resoluci\u00f3n de problemas.<\/p>\n<p><strong>Eficiencia y protecci\u00f3n excepcionales<\/strong><br \/>\nEficiencia &gt; 90%, sin distorsi\u00f3n de onda a\u00f1adida. Las protecciones incorporadas incluyen apagado por sobretensi\u00f3n\/subtensi\u00f3n, sobrecarga, cortocircuito y sobretemperatura.<\/p>\n<p><strong>Opciones de salida flexibles<\/strong><br \/>\nSalida est\u00e1ndar: 220 V CA; opcional 110 V y ajustes personalizables para satisfacer las necesidades de diversas aplicaciones.<\/p>\n<p><span style=\"font-size: 1.7em; font-weight: bold;\">Principales par\u00e1metros t\u00e9cnicos<\/span><\/p>\n<figure class=\"wp-block-table\">\n<div class=\"scroll\">\n<table class=\"has-fixed-layout\">\n<tbody>\n<tr>\n<td>Par\u00e1metro<\/td>\n<td>Monof\u00e1sico<\/td>\n<td><span style=\"color: #0000ff;\">Trif\u00e1sico<\/span><\/td>\n<\/tr>\n<tr>\n<td>Tensi\u00f3n de entrada<\/td>\n<td>Modelos normales 140V-260\/300V, modelos de tensi\u00f3n ultrabaja 90-260\/300V<\/td>\n<td>Tensi\u00f3n de fase 160V-250V; tensi\u00f3n de l\u00ednea 277V-430V<\/td>\n<\/tr>\n<tr>\n<td>Tensi\u00f3n de salida<\/td>\n<td>220V (110V a medida)<\/td>\n<td>Tensi\u00f3n de fase 200 V, tensi\u00f3n de l\u00ednea 380 V o personalizada<\/td>\n<\/tr>\n<tr>\n<td>Precisi\u00f3n de regulaci\u00f3n de la tensi\u00f3n<\/td>\n<td>220V \u00b13% (110V \u00b16%)<\/td>\n<td>220V \u00b13% (380V \u00b13%)<\/td>\n<\/tr>\n<tr>\n<td>Frecuencia de trabajo<\/td>\n<td>50 Hz\/60 Hz<\/td>\n<td>50 Hz\/60 Hz<\/td>\n<\/tr>\n<tr>\n<td>Tiempo de ajuste<\/td>\n<td>\u22641seg (cuando cambia la tensi\u00f3n de entrada)<\/td>\n<td>\u22641seg (cuando cambia la tensi\u00f3n de entrada)<\/td>\n<\/tr>\n<tr>\n<td>Temperatura de trabajo<\/td>\n<td>-10\u2103~+40\u2103<\/td>\n<td>-5\u2103~+40\u2103<\/td>\n<\/tr>\n<tr>\n<td>Eficacia<\/td>\n<td>&gt;90%<\/td>\n<td>&gt;90%<\/td>\n<\/tr>\n<tr>\n<td>Distorsi\u00f3n de la forma de onda<\/td>\n<td>Sin distorsi\u00f3n adicional de la forma de onda<\/td>\n<td>Sin distorsi\u00f3n adicional de la forma de onda<\/td>\n<\/tr>\n<tr>\n<td>Factor de potencia de carga<\/td>\n<td>0.8<\/td>\n<td>0.8<\/td>\n<\/tr>\n<tr>\n<td>Resistencia el\u00e9ctrica<\/td>\n<td>1500V\/1min<\/td>\n<td>1500V\/1min<\/td>\n<\/tr>\n<tr>\n<td>Resistencia del aislamiento<\/td>\n<td>&gt;2M\u03a9<\/td>\n<td>\u22652M\u03a9<\/td>\n<\/tr>\n<\/tbody>\n<\/table>\n<\/div>\n<\/figure>\n<figure class=\"wp-block-table\">\n<div class=\"scroll\">\n<table>\n<tbody>\n<tr>\n<td>Modelo<\/td>\n<td>Rango de regulaci\u00f3n de tensi\u00f3n<\/td>\n<td>Tama\u00f1o del producto<\/td>\n<td>Dimensiones del envase<\/td>\n<td>Red<br \/>\npesoKGS<\/td>\n<td>Peso bruto KGS<\/td>\n<\/tr>\n<tr>\n<td>TND-0,5KVA<\/td>\n<td>140V-260V<\/td>\n<td>192*172*145mm<\/td>\n<td>228*225*180mm<\/td>\n<td>3.3<\/td>\n<td>3.65<\/td>\n<\/tr>\n<tr>\n<td>TND-1KVA<\/td>\n<td>140V-260V<\/td>\n<td>208*208*165mm<\/td>\n<td>278*268*217mm<\/td>\n<td>5.4<\/td>\n<td>5.95<\/td>\n<\/tr>\n<tr>\n<td>TND-1,5KVA<\/td>\n<td>140V-260V<\/td>\n<td>208*208*165mm<\/td>\n<td>278*268*217mm<\/td>\n<td>5.7<\/td>\n<td>6.25<\/td>\n<\/tr>\n<tr>\n<td>TND-2KVA<\/td>\n<td>140V-260V<\/td>\n<td>240*255*200mm<\/td>\n<td>300*290*255mm<\/td>\n<td>7.4<\/td>\n<td>9.1<\/td>\n<\/tr>\n<tr>\n<td>TND-3KVA<\/td>\n<td>140V-260V<\/td>\n<td>232*282*230mm<\/td>\n<td>345*290*285mm<\/td>\n<td>11.3<\/td>\n<td>11.8<\/td>\n<\/tr>\n<tr>\n<td>TND-5KVA<\/td>\n<td>140V-260V<\/td>\n<td>240*310*285mm<\/td>\n<td>285*415*335mm<\/td>\n<td>14.4<\/td>\n<td>15.5<\/td>\n<\/tr>\n<tr>\n<td>TND-5KVA Ultra baja tensi\u00f3n<\/td>\n<td>90V-260V<\/td>\n<td>240*310*285mm<\/td>\n<td>285*415*335mm<\/td>\n<td>16.3<\/td>\n<td>17.4<\/td>\n<\/tr>\n<tr>\n<td>TND-10KVA<\/td>\n<td>140V-300V<\/td>\n<td>315*340*540mm<\/td>\n<td>355*380*600mm<\/td>\n<td>34.6<\/td>\n<td>38.8<\/td>\n<\/tr>\n<tr>\n<td>TND-10KVA Ultra baja tensi\u00f3n<\/td>\n<td>90V-260V<\/td>\n<td>315*340*540mm<\/td>\n<td>355*380*600mm<\/td>\n<td>39.4<\/td>\n<td>43.6<\/td>\n<\/tr>\n<tr>\n<td>TND-15KVA<\/td>\n<td>140V-300V<\/td>\n<td>350*400*610mm<\/td>\n<td>395*445*685mm<\/td>\n<td>51.5<\/td>\n<td>57<\/td>\n<\/tr>\n<tr>\n<td>TND-15KVA Ultra baja tensi\u00f3n<\/td>\n<td>80V-300V<\/td>\n<td>350*400*610mm<\/td>\n<td>395*445*685mm<\/td>\n<td>54<\/td>\n<td>59.3<\/td>\n<\/tr>\n<tr>\n<td>TND-20KVA<\/td>\n<td>140V-300V<\/td>\n<td>350*400*610mm<\/td>\n<td>395*445*685mm<\/td>\n<td>53<\/td>\n<td>58.5<\/td>\n<\/tr>\n<tr>\n<td>TND-20KVA Ultra baja tensi\u00f3n<\/td>\n<td>90V-260V<\/td>\n<td>350*400*780mm<\/td>\n<td>410*460*865mm<\/td>\n<td>75.5<\/td>\n<td>82.5<\/td>\n<\/tr>\n<tr>\n<td>TND-30KVA<\/td>\n<td>140V-300V<\/td>\n<td>350*400*780mm<\/td>\n<td>410*460*865mm<\/td>\n<td>70.5<\/td>\n<td>77.6<\/td>\n<\/tr>\n<tr>\n<td>TND-30KVA Ultra baja tensi\u00f3n<\/td>\n<td>90V-260V<\/td>\n<td>350*400*780mm<\/td>\n<td>410*460*865mm<\/td>\n<td>85<\/td>\n<td>92.1<\/td>\n<\/tr>\n<tr>\n<td>TND-40KVA<\/td>\n<td>140V-260V<\/td>\n<td>350*400*780mm<\/td>\n<td>410*460*865mm<\/td>\n<td>77.5<\/td>\n<td>84.5<\/td>\n<\/tr>\n<tr>\n<td>TND-40KVA Ultra baja tensi\u00f3n<\/td>\n<td>110V-260V<\/td>\n<td>550*450*1040mm<\/td>\n<td>520*610*1200mm<\/td>\n<td>123<\/td>\n<td>133.5<\/td>\n<\/tr>\n<tr>\n<td>TND-50KVA Ultra baja tensi\u00f3n<\/td>\n<td>110V-260V<\/td>\n<td>550*450*1040mm<\/td>\n<td>520*610*1200mm<\/td>\n<td>133<\/td>\n<td>143.5<\/td>\n<\/tr>\n<\/tbody>\n<\/table>\n<h2 data-start=\"3198\" data-end=\"3423\" data-immersive-translate-walked=\"2928e854-be5f-4467-8351-2069b36ed75a\" data-immersive-translate-paragraph=\"1\">PREGUNTAS FRECUENTES<\/h2>\n<p data-start=\"3198\" data-end=\"3423\" data-immersive-translate-walked=\"2928e854-be5f-4467-8351-2069b36ed75a\" data-immersive-translate-paragraph=\"1\"><strong data-start=\"3198\" data-end=\"3245\" data-immersive-translate-walked=\"2928e854-be5f-4467-8351-2069b36ed75a\" data-immersive-translate-paragraph=\"1\">P1: \u00bfQu\u00e9 afecta al precio del Estabilizador de 5kVA?<\/strong><br data-start=\"3245\" data-end=\"3248\" data-immersive-translate-walked=\"2928e854-be5f-4467-8351-2069b36ed75a\" \/>A1: Los factores incluyen la cantidad del pedido, la personalizaci\u00f3n (rango de voltaje ultrabajo o salida especial), la marca (OEM\/ODM) y las condiciones de env\u00edo. Los pedidos al por mayor disfrutan de importantes descuentos.<\/p>\n<p data-start=\"3430\" data-end=\"3693\" data-immersive-translate-walked=\"2928e854-be5f-4467-8351-2069b36ed75a\" data-immersive-translate-paragraph=\"1\"><strong data-start=\"3430\" data-end=\"3490\" data-immersive-translate-walked=\"2928e854-be5f-4467-8351-2069b36ed75a\" data-immersive-translate-paragraph=\"1\">P2: \u00bfC\u00f3mo puedo determinar si el TND-5KVA se adapta a mi aplicaci\u00f3n?<\/strong><br data-start=\"3490\" data-end=\"3493\" data-immersive-translate-walked=\"2928e854-be5f-4467-8351-2069b36ed75a\" \/>A2: Calcule los VA (voltios \u00d7 amperios) de su carga m\u00e1xima en condiciones de pico y seleccione el modelo de 5kVA si su demanda total de VA es inferior a 4 kVA. Deje siempre un margen de seguridad de 20-25% para las sobretensiones de arranque del motor.<\/p>\n<p data-start=\"3700\" data-end=\"3962\" data-immersive-translate-walked=\"2928e854-be5f-4467-8351-2069b36ed75a\" data-immersive-translate-paragraph=\"1\"><strong data-start=\"3700\" data-end=\"3774\" data-immersive-translate-walked=\"2928e854-be5f-4467-8351-2069b36ed75a\" data-immersive-translate-paragraph=\"1\">P3: \u00bfQu\u00e9 mantenimiento rutinario requiere un servoestabilizador de 5 kVA?<\/strong><br data-start=\"3774\" data-end=\"3777\" data-immersive-translate-walked=\"2928e854-be5f-4467-8351-2069b36ed75a\" \/>A3: Mantenga despejadas las v\u00edas de ventilaci\u00f3n, inspeccione semestralmente el servomotor y el transformador en busca de polvo y verifique la calibraci\u00f3n de la pantalla digital. No necesita lubricaci\u00f3n gracias a los rodamientos sellados.<\/p>\n<p data-start=\"3969\" data-end=\"4162\" data-is-last-node=\"\" data-is-only-node=\"\" data-immersive-translate-walked=\"2928e854-be5f-4467-8351-2069b36ed75a\" data-immersive-translate-paragraph=\"1\">Entrega de potencia estable y sin distorsiones con el TND <strong data-start=\"4028\" data-end=\"4047\" data-immersive-translate-walked=\"2928e854-be5f-4467-8351-2069b36ed75a\">Estabilizador 5kVA<\/strong>-dise\u00f1ados para ser precisos, fabricados para durar y con un precio que se ajusta a su presupuesto. P\u00f3ngase en contacto con nosotros hoy mismo para obtener un presupuesto personalizado.<\/p>\n<\/div>\n<\/figure>\n<p><img fetchpriority=\"high\" decoding=\"async\" class=\"alignnone wp-image-8205 size-full\" src=\"https:\/\/www.zhengxi1983.com\/wp-content\/uploads\/2024\/11\/SVC-1000VA-Digital-Meter-2USB-110V-220V-Automatic-Voltage-Stabilizer.webp\" alt=\"SVC-1000VA Medidor Digital +2USB 110V 220V Estabilizador Autom\u00e1tico de Tensi\u00f3n\" width=\"790\" height=\"1284\" \/><\/p>\n<p>&nbsp;<\/p>","protected":false},"excerpt":{"rendered":"<p>Optimice el rendimiento y proteja sus equipos sensibles con la serie TND, concretamente con el modelo Stabilizer 5kVA, un robusto estabilizador de 5kVA dise\u00f1ado con control servomotor para una regulaci\u00f3n de tensi\u00f3n ultraprecisa. Fabricado en Zhejiang, China, y respaldado por la certificaci\u00f3n CE e ISO 9001, esta unidad combina fiabilidad, portabilidad y asequibilidad, por lo que es ideal para laboratorios, dispositivos m\u00e9dicos, maquinaria peque\u00f1a y electr\u00f3nica cr\u00edtica.<\/p>","protected":false},"featured_media":22627,"comment_status":"closed","ping_status":"closed","template":"","meta":[],"product_brand":[],"product_cat":[105,107],"product_tag":[],"class_list":{"0":"post-22573","1":"product","2":"type-product","3":"status-publish","4":"has-post-thumbnail","6":"product_cat-automatic-voltage-stabilizers","7":"product_cat-single-phase-voltage-stabilizers","9":"first","10":"instock","11":"featured","12":"shipping-taxable","13":"product-type-simple"},"yoast_head":"<!-- This site is optimized with the Yoast SEO plugin v25.3.1 - https:\/\/yoast.com\/wordpress\/plugins\/seo\/ -->\n<title>Servo Control Voltage Stabilizer Factory | 5KVA-200KVA Competitive price - SUNWAY<\/title>\n<meta name=\"robots\" content=\"index, follow, max-snippet:-1, max-image-preview:large, max-video-preview:-1\" \/>\n<link rel=\"canonical\" href=\"https:\/\/www.imypower.com\/es\/product\/china-single-phase-servo-motor-automatic-voltage-stabilizer\/\" \/>\n<meta property=\"og:locale\" content=\"es_ES\" \/>\n<meta property=\"og:type\" content=\"article\" \/>\n<meta property=\"og:title\" content=\"Servo Control Voltage Stabilizer Factory | 5KVA-200KVA Competitive price - SUNWAY\" \/>\n<meta property=\"og:description\" content=\"Optimize performance and protect your sensitive equipment with the TND series\u2014specifically the Stabilizer 5kVA model, a robust 5kVA stabilizer engineered with servo motor control for ultra\u2011precise voltage regulation. Made in Zhejiang, China, and backed by CE &amp; ISO\u202f9001 certification, this unit combines reliability, portability, and affordability, making it ideal for laboratories, medical devices, small machinery, and critical electronics.\" \/>\n<meta property=\"og:url\" content=\"https:\/\/www.imypower.com\/es\/product\/china-single-phase-servo-motor-automatic-voltage-stabilizer\/\" \/>\n<meta property=\"og:site_name\" content=\"SUNWAY\" \/>\n<meta property=\"article:modified_time\" content=\"2025-07-09T09:31:53+00:00\" \/>\n<meta property=\"og:image\" content=\"https:\/\/www.imypower.com\/wp-content\/uploads\/2025\/06\/TND-5KVA-Servo-Control-Single-Phase-Intelligent-Automatic-AC-Voltage-Stabilizer.webp\" \/>\n\t<meta property=\"og:image:width\" content=\"800\" \/>\n\t<meta property=\"og:image:height\" content=\"800\" \/>\n\t<meta property=\"og:image:type\" content=\"image\/webp\" \/>\n<meta name=\"twitter:card\" content=\"summary_large_image\" \/>\n<meta name=\"twitter:label1\" content=\"Tiempo de lectura\" \/>\n\t<meta name=\"twitter:data1\" content=\"3 minutos\" \/>\n<script type=\"application\/ld+json\" class=\"yoast-schema-graph\">{\"@context\":\"https:\/\/schema.org\",\"@graph\":[{\"@type\":\"WebPage\",\"@id\":\"https:\/\/www.imypower.com\/product\/china-single-phase-servo-motor-automatic-voltage-stabilizer\/\",\"url\":\"https:\/\/www.imypower.com\/product\/china-single-phase-servo-motor-automatic-voltage-stabilizer\/\",\"name\":\"Servo Control Voltage Stabilizer Factory | 5KVA-200KVA Competitive price - SUNWAY\",\"isPartOf\":{\"@id\":\"https:\/\/www.imypower.com\/#website\"},\"primaryImageOfPage\":{\"@id\":\"https:\/\/www.imypower.com\/product\/china-single-phase-servo-motor-automatic-voltage-stabilizer\/#primaryimage\"},\"image\":{\"@id\":\"https:\/\/www.imypower.com\/product\/china-single-phase-servo-motor-automatic-voltage-stabilizer\/#primaryimage\"},\"thumbnailUrl\":\"https:\/\/www.imypower.com\/wp-content\/uploads\/2025\/06\/TND-5KVA-Servo-Control-Single-Phase-Intelligent-Automatic-AC-Voltage-Stabilizer.webp\",\"datePublished\":\"2025-06-24T07:11:39+00:00\",\"dateModified\":\"2025-07-09T09:31:53+00:00\",\"breadcrumb\":{\"@id\":\"https:\/\/www.imypower.com\/product\/china-single-phase-servo-motor-automatic-voltage-stabilizer\/#breadcrumb\"},\"inLanguage\":\"es\",\"potentialAction\":[{\"@type\":\"ReadAction\",\"target\":[\"https:\/\/www.imypower.com\/product\/china-single-phase-servo-motor-automatic-voltage-stabilizer\/\"]}]},{\"@type\":\"ImageObject\",\"inLanguage\":\"es\",\"@id\":\"https:\/\/www.imypower.com\/product\/china-single-phase-servo-motor-automatic-voltage-stabilizer\/#primaryimage\",\"url\":\"https:\/\/www.imypower.com\/wp-content\/uploads\/2025\/06\/TND-5KVA-Servo-Control-Single-Phase-Intelligent-Automatic-AC-Voltage-Stabilizer.webp\",\"contentUrl\":\"https:\/\/www.imypower.com\/wp-content\/uploads\/2025\/06\/TND-5KVA-Servo-Control-Single-Phase-Intelligent-Automatic-AC-Voltage-Stabilizer.webp\",\"width\":800,\"height\":800},{\"@type\":\"BreadcrumbList\",\"@id\":\"https:\/\/www.imypower.com\/product\/china-single-phase-servo-motor-automatic-voltage-stabilizer\/#breadcrumb\",\"itemListElement\":[{\"@type\":\"ListItem\",\"position\":1,\"name\":\"Home\",\"item\":\"https:\/\/www.imypower.com\/\"},{\"@type\":\"ListItem\",\"position\":2,\"name\":\"Products\",\"item\":\"https:\/\/www.imypower.com\/shop\/\"},{\"@type\":\"ListItem\",\"position\":3,\"name\":\"China TND 5Kva Single Phase Servo Motor Control Automatic Ac Voltage Stabilizers\"}]},{\"@type\":\"WebSite\",\"@id\":\"https:\/\/www.imypower.com\/#website\",\"url\":\"https:\/\/www.imypower.com\/\",\"name\":\"SUNWAY\",\"description\":\"\",\"potentialAction\":[{\"@type\":\"SearchAction\",\"target\":{\"@type\":\"EntryPoint\",\"urlTemplate\":\"https:\/\/www.imypower.com\/?s={search_term_string}\"},\"query-input\":{\"@type\":\"PropertyValueSpecification\",\"valueRequired\":true,\"valueName\":\"search_term_string\"}}],\"inLanguage\":\"es\"}]}<\/script>\n<!-- \/ Yoast SEO plugin. -->","yoast_head_json":{"title":"Servo Control Estabilizador de Tensi\u00f3n F\u00e1brica | 5KVA-200KVA Precio competitivo - SUNWAY","robots":{"index":"index","follow":"follow","max-snippet":"max-snippet:-1","max-image-preview":"max-image-preview:large","max-video-preview":"max-video-preview:-1"},"canonical":"https:\/\/www.imypower.com\/es\/product\/china-single-phase-servo-motor-automatic-voltage-stabilizer\/","og_locale":"es_ES","og_type":"article","og_title":"Servo Control Voltage Stabilizer Factory | 5KVA-200KVA Competitive price - SUNWAY","og_description":"Optimize performance and protect your sensitive equipment with the TND series\u2014specifically the Stabilizer 5kVA model, a robust 5kVA stabilizer engineered with servo motor control for ultra\u2011precise voltage regulation. Made in Zhejiang, China, and backed by CE &amp; ISO\u202f9001 certification, this unit combines reliability, portability, and affordability, making it ideal for laboratories, medical devices, small machinery, and critical electronics.","og_url":"https:\/\/www.imypower.com\/es\/product\/china-single-phase-servo-motor-automatic-voltage-stabilizer\/","og_site_name":"SUNWAY","article_modified_time":"2025-07-09T09:31:53+00:00","og_image":[{"width":800,"height":800,"url":"https:\/\/www.imypower.com\/wp-content\/uploads\/2025\/06\/TND-5KVA-Servo-Control-Single-Phase-Intelligent-Automatic-AC-Voltage-Stabilizer.webp","type":"image\/webp"}],"twitter_card":"summary_large_image","twitter_misc":{"Tiempo de lectura":"3 minutos"},"schema":{"@context":"https:\/\/schema.org","@graph":[{"@type":"WebPage","@id":"https:\/\/www.imypower.com\/product\/china-single-phase-servo-motor-automatic-voltage-stabilizer\/","url":"https:\/\/www.imypower.com\/product\/china-single-phase-servo-motor-automatic-voltage-stabilizer\/","name":"Servo Control Estabilizador de Tensi\u00f3n F\u00e1brica | 5KVA-200KVA Precio competitivo - SUNWAY","isPartOf":{"@id":"https:\/\/www.imypower.com\/#website"},"primaryImageOfPage":{"@id":"https:\/\/www.imypower.com\/product\/china-single-phase-servo-motor-automatic-voltage-stabilizer\/#primaryimage"},"image":{"@id":"https:\/\/www.imypower.com\/product\/china-single-phase-servo-motor-automatic-voltage-stabilizer\/#primaryimage"},"thumbnailUrl":"https:\/\/www.imypower.com\/wp-content\/uploads\/2025\/06\/TND-5KVA-Servo-Control-Single-Phase-Intelligent-Automatic-AC-Voltage-Stabilizer.webp","datePublished":"2025-06-24T07:11:39+00:00","dateModified":"2025-07-09T09:31:53+00:00","breadcrumb":{"@id":"https:\/\/www.imypower.com\/product\/china-single-phase-servo-motor-automatic-voltage-stabilizer\/#breadcrumb"},"inLanguage":"es","potentialAction":[{"@type":"ReadAction","target":["https:\/\/www.imypower.com\/product\/china-single-phase-servo-motor-automatic-voltage-stabilizer\/"]}]},{"@type":"ImageObject","inLanguage":"es","@id":"https:\/\/www.imypower.com\/product\/china-single-phase-servo-motor-automatic-voltage-stabilizer\/#primaryimage","url":"https:\/\/www.imypower.com\/wp-content\/uploads\/2025\/06\/TND-5KVA-Servo-Control-Single-Phase-Intelligent-Automatic-AC-Voltage-Stabilizer.webp","contentUrl":"https:\/\/www.imypower.com\/wp-content\/uploads\/2025\/06\/TND-5KVA-Servo-Control-Single-Phase-Intelligent-Automatic-AC-Voltage-Stabilizer.webp","width":800,"height":800},{"@type":"BreadcrumbList","@id":"https:\/\/www.imypower.com\/product\/china-single-phase-servo-motor-automatic-voltage-stabilizer\/#breadcrumb","itemListElement":[{"@type":"ListItem","position":1,"name":"Home","item":"https:\/\/www.imypower.com\/"},{"@type":"ListItem","position":2,"name":"Products","item":"https:\/\/www.imypower.com\/shop\/"},{"@type":"ListItem","position":3,"name":"China TND 5Kva Single Phase Servo Motor Control Automatic Ac Voltage Stabilizers"}]},{"@type":"WebSite","@id":"https:\/\/www.imypower.com\/#website","url":"https:\/\/www.imypower.com\/","name":"SUNWAY","description":"","potentialAction":[{"@type":"SearchAction","target":{"@type":"EntryPoint","urlTemplate":"https:\/\/www.imypower.com\/?s={search_term_string}"},"query-input":{"@type":"PropertyValueSpecification","valueRequired":true,"valueName":"search_term_string"}}],"inLanguage":"es"}]}},"_links":{"self":[{"href":"https:\/\/www.imypower.com\/es\/wp-json\/wp\/v2\/product\/22573","targetHints":{"allow":["GET"]}}],"collection":[{"href":"https:\/\/www.imypower.com\/es\/wp-json\/wp\/v2\/product"}],"about":[{"href":"https:\/\/www.imypower.com\/es\/wp-json\/wp\/v2\/types\/product"}],"replies":[{"embeddable":true,"href":"https:\/\/www.imypower.com\/es\/wp-json\/wp\/v2\/comments?post=22573"}],"version-history":[{"count":3,"href":"https:\/\/www.imypower.com\/es\/wp-json\/wp\/v2\/product\/22573\/revisions"}],"predecessor-version":[{"id":23134,"href":"https:\/\/www.imypower.com\/es\/wp-json\/wp\/v2\/product\/22573\/revisions\/23134"}],"wp:featuredmedia":[{"embeddable":true,"href":"https:\/\/www.imypower.com\/es\/wp-json\/wp\/v2\/media\/22627"}],"wp:attachment":[{"href":"https:\/\/www.imypower.com\/es\/wp-json\/wp\/v2\/media?parent=22573"}],"wp:term":[{"taxonomy":"product_brand","embeddable":true,"href":"https:\/\/www.imypower.com\/es\/wp-json\/wp\/v2\/product_brand?post=22573"},{"taxonomy":"product_cat","embeddable":true,"href":"https:\/\/www.imypower.com\/es\/wp-json\/wp\/v2\/product_cat?post=22573"},{"taxonomy":"product_tag","embeddable":true,"href":"https:\/\/www.imypower.com\/es\/wp-json\/wp\/v2\/product_tag?post=22573"}],"curies":[{"name":"wp","href":"https:\/\/api.w.org\/{rel}","templated":true}]}}