{"id":22444,"date":"2025-06-24T07:11:17","date_gmt":"2025-06-24T07:11:17","guid":{"rendered":"https:\/\/imypower.com\/?post_type=product&#038;p=22444"},"modified":"2025-07-05T06:55:00","modified_gmt":"2025-07-05T06:55:00","slug":"1kva-10kva-wall-led-whole-house-voltage-stabilizer","status":"publish","type":"product","link":"https:\/\/www.imypower.com\/es\/product\/1kva-10kva-wall-led-whole-house-voltage-stabilizer\/","title":{"rendered":"Estabilizador de tensi\u00f3n TMB 1Kva-10Kva Wall LED Whole House"},"content":{"rendered":"<h2 class=\"wp-block-heading\">Caracter\u00edsticas del producto<\/h2>\n<p><strong>Verdadera protecci\u00f3n para toda la casa<\/strong><br \/>\nRegula y estabiliza la tensi\u00f3n de todos los circuitos aguas abajo: se acabaron los estabilizadores independientes para dispositivos individuales.<\/p>\n<p>\u2666 Dise\u00f1o de montaje en pared que ahorra espacio<br \/>\nTama\u00f1o compacto de 180\u00d7100\u00d7275 mm a 280\u00d7180\u00d7360 mm; se instala f\u00e1cilmente en cualquier pared, liberando espacio en el suelo.<\/p>\n<p><strong>\u2666 Control de rel\u00e9 de alta eficiencia<\/strong><br \/>\nEl rel\u00e9 de conmutaci\u00f3n r\u00e1pida garantiza una salida dentro de \u00b110% del valor de consigna de 220 VCA, con una eficiencia energ\u00e9tica &gt;95% y sin distorsi\u00f3n de la forma de onda.<\/p>\n<p><strong>\u2666 Seguridad multicapa<\/strong><br \/>\nProtecciones integradas contra sobretensi\u00f3n, subtensi\u00f3n, sobrecarga, cortocircuito y sobretemperatura, adem\u00e1s de temporizaci\u00f3n seleccionable para proteger los compresores.<\/p>\n<p><strong>\u2666 Precisi\u00f3n digital<\/strong><br \/>\nLa pantalla LED-LCD muestra las tensiones de entrada\/salida en tiempo real para una supervisi\u00f3n instant\u00e1nea; control controlado por CPU para una regulaci\u00f3n precisa.<\/p>\n<p>\u2666 Duradero y fiable<br \/>\nLa carcasa met\u00e1lica con recubrimiento de polvo, el transformador toroidal y los componentes de PCB de calidad soportan condiciones de funcionamiento de -10 \u00b0C a +40 \u00b0C con ruido \u2264 50 dB.<\/p>\n<table style=\"border-collapse: collapse; width: 1337px; height: 465px;\" border=\"0\" width=\"288\" cellspacing=\"0\" cellpadding=\"0\">\n<tbody>\n<tr style=\"height: 13.50pt;\">\n<td class=\"et2\" style=\"height: 13.50pt; width: 54.00pt;\" width=\"72\" height=\"18\"><a href=\"https:\/\/www.zhengxi1983.com\/?attachment_id=8625\" target=\"_blank\" rel=\"noopener\"><img fetchpriority=\"high\" decoding=\"async\" class=\"wp-image-8625\" src=\"https:\/\/www.zhengxi1983.com\/wp-content\/uploads\/2024\/11\/1Kva-2Kva-Wall-LED-Whole-House-Voltage-Regulator-300x300.webp\" alt=\"1Kva-2Kva Regulador de voltaje LED de pared para toda la casa\" width=\"400\" height=\"400\" \/><\/a><\/td>\n<td style=\"width: 54.00pt;\" width=\"72\"><img decoding=\"async\" class=\"wp-image-8626\" src=\"https:\/\/www.zhengxi1983.com\/wp-content\/uploads\/2024\/11\/3Kva-5Kva-Wall-LED-Whole-House-Voltage-stabilizer-300x300.webp\" alt=\"3Kva-5Kva Estabilizador de tensi\u00f3n LED de pared para toda la casa\" width=\"400\" height=\"400\" \/><\/td>\n<td style=\"width: 54.00pt;\" width=\"72\"><img decoding=\"async\" class=\"wp-image-8627\" src=\"https:\/\/www.zhengxi1983.com\/wp-content\/uploads\/2024\/11\/8Kva-10Kva-Wall-LED-home-Voltage-stabilizer-300x300.webp\" alt=\"8Kva-10Kva Estabilizador de tensi\u00f3n LED de pared para el hogar\" width=\"400\" height=\"400\" \/><\/td>\n<td style=\"width: 54.00pt;\" width=\"72\"><img loading=\"lazy\" decoding=\"async\" class=\"wp-image-8624\" src=\"https:\/\/www.zhengxi1983.com\/wp-content\/uploads\/2024\/11\/home-Voltage-stabilizer-Internal-display-300x300.webp\" alt=\"Inicio Estabilizador de tensi\u00f3n Pantalla interna\" width=\"400\" height=\"400\" \/><\/td>\n<\/tr>\n<tr style=\"height: 13.50pt;\">\n<td class=\"et2\" style=\"height: 13.50pt;\" height=\"18\">DMB 1Kva-2Kva<\/td>\n<td>DMB 3Kva-5Kva<\/td>\n<td>DMB 8Kva-10Kva<\/td>\n<td>Pantalla interna<\/td>\n<\/tr>\n<\/tbody>\n<\/table>\n<h2 class=\"wp-block-heading\">Par\u00e1metros t\u00e9cnicos<\/h2>\n<table width=\"651\">\n<tbody>\n<tr>\n<td width=\"196\">Modelo<\/td>\n<td width=\"455\">DMB-1KVA DMB-2KVA DMB-3KVA DMB-5KVA DMB-8KVA DMB-10KVA<\/td>\n<\/tr>\n<tr>\n<td width=\"196\">Fase<\/td>\n<td width=\"455\">Monof\u00e1sico<\/td>\n<\/tr>\n<tr>\n<td width=\"196\">Tensi\u00f3n de entrada<\/td>\n<td width=\"455\">CA 80-260V o personalizado<\/td>\n<\/tr>\n<tr>\n<td width=\"196\">Tensi\u00f3n de salida<\/td>\n<td width=\"455\">AC 220V o personalizado<\/td>\n<\/tr>\n<tr>\n<td width=\"196\">Frecuencia<\/td>\n<td width=\"455\">50 Hz\/60 Hz<\/td>\n<\/tr>\n<tr>\n<td width=\"196\">Precisi\u00f3n<\/td>\n<td width=\"455\">\u00b110%<\/td>\n<\/tr>\n<tr>\n<td width=\"196\">Eficacia del trabajo<\/td>\n<td width=\"455\">&gt;95%<\/td>\n<\/tr>\n<tr>\n<td width=\"196\">Tipo de control<\/td>\n<td width=\"455\">Tipo de rel\u00e9<\/td>\n<\/tr>\n<tr>\n<td width=\"196\">Pantalla digital<\/td>\n<td width=\"455\">Mostrar tensi\u00f3n de entrada y salida<\/td>\n<\/tr>\n<tr>\n<td width=\"196\">Protecci\u00f3n<\/td>\n<td width=\"455\">Sobretensi\u00f3n\/subtensi\u00f3n, sobrecarga, cortocircuito, sobretemperatura<\/td>\n<\/tr>\n<tr>\n<td width=\"196\">Temperatura ambiente<\/td>\n<td width=\"455\">-10\u00b0C~+ 40\u00b0C<\/td>\n<\/tr>\n<tr>\n<td width=\"196\">Nivel de ruido<\/td>\n<td width=\"455\">\u226450dB<\/td>\n<\/tr>\n<tr>\n<td width=\"196\">Nombre del producto<\/td>\n<td width=\"455\">Estabilizadores reguladores de tensi\u00f3n autom\u00e1ticos de CA monof\u00e1sicos<\/td>\n<\/tr>\n<tr>\n<td width=\"196\">Color<\/td>\n<td width=\"455\">blanco o personalizado<\/td>\n<\/tr>\n<tr>\n<td width=\"196\">Temperatura de funcionamiento<\/td>\n<td width=\"455\">-10\u2103~+40\u2103<\/td>\n<\/tr>\n<tr>\n<td width=\"196\">Temperatura de almacenamiento<\/td>\n<td width=\"455\">-15\u2103~+45\u2103<\/td>\n<\/tr>\n<tr>\n<td width=\"196\">Protecci\u00f3n de circuitos<\/td>\n<td width=\"455\">S\u00cd<\/td>\n<\/tr>\n<\/tbody>\n<\/table>\n<h2>Especificaciones<\/h2>\n<table width=\"648\">\n<tbody>\n<tr>\n<td width=\"162\">MODELO<\/td>\n<td width=\"162\">Tensi\u00f3n de entrada<\/td>\n<td width=\"162\">Tensi\u00f3n de salida<\/td>\n<td width=\"162\">Medida(mm) Longitud*Ancho*Altura<\/td>\n<\/tr>\n<tr>\n<td width=\"162\">DMB-1KVA<\/td>\n<td rowspan=\"6\" width=\"162\">80V~260V<\/td>\n<td rowspan=\"6\" width=\"162\">220V\u00b110%<\/td>\n<td width=\"162\">180*100*275<\/td>\n<\/tr>\n<tr>\n<td width=\"162\">DMB-2KVA<\/td>\n<td width=\"162\">180*100*275<\/td>\n<\/tr>\n<tr>\n<td width=\"162\">DMB-3KVA<\/td>\n<td width=\"162\">250*145*330<\/td>\n<\/tr>\n<tr>\n<td width=\"162\">DMB-5KVA<\/td>\n<td width=\"162\">250*145*330<\/td>\n<\/tr>\n<tr>\n<td width=\"162\">DMB-8KVA<\/td>\n<td width=\"162\">280*180*360<\/td>\n<\/tr>\n<tr>\n<td width=\"162\">DMB-10KVA<\/td>\n<td width=\"162\">280*180*360<\/td>\n<\/tr>\n<\/tbody>\n<\/table>\n<h2>Aplicaciones dom\u00e9sticas t\u00edpicas<\/h2>\n<p>Frigor\u00edficos y congeladores<br \/>\nAire acondicionado split y de ventana<br \/>\nTelevisores LED\/LCD y cines en casa<br \/>\nLavadoras y secadoras<br \/>\nOrdenadores, routers y oficinas dom\u00e9sticas<br \/>\nHornos microondas y aparatos de cocina<\/p>\n<h2>PREGUNTAS FRECUENTES<\/h2>\n<p><strong>P1: \u00bfQu\u00e9 hace que esta unidad sea un \"estabilizador de tensi\u00f3n para toda la casa\"?<\/strong><br \/>\nA1: A diferencia de los estabilizadores de punto de uso, la serie DMB se instala en el cuadro de distribuci\u00f3n principal para regular la tensi\u00f3n de toda la vivienda, protegiendo simult\u00e1neamente todos los circuitos derivados y los electrodom\u00e9sticos.<\/p>\n<p><strong>P2: \u00bfPuedo instalarlo en el exterior o en una zona h\u00fameda?<\/strong><br \/>\nA2: La serie DMB est\u00e1 dise\u00f1ada para interiores secos. Para instalaciones en exteriores o con alta humedad, elija una carcasa con clasificaci\u00f3n IP o p\u00f3ngase en contacto con nosotros para obtener una soluci\u00f3n personalizada resistente a la intemperie.<\/p>\n<p><strong>P3: \u00bfC\u00f3mo puedo elegir el modelo de kVA adecuado para mi hogar?<\/strong><br \/>\nA3: Sume la potencia nominal (en kW) de sus principales aparatos y multipl\u00edquela por 1,2-1,5 para tener en cuenta el margen de sobretensi\u00f3n. Por ejemplo, una carga total de 3 kW \u2192 elija al menos un estabilizador de 5 kVA para un funcionamiento seguro.<\/p>\n<p>Aseg\u00farese una alimentaci\u00f3n constante y fiable para todas las habitaciones: elija hoy mismo el estabilizador de tensi\u00f3n monof\u00e1sico con rel\u00e9 para toda la casa de SUNWAY.<\/p>\n<figure class=\"wp-block-table\">\n<div class=\"scroll\">\n<p>&nbsp;<\/p>\n<div id=\"attachment_8612\" style=\"width: 290px\" class=\"wp-caption alignleft\"><img loading=\"lazy\" decoding=\"async\" aria-describedby=\"caption-attachment-8612\" class=\"wp-image-8612\" src=\"https:\/\/www.zhengxi1983.com\/wp-content\/uploads\/2024\/11\/Toroidal-Transformer-300x300.webp\" alt=\"Transformador toroidal\" width=\"280\" height=\"280\" \/><p id=\"caption-attachment-8612\" class=\"wp-caption-text\">Transformador toroidal<\/p><\/div>\n<div id=\"attachment_8613\" style=\"width: 290px\" class=\"wp-caption alignleft\"><a href=\"https:\/\/www.zhengxi1983.com\/?attachment_id=8613\"><img loading=\"lazy\" decoding=\"async\" aria-describedby=\"caption-attachment-8613\" class=\"wp-image-8613\" src=\"https:\/\/www.zhengxi1983.com\/wp-content\/uploads\/2024\/11\/PCB-Control-Board-300x300.webp\" alt=\"Placa de control PCB\" width=\"280\" height=\"280\" \/><\/a><p id=\"caption-attachment-8613\" class=\"wp-caption-text\">Placa de control PCB<\/p><\/div>\n<div id=\"attachment_8614\" style=\"width: 290px\" class=\"wp-caption alignleft\"><img loading=\"lazy\" decoding=\"async\" aria-describedby=\"caption-attachment-8614\" class=\"wp-image-8614\" src=\"https:\/\/www.zhengxi1983.com\/wp-content\/uploads\/2024\/11\/relay-voltage-stabilizer-Led-Color-Screen-300x300.webp\" alt=\"rel\u00e9 estabilizador de tensi\u00f3n Pantalla a color Led\" width=\"280\" height=\"280\" \/><p id=\"caption-attachment-8614\" class=\"wp-caption-text\">Pantalla Led Color<\/p><\/div>\n<\/div>\n<\/figure>\n<p>&nbsp;<\/p>","protected":false},"excerpt":{"rendered":"<p>Proteja todos los electrodom\u00e9sticos de su hogar con la tecnolog\u00eda ZHENGXI de <strong data-start=\"191\" data-end=\"247\" data-immersive-translate-walked=\"4b577343-0777-45ec-b008-6decb531f0d2\">Estabilizador autom\u00e1tico de tensi\u00f3n monof\u00e1sico con rel\u00e9<\/strong>dise\u00f1ado como <strong data-start=\"265\" data-end=\"299\" data-immersive-translate-walked=\"4b577343-0777-45ec-b008-6decb531f0d2\">Estabilizador de tensi\u00f3n para toda la casa<\/strong> y dise\u00f1ado para <strong data-start=\"317\" data-end=\"344\" data-immersive-translate-walked=\"4b577343-0777-45ec-b008-6decb531f0d2\">Estabilizador de tensi\u00f3n de pared<\/strong> instalaci\u00f3n. Desde frigor\u00edficos y aires acondicionados hasta ordenadores y televisores, esta rentable unidad mantiene todo su hogar en perfecto funcionamiento, incluso en zonas con inestabilidad el\u00e9ctrica.<\/p>","protected":false},"featured_media":22531,"comment_status":"closed","ping_status":"closed","template":"","meta":[],"product_brand":[116],"product_cat":[105,107],"product_tag":[80,108,82],"class_list":{"0":"post-22444","1":"product","2":"type-product","3":"status-publish","4":"has-post-thumbnail","6":"product_brand-zhengxi","7":"product_cat-automatic-voltage-stabilizers","8":"product_cat-single-phase-voltage-stabilizers","9":"product_tag-10kva-havells-voltage-stabilizer","10":"product_tag-10kva-stabilizer","11":"product_tag-wall-mount-voltage-stabilizer","13":"first","14":"instock","15":"shipping-taxable","16":"product-type-simple"},"yoast_head":"<!-- This site is optimized with the Yoast SEO plugin v25.3.1 - https:\/\/yoast.com\/wordpress\/plugins\/seo\/ -->\n<title>1Kva-10Kva Wall LED Whole House Voltage Stabilizer Factory - SUNWAY<\/title>\n<meta name=\"robots\" content=\"index, follow, max-snippet:-1, max-image-preview:large, max-video-preview:-1\" \/>\n<link rel=\"canonical\" href=\"https:\/\/www.imypower.com\/es\/product\/1kva-10kva-wall-led-whole-house-voltage-stabilizer\/\" \/>\n<meta property=\"og:locale\" content=\"es_ES\" \/>\n<meta property=\"og:type\" content=\"article\" \/>\n<meta property=\"og:title\" content=\"1Kva-10Kva Wall LED Whole House Voltage Stabilizer Factory - SUNWAY\" \/>\n<meta property=\"og:description\" content=\"Protect every appliance in your home with ZHENGXI\u2019s Single Phase Relay-Type Automatic Voltage Stabilizer, engineered as a Whole House Voltage Stabilizer and designed for Wall Voltage Stabilizer installation. From refrigerators and air conditioners to computers and TVs, this cost-effective unit keeps your entire household running smoothly\u2014even in areas with unstable power.\" \/>\n<meta property=\"og:url\" content=\"https:\/\/www.imypower.com\/es\/product\/1kva-10kva-wall-led-whole-house-voltage-stabilizer\/\" \/>\n<meta property=\"og:site_name\" content=\"SUNWAY\" \/>\n<meta property=\"article:modified_time\" content=\"2025-07-05T06:55:00+00:00\" \/>\n<meta property=\"og:image\" content=\"https:\/\/www.imypower.com\/wp-content\/uploads\/2025\/06\/housed-voltage-regulator.webp\" \/>\n\t<meta property=\"og:image:width\" content=\"600\" \/>\n\t<meta property=\"og:image:height\" content=\"600\" \/>\n\t<meta property=\"og:image:type\" content=\"image\/webp\" \/>\n<meta name=\"twitter:card\" content=\"summary_large_image\" \/>\n<meta name=\"twitter:label1\" content=\"Tiempo de lectura\" \/>\n\t<meta name=\"twitter:data1\" content=\"4 minutos\" \/>\n<script type=\"application\/ld+json\" class=\"yoast-schema-graph\">{\"@context\":\"https:\/\/schema.org\",\"@graph\":[{\"@type\":\"WebPage\",\"@id\":\"https:\/\/www.imypower.com\/product\/1kva-10kva-wall-led-whole-house-voltage-stabilizer\/\",\"url\":\"https:\/\/www.imypower.com\/product\/1kva-10kva-wall-led-whole-house-voltage-stabilizer\/\",\"name\":\"1Kva-10Kva Wall LED Whole House Voltage Stabilizer Factory - SUNWAY\",\"isPartOf\":{\"@id\":\"https:\/\/www.imypower.com\/#website\"},\"primaryImageOfPage\":{\"@id\":\"https:\/\/www.imypower.com\/product\/1kva-10kva-wall-led-whole-house-voltage-stabilizer\/#primaryimage\"},\"image\":{\"@id\":\"https:\/\/www.imypower.com\/product\/1kva-10kva-wall-led-whole-house-voltage-stabilizer\/#primaryimage\"},\"thumbnailUrl\":\"https:\/\/www.imypower.com\/wp-content\/uploads\/2025\/06\/housed-voltage-regulator.webp\",\"datePublished\":\"2025-06-24T07:11:17+00:00\",\"dateModified\":\"2025-07-05T06:55:00+00:00\",\"breadcrumb\":{\"@id\":\"https:\/\/www.imypower.com\/product\/1kva-10kva-wall-led-whole-house-voltage-stabilizer\/#breadcrumb\"},\"inLanguage\":\"es\",\"potentialAction\":[{\"@type\":\"ReadAction\",\"target\":[\"https:\/\/www.imypower.com\/product\/1kva-10kva-wall-led-whole-house-voltage-stabilizer\/\"]}]},{\"@type\":\"ImageObject\",\"inLanguage\":\"es\",\"@id\":\"https:\/\/www.imypower.com\/product\/1kva-10kva-wall-led-whole-house-voltage-stabilizer\/#primaryimage\",\"url\":\"https:\/\/www.imypower.com\/wp-content\/uploads\/2025\/06\/housed-voltage-regulator.webp\",\"contentUrl\":\"https:\/\/www.imypower.com\/wp-content\/uploads\/2025\/06\/housed-voltage-regulator.webp\",\"width\":600,\"height\":600},{\"@type\":\"BreadcrumbList\",\"@id\":\"https:\/\/www.imypower.com\/product\/1kva-10kva-wall-led-whole-house-voltage-stabilizer\/#breadcrumb\",\"itemListElement\":[{\"@type\":\"ListItem\",\"position\":1,\"name\":\"Home\",\"item\":\"https:\/\/www.imypower.com\/\"},{\"@type\":\"ListItem\",\"position\":2,\"name\":\"Products\",\"item\":\"https:\/\/www.imypower.com\/shop\/\"},{\"@type\":\"ListItem\",\"position\":3,\"name\":\"TMB 1Kva-10Kva Wall LED Whole House Voltage Stabilizer\"}]},{\"@type\":\"WebSite\",\"@id\":\"https:\/\/www.imypower.com\/#website\",\"url\":\"https:\/\/www.imypower.com\/\",\"name\":\"SUNWAY\",\"description\":\"\",\"potentialAction\":[{\"@type\":\"SearchAction\",\"target\":{\"@type\":\"EntryPoint\",\"urlTemplate\":\"https:\/\/www.imypower.com\/?s={search_term_string}\"},\"query-input\":{\"@type\":\"PropertyValueSpecification\",\"valueRequired\":true,\"valueName\":\"search_term_string\"}}],\"inLanguage\":\"es\"}]}<\/script>\n<!-- \/ Yoast SEO plugin. -->","yoast_head_json":{"title":"1Kva-10Kva Estabilizador de Tensi\u00f3n LED de Pared para Toda la Casa de F\u00e1brica - SUNWAY","robots":{"index":"index","follow":"follow","max-snippet":"max-snippet:-1","max-image-preview":"max-image-preview:large","max-video-preview":"max-video-preview:-1"},"canonical":"https:\/\/www.imypower.com\/es\/product\/1kva-10kva-wall-led-whole-house-voltage-stabilizer\/","og_locale":"es_ES","og_type":"article","og_title":"1Kva-10Kva Wall LED Whole House Voltage Stabilizer Factory - SUNWAY","og_description":"Protect every appliance in your home with ZHENGXI\u2019s Single Phase Relay-Type Automatic Voltage Stabilizer, engineered as a Whole House Voltage Stabilizer and designed for Wall Voltage Stabilizer installation. From refrigerators and air conditioners to computers and TVs, this cost-effective unit keeps your entire household running smoothly\u2014even in areas with unstable power.","og_url":"https:\/\/www.imypower.com\/es\/product\/1kva-10kva-wall-led-whole-house-voltage-stabilizer\/","og_site_name":"SUNWAY","article_modified_time":"2025-07-05T06:55:00+00:00","og_image":[{"width":600,"height":600,"url":"https:\/\/www.imypower.com\/wp-content\/uploads\/2025\/06\/housed-voltage-regulator.webp","type":"image\/webp"}],"twitter_card":"summary_large_image","twitter_misc":{"Tiempo de lectura":"4 minutos"},"schema":{"@context":"https:\/\/schema.org","@graph":[{"@type":"WebPage","@id":"https:\/\/www.imypower.com\/product\/1kva-10kva-wall-led-whole-house-voltage-stabilizer\/","url":"https:\/\/www.imypower.com\/product\/1kva-10kva-wall-led-whole-house-voltage-stabilizer\/","name":"1Kva-10Kva Estabilizador de Tensi\u00f3n LED de Pared para Toda la Casa de F\u00e1brica - SUNWAY","isPartOf":{"@id":"https:\/\/www.imypower.com\/#website"},"primaryImageOfPage":{"@id":"https:\/\/www.imypower.com\/product\/1kva-10kva-wall-led-whole-house-voltage-stabilizer\/#primaryimage"},"image":{"@id":"https:\/\/www.imypower.com\/product\/1kva-10kva-wall-led-whole-house-voltage-stabilizer\/#primaryimage"},"thumbnailUrl":"https:\/\/www.imypower.com\/wp-content\/uploads\/2025\/06\/housed-voltage-regulator.webp","datePublished":"2025-06-24T07:11:17+00:00","dateModified":"2025-07-05T06:55:00+00:00","breadcrumb":{"@id":"https:\/\/www.imypower.com\/product\/1kva-10kva-wall-led-whole-house-voltage-stabilizer\/#breadcrumb"},"inLanguage":"es","potentialAction":[{"@type":"ReadAction","target":["https:\/\/www.imypower.com\/product\/1kva-10kva-wall-led-whole-house-voltage-stabilizer\/"]}]},{"@type":"ImageObject","inLanguage":"es","@id":"https:\/\/www.imypower.com\/product\/1kva-10kva-wall-led-whole-house-voltage-stabilizer\/#primaryimage","url":"https:\/\/www.imypower.com\/wp-content\/uploads\/2025\/06\/housed-voltage-regulator.webp","contentUrl":"https:\/\/www.imypower.com\/wp-content\/uploads\/2025\/06\/housed-voltage-regulator.webp","width":600,"height":600},{"@type":"BreadcrumbList","@id":"https:\/\/www.imypower.com\/product\/1kva-10kva-wall-led-whole-house-voltage-stabilizer\/#breadcrumb","itemListElement":[{"@type":"ListItem","position":1,"name":"Home","item":"https:\/\/www.imypower.com\/"},{"@type":"ListItem","position":2,"name":"Products","item":"https:\/\/www.imypower.com\/shop\/"},{"@type":"ListItem","position":3,"name":"TMB 1Kva-10Kva Wall LED Whole House Voltage Stabilizer"}]},{"@type":"WebSite","@id":"https:\/\/www.imypower.com\/#website","url":"https:\/\/www.imypower.com\/","name":"SUNWAY","description":"","potentialAction":[{"@type":"SearchAction","target":{"@type":"EntryPoint","urlTemplate":"https:\/\/www.imypower.com\/?s={search_term_string}"},"query-input":{"@type":"PropertyValueSpecification","valueRequired":true,"valueName":"search_term_string"}}],"inLanguage":"es"}]}},"_links":{"self":[{"href":"https:\/\/www.imypower.com\/es\/wp-json\/wp\/v2\/product\/22444","targetHints":{"allow":["GET"]}}],"collection":[{"href":"https:\/\/www.imypower.com\/es\/wp-json\/wp\/v2\/product"}],"about":[{"href":"https:\/\/www.imypower.com\/es\/wp-json\/wp\/v2\/types\/product"}],"replies":[{"embeddable":true,"href":"https:\/\/www.imypower.com\/es\/wp-json\/wp\/v2\/comments?post=22444"}],"version-history":[{"count":8,"href":"https:\/\/www.imypower.com\/es\/wp-json\/wp\/v2\/product\/22444\/revisions"}],"predecessor-version":[{"id":23077,"href":"https:\/\/www.imypower.com\/es\/wp-json\/wp\/v2\/product\/22444\/revisions\/23077"}],"wp:featuredmedia":[{"embeddable":true,"href":"https:\/\/www.imypower.com\/es\/wp-json\/wp\/v2\/media\/22531"}],"wp:attachment":[{"href":"https:\/\/www.imypower.com\/es\/wp-json\/wp\/v2\/media?parent=22444"}],"wp:term":[{"taxonomy":"product_brand","embeddable":true,"href":"https:\/\/www.imypower.com\/es\/wp-json\/wp\/v2\/product_brand?post=22444"},{"taxonomy":"product_cat","embeddable":true,"href":"https:\/\/www.imypower.com\/es\/wp-json\/wp\/v2\/product_cat?post=22444"},{"taxonomy":"product_tag","embeddable":true,"href":"https:\/\/www.imypower.com\/es\/wp-json\/wp\/v2\/product_tag?post=22444"}],"curies":[{"name":"wp","href":"https:\/\/api.w.org\/{rel}","templated":true}]}}